{"id":20340,"date":"2025-05-22T09:29:45","date_gmt":"2025-05-22T07:29:45","guid":{"rendered":"https:\/\/bestarctic.com\/visit-helgeland-norway\/"},"modified":"2025-11-17T10:07:39","modified_gmt":"2025-11-17T09:07:39","slug":"besok-helgeland-norge","status":"publish","type":"page","link":"https:\/\/bestarctic.com\/no\/reise-til-arktis\/besok-helgeland-norge\/","title":{"rendered":"Bes\u00f8k Helgeland og Salten"},"content":{"rendered":"","protected":false},"excerpt":{"rendered":"","protected":false},"author":4,"featured_media":0,"parent":20426,"menu_order":0,"comment_status":"closed","ping_status":"closed","template":"","meta":{"_acf_changed":false,"footnotes":""},"class_list":["post-20340","page","type-page","status-publish","hentry"],"acf":{"bloques_de_contenido":[{"acf_fc_layout":"block_hero_page","id_block_hero_page":"","video_o_imagen_hero_page":"img","video_block_hero_page_bg":null,"hero_page_inicio_video_segundo":"","img_block_hero_page_bg":5241,"overlay_hero_page":"yes","title_block_hero_page":"Bes\u00f8k Helgeland og Salten - to fengslende regioner i Nord-Norge","text_block_hero_page":"","label_block_hero_page":"Helgeland og Salten - to fengslende regioner i Nord-Norge","link_block_hero_page":"","add_imagen_extra_hero_page":"no","cta_imagen_extra_hero_page":false,"imagen_content_block_hero_page":null,"one_imagen_content_block_hero_page":null,"two_imagen_content_block_hero_page":null,"three_imagen_content_block_hero_page":null,"three_imagen_content_block_hero_page_title":"","three_imagen_content_block_hero_page_text":"","three_imagen_content_block_hero_page_text_cta":"","three_imagen_content_block_hero_page_url_cta":""},{"acf_fc_layout":"block_texto_media","id_seccion_block_text_media":"","title_seccion_block_text_media":"","subtitle_seccion_block_text_media":"","text_seccion_block_text_media":"","url_seccion_block_text_media":"","add_background_color_to_block_text_media":"white","tipo_de_contenido_block_text_media":"media","editor_de_texto_tipo_de_contenido_block_text_media":"","tipo_link":"link","boton_block_text_media":"","imagen_block_text_media":5243,"tipo_de_contenido_block_text_media_dcha":"texto","editor_de_texto_tipo_de_contenido_block_text_media_dcha":"Helgeland er en region som er kjent for sin idylliske skj\u00e6rg\u00e5rd, sjarmerende kystbyer og majestetiske fjellkjeder som De syv s\u00f8stre.\r\n\r\nDet er et paradis for naturelskere, og her kan du blant annet padle kajakk, vandre p\u00e5 t\u00f8ffe fjelltopper og oppdage historiske steder som forteller historien om Norges vikingfortid.\r\n\r\nLenger nord i Nordland, en del av Salten, ligger Bod\u00f8, en livlig og raskt voksende by som fungerer som en viktig inngangsport til Arktis.\r\n\r\nBes\u00f8kende kan oppleve Saltstraumen, verdens sterkeste tidevannsstr\u00f8m, nyte levende gatekunst, utforske fascinerende museer og bruke byen som utgangspunkt for Lofoten.\r\n\r\nBod\u00f8 kombinerer arktisk skj\u00f8nnhet med moderne liv p\u00e5 en perfekt m\u00e5te, og byr p\u00e5 en spennende kontrast til den roligere, mer landlige sjarmen p\u00e5 Helgeland.\r\n\r\nL\u00e6r alt om disse ulike regionene, inkludert viktig informasjon om transport, overnattingsmuligheter, kulturelle h\u00f8ydepunkter og attraksjoner du m\u00e5 se.\r\n\r\n&nbsp;","tipo_link_dcha":"link","boton_block_text_media_dcha":{"title":"Se alle aktiviteter i Bod\u00f8","url":"https:\/\/booking.bestarctic.com\/en\/todo?filter=g%3D112030","target":"_blank"},"imagen_block_text_media_dcha":null},{"acf_fc_layout":"block_texto_media","id_seccion_block_text_media":"","title_seccion_block_text_media":"","subtitle_seccion_block_text_media":"","text_seccion_block_text_media":"","url_seccion_block_text_media":"","add_background_color_to_block_text_media":"green","tipo_de_contenido_block_text_media":"texto","editor_de_texto_tipo_de_contenido_block_text_media":"<h2>Helgeland i Nord-Norge<\/h2>\r\nHelgeland er en fengslende region som ligger i den s\u00f8rlige delen av Nordland fylke i Nord-Norge. Dette fantastiske omr\u00e5det strekker seg langs norskekysten og omfatter..:\r\n<ul>\r\n \t<li>En fantastisk kystlinje med et 50 kilometer langt belte av \u00f8yer som strekker seg ut i Atlanterhavet;<\/li>\r\n \t<li>Dype, majestetiske fjorder som trenger inn i fastlandet;<\/li>\r\n \t<li>Den imponerende Svartisen-breen markerer den nordlige grensen;<\/li>\r\n \t<li>Den ikoniske fjellkjeden Seven Sisters;<\/li>\r\n \t<li>Det karakteristiske fjellet Torghatten, kjent for sitt karakteristiske hull.<\/li>\r\n<\/ul>\r\nHelgeland dekker et omr\u00e5de som kan sammenlignes med Slovenia, og har ca. 80 000 innbyggere, og byr p\u00e5 en perfekt blanding av naturopplevelser og kulturell rikdom.\r\n\r\nPlanlegg bes\u00f8ket ditt og forbered deg p\u00e5 en uforglemmelig reise gjennom en av Norges mest fengslende regioner.","tipo_link":"link","boton_block_text_media":"","imagen_block_text_media":null,"tipo_de_contenido_block_text_media_dcha":"media","editor_de_texto_tipo_de_contenido_block_text_media_dcha":"","tipo_link_dcha":"link","boton_block_text_media_dcha":"","imagen_block_text_media_dcha":5245},{"acf_fc_layout":"block_texto_media","id_seccion_block_text_media":"","title_seccion_block_text_media":"","subtitle_seccion_block_text_media":"","text_seccion_block_text_media":"","url_seccion_block_text_media":"","add_background_color_to_block_text_media":"white","tipo_de_contenido_block_text_media":"media","editor_de_texto_tipo_de_contenido_block_text_media":"","tipo_link":"link","boton_block_text_media":"","imagen_block_text_media":5247,"tipo_de_contenido_block_text_media_dcha":"texto","editor_de_texto_tipo_de_contenido_block_text_media_dcha":"<h2>Hvordan komme seg til Bod\u00f8 med fly:<\/h2>\r\n<ul>\r\n \t<li>Fly til Bod\u00f8 lufthavn (BOO), hovedinnfallsporten til Helgeland;<\/li>\r\n \t<li>Direkteflyvninger fra Oslo, Stockholm, K\u00f8benhavn og M\u00fcnchen;<\/li>\r\n \t<li>Spennende nyheter: Bod\u00f8 lufthavn utvider sine internasjonale forbindelser i 2025, noe som gj\u00f8r Helgeland enda mer tilgjengelig!<\/li>\r\n<\/ul>\r\n<h2>Hvordan komme seg til Helgeland med fly:<\/h2>\r\n<ul>\r\n \t<li><strong>Br\u00f8nn\u00f8ysund lufthavn (BNN):<\/strong> Tilbyr direkteflyvninger fra Oslo, samt forbindelser til Trondheim og Bod\u00f8.<\/li>\r\n \t<li><strong>Sandnessj\u00f8en lufthavn (SSJ):<\/strong> Tilgjengelig med direktefly fra Oslo, Trondheim og Bod\u00f8.<\/li>\r\n \t<li><strong>Mo i Rana lufthavn, R\u00f8ssvoll (MQN):<\/strong> Betjenes av direktefly fra Trondheim og Bod\u00f8.<\/li>\r\n \t<li><strong>Mosj\u00f8en lufthavn (MJF):<\/strong> Forbindelse med fly fra Trondheim og Bod\u00f8.<\/li>\r\n<\/ul>","tipo_link_dcha":"link","boton_block_text_media_dcha":"","imagen_block_text_media_dcha":null},{"acf_fc_layout":"block_texto_media","id_seccion_block_text_media":"","title_seccion_block_text_media":"","subtitle_seccion_block_text_media":"","text_seccion_block_text_media":"","url_seccion_block_text_media":"","add_background_color_to_block_text_media":"green","tipo_de_contenido_block_text_media":"texto","editor_de_texto_tipo_de_contenido_block_text_media":"<h2>Hvordan komme seg til Lofoten fra Helgeland:<\/h2>\r\nFergen Bod\u00f8-Moskenes er inngangsporten til den fantastiske \u00f8ygruppen Lofoten:\r\n\r\n<strong>Sommerprogram<\/strong> (30. mai til 31. august 2025):\r\n<ul>\r\n \t<li>Opptil 8 daglige direkteavganger;<\/li>\r\n \t<li>Reisetid: Omtrent 3-4 timer.<\/li>\r\n<\/ul>\r\n&nbsp;\r\n\r\n<strong>Vinterprogram<\/strong> (1. februar til 29. mai 2025 og 1. september til 30. september 2025):\r\n<ul>\r\n \t<li>Redusert frekvens<\/li>\r\n \t<li>Alternative ruter er tilgjengelige via R\u00f8st og V\u00e6r\u00f8y\u00e7<\/li>\r\n<\/ul>\r\n&nbsp;\r\n\r\n<strong>Profftips:<\/strong> Bestill fergebillettene dine p\u00e5 forh\u00e5nd, spesielt i sommerm\u00e5nedene, for \u00e5 sikre deg plass. Fergeterminalen ligger bare 3 kilometer fra Bod\u00f8 lufthavn.\r\n\r\nI Lofoten kan reisende utforske \u00f8yene ved <a href=\"https:\/\/bestarctic.com\/no\/arktisk-rute\/arktisk-sommer-ruter-utforsk-arktis\/buss-i-lofoten-oyene-norge\/\">hjelp av sommerbussen Arctic Route, som g\u00e5r mellom \u00c5 og Svolv\u00e6r<\/a>, og som er en praktisk m\u00e5te \u00e5 oppleve \u00f8ygruppens fantastiske landskap p\u00e5.\r\n\r\n<strong>Profftips:<\/strong> Disse fergeturene byr p\u00e5 fantastisk utsikt over fjordene og \u00f8yene - ha kameraet klart!","tipo_link":"link","boton_block_text_media":"","imagen_block_text_media":null,"tipo_de_contenido_block_text_media_dcha":"media","editor_de_texto_tipo_de_contenido_block_text_media_dcha":"","tipo_link_dcha":"link","boton_block_text_media_dcha":"","imagen_block_text_media_dcha":5249},{"acf_fc_layout":"block_texto_media","id_seccion_block_text_media":"","title_seccion_block_text_media":"","subtitle_seccion_block_text_media":"","text_seccion_block_text_media":"","url_seccion_block_text_media":"","add_background_color_to_block_text_media":"white","tipo_de_contenido_block_text_media":"media","editor_de_texto_tipo_de_contenido_block_text_media":"","tipo_link":"link","boton_block_text_media":"","imagen_block_text_media":5259,"tipo_de_contenido_block_text_media_dcha":"texto","editor_de_texto_tipo_de_contenido_block_text_media_dcha":"<h2>Hvordan komme seg til Helgeland med bil:<\/h2>\r\n<ul>\r\n \t<li>Legg ut p\u00e5 en uforglemmelig biltur langs Coastal Highway (Fv17);<\/li>\r\n \t<li>Denne kj\u00f8returen er anerkjent som en nasjonal turistvei og er et reisem\u00e5l i seg selv;<\/li>\r\n \t<li>Velholdte veier forbinder de st\u00f8rste attraksjonene og er perfekte for selvkj\u00f8rende eventyr.<\/li>\r\n<\/ul>","tipo_link_dcha":"link","boton_block_text_media_dcha":"","imagen_block_text_media_dcha":null},{"acf_fc_layout":"block_texto_media","id_seccion_block_text_media":"","title_seccion_block_text_media":"","subtitle_seccion_block_text_media":"","text_seccion_block_text_media":"","url_seccion_block_text_media":"","add_background_color_to_block_text_media":"green","tipo_de_contenido_block_text_media":"texto","editor_de_texto_tipo_de_contenido_block_text_media":"<h2>Slik kommer du deg til Bod\u00f8 med tog:<\/h2>\r\nBod\u00f8 er det nordligste punktet i Norge som er tilgjengelig med tog, noe som gj\u00f8r byen til et viktig bindeledd for togreisende.\r\n\r\n<strong>N\u00f8kkelrute:<\/strong> Nordlandsbanen forbinder Bod\u00f8 med Trondheim, og byr p\u00e5 en naturskj\u00f8nn reise gjennom den norske landsbygda.\r\n\r\n<strong>Forbindelse til Oslo:<\/strong> Det g\u00e5r ikke direkte tog fra Oslo til Bod\u00f8, men du kan ta toget til Trondheim og deretter bytte til Nordlandsbanen.","tipo_link":"link","boton_block_text_media":"","imagen_block_text_media":null,"tipo_de_contenido_block_text_media_dcha":"media","editor_de_texto_tipo_de_contenido_block_text_media_dcha":"","tipo_link_dcha":"link","boton_block_text_media_dcha":"","imagen_block_text_media_dcha":5261},{"acf_fc_layout":"block_texto_media","id_seccion_block_text_media":"","title_seccion_block_text_media":"","subtitle_seccion_block_text_media":"","text_seccion_block_text_media":"","url_seccion_block_text_media":"","add_background_color_to_block_text_media":"white","tipo_de_contenido_block_text_media":"media","editor_de_texto_tipo_de_contenido_block_text_media":"","tipo_link":"link","boton_block_text_media":"","imagen_block_text_media":5263,"tipo_de_contenido_block_text_media_dcha":"texto","editor_de_texto_tipo_de_contenido_block_text_media_dcha":"<h2>Hvorfor b\u00f8r du bes\u00f8ke Helgelandsregionen<\/h2>\r\nHelgeland byr p\u00e5 en perfekt blanding av eventyr, kultur og naturopplevelser, noe som gj\u00f8r det til et ideelt reisem\u00e5l for ulike typer reisende som \u00f8nsker uforglemmelige opplevelser i Nord-Norge.\r\n\r\n<strong>Naturlig skj\u00f8nnhet:<\/strong>\r\n<ul>\r\n \t<li>UNESCOs verdensarvliste (Vega\u00f8yene)<\/li>\r\n \t<li>Fjellkjeden Seven Sisters<\/li>\r\n \t<li>Svartisen-breen<\/li>\r\n<\/ul>\r\n&nbsp;\r\n\r\n<strong>Utend\u00f8rsaktiviteter:<\/strong>\r\n<ul>\r\n \t<li>Kajakkpadling, sykling, fiske<\/li>\r\n \t<li>Vintersport (ski, truger)<\/li>\r\n<\/ul>\r\n&nbsp;\r\n\r\n<strong>Noctourism:<\/strong>\r\n<ul>\r\n \t<li>Muligheter for stjernekikking<\/li>\r\n \t<li>Se p\u00e5 nordlyset<\/li>\r\n \t<li>Unike overnattingssteder (trehytter, ishoteller, fyrt\u00e5rn)<\/li>\r\n<\/ul>\r\n&nbsp;\r\n\r\n<strong>Kulturelle opplevelser:<\/strong>\r\n<ul>\r\n \t<li>Lokale festivaler<\/li>\r\n \t<li>Kystbyer med rik historie<\/li>\r\n \t<li>UNESCO-anerkjent kystkultur<\/li>\r\n<\/ul>\r\n&nbsp;\r\n\r\n<strong>Sesongbaserte attraksjoner:<\/strong>\r\n<ul>\r\n \t<li><strong>Sommer:<\/strong> Midnattssol<\/li>\r\n \t<li><strong>Om vinteren:<\/strong> \"Koselig stemning og opplevelser p\u00e5 den m\u00f8rke himmelen<\/li>\r\n<\/ul>\r\n&nbsp;\r\n\r\n<strong>Klima:<\/strong>\r\n\r\nMilde temperaturer for sin nordlige breddegrad\r\n\r\nVariert landskap p\u00e5 grunn av unikt mikroklima","tipo_link_dcha":"link","boton_block_text_media_dcha":"","imagen_block_text_media_dcha":null},{"acf_fc_layout":"block_texto_media","id_seccion_block_text_media":"","title_seccion_block_text_media":"","subtitle_seccion_block_text_media":"","text_seccion_block_text_media":"","url_seccion_block_text_media":"","add_background_color_to_block_text_media":"green","tipo_de_contenido_block_text_media":"texto","editor_de_texto_tipo_de_contenido_block_text_media":"<h2>Hva du kan gj\u00f8re i Bod\u00f8<\/h2>\r\nBod\u00f8s utnevnelse til europeisk kulturhovedstad i 2024 er et vitnesbyrd om byens rike kunstneriske arv og pulserende moderne kulturscene. Denne prestisjetunge tittelen har satt Bod\u00f8 og Helgelandsregionen i rampelyset, og viser frem den unike blandingen av tradisjonell og moderne norsk kultur.\r\n\r\nBare 33 km fra Bod\u00f8 kan du oppleve <u><a href=\"https:\/\/visitbodo.com\/en\/destination\/saltstraumen\/\" target=\"_blank\" rel=\"noopener\"><b>Saltstraumen Malstr\u00f8m<\/b><\/a><\/u>naturens krefter sluppet l\u00f8s og <b>verdens sterkeste tidevannsstr\u00f8m - best \u00e5<\/b>se rundt nym\u00e5ne og fullm\u00e5ne.\r\n\r\nHer kan du f\u00e5 <b>guidede b\u00e5tturer, fiske, padle kajakk og fotografere<\/b>. For \u00e5 f\u00e5 mest kraft b\u00f8r du bes\u00f8ke stedet en time f\u00f8r eller etter h\u00f8yvann.\r\n\r\nKjerring\u00f8y <u><a href=\"https:\/\/booking.bestarctic.com\/en\/to-do\/2630722\/kjerring%C3%B8y-nordfjord-cruise-in-bod%C3%B8\/showdetails\" target=\"_blank\" rel=\"noopener\"><b>Kjerring\u00f8y &amp; Nordfjord Cruise <\/b><\/a><\/u>tilbyr en <b>heldagstur med en blanding av historie, natur og dyreliv<\/b>. Inkluderer <b>kajakkpadling, fleksible stopp og komfort om bord. <\/b>Gj\u00f8r <u><a href=\"https:\/\/stott.no\/no\/mainpage\/\" target=\"_blank\" rel=\"noopener\"><b>St\u00f8tt <\/b><\/a><\/u>din base p\u00e5 Helgeland med opphold med kystutsikt, lokal mat, sesongbaserte opplevelser og kulturelle arrangementer.","tipo_link":"link","boton_block_text_media":"","imagen_block_text_media":null,"tipo_de_contenido_block_text_media_dcha":"media","editor_de_texto_tipo_de_contenido_block_text_media_dcha":"","tipo_link_dcha":"link","boton_block_text_media_dcha":"","imagen_block_text_media_dcha":5265},{"acf_fc_layout":"block_imagen_carrusel","id_seccion_block_imagen_carrusel":"","title_section_block_imagen_carrusel":"Overnatting: Hvor du kan bo i Bod\u00f8","subtitle_section_block_imagen_carrusel":"","text_section_block_imagen_carrusel":"Bod\u00f8 tilbyr en rekke overnattingsmuligheter som passer til ulike preferanser og budsjetter. Her er en sammenligning av noen av de best rangerte hotellene:","url_seccion_block_imagen_carrusel":"","add_background_color_to_block_imagen_carrusel":"white","item_block_imagen_carrusel":[{"imagen_block_imagen_carrusel":6055,"texto_block_imagen_carrusel":"<a href=\"https:\/\/www.strawberry.no\/hotell\/norge\/bodo\/quality-hotel-ramsalt\/\" target=\"_blank\">Quality Hotel Ramsalt<\/a>"},{"imagen_block_imagen_carrusel":6053,"texto_block_imagen_carrusel":"<a href=\"https:\/\/woodbodo.com\/nb\" target=\"_blank\">Wood Hotel Bod\u00f8<\/a>"},{"imagen_block_imagen_carrusel":6051,"texto_block_imagen_carrusel":"<a href=\"https:\/\/www.radissonhotels.com\/en-us\/hotels\/radisson-blu-bodo\" target=\"_blank\">Radisson Blu Hotel, Bod\u00f8<\/a>"},{"imagen_block_imagen_carrusel":5274,"texto_block_imagen_carrusel":"<a href=\"https:\/\/www.scandichotels.com\/no\/hotell\/scandic-havet\" target=\"_blank\">Scandic Havet<\/a>"}],"enable_modal_block_imagen_carrusel":false},{"acf_fc_layout":"block_banner","id_seccion_block_banner_bg":"","add_background_color_to_block_banner_bg":"white","title_block_banner_bg":"Bes\u00f8k Helgeland og Salten","text_block_banner_bg":"Hvis du skal reise til Lofoten fra disse destinasjonene og \u00f8nsker \u00e5 utforske \u00f8ygruppen, kan du bestille sommerbussbillett til Arctic Route her","url_block_banner_bg":{"title":"Utforsk alle turer i Helgeland og Salten","url":"https:\/\/bestarctic.com\/no\/arktisk-rute\/arktisk-sommer-ruter-utforsk-arktis\/buss-i-lofoten-oyene-norge\/","target":""},"img_block_banner_bg":3749,"img_block_banner_bg_mobile":3747,"img_block_banner_mobile":3745}]},"_links":{"self":[{"href":"https:\/\/bestarctic.com\/no\/wp-json\/wp\/v2\/pages\/20340","targetHints":{"allow":["GET"]}}],"collection":[{"href":"https:\/\/bestarctic.com\/no\/wp-json\/wp\/v2\/pages"}],"about":[{"href":"https:\/\/bestarctic.com\/no\/wp-json\/wp\/v2\/types\/page"}],"author":[{"embeddable":true,"href":"https:\/\/bestarctic.com\/no\/wp-json\/wp\/v2\/users\/4"}],"replies":[{"embeddable":true,"href":"https:\/\/bestarctic.com\/no\/wp-json\/wp\/v2\/comments?post=20340"}],"version-history":[{"count":0,"href":"https:\/\/bestarctic.com\/no\/wp-json\/wp\/v2\/pages\/20340\/revisions"}],"up":[{"embeddable":true,"href":"https:\/\/bestarctic.com\/no\/wp-json\/wp\/v2\/pages\/20426"}],"wp:attachment":[{"href":"https:\/\/bestarctic.com\/no\/wp-json\/wp\/v2\/media?parent=20340"}],"curies":[{"name":"wp","href":"https:\/\/api.w.org\/{rel}","templated":true}]}}