{"id":20344,"date":"2025-04-25T14:03:36","date_gmt":"2025-04-25T12:03:36","guid":{"rendered":"https:\/\/bestarctic.com\/bus-between-tromso-and-skjervoy-norway\/"},"modified":"2025-11-17T10:07:32","modified_gmt":"2025-11-17T09:07:32","slug":"buss-mellom-tromso-og-skjervoy-norge","status":"publish","type":"page","link":"https:\/\/bestarctic.com\/no\/arktisk-rute\/arktisk-vinter-ruter-utforsk-norge-sverige-og-finland\/buss-mellom-tromso-og-skjervoy-norge\/","title":{"rendered":"Buss mellom Troms\u00f8 og Skjerv\u00f8y i Norge"},"content":{"rendered":"","protected":false},"excerpt":{"rendered":"","protected":false},"author":6,"featured_media":0,"parent":20356,"menu_order":0,"comment_status":"closed","ping_status":"closed","template":"page-route.php","meta":{"_acf_changed":false,"footnotes":""},"class_list":["post-20344","page","type-page","status-publish","hentry"],"acf":{"bloques_de_contenido":[{"acf_fc_layout":"block_imagen_carrusel","id_seccion_block_imagen_carrusel":"","title_section_block_imagen_carrusel":"","subtitle_section_block_imagen_carrusel":"","text_section_block_imagen_carrusel":"","url_seccion_block_imagen_carrusel":"","add_background_color_to_block_imagen_carrusel":"white","item_block_imagen_carrusel":[{"imagen_block_imagen_carrusel":4893,"texto_block_imagen_carrusel":""},{"imagen_block_imagen_carrusel":4895,"texto_block_imagen_carrusel":""},{"imagen_block_imagen_carrusel":4897,"texto_block_imagen_carrusel":""},{"imagen_block_imagen_carrusel":4899,"texto_block_imagen_carrusel":""},{"imagen_block_imagen_carrusel":4901,"texto_block_imagen_carrusel":""},{"imagen_block_imagen_carrusel":4903,"texto_block_imagen_carrusel":""},{"imagen_block_imagen_carrusel":4905,"texto_block_imagen_carrusel":""},{"imagen_block_imagen_carrusel":4907,"texto_block_imagen_carrusel":""},{"imagen_block_imagen_carrusel":4909,"texto_block_imagen_carrusel":""}],"enable_modal_block_imagen_carrusel":false},{"acf_fc_layout":"block_booking_script","id_seccion_block_booking_script":"booking","title_seccion_block_booking_script":"Billetter til reiser mellom Troms\u00f8 og Skjerv\u00f8y","subtitle_seccion_block_booking_script":"","text_seccion_block_booking_script":"","url_seccion_block_booking_script":"","add_background_color_to_section_booking_script":"green","script_block_booking_script":"<script type=\"text\/javascript\">\r\n    (function() {\r\n    var widget = document.createElement('script'); widget.type = 'text\/javascript'; widget.async = true;\r\n            widget.src = 'https:\/\/booking.bestarctic.com\/en\/activitytransportwidget\/searchform?cbisProductId=2015819&enablePromocode=true&tripType=oneway';\r\n            var s = document.getElementsByTagName('script')[0]; s.parentNode.insertBefore(widget, s);\r\n    })();\r\n    <\/script><div id=\"citybreak_activity_transport_searchform_widget\"><\/div>"},{"acf_fc_layout":"block_timetable","id_seccion_timetable":"schedules","title_seccion_timetable":"Tidsplan og prisliste","subtitle_seccion_timetable":"BUSSTIDER OG PRISER","text_seccion_timetable":"","add_timetable":[{"table_title_timetable":"TROMS\u00d8 - SKJERV\u00d8Y","table_body_row_timetable":[{"table_body_cell_timetable":[{"table_body_item_text_cell":"Bussholdeplass"},{"table_body_item_text_cell":"Tid"},{"table_body_item_text_cell":"Pris"}]},{"table_body_cell_timetable":[{"table_body_item_text_cell":"<a href=\"https:\/\/maps.app.goo.gl\/hojVAQ5ANneFttVcA\" target=\"_blank\">Troms\u00f8 Prostneset - Plattform 1-2<\/a>"},{"table_body_item_text_cell":"05:30"},{"table_body_item_text_cell":"NOK 0"}]},{"table_body_cell_timetable":[{"table_body_item_text_cell":"<a href=\"https:\/\/maps.app.goo.gl\/YCKFBgdU8aKgafhW9\" target=\"_blank\">Nordkjosbotn E6 Nord<\/a>"},{"table_body_item_text_cell":"06:25"},{"table_body_item_text_cell":"475 KRONER"}]},{"table_body_cell_timetable":[{"table_body_item_text_cell":"<a href=\"https:\/\/maps.app.goo.gl\/yRjw64bYn9QoS87t8\" target=\"_blank\">Oteren: Lyngskroa<\/a>"},{"table_body_item_text_cell":"06:40"},{"table_body_item_text_cell":"510 KRONER"}]},{"table_body_cell_timetable":[{"table_body_item_text_cell":"<a href=\"https:\/\/maps.app.goo.gl\/QxnaRXSwTvwnpACf8\" target=\"_blank\">Manndalen: Beste bensinstasjon<\/a>"},{"table_body_item_text_cell":"07:25"},{"table_body_item_text_cell":"640 KRONER"}]},{"table_body_cell_timetable":[{"table_body_item_text_cell":"<a href=\"https:\/\/maps.app.goo.gl\/6FyNxDpwJabNmFVR6\" target=\"_blank\">Olderdalen fergekai<\/a>"},{"table_body_item_text_cell":"07:55"},{"table_body_item_text_cell":"750 KRONER"}]},{"table_body_cell_timetable":[{"table_body_item_text_cell":"<a href=\"https:\/\/maps.app.goo.gl\/QFQR7dCi41vsbb1v5\" target=\"_blank\">Sp\u00e5kenes: Lyngen Nord<\/a>"},{"table_body_item_text_cell":"08:20"},{"table_body_item_text_cell":"790 KRONER"}]},{"table_body_cell_timetable":[{"table_body_item_text_cell":"<a href=\"https:\/\/maps.app.goo.gl\/Ggo2Q4Y5h6Daz2Ro9\" target=\"_blank\">Skjerv\u00f8y: COOP<\/a>"},{"table_body_item_text_cell":"09:20"},{"table_body_item_text_cell":"890 KRONER"}]},{"table_body_cell_timetable":[{"table_body_item_text_cell":"<a href=\"https:\/\/maps.app.goo.gl\/AwiVv5c32wsSqCSq7\" target=\"_blank\">Skjerv\u00f8y: Maritim hotell<\/a>"},{"table_body_item_text_cell":"09:25"},{"table_body_item_text_cell":"890 KRONER"}]}]},{"table_title_timetable":"SKJERV\u00d8Y - TROMS\u00d8","table_body_row_timetable":[{"table_body_cell_timetable":[{"table_body_item_text_cell":"Bussholdeplass"},{"table_body_item_text_cell":"Tid"},{"table_body_item_text_cell":"Pris"}]},{"table_body_cell_timetable":[{"table_body_item_text_cell":"<a href=\"https:\/\/maps.app.goo.gl\/AwiVv5c32wsSqCSq7\" target=\"_blank\">Skjerv\u00f8y: Maritim hotell<\/a>"},{"table_body_item_text_cell":"13:25"},{"table_body_item_text_cell":"NOK 0"}]},{"table_body_cell_timetable":[{"table_body_item_text_cell":"<a href=\"https:\/\/maps.app.goo.gl\/Ggo2Q4Y5h6Daz2Ro9\" target=\"_blank\">Skjerv\u00f8y: COOP<\/a>"},{"table_body_item_text_cell":"13:30"},{"table_body_item_text_cell":"NOK 0"}]},{"table_body_cell_timetable":[{"table_body_item_text_cell":"<a href=\"https:\/\/maps.app.goo.gl\/QFQR7dCi41vsbb1v5\" target=\"_blank\">Sp\u00e5kenes: Lyngen Nord<\/a>"},{"table_body_item_text_cell":"14:20"},{"table_body_item_text_cell":"100 KRONER"}]},{"table_body_cell_timetable":[{"table_body_item_text_cell":"<a href=\"https:\/\/maps.app.goo.gl\/6FyNxDpwJabNmFVR6\" target=\"_blank\">Olderdalen fergekai<\/a>"},{"table_body_item_text_cell":"14:45"},{"table_body_item_text_cell":"140 KRONER"}]},{"table_body_cell_timetable":[{"table_body_item_text_cell":"<a href=\"https:\/\/maps.app.goo.gl\/QxnaRXSwTvwnpACf8\" target=\"_blank\">Manndalen: Beste bensinstasjon<\/a>"},{"table_body_item_text_cell":"15:05"},{"table_body_item_text_cell":"250 KRONER"}]},{"table_body_cell_timetable":[{"table_body_item_text_cell":"<a href=\"https:\/\/maps.app.goo.gl\/yRjw64bYn9QoS87t8\" target=\"_blank\">Oteren: Lyngskroa<\/a>"},{"table_body_item_text_cell":"15:30"},{"table_body_item_text_cell":"380 KRONER"}]},{"table_body_cell_timetable":[{"table_body_item_text_cell":"<a href=\"https:\/\/maps.app.goo.gl\/YCKFBgdU8aKgafhW9\" target=\"_blank\">Nordkjosbotn E6 Nord<\/a>"},{"table_body_item_text_cell":"16:10"},{"table_body_item_text_cell":"415 KRONER"}]},{"table_body_cell_timetable":[{"table_body_item_text_cell":"<a href=\"https:\/\/maps.app.goo.gl\/hojVAQ5ANneFttVcA\" target=\"_blank\">Troms\u00f8 Prostneset<\/a>"},{"table_body_item_text_cell":"15:20"},{"table_body_item_text_cell":"890 KRONER"}]}]}],"pdf_timetable_download":""},{"acf_fc_layout":"block_unique_features","id_seccion_block_unique_features":"","title_seccion_block_unique_features":"Unike funksjoner","subtitle_seccion_block_unique_features":"","text_seccion_block_unique_features":"","url_unique_features":"","add_background_color_to_block_unique_features":"green","title_col_unique_features":"","img_col_unique_features":5485,"img_col_unique_features_mobile":"","unique_features_list":[{"ico_col_unique_features_list":1457,"text_col_unique_features_list":"Daglig betjent bussrute mellom 11. oktober - 31. januar"},{"ico_col_unique_features_list":1461,"text_col_unique_features_list":"Faste priser, avhengig av hvor langt du reiser"},{"ico_col_unique_features_list":1496,"text_col_unique_features_list":"Hop-on & hop-off"},{"ico_col_unique_features_list":5094,"text_col_unique_features_list":"Perfekt synkronisert med starttidspunktene for mange hvalsafari-turer i Skjerv\u00f8y"}]},{"acf_fc_layout":"block_carrusel_activities","id_seccion_carrusel_destacados_tabs":"todo","title_section_carrusel_destacados_tabs":"Hva du kan gj\u00f8re langs denne ruten","subtitle_section_carrusel_destacados_tabs":"","text_section_carrusel_destacados_tabs":"Alle aktiviteter er tilgjengelige via Arctic Route \u2013 ingen leiebil er n\u00f8dvendig. Vi tilbyr, du velger.","url_seccion_carrusel_destacados_tabs":"","add_background_color_to_section_tabs":"white","tabs_activities_seleccionados_tabs":[{"tab_text_tabs_activities_seleccionados_tabs":"","tab_carousel_activities_seleccionados_tabs":[20502]}]},{"acf_fc_layout":"block_carrusel_activities","id_seccion_carrusel_destacados_tabs":"","title_section_carrusel_destacados_tabs":"Overnatting langs denne ruten","subtitle_section_carrusel_destacados_tabs":"","text_section_carrusel_destacados_tabs":"<h3>Alle overnattingssteder er tilgjengelige via Arctic Route \/ ingen leiebil er n\u00f8dvendig. Vi tilbyr, du velger.<\/h3>","url_seccion_carrusel_destacados_tabs":"","add_background_color_to_section_tabs":"green","tabs_activities_seleccionados_tabs":[{"tab_text_tabs_activities_seleccionados_tabs":"","tab_carousel_activities_seleccionados_tabs":[20516]}]},{"acf_fc_layout":"block_texto_media","id_seccion_block_text_media":"highlights","title_seccion_block_text_media":"H\u00f8ydepunkter p\u00e5 denne ruten","subtitle_seccion_block_text_media":"","text_seccion_block_text_media":"","url_seccion_block_text_media":"","add_background_color_to_block_text_media":"white","tipo_de_contenido_block_text_media":"media","editor_de_texto_tipo_de_contenido_block_text_media":"","tipo_link":false,"boton_block_text_media":null,"imagen_block_text_media":20966,"tipo_de_contenido_block_text_media_dcha":"texto","editor_de_texto_tipo_de_contenido_block_text_media_dcha":"<h2>Skjerv\u00f8y<\/h2>\r\nSkjerv\u00f8y er et fengslende reisem\u00e5l som byr p\u00e5 et bredt spekter av attraksjoner og opplevelser for bes\u00f8kende. Med sin fantastiske natur, rike kulturarv og unike aktiviteter er Skjerv\u00f8y et must for reisende som \u00f8nsker en uforglemmelig opplevelse. Et av de viktigste h\u00f8ydepunktene p\u00e5 Skjerv\u00f8y er dyrelivet. Regionen er hjemsted for et mangfoldig marint liv, blant annet kn\u00f8lhval, spekkhogger og finnhval. Hvalsafari gir bes\u00f8kende muligheten til \u00e5 oppleve disse fantastiske skapningene p\u00e5 n\u00e6rt hold i deres naturlige habitat, noe som skaper uforglemmelige minner.","tipo_link_dcha":"link","boton_block_text_media_dcha":"","imagen_block_text_media_dcha":null}],"id_seccion_hero_route":"overview","video_o_imagen_hero":"video","video_hero_route_bg":6524,"route_hero_inicio_video_segundo":"","img_hero_route_bg":2329,"overlay_hero_page":"yes","title_hero_route":"Reise med buss mellom Troms\u00f8 og Skjerv\u00f8y i Norge","text_hero_route":"Reis p\u00e5 hvalruten mot hvalsafari!","label_hero_route":"","url_hero_route":{"title":"BOOK N\u00c5","url":"#booking","target":""},"id_section_overview":"","price_route_template":"50 - 860 NOK","url_booking_route_template":"https:\/\/bestarctic.com\/no\/arktisk-rute\/arktisk-vinter-ruter-utforsk-norge-sverige-og-finland\/buss-mellom-tromso-og-skjervoy-norge\/#booking","secondary_navigation":[{"secondary_text_item":"Oversikt","secondary_anchor_item":"#overview"},{"secondary_text_item":"Rutetider og priser for buss","secondary_anchor_item":"#schedules"},{"secondary_text_item":"Hva du skal gj\u00f8re","secondary_anchor_item":"#todo"},{"secondary_text_item":"H\u00f8ydepunkter p\u00e5 denne ruten","secondary_anchor_item":"#highlights"}],"map_route_template":4857,"map_route_template_google":"","info_route":"<h2>En biltur gjennom Arktis!<\/h2>\r\nFra 1. november til 31. januar tar Hvalruten deg fra Troms\u00f8 til hvalsafari i Skjerv\u00f8y og tilbake igjen. Har du bestilt en hvalsafari i Skjerv\u00f8y og er p\u00e5 utkikk etter transport fra Troms\u00f8? Reis Hvalruten om bord i v\u00e5r komfortable buss!\r\n\r\nBli med p\u00e5 et spennende arktisk eventyr som tar omtrent fire timer \u00e5 reise mellom Troms\u00f8 og Skjerv\u00f8y. Bussen kj\u00f8rer fra Troms\u00f8 kl. 05.30 og ankommer Skjerv\u00f8y ca. kl. 09.45, et perfekt tidspunkt for \u00e5 starte hvalsafarien fra Skjerv\u00f8y havn. Bussen forlater Skjerv\u00f8y etter turen kl. 13.30, og du er tilbake i Troms\u00f8 sentrum kl. 17.40.\r\n\r\nOpplev den fascinerende skj\u00f8nnheten i Skjerv\u00f8y, et sjarmerende reisem\u00e5l i Nord-Norge, og oppdag magien ved hvalsafari i den fantastiske Skjerv\u00f8y-skj\u00e6rg\u00e5rden i Lyngenfjord-regionen. La deg oppsluke av det \u00e6refryktinngytende synet av de majestetiske hvalene som f\u00f8lger silda inn i det beskyttede fjordomr\u00e5det.\r\n\r\nP\u00e5 hvalsafari har du mulighet til \u00e5 se spekkhoggere, kn\u00f8lhvaler og noen ganger niser. Spekkhoggere (ogs\u00e5 kjent som spekkhoggere) og kn\u00f8lhvaler har vandret til dette omr\u00e5det hver vinter i noen \u00e5r p\u00e5 jakt etter sild.\r\n\r\nDen beste tiden for \u00e5 observere disse majestetiske sj\u00f8pattedyrene er fra begynnelsen av november til slutten av januar.","id_section_general_information":"","list_items_general_information":[{"icon_list_items_general_information":5092,"title_list_items_general_information":"Billetter","text_list_items_general_information":"","link_list_items_general_information":{"title":"Bestill her","url":"#booking","target":""}},{"icon_list_items_general_information":1668,"title_list_items_general_information":"Sesong","text_list_items_general_information":"11. oktober - 31. januar","link_list_items_general_information":""},{"icon_list_items_general_information":5094,"title_list_items_general_information":"Kondisjonsniv\u00e5","text_list_items_general_information":"Passer for alle  ","link_list_items_general_information":""},{"icon_list_items_general_information":1518,"title_list_items_general_information":"Lengste avstand","text_list_items_general_information":"4,5 timer","link_list_items_general_information":""},{"icon_list_items_general_information":1457,"title_list_items_general_information":"Bussholdeplasser","text_list_items_general_information":"7","link_list_items_general_information":{"title":"Se stoppesteder","url":"https:\/\/bestarctic.com\/wp-content\/uploads\/2025\/06\/WINTER_route_WEB_TABLES_2025_Tromsoe_Skjervoey.pdf","target":"_blank"}},{"icon_list_items_general_information":1461,"title_list_items_general_information":"Priser","text_list_items_general_information":"100 - 890 NOK  ","link_list_items_general_information":{"title":"Se priser","url":"https:\/\/bestarctic.com\/wp-content\/uploads\/2025\/06\/WINTER_route_WEB_TABLES_2025_Tromsoe_Skjervoey.pdf","target":"_blank"}}],"id_section_accordion":"","accordion_item":[{"title_head_accordion":"Avgangstider og -steder","image_content_accordion":4880,"content_accordion":"<ul>\r\n \t<li>Avgang i Troms\u00f8: v\u00e6r der 05:20 (am) inne p\u00e5 Bussterminal Prostneset i Troms\u00f8 - <a href=\"https:\/\/maps.app.goo.gl\/DAouEkQ7FygNVzsU6\" target=\"_blank\" rel=\"noopener\">Google Maps<\/a><\/li>\r\n \t<li>Avgang i Skjerv\u00f8y p\u00e5 Maritim Hotell: v\u00e6r p\u00e5 plass kl. 13:15 (13.15) ved vannkanten, 1 minutts gange fra hotellet - <a href=\"https:\/\/www.google.no\/maps\/place\/Skjerv%C3%B8y\/@70.0354033,20.9800781,17z\/data=!4m6!3m5!1s0x45c5a195fd6f4b5f:0x708cc68f9f5c3eb8!8m2!3d70.03579!4d20.9819769!16s%2Fg%2F11rd_8z0nf?entry=ttu\" target=\"_blank\" rel=\"noopener\">Google Maps<\/a><\/li>\r\n \t<li>Avgang i Skjerv\u00f8y: v\u00e6r der kl. 13:20 (13.20) nede ved vannet bak supermarkedet EXTRA - <a href=\"https:\/\/www.google.no\/maps\/place\/70%C2%B001'50.0%22N+20%C2%B058'20.1%22E\/@70.030559,20.972239,17z\/data=!3m1!4b1!4m4!3m3!8m2!3d70.030559!4d20.972239?entry=ttu\" target=\"_blank\" rel=\"noopener\">Google Maps<\/a><\/li>\r\n \t<li>Merknad: P\u00e5 grunn av arktiske v\u00e6r- og veiforhold kan kj\u00f8retiden bli forlenget og ankomster kan bli forsinket.<\/li>\r\n<\/ul>"},{"title_head_accordion":"Praktisk informasjon","image_content_accordion":4710,"content_accordion":"Bussene har gratis Wi-Fi, USB- og ladepunkter, engelsktalende sj\u00e5f\u00f8rer og toalett om bord. Vi har dessverre ikke plass til dyr om bord (unntatt f\u00f8rerhunder)."},{"title_head_accordion":"Hva du skal ta med\/ha p\u00e5 deg","image_content_accordion":4700,"content_accordion":"Kle deg komfortabelt og etter v\u00e6ret. <a href=\"https:\/\/bestarctic.com\/no\/nord-norge-reiseblogg\/hva-a-pakke-og-ha-pa-seg-for-norge\/\">Her<\/a> er noen tips til hva du b\u00f8r ha p\u00e5 deg om vinteren over polarsirkelen."},{"title_head_accordion":"Mat","image_content_accordion":4702,"content_accordion":"Det er ingen mat inkludert p\u00e5 denne ruten. Du kan ta med deg mat p\u00e5 bussen."},{"title_head_accordion":"Aldersgrense","image_content_accordion":4706,"content_accordion":"Det er ingen aldersgrense for \u00e5 ta denne ruten. Vi har barneseter tilgjengelig, vennligst ta kontakt med oss p\u00e5 <a href=\"mailto:info@bestarctic.com\" target=\"_blank\" rel=\"noopener noreferrer\">info@bestarctic.com<\/a> s\u00e5 ordner vi det for deg."},{"title_head_accordion":"Transport av bagasje","image_content_accordion":4659,"content_accordion":"Hver passasjer kan ta med seg \u00e9n h\u00e5ndbagasje som er enkel \u00e5 h\u00e5ndtere, og som m\u00e5 f\u00e5 plass under setet eller i bagasjehyllen, samt en bagasje som ikke er st\u00f8rre enn h\u00f8yde + lengde + bredde = 200 cm\/23 kg."},{"title_head_accordion":"Se etter de r\u00f8de bussene v\u00e5re","image_content_accordion":4710,"content_accordion":"Arctic Route bruker v\u00e5re ikoniske r\u00f8de busser, med The Arctic Route-logoen p\u00e5. Se etter dem!"}],"route_faqs_url":"https:\/\/bestarctic.com\/no\/faq\/"},"_links":{"self":[{"href":"https:\/\/bestarctic.com\/no\/wp-json\/wp\/v2\/pages\/20344","targetHints":{"allow":["GET"]}}],"collection":[{"href":"https:\/\/bestarctic.com\/no\/wp-json\/wp\/v2\/pages"}],"about":[{"href":"https:\/\/bestarctic.com\/no\/wp-json\/wp\/v2\/types\/page"}],"author":[{"embeddable":true,"href":"https:\/\/bestarctic.com\/no\/wp-json\/wp\/v2\/users\/6"}],"replies":[{"embeddable":true,"href":"https:\/\/bestarctic.com\/no\/wp-json\/wp\/v2\/comments?post=20344"}],"version-history":[{"count":0,"href":"https:\/\/bestarctic.com\/no\/wp-json\/wp\/v2\/pages\/20344\/revisions"}],"up":[{"embeddable":true,"href":"https:\/\/bestarctic.com\/no\/wp-json\/wp\/v2\/pages\/20356"}],"wp:attachment":[{"href":"https:\/\/bestarctic.com\/no\/wp-json\/wp\/v2\/media?parent=20344"}],"curies":[{"name":"wp","href":"https:\/\/api.w.org\/{rel}","templated":true}]}}