{"id":20350,"date":"2025-04-25T12:15:34","date_gmt":"2025-04-25T10:15:34","guid":{"rendered":"https:\/\/bestarctic.com\/bus-between-tromso-and-storslett-norway\/"},"modified":"2025-11-17T10:07:33","modified_gmt":"2025-11-17T09:07:33","slug":"buss-mellom-tromso-og-storslett-norge","status":"publish","type":"page","link":"https:\/\/bestarctic.com\/no\/arktisk-rute\/arktisk-vinter-ruter-utforsk-norge-sverige-og-finland\/buss-mellom-tromso-og-storslett-norge\/","title":{"rendered":"Buss mellom Troms\u00f8 og Storslett"},"content":{"rendered":"","protected":false},"excerpt":{"rendered":"","protected":false},"author":6,"featured_media":0,"parent":20356,"menu_order":0,"comment_status":"closed","ping_status":"closed","template":"page-route.php","meta":{"_acf_changed":false,"footnotes":""},"class_list":["post-20350","page","type-page","status-publish","hentry"],"acf":{"bloques_de_contenido":[{"acf_fc_layout":"block_imagen_carrusel","id_seccion_block_imagen_carrusel":"","title_section_block_imagen_carrusel":"","subtitle_section_block_imagen_carrusel":"","text_section_block_imagen_carrusel":"","url_seccion_block_imagen_carrusel":"","add_background_color_to_block_imagen_carrusel":"white","item_block_imagen_carrusel":[{"imagen_block_imagen_carrusel":6019,"texto_block_imagen_carrusel":""},{"imagen_block_imagen_carrusel":6027,"texto_block_imagen_carrusel":""},{"imagen_block_imagen_carrusel":6095,"texto_block_imagen_carrusel":""},{"imagen_block_imagen_carrusel":6023,"texto_block_imagen_carrusel":""},{"imagen_block_imagen_carrusel":6021,"texto_block_imagen_carrusel":""}],"enable_modal_block_imagen_carrusel":true},{"acf_fc_layout":"block_booking_script","id_seccion_block_booking_script":"booking","title_seccion_block_booking_script":"Billetter til reiser mellom Troms\u00f8 og Storslett","subtitle_seccion_block_booking_script":"","text_seccion_block_booking_script":"","url_seccion_block_booking_script":"","add_background_color_to_section_booking_script":"green","script_block_booking_script":"<script type=\"text\/javascript\">\r\n(function() {\r\nvar widget = document.createElement('script'); widget.type = 'text\/javascript'; widget.async = true;\r\n        widget.src = 'https:\/\/booking.bestarctic.com\/en\/activitytransportwidget\/searchform?cbisProductId=2020115&enablePromocode=true&tripType=oneway';\r\n        var s = document.getElementsByTagName('script')[0]; s.parentNode.insertBefore(widget, s);\r\n})();\r\n<\/script><div id=\"citybreak_activity_transport_searchform_widget\"><\/div>\r\n"},{"acf_fc_layout":"block_timetable","id_seccion_timetable":"schedules","title_seccion_timetable":"Tidsplan og prisliste","subtitle_seccion_timetable":"BUSSTIDER OG PRISER","text_seccion_timetable":"","add_timetable":[{"table_title_timetable":"Troms\u00f8 - Storslett","table_body_row_timetable":[{"table_body_cell_timetable":[{"table_body_item_text_cell":"Bussholdeplass"},{"table_body_item_text_cell":"Tid"},{"table_body_item_text_cell":"Pris"}]},{"table_body_cell_timetable":[{"table_body_item_text_cell":"<a href=\"https:\/\/maps.app.goo.gl\/hojVAQ5ANneFttVcA\" target=\"_blank\">Troms\u00f8 Prostneset - Plattform 7<\/a>"},{"table_body_item_text_cell":"09:00"},{"table_body_item_text_cell":""}]},{"table_body_cell_timetable":[{"table_body_item_text_cell":"<a href=\"https:\/\/maps.app.goo.gl\/NJtDFuz7WBSnCEc57\" target=\"_blank\">Nordkjosbotn: Vollan Gjestestue<\/a>"},{"table_body_item_text_cell":"10:05"},{"table_body_item_text_cell":"470 KRONER"}]},{"table_body_cell_timetable":[{"table_body_item_text_cell":"<a href=\"https:\/\/maps.app.goo.gl\/yRjw64bYn9QoS87t8\" target=\"_blank\">Oteren: Lyngskroa<\/a>"},{"table_body_item_text_cell":"10:25"},{"table_body_item_text_cell":"510 KRONER"}]},{"table_body_cell_timetable":[{"table_body_item_text_cell":"<a href=\"https:\/\/maps.app.goo.gl\/auLdG9gKPA2wSajF6\" target=\"_blank\">Hatteng: Opplevelse i nord<\/a>"},{"table_body_item_text_cell":"10:30"},{"table_body_item_text_cell":"510 KRONER"}]},{"table_body_cell_timetable":[{"table_body_item_text_cell":"<a href=\"https:\/\/maps.app.goo.gl\/LtCThVuJjsuAf2MH9\" target=\"_blank\">Skibotn Hotell<\/a>"},{"table_body_item_text_cell":"11:00"},{"table_body_item_text_cell":"540 KRONER"}]},{"table_body_cell_timetable":[{"table_body_item_text_cell":"<a href=\"https:\/\/maps.app.goo.gl\/QxnaRXSwTvwnpACf8\" target=\"_blank\">Manndalen: Beste bensinstasjon<\/a>"},{"table_body_item_text_cell":"11:20"},{"table_body_item_text_cell":"650 KRONER"}]},{"table_body_cell_timetable":[{"table_body_item_text_cell":"<a href=\"https:\/\/maps.app.goo.gl\/6FyNxDpwJabNmFVR6\" target=\"_blank\">Olderdalen fergekai<\/a>"},{"table_body_item_text_cell":"11:50"},{"table_body_item_text_cell":"750 KRONER"}]},{"table_body_cell_timetable":[{"table_body_item_text_cell":"<a href=\"https:\/\/maps.app.goo.gl\/QFQR7dCi41vsbb1v5\" target=\"_blank\">Sp\u00e5kenes: Lyngen Nord<\/a>"},{"table_body_item_text_cell":"12:15"},{"table_body_item_text_cell":"810 KRONER"}]},{"table_body_cell_timetable":[{"table_body_item_text_cell":"<a href=\"https:\/\/maps.app.goo.gl\/YJMVjR2GjXZc2MPj7\" target=\"_blank\">Rotsund fergekai<\/a>"},{"table_body_item_text_cell":"12:30"},{"table_body_item_text_cell":"NOK 850"}]},{"table_body_cell_timetable":[{"table_body_item_text_cell":"<a href=\"https:\/\/maps.app.goo.gl\/Ubm9MiYamtLP8uqE7\" target=\"_blank\">Reisafjord Hotel<\/a>"},{"table_body_item_text_cell":"12:45"},{"table_body_item_text_cell":"860 KRONER"}]},{"table_body_cell_timetable":[{"table_body_item_text_cell":"<a href=\"https:\/\/maps.app.goo.gl\/mDqq2kM8QQfeJb6YA\" target=\"_blank\">Storslett terminal<\/a>"},{"table_body_item_text_cell":"12:50"},{"table_body_item_text_cell":"860 KRONER"}]}]},{"table_title_timetable":"Storslett - Troms\u00f8","table_body_row_timetable":[{"table_body_cell_timetable":[{"table_body_item_text_cell":"Bussholdeplass"},{"table_body_item_text_cell":"Tid"},{"table_body_item_text_cell":"Pris"}]},{"table_body_cell_timetable":[{"table_body_item_text_cell":"<a href=\"https:\/\/maps.app.goo.gl\/Ko4M2cvUuzFp6TzR8\" target=\"_blank\">Storslett terminal<\/a>"},{"table_body_item_text_cell":"13:40"},{"table_body_item_text_cell":"NOK 0"}]},{"table_body_cell_timetable":[{"table_body_item_text_cell":"<a href=\"https:\/\/maps.app.goo.gl\/Ubm9MiYamtLP8uqE7\" target=\"_blank\">Reisafjord Hotel<\/a>"},{"table_body_item_text_cell":"13:45"},{"table_body_item_text_cell":"NOK 0"}]},{"table_body_cell_timetable":[{"table_body_item_text_cell":"<a href=\"https:\/\/maps.app.goo.gl\/YJMVjR2GjXZc2MPj7\" target=\"_blank\">Rotsund fergekai<\/a>"},{"table_body_item_text_cell":"14:00"},{"table_body_item_text_cell":"NOK 10"}]},{"table_body_cell_timetable":[{"table_body_item_text_cell":"<a href=\"https:\/\/maps.app.goo.gl\/QFQR7dCi41vsbb1v5\" target=\"_blank\">Sp\u00e5kenes: Lyngen Nord<\/a>"},{"table_body_item_text_cell":"14:20"},{"table_body_item_text_cell":"NOK 50"}]},{"table_body_cell_timetable":[{"table_body_item_text_cell":"<a href=\"https:\/\/maps.app.goo.gl\/6FyNxDpwJabNmFVR6\" target=\"_blank\">Olderdalen fergekai<\/a>"},{"table_body_item_text_cell":"14:40"},{"table_body_item_text_cell":"110 KRONER"}]},{"table_body_cell_timetable":[{"table_body_item_text_cell":"<a href=\"https:\/\/maps.app.goo.gl\/QxnaRXSwTvwnpACf8\" target=\"_blank\">Manndalen: Beste bensinstasjon<\/a>"},{"table_body_item_text_cell":"15:10"},{"table_body_item_text_cell":"210 KRONER"}]},{"table_body_cell_timetable":[{"table_body_item_text_cell":"<a href=\"https:\/\/www.google.com\/maps\/place\/Skibotn+Hotel\/@69.3987801,20.2694446,18.21z\/data=!4m9!3m8!1s0x45c4c79b1654f865:0x32dada153c49717e!5m2!4m1!1i2!8m2!3d69.3987563!4d20.2704666!16s%2Fg%2F11j8khhb6m?entry=tts&g_ep=EgoyMDI1MDcyMi4wIPu8ASoASAFQAw%3D%3D&skid=643963e3-9b37-4e46-8e14-172e2193d9e4\" target=\"_blank\">Skibotn Hotell<\/a>"},{"table_body_item_text_cell":"15:35"},{"table_body_item_text_cell":"NOK 320"}]},{"table_body_cell_timetable":[{"table_body_item_text_cell":"<a href=\"https:\/\/maps.app.goo.gl\/auLdG9gKPA2wSajF6\" target=\"_blank\">Hatteng: Opplevelse i nord<\/a>"},{"table_body_item_text_cell":"16:00"},{"table_body_item_text_cell":"350 KRONER"}]},{"table_body_cell_timetable":[{"table_body_item_text_cell":"<a href=\"https:\/\/maps.app.goo.gl\/yRjw64bYn9QoS87t8\" target=\"_blank\">Oteren: Lyngskroa<\/a>"},{"table_body_item_text_cell":"16:05"},{"table_body_item_text_cell":"350 KRONER"}]},{"table_body_cell_timetable":[{"table_body_item_text_cell":"<a href=\"https:\/\/maps.app.goo.gl\/NJtDFuz7WBSnCEc57\" target=\"_blank\">Nordkjosbotn: Vollan Gjestestue<\/a>"},{"table_body_item_text_cell":"16:25"},{"table_body_item_text_cell":"NOK 390"}]},{"table_body_cell_timetable":[{"table_body_item_text_cell":"<a href=\"https:\/\/maps.app.goo.gl\/hojVAQ5ANneFttVcA\" target=\"_blank\">Troms\u00f8 Prostneset<\/a>"},{"table_body_item_text_cell":"17:35"},{"table_body_item_text_cell":"860 KRONER"}]}]}],"pdf_timetable_download":""},{"acf_fc_layout":"block_unique_features","id_seccion_block_unique_features":"","title_seccion_block_unique_features":"Unike funksjoner","subtitle_seccion_block_unique_features":"","text_seccion_block_unique_features":"","url_unique_features":"","add_background_color_to_block_unique_features":"green","title_col_unique_features":"","img_col_unique_features":5511,"img_col_unique_features_mobile":"","unique_features_list":[{"ico_col_unique_features_list":1457,"text_col_unique_features_list":"Daglig betjent bussrute mellom 1. desember og 31. mars"},{"ico_col_unique_features_list":1461,"text_col_unique_features_list":"Faste priser, avhengig av hvor langt du reiser"},{"ico_col_unique_features_list":1668,"text_col_unique_features_list":"Legg til spennende aktiviteter underveis"},{"ico_col_unique_features_list":1497,"text_col_unique_features_list":"Legg til et overnattingssted p\u00e5 reisen din"}]},{"acf_fc_layout":"block_carrusel_activities","id_seccion_carrusel_destacados_tabs":"todo","title_section_carrusel_destacados_tabs":"Hva du kan gj\u00f8re langs denne ruten","subtitle_section_carrusel_destacados_tabs":"","text_section_carrusel_destacados_tabs":"","url_seccion_carrusel_destacados_tabs":"","add_background_color_to_section_tabs":"white","tabs_activities_seleccionados_tabs":[{"tab_text_tabs_activities_seleccionados_tabs":"","tab_carousel_activities_seleccionados_tabs":[20541,20539]}]},{"acf_fc_layout":"block_carrusel_activities","id_seccion_carrusel_destacados_tabs":"","title_section_carrusel_destacados_tabs":"Overnatting langs denne ruten","subtitle_section_carrusel_destacados_tabs":"","text_section_carrusel_destacados_tabs":"<h3>Alle aktiviteter er tilgjengelige via Arctic Route \u2013 ingen leiebil er n\u00f8dvendig. Vi tilbyr, du velger.<\/h3>","url_seccion_carrusel_destacados_tabs":"","add_background_color_to_section_tabs":"green","tabs_activities_seleccionados_tabs":[{"tab_text_tabs_activities_seleccionados_tabs":"","tab_carousel_activities_seleccionados_tabs":[20516]}]},{"acf_fc_layout":"block_texto_media","id_seccion_block_text_media":"highlights","title_seccion_block_text_media":"H\u00f8ydepunkter p\u00e5 denne ruten","subtitle_seccion_block_text_media":"","text_seccion_block_text_media":"","url_seccion_block_text_media":"","add_background_color_to_block_text_media":"white","tipo_de_contenido_block_text_media":"media","editor_de_texto_tipo_de_contenido_block_text_media":"<h2>Storslett<\/h2>\r\nVinteren er en magisk tid for \u00e5 bes\u00f8ke Storslett, en sjarmerende by i hjertet av Norge. Byen er omgitt av fantastisk naturskj\u00f8nnhet, blant annet den fantastiske Reisa nasjonalpark. Her kan bes\u00f8kende utforske parkens uber\u00f8rte villmark, beundre de ruvende fjellene og m\u00f8te de ville og majestetiske Lyngshestlandshestene. Bes\u00f8k ogs\u00e5 Halti bes\u00f8ks- og kultursenter. For de som \u00f8nsker \u00e5 varme seg, er et bes\u00f8k p\u00e5 B\u00e6rkokeriet et must. Denne koselige kafeen serverer deilig varm drikke og bakverk, perfekt \u00e5 nyte etter en dag med vinteraktiviteter. En annen attraksjon du m\u00e5 se er Ovi Raishiin, et bes\u00f8kspunkt med fantastisk utsikt over Reisadalen, i begynnelsen av Reisadalen nasjonalpark. Enten du er eventyrlysten eller bare er ute etter en fredelig vinterferie, har Storslett noe for enhver smak.","tipo_link":"link","boton_block_text_media":"","imagen_block_text_media":21233,"tipo_de_contenido_block_text_media_dcha":"texto","editor_de_texto_tipo_de_contenido_block_text_media_dcha":"<h2>Troms\u00f8: Nordlysets hovedstad<\/h2>\r\nTroms\u00f8 er et unikt reisem\u00e5l som tilbyr bes\u00f8kende en uforglemmelig opplevelse. Troms\u00f8 er kjent som nordlysets hovedstad, og er et ypperlig sted for \u00e5 oppleve det fascinerende nordlyset. Dra ut p\u00e5 en av v\u00e5re <u><a href=\"https:\/\/booking.bestarctic.com\/en\/to-do\/1973651\/aurora-safari-minibus\/showdetails\" target=\"_blank\" rel=\"noopener\">Aurora Safari Minibuss<\/a><\/u> turer for \u00e5 se etter dem, eller pr\u00f8v v\u00e5r <u><a href=\"https:\/\/booking.bestarctic.com\/en\/to-do\/1970697\/aurora-safari-camps\/showdetails\" target=\"_blank\" rel=\"noopener\">Aurora Safari Chase med stor buss med Camp-m\u00e5ltid<\/a><\/u> for en koselig opplevelse.\r\n\r\nTrenger du adrenalin? Utforsk det fantastiske landskapet gjennom <u><a href=\"https:\/\/booking.bestarctic.com\/en\/snowmobile\" target=\"_blank\" rel=\"noopener\">sn\u00f8scooterturer<\/a><\/u> som byr p\u00e5 et spennende eventyr. I tillegg tilbyr de ulike <u><a href=\"https:\/\/bestarctic.com\/no\/aktiviteter-i-nord-norge\/reinsdyr-samisk-turer-tromso-norge\/\">Samiske kulturturer<\/a><\/u> gir deg muligheten til \u00e5 l\u00e6re mer om urbefolkningen i regionen og deres levem\u00e5te. <u><a href=\"https:\/\/bestarctic.com\/no\/aktiviteter-i-nord-norge\/hundekjoring-norge\/\">Hundesledeturer<\/a><\/u> er en annen popul\u00e6r aktivitet med vakre landskap og et team av energiske huskyer. Og hvis det ikke er nok, kan du legge ut p\u00e5 en <u><a href=\"https:\/\/bestarctic.com\/no\/aktiviteter-i-nord-norge\/hvalsafari-i-norge\/\">utflukt med hvalsafari<\/a><\/u> for \u00e5 se disse praktfulle skapningene p\u00e5 n\u00e6rt hold i deres naturlige habitat. Alt i alt er Troms\u00f8 et must for alle som er p\u00e5 jakt etter et unikt og uforglemmelig eventyr.","tipo_link_dcha":"link","boton_block_text_media_dcha":"","imagen_block_text_media_dcha":4799},{"acf_fc_layout":"block_texto_media","id_seccion_block_text_media":"","title_seccion_block_text_media":"","subtitle_seccion_block_text_media":"","text_seccion_block_text_media":"","url_seccion_block_text_media":"","add_background_color_to_block_text_media":"green","tipo_de_contenido_block_text_media":"texto","editor_de_texto_tipo_de_contenido_block_text_media":"<h2>Hatteng<\/h2>\r\nHatteng er en perfekt vinterdestinasjon for deg som vil kj\u00f8re sn\u00f8scooter gjennom vakre skoger, frosne innsj\u00f8er og naturskj\u00f8nne utsiktspunkter. <u><a href=\"https:\/\/booking.bestarctic.com\/en\/to-do\/2634044\/snowmobile-daytime-excursion-from-troms%C3%B8\/showdetails\" target=\"_blank\" rel=\"noopener\">Dagtid<\/a><\/u> eller <u><a href=\"https:\/\/booking.bestarctic.com\/en\/to-do\/2634046\/snowmobile-evening-excursion-from-troms%C3%B8\/showdetails\" target=\"_blank\" rel=\"noopener\">kveldsturer<\/a><\/u> Sn\u00f8scooterturer er tilgjengelige for alle ferdighetsniv\u00e5er med erfarne guider som s\u00f8rger for trygge og forn\u00f8yelige opplevelser. Legg til Hatteng p\u00e5 reiselisten din for et uforglemmelig vintereventyr.\r\n\r\nFor en unik opplevelse, bes\u00f8k <u><a href=\"https:\/\/booking.bestarctic.com\/en\/accommodation\/2117016\/aurora-hut\/details\" target=\"_blank\" rel=\"noopener\">Aurora-hytta<\/a><\/u> i hjertet av Norge, omgitt av sn\u00f8dekte fjell og pittoreske landskap. Fra glasshytta har du uforstyrret utsikt over nattehimmelen, noe som gj\u00f8r den til et ideelt sted for stjernekikking og nordlysjakt. Bli vitne til det fascinerende nordlyset i all sin prakt p\u00e5 denne destinasjonen du bare m\u00e5 bes\u00f8ke.\r\n\r\nDu kan til og med <u><a href=\"https:\/\/booking.bestarctic.com\/en\/packages\/2029443\/aurora-hut-overnight-with-daytime-snowmobile-adventure\" target=\"_blank\" rel=\"noopener\">kombinere disse to aktivitetene<\/a><\/u> og kj\u00f8re sn\u00f8scooter om dagen og overnatte i en Aurora-hytte.","tipo_link":"link","boton_block_text_media":"","imagen_block_text_media":4508,"tipo_de_contenido_block_text_media_dcha":"media","editor_de_texto_tipo_de_contenido_block_text_media_dcha":"","tipo_link_dcha":"link","boton_block_text_media_dcha":"","imagen_block_text_media_dcha":21234},{"acf_fc_layout":"block_texto_media","id_seccion_block_text_media":"","title_seccion_block_text_media":"","subtitle_seccion_block_text_media":"","text_seccion_block_text_media":"","url_seccion_block_text_media":"","add_background_color_to_block_text_media":"white","tipo_de_contenido_block_text_media":"media","editor_de_texto_tipo_de_contenido_block_text_media":"","tipo_link":false,"boton_block_text_media":null,"imagen_block_text_media":20844,"tipo_de_contenido_block_text_media_dcha":"texto","editor_de_texto_tipo_de_contenido_block_text_media_dcha":"<h2>Sp\u00e5kenes<\/h2>\r\nSp\u00e5kenes i Nord-Norge om vinteren er et ekte vinterunderland! Det pittoreske landskapet og den fantastiske utsikten gj\u00f8r deg helt betatt. Sn\u00f8dekte fjell, frosne innsj\u00f8er og frosne tr\u00e6r skaper en magisk stemning. Vinteraktiviteter som skikj\u00f8ring, sn\u00f8scooterkj\u00f8ring og hundekj\u00f8ring gj\u00f8r turen enda mer spennende! I vinterm\u00e5nedene kan du se nordlyset danse p\u00e5 himmelen. Ta denne opplevelsen til et nytt niv\u00e5 med glassigloer for \u00e5 oppleve nordlyset i et koselig milj\u00f8 (<u><a href=\"https:\/\/lyngen-north.com\/\" target=\"_blank\" rel=\"noopener\">Lyngen Nord<\/a><\/u>). Ikke g\u00e5 glipp av sjansen til \u00e5 bo i disse utrolige glassigloene og fordype deg i skj\u00f8nnheten i Lyngsalpene.","tipo_link_dcha":"link","boton_block_text_media_dcha":"","imagen_block_text_media_dcha":null},{"acf_fc_layout":"block_texto_media","id_seccion_block_text_media":"","title_seccion_block_text_media":"","subtitle_seccion_block_text_media":"","text_seccion_block_text_media":"","url_seccion_block_text_media":"","add_background_color_to_block_text_media":"green","tipo_de_contenido_block_text_media":"texto","editor_de_texto_tipo_de_contenido_block_text_media":"<h2>Storslett<\/h2>\r\nVinteren er en magisk tid for \u00e5 bes\u00f8ke Storslett, en sjarmerende by i hjertet av Norge. Byen er omgitt av fantastisk naturskj\u00f8nnhet, blant annet den fantastiske Reisa nasjonalpark. Her kan bes\u00f8kende utforske parkens uber\u00f8rte villmark, beundre de ruvende fjellene og m\u00f8te de ville og majestetiske Lyngshestlandshestene. Bes\u00f8k ogs\u00e5 Halti bes\u00f8ks- og kultursenter. For de som \u00f8nsker \u00e5 varme seg, er et bes\u00f8k p\u00e5 B\u00e6rkokeriet et must. Denne koselige kafeen serverer deilig varm drikke og bakverk, perfekt \u00e5 nyte etter en dag med vinteraktiviteter. En annen attraksjon du m\u00e5 se er Ovi Raishiin, et bes\u00f8kspunkt med fantastisk utsikt over Reisadalen, i begynnelsen av Reisadalen nasjonalpark. Enten du er eventyrlysten eller bare er ute etter en fredelig vinterferie, har Storslett noe for enhver smak.","tipo_link":"link","boton_block_text_media":"","imagen_block_text_media":null,"tipo_de_contenido_block_text_media_dcha":"media","editor_de_texto_tipo_de_contenido_block_text_media_dcha":"","tipo_link_dcha":false,"boton_block_text_media_dcha":null,"imagen_block_text_media_dcha":21232}],"id_seccion_hero_route":"overview","video_o_imagen_hero":"img","video_hero_route_bg":"","route_hero_inicio_video_segundo":"","img_hero_route_bg":5513,"overlay_hero_page":"yes","title_hero_route":"Reise med buss mellom Troms\u00f8 og Storslett i Norge","text_hero_route":"Reis videre for \u00e5 oppleve magien i Troms og Finnmark og den r\u00f8ffe arktiske kysten av Nord-Norge","label_hero_route":"","url_hero_route":{"title":"BOOK HER","url":"#booking","target":""},"id_section_overview":"","price_route_template":"10 - 760 NOK","url_booking_route_template":"https:\/\/bestarctic.com\/no\/arktisk-rute\/arktisk-vinter-ruter-utforsk-norge-sverige-og-finland\/buss-mellom-tromso-og-storslett-norge\/#booking","secondary_navigation":[{"secondary_text_item":"Oversikt","secondary_anchor_item":"#overview"},{"secondary_text_item":"Rutetider og priser for buss","secondary_anchor_item":"#schedules"},{"secondary_text_item":"Hva du skal gj\u00f8re","secondary_anchor_item":"#todo"},{"secondary_text_item":"H\u00f8ydepunkter p\u00e5 denne ruten","secondary_anchor_item":"#highlights"}],"map_route_template":4760,"map_route_template_google":"","info_route":"<h2>En biltur gjennom Arktis!<\/h2>\r\nLegg ut p\u00e5 en komfortabel og spennende reise med v\u00e5re nye busser fra Nordens Paris til Storslett. Slapp av og nyt den fantastiske naturen langs fjorder og fjellkjeder som utfolder seg foran \u00f8ynene dine, mens du oppdager nye eventyr og opplevelser som venter p\u00e5 deg.\r\n\r\nGj\u00f8r deg klar til \u00e5 m\u00f8te de fortryllende norske fylkene Troms og Finnmark, sammen med den barske arktiske kystlinjen i Nord-Norge. P\u00e5 veien dit har du mulighet til \u00e5 bes\u00f8ke aktivitetsleverand\u00f8rer som tilbyr arktiske aktiviteter, for eksempel overnatting i en Aurora-hytte eller sn\u00f8scooterkj\u00f8ring. Ikke glem \u00e5 nyte lokal mat og drikke for \u00e5 gj\u00f8re opplevelsen komplett.\r\n\r\nV\u00e5re nye busser er utstyrt med Wi-Fi, toaletter og dyktige og vennlige sj\u00e5f\u00f8rer som snakker flytende engelsk, noe som sikrer en komfortabel tur. Med daglige avganger (fra 1. desember til 31. mars) og ankomster fra Troms\u00f8, Nordkjosbotn, Hatteng, Skibotn, Manndalen, Olderdalen, Sp\u00e5kenes, Rotsund og S\u00f8rkjosen\/Storslett, kan du enkelt planlegge reisen din.\r\n\r\nS\u00e5 pakk kofferten og bli med oss p\u00e5 en uforglemmelig reise fylt med komfort, spenning og eventyr.","id_section_general_information":"","list_items_general_information":[{"icon_list_items_general_information":5092,"title_list_items_general_information":"Billetter","text_list_items_general_information":"","link_list_items_general_information":{"title":"Bestill her","url":"#booking","target":""}},{"icon_list_items_general_information":1460,"title_list_items_general_information":"Sesong","text_list_items_general_information":"1. desember - 31. mars","link_list_items_general_information":""},{"icon_list_items_general_information":5094,"title_list_items_general_information":"Kondisjonsniv\u00e5","text_list_items_general_information":"Passer for alle  ","link_list_items_general_information":""},{"icon_list_items_general_information":1518,"title_list_items_general_information":"Lengste avstand","text_list_items_general_information":"4 timer","link_list_items_general_information":""},{"icon_list_items_general_information":1457,"title_list_items_general_information":"Bussholdeplasser","text_list_items_general_information":"8","link_list_items_general_information":{"title":"Se stoppesteder","url":"https:\/\/bestarctic.com\/wp-content\/uploads\/2025\/04\/WINTER_route_WEB_TABLES_Tromso-\u2013-Storslett.pdf","target":""}},{"icon_list_items_general_information":1461,"title_list_items_general_information":"Priser","text_list_items_general_information":"10 - 760 NOK  ","link_list_items_general_information":{"title":"Se priser","url":"https:\/\/bestarctic.com\/wp-content\/uploads\/2025\/04\/WINTER_route_WEB_TABLES_Tromso-\u2013-Storslett.pdf","target":""}}],"id_section_accordion":"","accordion_item":[{"title_head_accordion":"Praktisk informasjon","image_content_accordion":4710,"content_accordion":"Bussene har gratis Wi-Fi, USB- og ladepunkter, engelsktalende sj\u00e5f\u00f8rer og toalett om bord. Vi har dessverre ikke plass til dyr om bord (unntatt f\u00f8rerhunder)."},{"title_head_accordion":"Hva du b\u00f8r ta med \/ ha p\u00e5 deg","image_content_accordion":4655,"content_accordion":"Kle deg komfortabelt og etter v\u00e6ret. <a href=\"https:\/\/bestarctic.com\/no\/nord-norge-reiseblogg\/hva-a-pakke-og-ha-pa-seg-for-norge\/\">Her<\/a> er noen tips til hva du b\u00f8r ha p\u00e5 deg om vinteren over polarsirkelen."},{"title_head_accordion":"Mat","image_content_accordion":4657,"content_accordion":"Det er ingen mat inkludert p\u00e5 denne ruten. Du kan ta med deg mat p\u00e5 bussen."},{"title_head_accordion":"Aldersgrense","image_content_accordion":4767,"content_accordion":"Det er ingen aldersgrense for \u00e5 ta denne ruten. Vi har barneseter tilgjengelig, vennligst ta kontakt med oss p\u00e5 <a href=\"mailto:info@bestarctic.com\" target=\"_blank\" rel=\"noopener noreferrer\">info@bestarctic.com<\/a> s\u00e5 ordner vi det for deg."},{"title_head_accordion":"Transport av bagasje","image_content_accordion":4661,"content_accordion":"Hver passasjer kan ta med seg \u00e9n h\u00e5ndbagasje som er enkel \u00e5 h\u00e5ndtere, og som m\u00e5 f\u00e5 plass under setet eller i bagasjehyllen, samt en bagasje som ikke er st\u00f8rre enn h\u00f8yde + lengde + bredde = 200 cm\/23 kg."},{"title_head_accordion":"Se etter de r\u00f8de bussene v\u00e5re","image_content_accordion":4710,"content_accordion":"Arctic Route bruker v\u00e5re ikoniske r\u00f8de busser, med The Arctic Route-logoen p\u00e5. Se etter dem!"}],"route_faqs_url":"https:\/\/bestarctic.com\/no\/faq\/"},"_links":{"self":[{"href":"https:\/\/bestarctic.com\/no\/wp-json\/wp\/v2\/pages\/20350","targetHints":{"allow":["GET"]}}],"collection":[{"href":"https:\/\/bestarctic.com\/no\/wp-json\/wp\/v2\/pages"}],"about":[{"href":"https:\/\/bestarctic.com\/no\/wp-json\/wp\/v2\/types\/page"}],"author":[{"embeddable":true,"href":"https:\/\/bestarctic.com\/no\/wp-json\/wp\/v2\/users\/6"}],"replies":[{"embeddable":true,"href":"https:\/\/bestarctic.com\/no\/wp-json\/wp\/v2\/comments?post=20350"}],"version-history":[{"count":0,"href":"https:\/\/bestarctic.com\/no\/wp-json\/wp\/v2\/pages\/20350\/revisions"}],"up":[{"embeddable":true,"href":"https:\/\/bestarctic.com\/no\/wp-json\/wp\/v2\/pages\/20356"}],"wp:attachment":[{"href":"https:\/\/bestarctic.com\/no\/wp-json\/wp\/v2\/media?parent=20350"}],"curies":[{"name":"wp","href":"https:\/\/api.w.org\/{rel}","templated":true}]}}