{"id":20354,"date":"2025-04-24T17:06:34","date_gmt":"2025-04-24T15:06:34","guid":{"rendered":"https:\/\/bestarctic.com\/bus-between-tromso-and-lyngen-norway\/"},"modified":"2025-11-17T10:07:30","modified_gmt":"2025-11-17T09:07:30","slug":"buss-mellom-tromso-og-lyngen-norge","status":"publish","type":"page","link":"https:\/\/bestarctic.com\/no\/arktisk-rute\/arktisk-vinter-ruter-utforsk-norge-sverige-og-finland\/buss-mellom-tromso-og-lyngen-norge\/","title":{"rendered":"Buss mellom Troms\u00f8 og Lyngen"},"content":{"rendered":"","protected":false},"excerpt":{"rendered":"","protected":false},"author":4,"featured_media":0,"parent":20356,"menu_order":0,"comment_status":"closed","ping_status":"closed","template":"page-route.php","meta":{"_acf_changed":false,"footnotes":""},"class_list":["post-20354","page","type-page","status-publish","hentry"],"acf":{"bloques_de_contenido":[{"acf_fc_layout":"block_imagen_carrusel","id_seccion_block_imagen_carrusel":"","title_section_block_imagen_carrusel":"","subtitle_section_block_imagen_carrusel":"","text_section_block_imagen_carrusel":"","url_seccion_block_imagen_carrusel":"","add_background_color_to_block_imagen_carrusel":"white","item_block_imagen_carrusel":[{"imagen_block_imagen_carrusel":5669,"texto_block_imagen_carrusel":""},{"imagen_block_imagen_carrusel":5937,"texto_block_imagen_carrusel":""},{"imagen_block_imagen_carrusel":4736,"texto_block_imagen_carrusel":""},{"imagen_block_imagen_carrusel":4738,"texto_block_imagen_carrusel":""},{"imagen_block_imagen_carrusel":4740,"texto_block_imagen_carrusel":""},{"imagen_block_imagen_carrusel":4742,"texto_block_imagen_carrusel":""},{"imagen_block_imagen_carrusel":4744,"texto_block_imagen_carrusel":""},{"imagen_block_imagen_carrusel":4746,"texto_block_imagen_carrusel":""}],"enable_modal_block_imagen_carrusel":true},{"acf_fc_layout":"block_booking_script","id_seccion_block_booking_script":"booking","title_seccion_block_booking_script":"Billetter til reiser mellom Troms\u00f8 og Lyngen","subtitle_seccion_block_booking_script":"","text_seccion_block_booking_script":"","url_seccion_block_booking_script":"","add_background_color_to_section_booking_script":"green","script_block_booking_script":"<script type=\"text\/javascript\">\r\n(function() {\r\nvar widget = document.createElement('script'); widget.type = 'text\/javascript'; widget.async = true;\r\n        widget.src = 'https:\/\/booking.bestarctic.com\/en\/activitytransportwidget\/searchform?cbisProductId=2036401&enablePromocode=true&tripType=oneway';\r\n        var s = document.getElementsByTagName('script')[0]; s.parentNode.insertBefore(widget, s);\r\n})();\r\n<\/script><div id=\"citybreak_activity_transport_searchform_widget\"><\/div>"},{"acf_fc_layout":"block_timetable","id_seccion_timetable":"timetable","title_seccion_timetable":"Tidsplan og prisliste","subtitle_seccion_timetable":"Rutetider og priser for buss  ","text_seccion_timetable":"","add_timetable":[{"table_title_timetable":"TROMS\u00d8 - LYNGEN","table_body_row_timetable":[{"table_body_cell_timetable":[{"table_body_item_text_cell":"Bussholdeplass"},{"table_body_item_text_cell":"Tid"},{"table_body_item_text_cell":"Pris"}]},{"table_body_cell_timetable":[{"table_body_item_text_cell":"<a href=\"https:\/\/www.google.no\/maps\/place\/Prostneset+Bus,+Boat+%26+Hurtigruten+Terminal\/@69.64716,18.9593222,17.88z\/data=!4m6!3m5!1s0x45c4c5aca142d06f:0x483a5fd881f53450!8m2!3d69.6472299!4d18.9602666!16s%2Fg%2F11ggng2m16?coh=219816&entry=tts&g_ep=EgoyMDI0MDczMS4wKgBIAVAD\" target=\"_blank\">Troms\u00f8<\/a>"},{"table_body_item_text_cell":"08:45"},{"table_body_item_text_cell":""}]},{"table_body_cell_timetable":[{"table_body_item_text_cell":"<a href=\"https:\/\/stoppested.entur.org\/stop_place\/NSR:StopPlace:56083\" target=\"_blank\">Breivikeidet<\/a>"},{"table_body_item_text_cell":"09:50"},{"table_body_item_text_cell":"300 KRONER"}]},{"table_body_cell_timetable":[{"table_body_item_text_cell":"<a href=\"https:\/\/stoppested.entur.org\/stop_place\/NSR:StopPlace:62643\" target=\"_blank\">Troms\u00f8<\/a>"},{"table_body_item_text_cell":"11:00"},{"table_body_item_text_cell":"600 KRONER"}]}]},{"table_title_timetable":"LYNGEN - TROMS\u00d8","table_body_row_timetable":[{"table_body_cell_timetable":[{"table_body_item_text_cell":"Bussholdeplass"},{"table_body_item_text_cell":"Tid"},{"table_body_item_text_cell":"Pris"}]},{"table_body_cell_timetable":[{"table_body_item_text_cell":"<a href=\"https:\/\/www.google.no\/maps\/place\/Breivikeidet+Fergekai\/@69.6693887,19.6399585,15.46z\/data=!4m6!3m5!1s0x45c5207d619351b3:0x3d68ada88728004a!8m2!3d69.6699174!4d19.6500408!16s%2Fg%2F11c0xrtcmx?coh=219816&entry=tts&g_ep=EgoyMDI0MDczMS4wKgBIAVAD\" target=\"_blank\">Breivikeidet<\/a>"},{"table_body_item_text_cell":"10:00"},{"table_body_item_text_cell":""}]},{"table_body_cell_timetable":[{"table_body_item_text_cell":"<a href=\"https:\/\/www.google.com\/maps?sca_esv=569458463&rlz=1C1ONGR_enNO974NO974&output=search&q=tromso+lapland&source=lnms&entry=mc&sa=X&ved=2ahUKEwjiwdCr8c-BAxU-dqQEHY4PC7IQ0pQJegQIDhAB\" target=\"_blank\">Troms\u00f8 Lappland<\/a>"},{"table_body_item_text_cell":"10:05"},{"table_body_item_text_cell":""}]},{"table_body_cell_timetable":[{"table_body_item_text_cell":"<a href=\"https:\/\/www.google.no\/maps\/place\/Prostneset+Bus,+Boat+%26+Hurtigruten+Terminal\/@69.64716,18.9593222,17.88z\/data=!4m6!3m5!1s0x45c4c5aca142d06f:0x483a5fd881f53450!8m2!3d69.6472299!4d18.9602666!16s%2Fg%2F11ggng2m16?coh=219816&entry=tts&g_ep=EgoyMDI0MDczMS4wKgBIAVAD\" target=\"_blank\">Troms\u00f8<\/a>"},{"table_body_item_text_cell":"11:00"},{"table_body_item_text_cell":"300 KRONER"}]}]}],"pdf_timetable_download":""},{"acf_fc_layout":"block_unique_features","id_seccion_block_unique_features":"","title_seccion_block_unique_features":"Unike funksjoner","subtitle_seccion_block_unique_features":"","text_seccion_block_unique_features":"","url_unique_features":"","add_background_color_to_block_unique_features":"green","title_col_unique_features":"","img_col_unique_features":6720,"img_col_unique_features_mobile":"","unique_features_list":[{"ico_col_unique_features_list":1457,"text_col_unique_features_list":"Daglig betjent bussrute fra 1. desember til 31. mars"},{"ico_col_unique_features_list":1495,"text_col_unique_features_list":"Faste priser, avhengig av hvor langt du reiser"},{"ico_col_unique_features_list":5096,"text_col_unique_features_list":"<a href=\"#todo\">Legg til spennende aktiviteter underveis<\/a>"}]},{"acf_fc_layout":"block_carrusel_activities","id_seccion_carrusel_destacados_tabs":"todo","title_section_carrusel_destacados_tabs":"Pakker langs denne ruten","subtitle_section_carrusel_destacados_tabs":"Hva du kan gj\u00f8re","text_section_carrusel_destacados_tabs":"","url_seccion_carrusel_destacados_tabs":"","add_background_color_to_section_tabs":"white","tabs_activities_seleccionados_tabs":[{"tab_text_tabs_activities_seleccionados_tabs":"","tab_carousel_activities_seleccionados_tabs":[20650,20823,20742,20735,20603]}]},{"acf_fc_layout":"block_texto_media","id_seccion_block_text_media":"highlights","title_seccion_block_text_media":"H\u00f8ydepunkter p\u00e5 denne ruten","subtitle_seccion_block_text_media":"","text_seccion_block_text_media":"","url_seccion_block_text_media":"","add_background_color_to_block_text_media":"green","tipo_de_contenido_block_text_media":"media","editor_de_texto_tipo_de_contenido_block_text_media":"<h2>Breivikeidet (ferge)<\/h2>\r\nBreivikeidet ligger ved bredden av Lyngenfjorden, og et av h\u00f8ydepunktene p\u00e5 Breivikeidet er fergeforbindelsen, som tilbyr en praktisk og effektiv transportm\u00e5te for b\u00e5de lokalbefolkningen og turister. Fergen, som drives av Troms Fylkestrafikk, forbinder bygda med Svensby p\u00e5 den andre siden av fjorden. Fergeturen i seg selv er en minneverdig opplevelse, ettersom den gir passasjerene mulighet til \u00e5 nyte den fantastiske utsikten over fjellene, fjordene og den arktiske villmarken.\r\n\r\nFergen g\u00e5r \u00e5ret rundt og har regelmessige avganger, noe som gj\u00f8r det enkelt for bes\u00f8kende \u00e5 planlegge turen og utforske regionen i sitt eget tempo. Turen over fjorden tar ca. 20 minutter, og i l\u00f8pet av denne tiden kan passasjerene slappe av og nyte den vakre naturen rundt seg.","tipo_link":"link","boton_block_text_media":"","imagen_block_text_media":21387,"tipo_de_contenido_block_text_media_dcha":"texto","editor_de_texto_tipo_de_contenido_block_text_media_dcha":"<h2>Troms\u00f8 Lappland<\/h2>\r\nTroms\u00f8 Lappland tilbyr en unik og fortryllende opplevelse for reisende som \u00f8nsker \u00e5 utforske underverkene i den samiske kulturen og den arktiske villmarken. Gjennom reinturer og fordypende kulturopplevelser kan bes\u00f8kende f\u00e5 en dypere forst\u00e5else for den rike arven og tradisjonene til det samiske folket. Troms\u00f8 Lapplands forpliktelse til b\u00e6rekraft og samarbeid med det samiske lokalsamfunnet bidrar ytterligere til autentisiteten i det de tilbyr. Enten det er et spennende reinsledeeventyr eller en smak av tradisjonell samisk mat, lover en reise med Troms\u00f8 Lappland \u00e5 bli en minneverdig og omveltende opplevelse.","tipo_link_dcha":"link","boton_block_text_media_dcha":"","imagen_block_text_media_dcha":null},{"acf_fc_layout":"block_texto_media","id_seccion_block_text_media":"","title_seccion_block_text_media":"","subtitle_seccion_block_text_media":"","text_seccion_block_text_media":"","url_seccion_block_text_media":"","add_background_color_to_block_text_media":"white","tipo_de_contenido_block_text_media":"texto","editor_de_texto_tipo_de_contenido_block_text_media":"<h2>Breivikeidet (ferge)<\/h2>\r\nBreivikeidet ligger ved bredden av Lyngenfjorden, og et av h\u00f8ydepunktene p\u00e5 Breivikeidet er fergeforbindelsen, som tilbyr en praktisk og effektiv transportm\u00e5te for b\u00e5de lokalbefolkningen og turister. Fergen, som drives av Troms Fylkestrafikk, forbinder bygda med Svensby p\u00e5 den andre siden av fjorden. Fergeturen i seg selv er en minneverdig opplevelse, ettersom den gir passasjerene mulighet til \u00e5 nyte den fantastiske utsikten over fjellene, fjordene og den arktiske villmarken.\r\n\r\nFergen g\u00e5r \u00e5ret rundt og har regelmessige avganger, noe som gj\u00f8r det enkelt for bes\u00f8kende \u00e5 planlegge turen og utforske regionen i sitt eget tempo. Turen over fjorden tar ca. 20 minutter, og i l\u00f8pet av denne tiden kan passasjerene slappe av og nyte den vakre naturen rundt seg.","tipo_link":"link","boton_block_text_media":"","imagen_block_text_media":4751,"tipo_de_contenido_block_text_media_dcha":"media","editor_de_texto_tipo_de_contenido_block_text_media_dcha":"<h2>Svensby (Lyngsalpene)<\/h2>\r\nSvensby er en sjarmerende landsby som ligger i hjertet av Lyngsalpene i Nord-Norge. Denne pittoreske landsbyen er kjent for sin vakre natur, utend\u00f8rsaktiviteter og vennlige lokalbefolkning som \u00f8nsker bes\u00f8kende velkommen med \u00e5pne armer. Landsbyen fungerer som en inngangsport til Lyngsalpene og er lett tilgjengelig med ferge fra Breivikeidet. To av de mest popul\u00e6re aktivitetene i Svensby er <u><a href=\"https:\/\/booking.bestarctic.com\/en\/to-do\/1976376\/lyngen-snowmobile-safari\/showdetails\">sn\u00f8scooterturer<\/a><\/u> og hundekj\u00f8ring.","tipo_link_dcha":"link","boton_block_text_media_dcha":"","imagen_block_text_media_dcha":21388},{"acf_fc_layout":"block_texto_media","id_seccion_block_text_media":"","title_seccion_block_text_media":"","subtitle_seccion_block_text_media":"","text_seccion_block_text_media":"","url_seccion_block_text_media":"","add_background_color_to_block_text_media":"green","tipo_de_contenido_block_text_media":"media","editor_de_texto_tipo_de_contenido_block_text_media":"","tipo_link":false,"boton_block_text_media":null,"imagen_block_text_media":21389,"tipo_de_contenido_block_text_media_dcha":"texto","editor_de_texto_tipo_de_contenido_block_text_media_dcha":"<h2>Svensby (Lyngsalpene)<\/h2>\r\nSvensby er en sjarmerende landsby som ligger i hjertet av Lyngsalpene i Nord-Norge. Denne pittoreske landsbyen er kjent for sin vakre natur, utend\u00f8rsaktiviteter og vennlige lokalbefolkning som \u00f8nsker bes\u00f8kende velkommen med \u00e5pne armer. Landsbyen fungerer som en inngangsport til Lyngsalpene og er lett tilgjengelig med ferge fra Breivikeidet. To av de mest popul\u00e6re aktivitetene i Svensby er <u><a href=\"https:\/\/booking.bestarctic.com\/en\/to-do\/1976376\/lyngen-snowmobile-safari\/showdetails\">sn\u00f8scooterturer<\/a><\/u> og hundekj\u00f8ring.","tipo_link_dcha":"link","boton_block_text_media_dcha":"","imagen_block_text_media_dcha":null}],"id_seccion_hero_route":"hero","video_o_imagen_hero":"video","video_hero_route_bg":5515,"route_hero_inicio_video_segundo":"","img_hero_route_bg":"","overlay_hero_page":"yes","title_hero_route":"Reise med buss mellom Troms\u00f8 og Lyngen","text_hero_route":"Ruten som bringer deg mellom Troms\u00f8 og Lyngsalpene","label_hero_route":"","url_hero_route":{"title":"BOOK N\u00c5","url":"#booking","target":""},"id_section_overview":"","price_route_template":"300 KRONER","url_booking_route_template":"https:\/\/bestarctic.com\/no\/arktisk-rute\/arktisk-vinter-ruter-utforsk-norge-sverige-og-finland\/buss-mellom-tromso-og-lyngen-norge\/#booking","secondary_navigation":[{"secondary_text_item":"Oversikt","secondary_anchor_item":"#hero"},{"secondary_text_item":"Rutetider og priser for buss","secondary_anchor_item":"#timetable"},{"secondary_text_item":"Hva du skal gj\u00f8re","secondary_anchor_item":"#todo"},{"secondary_text_item":"H\u00f8ydepunkter p\u00e5 denne ruten","secondary_anchor_item":"#highlights"}],"map_route_template":4644,"map_route_template_google":"","info_route":"Ruten Troms\u00f8 - Lyngen \/ Lyngen - Troms\u00f8 gir deg muligheten til \u00e5 oppleve den spektakul\u00e6re Lyngenhalv\u00f8ya med alt den har \u00e5 by p\u00e5 av aktiviteter og overnattingsmuligheter.\r\n\r\nDen egner seg godt for dagsturer som kan kombineres med andre kveldsaktiviteter i Troms\u00f8.\r\n\r\nP\u00e5 denne spektakul\u00e6re Lyngen-ruten er det mulig \u00e5 stoppe og pr\u00f8ve et bredt spekter av aktiviteter. Hundekj\u00f8ring, isfiske, sn\u00f8scootersafari, isklatring eller samisk kulturopplevelse, for \u00e5 nevne noe, og ikke minst verdens nordligste whiskydestilleri, Aurora Spirit Distillery.\r\n\r\nSlapp av p\u00e5 reisen i v\u00e5re nye, komfortable busser med Wi-Fi og toalett, med erfarne og serviceorienterte sj\u00e5f\u00f8rer som snakker flytende engelsk.\r\n\r\n<strong>Merknad:<\/strong> Arctic Routes tar deg med buss fra Troms\u00f8 sentrum til Breivikeidet fergekai. Fra Breivikeidet kai hopper du p\u00e5 fergen til Svensby\/Lyngenalpene for \u00e5 oppdage skj\u00f8nnheten i Lyngenalpene. Fergen er gratis for Arctic Route-passasjerer og tar opptil 25 minutter. Videre transport fra Svensby ved Lyngsalpene nordover eller Lyngseidet er ikke inkludert i Arctic Route.","id_section_general_information":"","list_items_general_information":[{"icon_list_items_general_information":5092,"title_list_items_general_information":"Billetter  ","text_list_items_general_information":"","link_list_items_general_information":{"title":"Bestill her","url":"#booking","target":""}},{"icon_list_items_general_information":1460,"title_list_items_general_information":"Sesong","text_list_items_general_information":"1. desember - 31. mars","link_list_items_general_information":""},{"icon_list_items_general_information":5094,"title_list_items_general_information":"Kondisjonsniv\u00e5","text_list_items_general_information":"Passer for alle","link_list_items_general_information":""},{"icon_list_items_general_information":1493,"title_list_items_general_information":"Lengste avstand","text_list_items_general_information":"1 time","link_list_items_general_information":""},{"icon_list_items_general_information":1457,"title_list_items_general_information":"Bussholdeplasser","text_list_items_general_information":"3","link_list_items_general_information":{"title":"Se stoppesteder","url":"https:\/\/bestarctic.com\/wp-content\/uploads\/2025\/05\/WINTER_route_WEB_TABLES_2025_TROMSOE_LYNGEN.pdf","target":""}},{"icon_list_items_general_information":1495,"title_list_items_general_information":"Priser","text_list_items_general_information":"300 NOK","link_list_items_general_information":{"title":"Se priser","url":"https:\/\/bestarctic.com\/wp-content\/uploads\/2025\/05\/WINTER_route_WEB_TABLES_2025_TROMSOE_LYNGEN.pdf","target":"_blank"}}],"id_section_accordion":"","accordion_item":[{"title_head_accordion":"Praktisk informasjon","image_content_accordion":4698,"content_accordion":"Bussene har gratis Wi-Fi, USB- og ladepunkter, engelsktalende sj\u00e5f\u00f8rer og toalett om bord. Vi har dessverre ikke plass til dyr om bord (unntatt f\u00f8rerhunder)."},{"title_head_accordion":"Hva du skal ta med\/ha p\u00e5 deg","image_content_accordion":4700,"content_accordion":"Kle deg komfortabelt og etter v\u00e6ret. <a href=\"https:\/\/bestarctic.com\/no\/nord-norge-reiseblogg\/hva-a-pakke-og-ha-pa-seg-for-norge\/\">Her<\/a> er noen tips til hva du b\u00f8r ha p\u00e5 deg om vinteren over polarsirkelen."},{"title_head_accordion":"Mat","image_content_accordion":4702,"content_accordion":"Det er ingen mat inkludert p\u00e5 denne ruten. Du kan ta med deg mat p\u00e5 bussen."},{"title_head_accordion":"Aldersgrense","image_content_accordion":4706,"content_accordion":"Det er ingen aldersgrense for \u00e5 ta denne ruten. Vi har barneseter tilgjengelig, vennligst ta kontakt med oss p\u00e5 <a href=\"mailto:info@bestarctic.com\" target=\"_blank\" rel=\"noopener noreferrer\">info@bestarctic.com<\/a> s\u00e5 ordner vi det for deg."},{"title_head_accordion":"Transport av bagasje","image_content_accordion":4708,"content_accordion":"Hver passasjer kan ta med seg \u00e9n h\u00e5ndbagasje som er enkel \u00e5 h\u00e5ndtere, og som m\u00e5 f\u00e5 plass under setet eller i bagasjehyllen, samt en bagasje som ikke er st\u00f8rre enn h\u00f8yde + lengde + bredde = 200 cm\/23 kg."},{"title_head_accordion":"Se etter de r\u00f8de bussene v\u00e5re","image_content_accordion":4710,"content_accordion":"Arctic Route bruker v\u00e5re ikoniske r\u00f8de busser, med The Arctic Route-logoen p\u00e5. Se etter dem!"}],"route_faqs_url":"https:\/\/bestarctic.com\/no\/faq\/"},"_links":{"self":[{"href":"https:\/\/bestarctic.com\/no\/wp-json\/wp\/v2\/pages\/20354","targetHints":{"allow":["GET"]}}],"collection":[{"href":"https:\/\/bestarctic.com\/no\/wp-json\/wp\/v2\/pages"}],"about":[{"href":"https:\/\/bestarctic.com\/no\/wp-json\/wp\/v2\/types\/page"}],"author":[{"embeddable":true,"href":"https:\/\/bestarctic.com\/no\/wp-json\/wp\/v2\/users\/4"}],"replies":[{"embeddable":true,"href":"https:\/\/bestarctic.com\/no\/wp-json\/wp\/v2\/comments?post=20354"}],"version-history":[{"count":0,"href":"https:\/\/bestarctic.com\/no\/wp-json\/wp\/v2\/pages\/20354\/revisions"}],"up":[{"embeddable":true,"href":"https:\/\/bestarctic.com\/no\/wp-json\/wp\/v2\/pages\/20356"}],"wp:attachment":[{"href":"https:\/\/bestarctic.com\/no\/wp-json\/wp\/v2\/media?parent=20354"}],"curies":[{"name":"wp","href":"https:\/\/api.w.org\/{rel}","templated":true}]}}