{"id":20356,"date":"2025-04-24T13:24:51","date_gmt":"2025-04-24T11:24:51","guid":{"rendered":"https:\/\/bestarctic.com\/arctic-winter-routes-explore-norway-sweden-and-finland\/"},"modified":"2025-11-19T16:39:37","modified_gmt":"2025-11-19T15:39:37","slug":"arktisk-vinter-ruter-utforsk-norge-sverige-og-finland","status":"publish","type":"page","link":"https:\/\/bestarctic.com\/no\/arktisk-rute\/arktisk-vinter-ruter-utforsk-norge-sverige-og-finland\/","title":{"rendered":"Arktiske vinterruter"},"content":{"rendered":"","protected":false},"excerpt":{"rendered":"","protected":false},"author":4,"featured_media":0,"parent":20364,"menu_order":0,"comment_status":"closed","ping_status":"closed","template":"","meta":{"_acf_changed":false,"footnotes":""},"class_list":["post-20356","page","type-page","status-publish","hentry"],"acf":{"bloques_de_contenido":[{"acf_fc_layout":"block_hero_page","id_block_hero_page":"","video_o_imagen_hero_page":"img","video_block_hero_page_bg":null,"hero_page_inicio_video_segundo":"","img_block_hero_page_bg":4617,"overlay_hero_page":"yes","title_block_hero_page":"Den arktiske ruten: Utforsk Norge, Finland og Sverige med v\u00e5re arktiske vinterruter","text_block_hero_page":"  Ditt neste arktiske vintereventyr er bare en busstur unna!","label_block_hero_page":"ARKTISKE VINTERRUTER","link_block_hero_page":"","add_imagen_extra_hero_page":"si","cta_imagen_extra_hero_page":"si","imagen_content_block_hero_page":null,"one_imagen_content_block_hero_page":3646,"two_imagen_content_block_hero_page":4519,"three_imagen_content_block_hero_page":4208,"three_imagen_content_block_hero_page_title":"Eksklusivt tilbud i desember","three_imagen_content_block_hero_page_text":"Bes\u00f8k Polar Park med busstransport fra Troms\u00f8","three_imagen_content_block_hero_page_text_cta":"Bestill n\u00e5","three_imagen_content_block_hero_page_url_cta":"https:\/\/booking.bestarctic.com\/en\/packages\/2025946\/winter-travel-from-troms%c3%b8-to-polar-park-with-arctic-route?noResult=False"},{"acf_fc_layout":"block_texto_media","id_seccion_block_text_media":"","title_seccion_block_text_media":"","subtitle_seccion_block_text_media":"","text_seccion_block_text_media":"","url_seccion_block_text_media":"","add_background_color_to_block_text_media":"white","tipo_de_contenido_block_text_media":"media","editor_de_texto_tipo_de_contenido_block_text_media":"","tipo_link":"link","boton_block_text_media":"","imagen_block_text_media":5945,"tipo_de_contenido_block_text_media_dcha":"texto","editor_de_texto_tipo_de_contenido_block_text_media_dcha":"<h2>Gj\u00f8r deg klar til \u00e5 oppdage Arktis p\u00e5 en trygg, p\u00e5litelig og avslappet m\u00e5te!<\/h2>\r\nArctic Route-vinterbussrutene kj\u00f8rer daglig mellom 1. desember og 31. mars mellom de viktigste destinasjonene i Arktis. Det er en trygg, komfortabel og milj\u00f8vennlig m\u00e5te \u00e5 reise til eventyrene dine i Nord-Norge, Sverige og finsk Lappland p\u00e5.\r\n\r\nReis fra Troms\u00f8 til Senja, Narvik, Lyngen, Rovaniemi, Storslett, Skjerv\u00f8y og Lyngsalpene, p\u00e5 en enkeltreise eller tur\/retur.\r\n\r\n<strong>Alle vi i The Arctic Route, sammen med v\u00e5re partnere, \u00f8nsker deg velkommen til \u00e5 dele den arktiske opplevelsen med oss!<\/strong>","tipo_link_dcha":"link","boton_block_text_media_dcha":"","imagen_block_text_media_dcha":null},{"acf_fc_layout":"block_season","id_seccion_block_season":"","title_section_block_season":"Kart over vinterruter","subtitle_section_block_season":"","text_section_block_season":"","add_background_color_to_block_season":"green","map_block_season":4622,"map_block_season_mobile":"","map_block_season_copy":"","map_block_season_mobile_copy":"","url_seccion_block_season_mobile":"","url_seccion_block_season_mobile_2":"","url_seccion_block_season_mobile_3":"","title_section_cards_block_season":"Vinterruter","id_card_block_season":"","card_block_season":[{"title_card_block_season":"Aurora Express Nightliner TROMS\u00d8 - ROVANIEMI","image_block_season":6905,"bus_line_block_season":"Troms\u00f8 - Rovaniemi","bus_stop_block_season":"5 stopp","price_block_season":"3000 NOK - 4500 NOK","buy_ticket_block_seasons":"https:\/\/bestarctic.com\/no\/arktisk-rute\/arktisk-vinter-ruter-utforsk-norge-sverige-og-finland\/aurora-ekspress-buss-tromso-og-rovaniemi\/"},{"title_card_block_season":"Reise med buss mellom Troms\u00f8 og Rovaniemi","image_block_season":5696,"bus_line_block_season":"Troms\u00f8 - Rovaniemi - Troms\u00f8 - 106","bus_stop_block_season":"13 stopp","price_block_season":"475 NOK - 1930 NOK","buy_ticket_block_seasons":"https:\/\/bestarctic.com\/no\/arktisk-rute\/arktisk-vinter-ruter-utforsk-norge-sverige-og-finland\/buss-mellom-tromso-norge-og-rovaniemi-finland\/"},{"title_card_block_season":"Reise med buss mellom Troms\u00f8 og \u00f8ya Senja","image_block_season":4626,"bus_line_block_season":"Troms\u00f8 - Senja- 940","bus_stop_block_season":"7 stopp","price_block_season":"750 NOK","buy_ticket_block_seasons":"https:\/\/bestarctic.com\/no\/arktisk-rute\/arktisk-vinter-ruter-utforsk-norge-sverige-og-finland\/buss-mellom-tromso-og-senja-oy-norge\/"},{"title_card_block_season":"Reise med buss mellom Troms\u00f8 og Narvik i Norge  ","image_block_season":4628,"bus_line_block_season":"Troms\u00f8 - Narvik - 915","bus_stop_block_season":"9 stopp","price_block_season":"145 NOK - 795 NOK","buy_ticket_block_seasons":"https:\/\/bestarctic.com\/no\/arktisk-rute\/arktisk-vinter-ruter-utforsk-norge-sverige-og-finland\/buss-mellom-tromso-og-narvik-via-polar-park-norge\/"},{"title_card_block_season":"Reise med buss mellom Troms\u00f8 og Storslett i Norge","image_block_season":5216,"bus_line_block_season":"Troms\u00f8 -Storslett - 920","bus_stop_block_season":"8 stopp","price_block_season":"10 NOK - 760 NOK","buy_ticket_block_seasons":"https:\/\/bestarctic.com\/no\/arktisk-rute\/arktisk-vinter-ruter-utforsk-norge-sverige-og-finland\/buss-mellom-tromso-og-storslett-norge\/"},{"title_card_block_season":"Reise med buss mellom Troms\u00f8 og Skjerv\u00f8y i Norge","image_block_season":4632,"bus_line_block_season":"Troms\u00f8 - Skjerv\u00f8y - 915","bus_stop_block_season":"7 stopp","price_block_season":"50 NOK - 860 NOK","buy_ticket_block_seasons":"https:\/\/bestarctic.com\/no\/arktisk-rute\/arktisk-vinter-ruter-utforsk-norge-sverige-og-finland\/buss-mellom-tromso-og-skjervoy-norge\/"},{"title_card_block_season":"Reise med buss mellom Troms\u00f8 og Lyngen","image_block_season":5218,"bus_line_block_season":"Troms\u00f8 - Lyngen - 917","bus_stop_block_season":"3 stopp","price_block_season":"294 NOK","buy_ticket_block_seasons":"https:\/\/bestarctic.com\/no\/arktisk-rute\/arktisk-vinter-ruter-utforsk-norge-sverige-og-finland\/buss-mellom-tromso-norge-og-rovaniemi-finland\/"}]},{"acf_fc_layout":"block_goals_person","id_section_block_goals_person":"","title_block_goals_person":"Hva er inkludert","image_center_block_goals_person":"bus","left_goals_block_goals_person":[{"l_icon_block_goals_person":5032,"title_item_block_goals_person":"Forenkle reisen din","text_item_block_goals_person":"Unng\u00e5 problemer med leiebil\/parkering og veiforhold"},{"l_icon_block_goals_person":1668,"title_item_block_goals_person":"F\u00e5 mest mulig ut av tiden din","text_item_block_goals_person":"Planlagt avreise og ankomst i tide til aktiviteter og destinasjoner"},{"l_icon_block_goals_person":5030,"title_item_block_goals_person":"Hjelp planeten","text_item_block_goals_person":"Gr\u00f8nne reiser"}],"right_goals_block_goals_person":[{"r_icon_block_goals_person":2033,"r_title_item_block_goals_person":"Nyt en komfortabel kj\u00f8retur","r_text_item_block_goals_person":"Romslig buss (sj\u00e5f\u00f8rene v\u00e5re hjelper deg gjerne med \u00e5 oppbevare bagasjen din om bord)"},{"r_icon_block_goals_person":1494,"r_title_item_block_goals_person":"Finn ut mer underveis","r_text_item_block_goals_person":"Bestill tilknyttede aktiviteter langs denne ruten"},{"r_icon_block_goals_person":1457,"r_title_item_block_goals_person":"Lokal kunnskap","r_text_item_block_goals_person":"Lokale og erfarne engelsktalende sj\u00e5f\u00f8rer  "}]}]},"_links":{"self":[{"href":"https:\/\/bestarctic.com\/no\/wp-json\/wp\/v2\/pages\/20356","targetHints":{"allow":["GET"]}}],"collection":[{"href":"https:\/\/bestarctic.com\/no\/wp-json\/wp\/v2\/pages"}],"about":[{"href":"https:\/\/bestarctic.com\/no\/wp-json\/wp\/v2\/types\/page"}],"author":[{"embeddable":true,"href":"https:\/\/bestarctic.com\/no\/wp-json\/wp\/v2\/users\/4"}],"replies":[{"embeddable":true,"href":"https:\/\/bestarctic.com\/no\/wp-json\/wp\/v2\/comments?post=20356"}],"version-history":[{"count":0,"href":"https:\/\/bestarctic.com\/no\/wp-json\/wp\/v2\/pages\/20356\/revisions"}],"up":[{"embeddable":true,"href":"https:\/\/bestarctic.com\/no\/wp-json\/wp\/v2\/pages\/20364"}],"wp:attachment":[{"href":"https:\/\/bestarctic.com\/no\/wp-json\/wp\/v2\/media?parent=20356"}],"curies":[{"name":"wp","href":"https:\/\/api.w.org\/{rel}","templated":true}]}}