{"id":20362,"date":"2025-04-24T09:40:45","date_gmt":"2025-04-24T07:40:45","guid":{"rendered":"https:\/\/bestarctic.com\/arctic-summer-routes-explore-the-arctic\/"},"modified":"2025-11-17T10:07:22","modified_gmt":"2025-11-17T09:07:22","slug":"arktisk-sommer-ruter-utforsk-arktis","status":"publish","type":"page","link":"https:\/\/bestarctic.com\/no\/arktisk-rute\/arktisk-sommer-ruter-utforsk-arktis\/","title":{"rendered":"Arktiske sommerruter"},"content":{"rendered":"","protected":false},"excerpt":{"rendered":"","protected":false},"author":4,"featured_media":0,"parent":20364,"menu_order":0,"comment_status":"closed","ping_status":"closed","template":"","meta":{"_acf_changed":false,"footnotes":""},"class_list":["post-20362","page","type-page","status-publish","hentry"],"acf":{"bloques_de_contenido":[{"acf_fc_layout":"block_hero_page","id_block_hero_page":"","video_o_imagen_hero_page":"video","video_block_hero_page_bg":6086,"hero_page_inicio_video_segundo":"","img_block_hero_page_bg":4553,"overlay_hero_page":"yes","title_block_hero_page":"Utforsk Nord-Norge med v\u00e5re arktiske sommerruter - bestill n\u00e5","text_block_hero_page":"Ditt neste arktiske sommereventyr er bare en busstur unna!","label_block_hero_page":"ARKTISKE SOMMERRUTER","link_block_hero_page":{"title":"Bestill n\u00e5","url":"https:\/\/bestarctic.com\/no\/arktisk-rute\/arktisk-sommer-ruter-utforsk-arktis\/#summer","target":""},"add_imagen_extra_hero_page":"si","cta_imagen_extra_hero_page":"si","imagen_content_block_hero_page":null,"one_imagen_content_block_hero_page":3535,"two_imagen_content_block_hero_page":4553,"three_imagen_content_block_hero_page":4559,"three_imagen_content_block_hero_page_title":"Reise innenfor Lofoten","three_imagen_content_block_hero_page_text":"Utforsk Lofoten med buss p\u00e5 en enkel og fleksibel m\u00e5te.","three_imagen_content_block_hero_page_text_cta":"Bestill n\u00e5","three_imagen_content_block_hero_page_url_cta":"https:\/\/bestarctic.com\/no\/arktisk-rute\/arktisk-sommer-ruter-utforsk-arktis\/buss-i-lofoten-oyene-norge\/"},{"acf_fc_layout":"block_texto_media","id_seccion_block_text_media":"","title_seccion_block_text_media":"","subtitle_seccion_block_text_media":"","text_seccion_block_text_media":"","url_seccion_block_text_media":"","add_background_color_to_block_text_media":"white","tipo_de_contenido_block_text_media":"media","editor_de_texto_tipo_de_contenido_block_text_media":"","tipo_link":"link","boton_block_text_media":"","imagen_block_text_media":5517,"tipo_de_contenido_block_text_media_dcha":"texto","editor_de_texto_tipo_de_contenido_block_text_media_dcha":"<h2>Gj\u00f8r deg klar til \u00e5 oppdage Arktis p\u00e5 en trygg, p\u00e5litelig og avslappet m\u00e5te!<\/h2>\r\n<strong>Sommeren 2025<\/strong>\r\n\r\nSommeren i Arktis er fantastisk: fra sn\u00f8dekte fjelltopper til gr\u00f8nne, blomstrende fjellsider, varme, hvite sandstrender og kj\u00f8lige, forbl\u00e5ste fjelltopper, fra fantastiske fjordutsikter til lett tilgjengelige fjellturer, og fra aktive arktiske byer til rustikke og rolige fiskerlandsbyer.\r\n\r\nOppdag sommertiden over polarsirkelen: P\u00e5 grunn av midnattssolfenomenet vil du ha mange timer med dagslys i mai og august. Nyt alt dette ekstra dagslyset ved \u00e5 oppdage Nord-Norge i l\u00f8pet av disse endel\u00f8se nettene.\r\n\r\n<strong>Omr\u00e5det over polarsirkelen har alt!<\/strong>","tipo_link_dcha":"link","boton_block_text_media_dcha":"","imagen_block_text_media_dcha":null},{"acf_fc_layout":"block_season","id_seccion_block_season":"","title_section_block_season":"Kart over sommerruter","subtitle_section_block_season":"","text_section_block_season":"","add_background_color_to_block_season":"white","map_block_season":4563,"map_block_season_mobile":"","map_block_season_copy":"","map_block_season_mobile_copy":"","url_seccion_block_season_mobile":"","url_seccion_block_season_mobile_2":"","url_seccion_block_season_mobile_3":"","title_section_cards_block_season":"Sommerruter","id_card_block_season":"summer","card_block_season":[{"title_card_block_season":"Reise innenfor Lofoten","image_block_season":5220,"bus_line_block_season":"Svolv\u00e6r - \u00c5","bus_stop_block_season":"19 stopp","price_block_season":"260 - 1750 NOK","buy_ticket_block_seasons":"https:\/\/bestarctic.com\/no\/arktisk-rute\/arktisk-sommer-ruter-utforsk-arktis\/buss-i-lofoten-oyene-norge\/"},{"title_card_block_season":"Reise mellom Troms\u00f8 - Lofoten","image_block_season":2602,"bus_line_block_season":"Troms\u00f8 - Lofoten","bus_stop_block_season":"14 stopp","price_block_season":"60 - 1740 NOK","buy_ticket_block_seasons":"https:\/\/bestarctic.com\/no\/arktisk-rute\/arktisk-sommer-ruter-utforsk-arktis\/buss-mellom-tromso-og-lofoten-norge\/"},{"title_card_block_season":"Reise mellom Troms\u00f8 - Rovaniemi","image_block_season":5222,"bus_line_block_season":"Troms\u00f8 - Rovaniemi - Gul rute","bus_stop_block_season":"11 stopp","price_block_season":"210 - 1610 NOK","buy_ticket_block_seasons":"https:\/\/bestarctic.com\/no\/arktisk-rute\/arktisk-sommer-ruter-utforsk-arktis\/buss-mellom-tromso-og-rovaniemi-sommer\/"}]},{"acf_fc_layout":"block_video_full","id_seccion_block_video_full":"","full_width":"no","title_seccion_block_video_full":"Utforsk Lofotens enest\u00e5ende skj\u00f8nnhet","subtitle_seccion_block_video_full":"","text_seccion_block_video_full":"","url_seccion_block_video_full":"","add_background_color_to_block_video_full":"green","video_block_video_full":3804,"video_block_video_full_ogg":"","video_block_video_full_inicio_video_segundo":"","girl_seccion_block_video_full":6079},{"acf_fc_layout":"block_bus_stops","id_seccion_block_bus_stop":"","title_section_block_bus_stop":"Eksklusive bussholdeplasser langs disse rutene","subtitle_section_block_bus_stop":"","text_section_block_bus_stop":"","url_seccion_block_bus_stop":"","add_background_color_to_block_bus_stop":"white","map_block_bus_stop":2169,"map_block_bus_stop_mobile":1885,"card_block_bus_stop":[{"image_block_bus_stop":2169,"bus_line_block_bus_stop":"HOP-ON\/HOP-OFF","text_card_block_bus_stop":"Gjestene <strong>hopper av<\/strong> bussen og blir v\u00e6rende p\u00e5 dette stedet. V\u00e5re <strong>hop-off-stopp<\/strong> har alltid <strong>aktiviteter,<\/strong> <strong>overnattingsmuligheter og spisesteder<\/strong>. Neste dag kan de hoppe p\u00e5 bussen igjen for \u00e5 fortsette reisen i samme eller motsatt retning.  "},{"image_block_bus_stop":3394,"bus_line_block_bus_stop":"PHOTOSTOP","text_card_block_bus_stop":"Vi vil ikke at et godt sted for \u00e5 skape gode minner skal g\u00e5 oss hus forbi. Fotostoppene v\u00e5re varer mellom <strong>15 og 25 minutter<\/strong>, slik at gjestene har tid til \u00e5 <strong>ta bilder<\/strong>, strekke p\u00e5 beina og puste inn den arktiske luften! Etter dette hopper du p\u00e5 samme buss for \u00e5 fortsette reisen.  "},{"image_block_bus_stop":4396,"bus_line_block_bus_stop":"SIGHTSEEING-STOPP","text_card_block_bus_stop":"<strong>Sightseeing-stoppene<\/strong> v\u00e5re varer i rundt <strong>1 time<\/strong>, slik at gjestene kan bes\u00f8ke et sted uten \u00e5 m\u00e5tte bestille overnatting. Disse aktivitetsstoppene er ideelle for <strong>matpauser, suvenirer eller for \u00e5 bes\u00f8ke en landsby, en strand eller en fjord<\/strong>. Deretter fortsetter gjestene reisen med samme buss.  "}]},{"acf_fc_layout":"block_goals_person","id_section_block_goals_person":"","title_block_goals_person":"Hva er inkludert","image_center_block_goals_person":"man","left_goals_block_goals_person":[{"l_icon_block_goals_person":5032,"title_item_block_goals_person":"Forenkle reisen din","text_item_block_goals_person":"Unng\u00e5 problemer med leiebil\/parkering og veiforhold"},{"l_icon_block_goals_person":1668,"title_item_block_goals_person":"F\u00e5 mest mulig ut av tiden din","text_item_block_goals_person":"Planlagt avreise og ankomst i tide til aktiviteter og destinasjoner"},{"l_icon_block_goals_person":5030,"title_item_block_goals_person":"Hjelp planeten","text_item_block_goals_person":"Gr\u00f8nne reiser"}],"right_goals_block_goals_person":[{"r_icon_block_goals_person":2033,"r_title_item_block_goals_person":"Nyt en komfortabel kj\u00f8retur","r_text_item_block_goals_person":"Romslig buss (sj\u00e5f\u00f8rene v\u00e5re hjelper deg gjerne med \u00e5 oppbevare bagasjen din om bord)"},{"r_icon_block_goals_person":1494,"r_title_item_block_goals_person":"Finn ut mer underveis","r_text_item_block_goals_person":"Bestill tilknyttede aktiviteter langs denne ruten"},{"r_icon_block_goals_person":1457,"r_title_item_block_goals_person":"Lokal kunnskap","r_text_item_block_goals_person":"Lokale og erfarne engelsktalende sj\u00e5f\u00f8rer"}]},{"acf_fc_layout":"block_unique_features","id_seccion_block_unique_features":"","title_seccion_block_unique_features":"Unike funksjoner","subtitle_seccion_block_unique_features":"","text_seccion_block_unique_features":"","url_unique_features":"","add_background_color_to_block_unique_features":"green","title_col_unique_features":"","img_col_unique_features":6065,"img_col_unique_features_mobile":"","unique_features_list":[{"ico_col_unique_features_list":1457,"text_col_unique_features_list":"Daglig betjente bussruter"},{"ico_col_unique_features_list":1496,"text_col_unique_features_list":"Hop-on & hop-off"},{"ico_col_unique_features_list":1498,"text_col_unique_features_list":"Forbindelse med flyplasser og ferger"},{"ico_col_unique_features_list":1495,"text_col_unique_features_list":"Fastpris basert p\u00e5 reiseavstand"},{"ico_col_unique_features_list":1667,"text_col_unique_features_list":"Fotostopp langs veien"},{"ico_col_unique_features_list":1494,"text_col_unique_features_list":"Legg til aktiviteter p\u00e5 hvert stopp"},{"ico_col_unique_features_list":1497,"text_col_unique_features_list":"Legg til opphold p\u00e5 reisen din"},{"ico_col_unique_features_list":1493,"text_col_unique_features_list":"Sightseeing-bes\u00f8k inkludert"}]}]},"_links":{"self":[{"href":"https:\/\/bestarctic.com\/no\/wp-json\/wp\/v2\/pages\/20362","targetHints":{"allow":["GET"]}}],"collection":[{"href":"https:\/\/bestarctic.com\/no\/wp-json\/wp\/v2\/pages"}],"about":[{"href":"https:\/\/bestarctic.com\/no\/wp-json\/wp\/v2\/types\/page"}],"author":[{"embeddable":true,"href":"https:\/\/bestarctic.com\/no\/wp-json\/wp\/v2\/users\/4"}],"replies":[{"embeddable":true,"href":"https:\/\/bestarctic.com\/no\/wp-json\/wp\/v2\/comments?post=20362"}],"version-history":[{"count":0,"href":"https:\/\/bestarctic.com\/no\/wp-json\/wp\/v2\/pages\/20362\/revisions"}],"up":[{"embeddable":true,"href":"https:\/\/bestarctic.com\/no\/wp-json\/wp\/v2\/pages\/20364"}],"wp:attachment":[{"href":"https:\/\/bestarctic.com\/no\/wp-json\/wp\/v2\/media?parent=20362"}],"curies":[{"name":"wp","href":"https:\/\/api.w.org\/{rel}","templated":true}]}}