{"id":20364,"date":"2025-04-23T16:15:21","date_gmt":"2025-04-23T14:15:21","guid":{"rendered":"https:\/\/bestarctic.com\/the-arctic-route\/"},"modified":"2025-11-19T16:33:18","modified_gmt":"2025-11-19T15:33:18","slug":"arktisk-rute","status":"publish","type":"page","link":"https:\/\/bestarctic.com\/no\/arktisk-rute\/","title":{"rendered":"Den arktiske ruten"},"content":{"rendered":"","protected":false},"excerpt":{"rendered":"","protected":false},"author":6,"featured_media":0,"parent":0,"menu_order":0,"comment_status":"closed","ping_status":"closed","template":"","meta":{"_acf_changed":false,"footnotes":""},"class_list":["post-20364","page","type-page","status-publish","hentry"],"acf":{"bloques_de_contenido":[{"acf_fc_layout":"block_hero_page","id_block_hero_page":"hero","video_o_imagen_hero_page":"img","video_block_hero_page_bg":null,"hero_page_inicio_video_segundo":"","img_block_hero_page_bg":5763,"overlay_hero_page":"yes","title_block_hero_page":"Reis gjennom Arktis og Nord-Norge med The Arctic Route","text_block_hero_page":"Utforsk skj\u00f8nnheten i Arktis p\u00e5 en komfortabel og trygg m\u00e5te med v\u00e5re milj\u00f8vennlige reisealternativer. Skap minner som varer livet ut med The Arctic Route. ","label_block_hero_page":"Legg ut p\u00e5 et uforglemmelig eventyr med The Arctic Route","link_block_hero_page":"","add_imagen_extra_hero_page":"no","cta_imagen_extra_hero_page":false,"imagen_content_block_hero_page":null,"one_imagen_content_block_hero_page":null,"two_imagen_content_block_hero_page":null,"three_imagen_content_block_hero_page":null,"three_imagen_content_block_hero_page_title":"","three_imagen_content_block_hero_page_text":"","three_imagen_content_block_hero_page_text_cta":"","three_imagen_content_block_hero_page_url_cta":""},{"acf_fc_layout":"block_sticky_bar","secondary_navigation":[{"secondary_text_item":"Arktiske ruter","secondary_anchor_item":"#hero"},{"secondary_text_item":"Arktiske vinterruter","secondary_anchor_item":"#winter"},{"secondary_text_item":"Arktiske sommerruter","secondary_anchor_item":"#summer"},{"secondary_text_item":"Hva er Arktis","secondary_anchor_item":"#what"}]},{"acf_fc_layout":"block_two_cols_banner_info","id_seccion_block_two_cols_banner_info":"","titulo_section_block_two_cols_banner_info":"Arctic Route har daglige avganger","subtitulo_section_block_two_cols_banner_info":"","texto_section_block_two_cols_banner_info":"<strong>Arctic Route<\/strong> er en <strong>trygg, p\u00e5litelig, komfortabel<\/strong> og <strong>milj\u00f8vennlig<\/strong> m\u00e5te \u00e5 reise til nye eventyr og uforglemmelige minner i <strong>Nord-Norge<\/strong> og <strong>Arktis<\/strong>.\r\n\r\n<strong>Rutene<\/strong> v\u00e5re gj\u00f8r det enklere for deg \u00e5 bes\u00f8ke ulike destinasjoner i Arktis, enten det er en enkeltreise eller en tur-retur-reise.\r\n\r\nG\u00e5 inn p\u00e5 en av rutene v\u00e5re for \u00e5 lene deg tilbake, slappe av og nyte magien i landskapet som passerer forbi p\u00e5 vei til ditt neste eventyr.","url_seccion_block_two_cols_banner_info":"","add_background_color_to_block_two_cols_banner_info":"white","repetater_block_two_cols_banner_info":[{"icon_repetater_block_two_cols_banner_info":1764,"image_repetater_block_two_cols_banner_info":5959,"title_repetater_block_two_cols_banner_info":"I l\u00f8pet av vintersesongen","link_repetater_block_two_cols_banner_info":{"title":"Bestill ditt vintereventyr","url":"https:\/\/bestarctic.com\/no\/arktisk-rute\/arktisk-vinter-ruter-utforsk-norge-sverige-og-finland\/","target":""},"text_repetater_block_two_cols_banner_info":"Mellom <strong>Troms\u00f8<\/strong> og <strong>Rovaniemi<\/strong><strong>(Finland)<\/strong>, <strong>Troms\u00f8<\/strong> og <strong>Narvik<\/strong>, <strong>Troms\u00f8<\/strong> og <strong>Senja<\/strong>, <strong>Troms\u00f8<\/strong> og <strong>Lyngen<\/strong>, <strong>Troms\u00f8<\/strong> og <strong>Storslett<\/strong> og <strong>Troms\u00f8<\/strong> og <strong>Skjerv\u00f8y<\/strong>, fra <strong>1. desember til 31. mars<\/strong> hvert \u00e5r.\r\n\r\nArctic Route er per i dag et samarbeid mellom Bussring (Norge), Eskelisen Lapin Linjat (Finland) og VY (Sverige)."},{"icon_repetater_block_two_cols_banner_info":1763,"image_repetater_block_two_cols_banner_info":6030,"title_repetater_block_two_cols_banner_info":"I l\u00f8pet av sommersesongen","link_repetater_block_two_cols_banner_info":{"title":"Bestill ditt sommereventyr","url":"https:\/\/bestarctic.com\/no\/arktisk-rute\/arktisk-sommer-ruter-utforsk-arktis\/","target":""},"text_repetater_block_two_cols_banner_info":"Mellom <strong>Troms\u00f8<\/strong> og <strong>Lofoten<\/strong> og <b>innenfor Lofoten (mellom Svolv\u00e6r og \u00c5)<\/b>, fra <strong>15. juni til 31. august, <\/strong>og <strong>mellom Troms\u00f8 og Rovaniemi <\/strong>fra <strong>1. juni til 31. august<\/strong> hvert \u00e5r."}],"icon_banner_block_two_cols_banner_info":"","text_banner_block_two_cols_banner_info":""},{"acf_fc_layout":"block_need_help","id_seccion_block_need_help":"","title_block_need_help":"Trenger du hjelp?  <br>  Vi er her for deg","phone_block_need_help":"+47 953 03 888","email_block_need_help":"info@bestarctic.com"},{"acf_fc_layout":"block_season","id_seccion_block_season":"winter","title_section_block_season":"Vinterruter","subtitle_section_block_season":"","text_section_block_season":"","add_background_color_to_block_season":"white","map_block_season":4522,"map_block_season_mobile":"","map_block_season_copy":"","map_block_season_mobile_copy":"","url_seccion_block_season_mobile":"","url_seccion_block_season_mobile_2":"","url_seccion_block_season_mobile_3":"","title_section_cards_block_season":"","id_card_block_season":"","card_block_season":[{"title_card_block_season":"Reis med buss under nordlyset mellom Troms\u00f8 og Rovaniemi","image_block_season":6579,"bus_line_block_season":"Troms\u00f8 - Rovaniemi","bus_stop_block_season":"5 stopp","price_block_season":"3000 - 4500 NOK","buy_ticket_block_seasons":"https:\/\/bestarctic.com\/no\/arktisk-rute\/arktisk-vinter-ruter-utforsk-norge-sverige-og-finland\/aurora-ekspress-buss-tromso-og-rovaniemi\/"},{"title_card_block_season":"Reise med buss mellom Troms\u00f8 og Rovaniemi i Finland","image_block_season":4524,"bus_line_block_season":"Troms\u00f8 - Rovaniemi - 106","bus_stop_block_season":"13 stopp","price_block_season":"375 - 1830 NOK","buy_ticket_block_seasons":"https:\/\/bestarctic.com\/no\/arktisk-rute\/arktisk-vinter-ruter-utforsk-norge-sverige-og-finland\/buss-mellom-tromso-norge-og-rovaniemi-finland\/"},{"title_card_block_season":"Reise med buss mellom Troms\u00f8 og Narvik i Norge","image_block_season":4526,"bus_line_block_season":"Troms\u00f8 - Narvik - 915","bus_stop_block_season":"9 stopp","price_block_season":"145 -795 NOK","buy_ticket_block_seasons":"https:\/\/bestarctic.com\/no\/arktisk-rute\/arktisk-vinter-ruter-utforsk-norge-sverige-og-finland\/buss-mellom-tromso-og-narvik-via-polar-park-norge\/"},{"title_card_block_season":"Reise med buss mellom Troms\u00f8 og \u00f8ya Senja","image_block_season":4542,"bus_line_block_season":"Troms\u00f8 - Senja - 940","bus_stop_block_season":"7 stopp","price_block_season":"750 NOK","buy_ticket_block_seasons":"https:\/\/bestarctic.com\/no\/arktisk-rute\/arktisk-vinter-ruter-utforsk-norge-sverige-og-finland\/buss-mellom-tromso-norge-og-rovaniemi-finland\/"},{"title_card_block_season":"  Reise med buss mellom Troms\u00f8 og Storslett i Norge","image_block_season":5216,"bus_line_block_season":"Troms\u00f8 - Storslett - 920","bus_stop_block_season":"8 stopp","price_block_season":"10 - 760 NOK","buy_ticket_block_seasons":"https:\/\/bestarctic.com\/no\/arktisk-rute\/arktisk-vinter-ruter-utforsk-norge-sverige-og-finland\/buss-mellom-tromso-og-storslett-norge\/"},{"title_card_block_season":"Reise med buss mellom Troms\u00f8 og Skjerv\u00f8y i Norge","image_block_season":4544,"bus_line_block_season":"Troms\u00f8 - Skjerv\u00f8y - 915","bus_stop_block_season":"7 stopp","price_block_season":"50 - 860 NOK","buy_ticket_block_seasons":"https:\/\/bestarctic.com\/no\/arktisk-rute\/arktisk-vinter-ruter-utforsk-norge-sverige-og-finland\/buss-mellom-tromso-og-skjervoy-norge\/"},{"title_card_block_season":"Reise med buss mellom Troms\u00f8 og Lyngen","image_block_season":5218,"bus_line_block_season":"Troms\u00f8 - Lyngen - 917","bus_stop_block_season":"3 stopp","price_block_season":"294 NOK","buy_ticket_block_seasons":"https:\/\/bestarctic.com\/no\/arktisk-rute\/arktisk-vinter-ruter-utforsk-norge-sverige-og-finland\/buss-mellom-tromso-og-lyngen-norge\/"}]},{"acf_fc_layout":"block_season","id_seccion_block_season":"summer","title_section_block_season":"Sommerruter","subtitle_section_block_season":"","text_section_block_season":"","add_background_color_to_block_season":"white","map_block_season":4548,"map_block_season_mobile":"","map_block_season_copy":"","map_block_season_mobile_copy":"","url_seccion_block_season_mobile":"","url_seccion_block_season_mobile_2":"","url_seccion_block_season_mobile_3":"","title_section_cards_block_season":"","id_card_block_season":"","card_block_season":[{"title_card_block_season":"Oppdag Troms\u00f8 og Lofoten i Norge","image_block_season":5220,"bus_line_block_season":"Troms\u00f8 - Lofoten - Bl\u00e5 rute","bus_stop_block_season":"19 stopp","price_block_season":"260 - 1750 NOK","buy_ticket_block_seasons":"https:\/\/bestarctic.com\/no\/arktisk-rute\/arktisk-sommer-ruter-utforsk-arktis\/buss-mellom-tromso-og-lofoten-norge\/"},{"title_card_block_season":"Oppdag Lofoten, Norge med buss med The Arctic Route","image_block_season":2602,"bus_line_block_season":"Troms\u00f8 - Gr\u00f8nn rute - Lofoten - Bl\u00e5 rute","bus_stop_block_season":"14 stopp","price_block_season":"60 - 1740 NOK","buy_ticket_block_seasons":"https:\/\/bestarctic.com\/no\/arktisk-rute\/arktisk-sommer-ruter-utforsk-arktis\/buss-i-lofoten-oyene-norge\/"},{"title_card_block_season":"Oppdag Troms\u00f8 i Norge og Rovaniemi i Nord-Finland","image_block_season":5222,"bus_line_block_season":"Troms\u00f8 - Rovaniemi - Gul rute","bus_stop_block_season":"11 stopp","price_block_season":"210 - 1610 NOK","buy_ticket_block_seasons":"https:\/\/bestarctic.com\/no\/arktisk-rute\/arktisk-sommer-ruter-utforsk-arktis\/buss-mellom-tromso-og-rovaniemi-sommer\/"}]},{"acf_fc_layout":"block_texto_media","id_seccion_block_text_media":"what","title_seccion_block_text_media":"","subtitle_seccion_block_text_media":"","text_seccion_block_text_media":"","url_seccion_block_text_media":"","add_background_color_to_block_text_media":"white","tipo_de_contenido_block_text_media":"media","editor_de_texto_tipo_de_contenido_block_text_media":"","tipo_link":"link","boton_block_text_media":"","imagen_block_text_media":5947,"tipo_de_contenido_block_text_media_dcha":"texto","editor_de_texto_tipo_de_contenido_block_text_media_dcha":"<h2>Hva er Arktis?<\/h2>\r\nArktis er et polaromr\u00e5de som ligger i den nordligste delen av jordkloden. Arktis best\u00e5r av Polhavet, deler av Norge, Sverige, Finland, Island, Gr\u00f8nland, Russland, Alaska og Canada. Landomr\u00e5dene i den arktiske regionen har sesongmessig varierende sn\u00f8- og isdekke, med overveiende trel\u00f8s permafrost.\r\n\r\nArktis er et unikt \u00f8kosystem p\u00e5 jorden med et stort mangfold av kulturer, flora og fauna.\r\n\r\n<strong>Bli med oss p\u00e5 oppdagelsesferd i Arktis.<\/strong>","tipo_link_dcha":"link","boton_block_text_media_dcha":"","imagen_block_text_media_dcha":null},{"acf_fc_layout":"block_cards_bg_image","id_seccion_block_cards_bg_image":"","title_seccion_block_cards_bg_image":"Utforsk Arktis i komfort og stil","subtitle_seccion_block_cards_bg_image":"","text_seccion_block_cards_bg_image":"","url_seccion_block_cards_bg_image":"","imagen_block_cards_bg_image":"","design_block_cards_bg_image":"square","item_block_cards_bg_image":[{"imagen_item_block_cards_bg_image":1457,"titular_item_block_cards_bg_image":"Reis komfortabelt og med stil i Arktis","texto_item_block_cards_bg_image":"Transport i Nord-Norge kan v\u00e6re lang, men det trenger ikke \u00e5 v\u00e6re ubehagelig. Med v\u00e5re busser kan du reise i trygg forvissning om at du har tilgang til toalett om bord, WI-FI, ladepunkter og engelsktalende sj\u00e5f\u00f8rer. Gj\u00f8r reisen din like minneverdig som destinasjonen din med The Arctic Route."},{"imagen_item_block_cards_bg_image":5020,"titular_item_block_cards_bg_image":"Opplev Arktis uten stresset med \u00e5 kj\u00f8re bil","texto_item_block_cards_bg_image":"Ikke la stresset med \u00e5 kj\u00f8re bil ta deg bort fra ditt arktiske eventyr. Med The Arctic Route kan du reise komfortabelt og trygt uten \u00e5 m\u00e5tte bekymre deg for \u00e5 navigere p\u00e5 ukjente veier. Len deg tilbake, slapp av og nyt den fantastiske utsikten p\u00e5 din reise mot uforglemmelige minner."},{"imagen_item_block_cards_bg_image":1669,"titular_item_block_cards_bg_image":"Oppdag Nord-Norges skj\u00f8nnhet p\u00e5 en enkel m\u00e5te","texto_item_block_cards_bg_image":"Arctic Route tilbyr en komfortabel m\u00e5te \u00e5 utforske de fantastiske landskapene i Nord-Norge p\u00e5. Med v\u00e5re bussruter kan du slappe av og nyte utsikten mens vi tar oss av alt det andre. Si farvel til stresset med \u00e5 planlegge og navigere ditt eget eventyr - la oss vise deg det beste av hva denne regionen har \u00e5 by p\u00e5."}]},{"acf_fc_layout":"block_goals_person","id_section_block_goals_person":"","title_block_goals_person":"Hvorfor b\u00f8r du velge The Arctic Route?","image_center_block_goals_person":"bus","left_goals_block_goals_person":[{"l_icon_block_goals_person":5032,"title_item_block_goals_person":"Forenkle reisen din","text_item_block_goals_person":"Unng\u00e5 problemer med leiebil\/parkering og veiforhold"},{"l_icon_block_goals_person":1668,"title_item_block_goals_person":"F\u00e5 mest mulig ut av tiden din","text_item_block_goals_person":"Planlagt avreise og ankomst i tide til aktiviteter og destinasjoner"},{"l_icon_block_goals_person":5030,"title_item_block_goals_person":"Hjelp planeten","text_item_block_goals_person":"Gr\u00f8nne reiser"}],"right_goals_block_goals_person":[{"r_icon_block_goals_person":2033,"r_title_item_block_goals_person":"Nyt en komfortabel kj\u00f8retur","r_text_item_block_goals_person":"Romslig buss (sj\u00e5f\u00f8rene v\u00e5re hjelper deg gjerne med \u00e5 oppbevare bagasjen din om bord)"},{"r_icon_block_goals_person":2070,"r_title_item_block_goals_person":"Finn ut mer underveis","r_text_item_block_goals_person":"Bestill tilknyttede aktiviteter langs denne ruten"},{"r_icon_block_goals_person":1457,"r_title_item_block_goals_person":"Lokal kunnskap","r_text_item_block_goals_person":"Lokale og erfarne engelsktalende sj\u00e5f\u00f8rer"}]},{"acf_fc_layout":"block_cards_bg_image","id_seccion_block_cards_bg_image":"","title_seccion_block_cards_bg_image":"Hvorfor reise med oss?","subtitle_seccion_block_cards_bg_image":"","text_seccion_block_cards_bg_image":"Bussene v\u00e5re er godt utstyrt for langdistansereiser.","url_seccion_block_cards_bg_image":"","imagen_block_cards_bg_image":6652,"design_block_cards_bg_image":"rectangular","item_block_cards_bg_image":[{"imagen_item_block_cards_bg_image":5024,"titular_item_block_cards_bg_image":"Ladestasjoner og Wi-Fi","texto_item_block_cards_bg_image":"Koble deg til v\u00e5rt gratis Wi-Fi om bord og f\u00e5 tiden til \u00e5 g\u00e5 med \u00e5 se en film eller jobbe. Bussene v\u00e5re har ogs\u00e5 ladepunkter, slik at batteriet p\u00e5 enheten din kan vare under hele reisen."},{"imagen_item_block_cards_bg_image":5022,"titular_item_block_cards_bg_image":"Sikkerhet","texto_item_block_cards_bg_image":"V\u00e5re p\u00e5litelige busser har sikkerhetsbelter p\u00e5 hvert sete og kj\u00f8res av erfarne sj\u00e5f\u00f8rer, slik at du kan reise trygt i alle v\u00e6rforhold."},{"imagen_item_block_cards_bg_image":1457,"titular_item_block_cards_bg_image":"Komfort","texto_item_block_cards_bg_image":"Bilene v\u00e5re er utstyrt med komfortable seter og varme-\/klimaanlegg for \u00e5 sikre en behagelig omgivelsestemperatur, og vi har toaletter om bord."},{"imagen_item_block_cards_bg_image":2033,"titular_item_block_cards_bg_image":"Vennlig personale","texto_item_block_cards_bg_image":"V\u00e5re ansatte st\u00e5r til tjeneste for at du skal f\u00e5 en fin tur. De hjelper deg gjerne med alle sp\u00f8rsm\u00e5l du m\u00e5tte ha."},{"imagen_item_block_cards_bg_image":5032,"titular_item_block_cards_bg_image":"Stressfri","texto_item_block_cards_bg_image":"Rutene v\u00e5re g\u00e5r daglig i vintersesongen og er planlagt \u00e5 avg\u00e5 i tide. Ikke n\u00f8l med \u00e5 sp\u00f8rre sj\u00e5f\u00f8rene v\u00e5re om hjelp med bagasjen din!"},{"imagen_item_block_cards_bg_image":5020,"titular_item_block_cards_bg_image":"Panoramautsikt","texto_item_block_cards_bg_image":"Nyt den vakre utsikten over det arktiske landskapet fra bussene v\u00e5re: hvert sete er et godt sete!"}]},{"acf_fc_layout":"block_testimonials","id_seccion_block_testimonial":"","title_seccion_block_testimonial":"Anmeldelser fra gjester","item_testimonio_block_testimonials":[{"texto_block_testimonials":"\"Veldig p\u00e5litelig og hadde god service for v\u00e5re gjester. Takk skal dere ha.\"","nombre_block_testimonials":"Julie Guiderdoni","date_block_testimonials":"Juli 2023","star_block_testimonials":"cinco"},{"texto_block_testimonials":"\"Len deg tilbake og nyt! Min kone og jeg hoppet p\u00e5 en av Arctic Route-bussene fra Kabelv\u00e5g til Troms\u00f8, og vi hadde en fantastisk tid. Sj\u00e5f\u00f8ren tok oss med p\u00e5 en naturskj\u00f8nn rute gjennom det vakre Lofoten og Senja, og stoppet fra tid til annen ved de mest fantastiske utsiktspunktene for litt frisk luft og en fotomulighet. Han var ikke sjenert for \u00e5 dele noen interessante fakta med oss ogs\u00e5. Med god service, romslige seter, usb-porter, WiFi om bord, en kj\u00f8leboks full av vannflasker og det rike milj\u00f8et i Lofoten og Senja tror jeg \u00e6rlig talt at du ikke kan gj\u00f8re det bedre enn The Arctic Route.\"","nombre_block_testimonials":"Benjamin","date_block_testimonials":"Juli 2023","star_block_testimonials":"cinco"},{"texto_block_testimonials":"\"Ikke la stresset ved \u00e5 kj\u00f8re bil ta deg bort fra ditt arktiske eventyr. Med The Arctic Route kan du reise komfortabelt og trygt uten \u00e5 m\u00e5tte bekymre deg for \u00e5 navigere p\u00e5 ukjente veier. Len deg tilbake, slapp av og nyt den fantastiske utsikten p\u00e5 din reise mot uforglemmelige minner.\"","nombre_block_testimonials":"Kira Becker","date_block_testimonials":"14. februar 2022","star_block_testimonials":"cinco"},{"texto_block_testimonials":"\"Kj\u00f8rte ruten Narvik-Polar Park-Troms\u00f8. Fin, moderne buss og vennlig bussj\u00e5f\u00f8r som kj\u00f8rte oss til hotellet v\u00e5rt i stedet for Scandic Troms\u00f8.\"","nombre_block_testimonials":"Ian Austin","date_block_testimonials":"02. mars 2020","star_block_testimonials":"cinco"},{"texto_block_testimonials":"\"Det er mange Aurora-reisende som sp\u00f8r etter en enklere m\u00e5te \u00e5 reise mellom de forskjellige stedene i Arktis; Nord-Norge, finsk og svensk Lappland vinterstid. Og n\u00e5 vil The Arctic Route hjelpe deg med dette, vennligst sjekk https:\/\/www.bestarctic.com\/thearcticroute.\r\nI to \u00e5r, fra desember til mars, har de allerede v\u00e6rt aktive med en rute fra Troms\u00f8 til Narvik og Troms\u00f8 til Lyngsalpene. I desember 2019 starter de opp en ny rute, fra Troms\u00f8 til Rovaniemi, med bytte i Karesuvanto mot Kautokeino og Alta, i Finnmark. Det Troms\u00f8-baserte busselskapet Bussring vil kj\u00f8re til Karesuvanto, der det finske busselskapet Eskelisen vil ta over og kj\u00f8re til Rovaniemi, mens Bussring vil fortsette til Alta.\r\nDenne ruten vil g\u00e5 daglig, og da vil den arktiske regionen ha sv\u00e6rt gode forbindelser vinterstid.\"   ","nombre_block_testimonials":"Gunnar - Guide","date_block_testimonials":"2020","star_block_testimonials":"cinco"}]},{"acf_fc_layout":"block_logos_carrusel","id_seccion_block_logos_carrusel":"","add_background_color_to_block_logos_carrusel":"white","item_block_logos_carrusel":[{"imagen_block_logos_carrusel":5783},{"imagen_block_logos_carrusel":677},{"imagen_block_logos_carrusel":5781},{"imagen_block_logos_carrusel":680},{"imagen_block_logos_carrusel":681},{"imagen_block_logos_carrusel":5775},{"imagen_block_logos_carrusel":5779},{"imagen_block_logos_carrusel":5769},{"imagen_block_logos_carrusel":5773},{"imagen_block_logos_carrusel":5777}]}]},"_links":{"self":[{"href":"https:\/\/bestarctic.com\/no\/wp-json\/wp\/v2\/pages\/20364","targetHints":{"allow":["GET"]}}],"collection":[{"href":"https:\/\/bestarctic.com\/no\/wp-json\/wp\/v2\/pages"}],"about":[{"href":"https:\/\/bestarctic.com\/no\/wp-json\/wp\/v2\/types\/page"}],"author":[{"embeddable":true,"href":"https:\/\/bestarctic.com\/no\/wp-json\/wp\/v2\/users\/6"}],"replies":[{"embeddable":true,"href":"https:\/\/bestarctic.com\/no\/wp-json\/wp\/v2\/comments?post=20364"}],"version-history":[{"count":0,"href":"https:\/\/bestarctic.com\/no\/wp-json\/wp\/v2\/pages\/20364\/revisions"}],"wp:attachment":[{"href":"https:\/\/bestarctic.com\/no\/wp-json\/wp\/v2\/media?parent=20364"}],"curies":[{"name":"wp","href":"https:\/\/api.w.org\/{rel}","templated":true}]}}