{"id":20368,"date":"2025-04-23T14:12:06","date_gmt":"2025-04-23T12:12:06","guid":{"rendered":"https:\/\/bestarctic.com\/hotels-and-cabins-in-norway-and-the-arctic\/"},"modified":"2025-11-17T10:05:31","modified_gmt":"2025-11-17T09:05:31","slug":"hoteller-og-hytter-i-norge-og-arktis","status":"publish","type":"page","link":"https:\/\/bestarctic.com\/no\/hoteller-og-hytter-i-norge-og-arktis\/","title":{"rendered":"Hotell og hytter i Nord-Norge og Arktis"},"content":{"rendered":"","protected":false},"excerpt":{"rendered":"","protected":false},"author":4,"featured_media":0,"parent":0,"menu_order":0,"comment_status":"closed","ping_status":"closed","template":"","meta":{"_acf_changed":false,"footnotes":""},"class_list":["post-20368","page","type-page","status-publish","hentry"],"acf":{"bloques_de_contenido":[{"acf_fc_layout":"block_hero_page","id_block_hero_page":"","video_o_imagen_hero_page":"video","video_block_hero_page_bg":5943,"hero_page_inicio_video_segundo":"","img_block_hero_page_bg":2327,"overlay_hero_page":"yes","title_block_hero_page":"Hotell og hytter i Nord-Norge og Arktis","text_block_hero_page":"Hvis du reiser til Nord-Norge for en arktisk ferie, er det viktig \u00e5 finne riktig overnattingssted slik at du kan bo komfortabelt og f\u00e5 nok hvile til \u00e5 f\u00e5 mest mulig ut av det arktiske eventyret ditt!","label_block_hero_page":"","link_block_hero_page":{"title":"Se alle tilbudene v\u00e5re her","url":"https:\/\/booking.bestarctic.com\/en\/accommodation","target":"_blank"},"add_imagen_extra_hero_page":"si","cta_imagen_extra_hero_page":"si","imagen_content_block_hero_page":null,"one_imagen_content_block_hero_page":5353,"two_imagen_content_block_hero_page":5355,"three_imagen_content_block_hero_page":5351,"three_imagen_content_block_hero_page_title":"Eksklusivt tilbud i desember","three_imagen_content_block_hero_page_text":"Igloo i glass med alt inkludert tjenester","three_imagen_content_block_hero_page_text_cta":"Bestill n\u00e5","three_imagen_content_block_hero_page_url_cta":"https:\/\/booking.bestarctic.com\/en\/accommodation\/2117016\/aurora-hut\/details"},{"acf_fc_layout":"block_imagen_carrusel","id_seccion_block_imagen_carrusel":"","title_section_block_imagen_carrusel":"","subtitle_section_block_imagen_carrusel":"","text_section_block_imagen_carrusel":"","url_seccion_block_imagen_carrusel":"","add_background_color_to_block_imagen_carrusel":"white","item_block_imagen_carrusel":[{"imagen_block_imagen_carrusel":4506,"texto_block_imagen_carrusel":"<a href=\"https:\/\/booking.bestarctic.com\/en\/accommodation\/2117016\/aurora-hut\/details\">Aurora Hut<\/a>"},{"imagen_block_imagen_carrusel":4502,"texto_block_imagen_carrusel":"<a href=\"https:\/\/booking.bestarctic.com\/en\/accommodation\/2117016\/aurora-hut\/details\">Aurora Hut<\/a>"},{"imagen_block_imagen_carrusel":4504,"texto_block_imagen_carrusel":"<a href=\"https:\/\/booking.bestarctic.com\/en\/accommodation\/2114268\/bardufoss-hotel-room\/details\">Bardufoss Hotel<\/a>"},{"imagen_block_imagen_carrusel":4500,"texto_block_imagen_carrusel":"<a href=\"https:\/\/booking.bestarctic.com\/en\/accommodation\/2117016\/aurora-hut\/details\">Aurora Hut<\/a>"},{"imagen_block_imagen_carrusel":4498,"texto_block_imagen_carrusel":"<a href=\"https:\/\/booking.bestarctic.com\/en\/accommodation\/2117016\/aurora-hut\/details\">Aurora Hut<\/a>"},{"imagen_block_imagen_carrusel":4496,"texto_block_imagen_carrusel":"<a href=\"https:\/\/booking.bestarctic.com\/en\/accommodation\/2142000\/cahkal-hotel\/details\">Cahkal Hotel<\/a>"},{"imagen_block_imagen_carrusel":4494,"texto_block_imagen_carrusel":"<a href=\"https:\/\/booking.bestarctic.com\/en\/accommodation\/2142000\/cahkal-hotel\/details\">Cahkal Hotel<\/a>"},{"imagen_block_imagen_carrusel":4514,"texto_block_imagen_carrusel":"<a href=\"https:\/\/booking.bestarctic.com\/en\/accommodation\/2142000\/cahkal-hotel\/details\">Cahkal Hotel<\/a>"},{"imagen_block_imagen_carrusel":4512,"texto_block_imagen_carrusel":"<a href=\"https:\/\/booking.bestarctic.com\/en\/accommodation\/2142000\/cahkal-hotel\/details\">Cahkal Hotel<\/a>"},{"imagen_block_imagen_carrusel":4510,"texto_block_imagen_carrusel":"<a href=\"https:\/\/booking.bestarctic.com\/en\/accommodation\/2142000\/cahkal-hotel\/details\">Cahkal Hotel<\/a>"},{"imagen_block_imagen_carrusel":4508,"texto_block_imagen_carrusel":"<a href=\"https:\/\/booking.bestarctic.com\/en\/accommodation\/2142000\/cahkal-hotel\/details\">Cahkal Hotel<\/a>"}],"enable_modal_block_imagen_carrusel":false},{"acf_fc_layout":"block_texto_media","id_seccion_block_text_media":"","title_seccion_block_text_media":"","subtitle_seccion_block_text_media":"","text_seccion_block_text_media":"","url_seccion_block_text_media":"","add_background_color_to_block_text_media":"white","tipo_de_contenido_block_text_media":"media","editor_de_texto_tipo_de_contenido_block_text_media":"","tipo_link":"link","boton_block_text_media":"","imagen_block_text_media":4519,"tipo_de_contenido_block_text_media_dcha":"texto","editor_de_texto_tipo_de_contenido_block_text_media_dcha":"<h2>Grunner til \u00e5 bes\u00f8ke norsk Arktis om vinteren<\/h2>\r\nDu lurer kanskje p\u00e5 hvorfor du b\u00f8r feriere i norsk Arktis. Her er flere gode grunner:\r\n<ul>\r\n \t<li>Det er et av de beste stedene i verden \u00e5 se nordlyset.<\/li>\r\n \t<li>Polarnatten gir flere muligheter til \u00e5 se nordlyset.<\/li>\r\n \t<li>Troms\u00f8 er ikke s\u00e5 kaldt som du kanskje tror. P\u00e5 grunn av de varme str\u00f8mmene i Golfstr\u00f8mmen er Troms\u00f8 langt mildere enn andre steder p\u00e5 samme breddegrad.<\/li>\r\n \t<li>Du kan se hval (inkludert spekkhoggere og kn\u00f8lhvaler) fra november til januar i Troms\u00f8-regionen.<\/li>\r\n \t<li>Det er et paradis for fotografer - fjellene, landskapene, nordlyset, sn\u00f8en og de arktiske dyrene byr p\u00e5 alt du noensinne har dr\u00f8mt om!<\/li>\r\n<\/ul>","tipo_link_dcha":"link","boton_block_text_media_dcha":"","imagen_block_text_media_dcha":null},{"acf_fc_layout":"block_texto_media","id_seccion_block_text_media":"","title_seccion_block_text_media":"","subtitle_seccion_block_text_media":"","text_seccion_block_text_media":"","url_seccion_block_text_media":"","add_background_color_to_block_text_media":"white","tipo_de_contenido_block_text_media":"texto","editor_de_texto_tipo_de_contenido_block_text_media":"Hvis du reiser til Troms\u00f8 og ser etter en enkel m\u00e5te \u00e5 komme deg fra Troms\u00f8 lufthavn til hotellet ditt i Troms\u00f8 sentrum, kan du ta <strong><a href=\"https:\/\/booking.bestarctic.com\/en\/to-do\/2071841\/airport-express-airport-centrum-airport\/showdetails\" target=\"_blank\" rel=\"noopener\">Flyplassekspressbussen<\/a><\/strong>. Denne store, r\u00f8de bussen frakter deg mellom Troms\u00f8 lufthavn (utenfor ankomsthallen) og Troms\u00f8 sentrum og omvendt. Turen tar ca. 20-25 minutter, og bussen stopper utenfor flere hoteller i sentrum.\r\n<ul>\r\n \t<li>Viktige stoppesteder i n\u00e6rheten av store hoteller:\r\n<ul>\r\n \t<li>Moxy Hotel<\/li>\r\n \t<li>\u00c5sg\u00e5rd, Vanberg, Sorgenfri, Sydspissen, Lanesbukta, Strandkanten<\/li>\r\n \t<li>Polaria<\/li>\r\n \t<li>Scandic Grand Troms\u00f8 (gangavstand til flere hoteller)<\/li>\r\n \t<li>Prostneset (i n\u00e6rheten av Clarion, Quality og Amalia)<\/li>\r\n \t<li>Scandic Ishavshotel (i n\u00e6rheten av Radisson Blu og andre hoteller)<\/li>\r\n<\/ul>\r\n<\/li>\r\n<\/ul>\r\nEn praktisk og effektiv m\u00e5te \u00e5 komme seg til overnattingsstedet ditt p\u00e5. Du kan bestille billett p\u00e5 nettet eller direkte hos bussj\u00e5f\u00f8ren v\u00e5r, med kort.","tipo_link":"link","boton_block_text_media":"","imagen_block_text_media":null,"tipo_de_contenido_block_text_media_dcha":"media","editor_de_texto_tipo_de_contenido_block_text_media_dcha":"","tipo_link_dcha":"link","boton_block_text_media_dcha":"","imagen_block_text_media_dcha":3535},{"acf_fc_layout":"block_accommodation_slider","id_seccion_accommodation_slider":"","title_section_accommodation_slider":"V\u00e5re overnattingsanbefalinger","subtitle_section_accommodation_slider":"HOTELLER I ARKTIS","text_section_accommodation_slider":"","url_section_accommodation_slider":"","add_background_color_to_accommodation_slider":"white","item_accommodation_slider":[{"imagen_accommodation_slider":20296}],"title_accommodation_slider":"Aurora Hut","lable_accommodation_slider":"HATTENG, NORTHERN NORWAY","texto_accommodation_slider":"De eksklusive glassigloene i Hatteng (1 time og 20 minutter fra Troms\u00f8) er designet for to personer. P\u00e5 en klar stjernekveld gir de 180-graders panoramavinduene og glasstaket deg muligheten til \u00e5 nyte det magiske synet av nordlyset \u2013 rett fra sengen, i varme og komfort! I tillegg til \u00e5 oppleve den ville arktiske naturen omgitt av fjell og sn\u00f8, kan du beundre nordlyset og den arktiske himmelen. Alle Aurora-hyttene har privat toalett, og under oppholdet kan du fritt bruke truger og fatbikes. Denne naturn\u00e6re opplevelsen tilbyr ogs\u00e5 flere valgfrie tillegg, som \u00e5 slappe av i saunaen og\/eller jacuzzien etter en aktiv dag. Du kan ogs\u00e5 pr\u00f8ve sn\u00f8scooter, enten <a href=\"https:\/\/booking.bestarctic.com\/en\/to-do\/2634044\/snowmobile-daytime-excursion-from-troms%C3%B8\/showdetails\" target=\"_blank\" rel=\"noopener\">p\u00e5 dagtid<\/a> eller <a href=\"https:\/\/booking.bestarctic.com\/en\/to-do\/2634046\/snowmobile-evening-excursion-from-troms%C3%B8\/showdetails\" target=\"_blank\" rel=\"noopener\">p\u00e5 kveldstid<\/a>, i den vakre Signaldalen eller Tamok-omr\u00e5det. Etter en avslappende natt blir du servert en deilig frokost neste morgen.","url_maps_accommodation_slider":"https:\/\/www.google.com\/maps\/dir\/\/North+Experience+AS+Hattengveien+45+9046+Oteren+Noruega\/@69.2714733,19.9524827,16z\/data=!4m5!4m4!1m0!1m2!1m1!1s0x45c536318322179d:0xbece31faaf35c6c7","url_booking_accommodation_slider":"https:\/\/booking.bestarctic.com\/en\/accommodation\/2117016\/aurora-hut\/details"},{"acf_fc_layout":"block_carrusel_activities","id_seccion_carrusel_destacados_tabs":"","title_section_carrusel_destacados_tabs":"Tilgjengelige turer ved Aurora Hut","subtitle_section_carrusel_destacados_tabs":"","text_section_carrusel_destacados_tabs":"","url_seccion_carrusel_destacados_tabs":"","add_background_color_to_section_tabs":"white","tabs_activities_seleccionados_tabs":[{"tab_text_tabs_activities_seleccionados_tabs":"","tab_carousel_activities_seleccionados_tabs":[20541,20539]}]},{"acf_fc_layout":"block_accommodation_slider","id_seccion_accommodation_slider":"","title_section_accommodation_slider":"Overnatting i Bardufoss","subtitle_section_accommodation_slider":"","text_section_accommodation_slider":"","url_section_accommodation_slider":"","add_background_color_to_accommodation_slider":"white","item_accommodation_slider":[{"imagen_accommodation_slider":20849}],"title_accommodation_slider":"Bardufoss Hotel","lable_accommodation_slider":"BARDUFOSS, NORTHERN NORWAY","texto_accommodation_slider":"Hvis du er p\u00e5 jakt etter en unik overnattingsopplevelse i villmarken, er Bardufoss Hotel et flott alternativ! Du finner denne skjulte perlen i bygda Bardufoss, omtrent midtveis mellom Troms\u00f8 og Narvik. Et opphold her gir deg muligheten til \u00e5 kombinere ekte norsk lokalliv med aktiviteter i omr\u00e5det rundt, og gj\u00f8r oppholdet ditt til en unik opplevelse!\r\n\r\nEtter andre verdenskrig, og med en flyplass og milit\u00e6rbase i regionen, ble behovet for \u00e5 utvide Bardufoss tydelig. Et hotell ble bygget her, men dessverre brant det ned i 1963. Hotellet ble gjenoppbygget og drives n\u00e5 av en lokal familie med sterke r\u00f8tter til denne regionen. Du kan lese mer om <strong>Bardufoss<\/strong> og hva du kan gj\u00f8re der <a href=\"https:\/\/bestarctic.com\/no\/reise-til-arktis\/besok-bardufoss-norge\/\">her<\/a>.","url_maps_accommodation_slider":"https:\/\/www.google.com\/maps\/dir\/\/Bardufoss+Hotell+Torget+11+9325+Bardufoss+Noruega\/@69.0652321,18.513304,13z\/data=!4m5!4m4!1m0!1m2!1m1!1s0x45c4c44f73aad8cd:0xf5a815513c281ec9","url_booking_accommodation_slider":"https:\/\/booking.bestarctic.com\/en\/accommodation\/2114268\/bardufoss-hotel-room\/details"},{"acf_fc_layout":"block_carrusel_activities","id_seccion_carrusel_destacados_tabs":"","title_section_carrusel_destacados_tabs":"Tilgjengelige turer ved Bardufoss Hotel","subtitle_section_carrusel_destacados_tabs":"","text_section_carrusel_destacados_tabs":"","url_seccion_carrusel_destacados_tabs":"","add_background_color_to_section_tabs":"white","tabs_activities_seleccionados_tabs":[{"tab_text_tabs_activities_seleccionados_tabs":"","tab_carousel_activities_seleccionados_tabs":[20532]}]},{"acf_fc_layout":"block_cards_bg_image","id_seccion_block_cards_bg_image":"","title_seccion_block_cards_bg_image":"Du trenger ikke egen transport for \u00e5 komme deg til begge disse destinasjonene","subtitle_seccion_block_cards_bg_image":"","text_seccion_block_cards_bg_image":"","url_seccion_block_cards_bg_image":{"title":"Les mer her","url":"https:\/\/booking.bestarctic.com\/en\/accommodation","target":"_blank"},"imagen_block_cards_bg_image":3535,"design_block_cards_bg_image":"square","item_block_cards_bg_image":[{"imagen_item_block_cards_bg_image":5875,"titular_item_block_cards_bg_image":"Aurora Hut Glass Igloo","texto_item_block_cards_bg_image":"Du trenger ikke eget kj\u00f8ret\u00f8y for \u00e5 bo p\u00e5 Aurora Hut. Du kan reise frem og tilbake med Arctic Route, en busstransport som g\u00e5r daglig vinterstid (fra 1. desember til 31. mars).\r\n\r\nDeretter kan du bestille tur-retur-transport fra Troms\u00f8 og tilbake igjen p\u00e5 nettsiden til <a href=\"https:\/\/bestarctic.com\/no\/arktisk-rute\/\">The Arctic Route<\/a> (rute <a href=\"https:\/\/bestarctic.com\/no\/arktisk-rute\/arktisk-vinter-ruter-utforsk-norge-sverige-og-finland\/buss-mellom-tromso-og-storslett-norge\/\">Troms\u00f8 - Storslett - Troms\u00f8<\/a>, stoppested Hatteng)."},{"imagen_item_block_cards_bg_image":5877,"titular_item_block_cards_bg_image":"Cahkal Hotel:","texto_item_block_cards_bg_image":"Du kan bestille tur- og returtransport fra Troms\u00f8 til Cahkal Hotel via: <a href=\"https:\/\/bestarctic.com\/no\/arktisk-rute\/arktisk-sommer-ruter-utforsk-arktis\/buss-mellom-tromso-og-rovaniemi-sommer\/\">The Arctic Route - Rute Troms\u00f8 - Rovaniemi - Troms\u00f8 -<\/a> stoppnavn: K-Market\/Cahkal Hotel."},{"imagen_item_block_cards_bg_image":5873,"titular_item_block_cards_bg_image":"Bardufoss Hotel:","texto_item_block_cards_bg_image":"Du trenger heller ikke egen bil for \u00e5 bo p\u00e5 Bardufoss Hotel. Du kan reise frem og tilbake med Arctic Route.\r\n\r\nDu kan bestille tur-retur-transport fra Troms\u00f8 og tilbake igjen p\u00e5 nettstedet til <a href=\"https:\/\/bestarctic.com\/no\/arktisk-rute\/\">The Arctic Route<\/a> (rute <a href=\"https:\/\/bestarctic.com\/no\/arktisk-rute\/arktisk-vinter-ruter-utforsk-norge-sverige-og-finland\/buss-mellom-tromso-og-narvik-via-polar-park-norge\/\">Troms\u00f8 - Narvik - Troms\u00f8<\/a>, stoppested Bardufoss)."}]},{"acf_fc_layout":"block_accommodation_slider","id_seccion_accommodation_slider":"","title_section_accommodation_slider":"Overnatting i Lofoten","subtitle_section_accommodation_slider":"","text_section_accommodation_slider":"","url_section_accommodation_slider":"","add_background_color_to_accommodation_slider":"white","item_accommodation_slider":[{"imagen_accommodation_slider":21606}],"title_accommodation_slider":"Eliassen Rorbuer","lable_accommodation_slider":"","texto_accommodation_slider":"<p data-start=\"57\" data-end=\"324\">Disse fantastiske, renoverte hyttene, som en gang var fiskerhytter, ligger p\u00e5 Lofoten-\u00f8yene (Hamn\u00f8y), sammen med sj\u00f8husleiligheter og en restaurant (Gadus). I omr\u00e5det finnes det ogs\u00e5 mange aktiviteter for deg: kajakkpadling, turmuligheter, fiske, blant mange andre.<\/p>\r\n<p data-start=\"326\" data-end=\"485\">Her kan du oppleve alt p\u00e5 \u00e9n gang, avhengig av \u00e5rstiden du bes\u00f8ker: nordlys eller midnattssol, fantastisk ur\u00f8rt natur og den autentiske arktiske friskluften.<\/p>\r\n<p data-start=\"487\" data-end=\"616\" data-is-last-node=\"\" data-is-only-node=\"\">Hver hytte har ett eller to soverom og er fullt utstyrt med kj\u00f8kken, stor stue og spisestue, bad med dusj og h\u00f8yhastighets Wi-Fi.<\/p>","url_maps_accommodation_slider":"https:\/\/www.google.com\/maps\/dir\/\/Eliassen+Rorbuer+Hamn%C3%B8ya+66+8390+Hamn%C3%B8ya+Noruega\/@67.9475163,13.1311023,11z\/data=!4m5!4m4!1m0!1m2!1m1!1s0x45de3cfb4df3afe1:0xf1a26c787248514d","url_booking_accommodation_slider":"https:\/\/booking.bestarctic.com\/en\/accommodation\/2103633\/eliassen-rorbuer\/book"},{"acf_fc_layout":"block_accommodation_slider","id_seccion_accommodation_slider":"","title_section_accommodation_slider":"Overnatting i Senja","subtitle_section_accommodation_slider":"","text_section_accommodation_slider":"","url_section_accommodation_slider":"","add_background_color_to_accommodation_slider":"white","item_accommodation_slider":[{"imagen_accommodation_slider":20850}],"title_accommodation_slider":"Mefjord Brygge","lable_accommodation_slider":"","texto_accommodation_slider":"<p data-start=\"57\" data-end=\"323\">Ligger p\u00e5 Senja (Norges nest st\u00f8rste \u00f8y), og dette feriestedet er \u00e5pent hele \u00e5ret, mellom fjorder langs den norske Kystriksveien. Med overnatting av h\u00f8y standard har det flere leiligheter med 140 senger, 20 hotellrom og en tradisjonell norsk restaurant: Salteriet. N\u00e5r du er der, kan du leie fiskeb\u00e5ter, bli med p\u00e5 guidede nordlysturer eller oppleve midnattssolen og fotturer, avhengig av \u00e5rstiden. Du kan ogs\u00e5 bli med p\u00e5 turer med truger, eller til og med st\u00e5 p\u00e5 ski om vinteren. Hvis du liker fotografering, vil Senja v\u00e6re ditt paradis \u2013 enten om sommeren eller vinteren, landskapene er vakre hele \u00e5ret.<\/p>","url_maps_accommodation_slider":"https:\/\/www.google.com\/maps\/dir\/\/Mefjord+Brygge+9386+Senjahopen+Noruega\/@69.5191155,17.4387671,13z\/data=!4m5!4m4!1m0!1m2!1m1!1s0x45dcaa8b2eeab429:0x5216bb2de771b80c","url_booking_accommodation_slider":"https:\/\/booking.bestarctic.com\/en\/accommodation\/2103741\/mefjord-brygge-room\/book"},{"acf_fc_layout":"block_goals_person","id_section_block_goals_person":"","title_block_goals_person":"Grunner til \u00e5 bes\u00f8ke norsk Arktis om vinteren","image_center_block_goals_person":"dog","left_goals_block_goals_person":[{"l_icon_block_goals_person":1665,"title_item_block_goals_person":"Topp nordlys Spot  ","text_item_block_goals_person":"Utvidet visning under Polarnatten."},{"l_icon_block_goals_person":5094,"title_item_block_goals_person":"Flere muligheter til \u00e5 se nordlyset","text_item_block_goals_person":"Fra s\u00e5 tidlig som kl. 14 eller 15"},{"l_icon_block_goals_person":1669,"title_item_block_goals_person":"Milde vintre","text_item_block_goals_person":"P\u00e5 grunn av de varme str\u00f8mmene i Golfstr\u00f8mmen er Troms\u00f8 langt mildere enn andre steder p\u00e5 samme breddegrad."}],"right_goals_block_goals_person":[{"r_icon_block_goals_person":1668,"r_title_item_block_goals_person":"Hvalsafari","r_text_item_block_goals_person":"Se spekkhoggere og kn\u00f8lhvaler (november-januar)."},{"r_icon_block_goals_person":1667,"r_title_item_block_goals_person":"Fotografens paradis","r_text_item_block_goals_person":"  Fantastisk landskap og dyreliv"},{"r_icon_block_goals_person":5096,"r_title_item_block_goals_person":"Eventyrlige vinteraktiviteter","r_text_item_block_goals_person":"Det store utvalget av utend\u00f8rsaktiviteter gj\u00f8r det til det perfekte reisem\u00e5let for eventyrlystne"}]}]},"_links":{"self":[{"href":"https:\/\/bestarctic.com\/no\/wp-json\/wp\/v2\/pages\/20368","targetHints":{"allow":["GET"]}}],"collection":[{"href":"https:\/\/bestarctic.com\/no\/wp-json\/wp\/v2\/pages"}],"about":[{"href":"https:\/\/bestarctic.com\/no\/wp-json\/wp\/v2\/types\/page"}],"author":[{"embeddable":true,"href":"https:\/\/bestarctic.com\/no\/wp-json\/wp\/v2\/users\/4"}],"replies":[{"embeddable":true,"href":"https:\/\/bestarctic.com\/no\/wp-json\/wp\/v2\/comments?post=20368"}],"version-history":[{"count":0,"href":"https:\/\/bestarctic.com\/no\/wp-json\/wp\/v2\/pages\/20368\/revisions"}],"wp:attachment":[{"href":"https:\/\/bestarctic.com\/no\/wp-json\/wp\/v2\/media?parent=20368"}],"curies":[{"name":"wp","href":"https:\/\/api.w.org\/{rel}","templated":true}]}}