{"id":20372,"date":"2025-04-23T12:53:34","date_gmt":"2025-04-23T10:53:34","guid":{"rendered":"https:\/\/bestarctic.com\/suppliers\/"},"modified":"2025-11-17T10:07:18","modified_gmt":"2025-11-17T09:07:18","slug":"leverandorer","status":"publish","type":"page","link":"https:\/\/bestarctic.com\/no\/leverandorer\/","title":{"rendered":"Leverand\u00f8rer"},"content":{"rendered":"","protected":true},"excerpt":{"rendered":"","protected":true},"author":6,"featured_media":0,"parent":0,"menu_order":0,"comment_status":"closed","ping_status":"closed","template":"page-tours.php","meta":{"_acf_changed":false,"footnotes":""},"class_list":["post-20372","page","type-page","status-publish","post-password-required","hentry"],"acf":{"bloques_de_contenido":[{"acf_fc_layout":"block_texto_media","id_seccion_block_text_media":"","title_seccion_block_text_media":"  Ofte stilte sp\u00f8rsm\u00e5l","subtitle_seccion_block_text_media":"","text_seccion_block_text_media":"","url_seccion_block_text_media":"","add_background_color_to_block_text_media":"white","tipo_de_contenido_block_text_media":"media","editor_de_texto_tipo_de_contenido_block_text_media":"","tipo_link":"link","boton_block_text_media":"","imagen_block_text_media":4478,"tipo_de_contenido_block_text_media_dcha":"texto","editor_de_texto_tipo_de_contenido_block_text_media_dcha":"Vi har notert ned de vanligste sp\u00f8rsm\u00e5lene fra v\u00e5re leverand\u00f8rer og deres kunder. Sjekk dem her og finn svaret p\u00e5 sp\u00f8rsm\u00e5lene dine.","tipo_link_dcha":"link","boton_block_text_media_dcha":{"title":"Last ned Best Arctic's FAQ her","url":"https:\/\/drive.google.com\/file\/d\/1nLn3-PeF9ccL1DV-0cOD6XiozWlMqgoq\/view?usp=sharing","target":""},"imagen_block_text_media_dcha":null},{"acf_fc_layout":"block_contact_information","id_seccion_contact_information":"","contact_information_repeater":[{"img_contact_information":20895,"title_contact_information":"For en samarbeidsavtale, vennligst kontakt","mail_contact_information":"product@bestarctic.com"},{"img_contact_information":21547,"title_contact_information":"For bestillinger og henvendelser ang\u00e5ende Arctic Route, vennligst kontakt","mail_contact_information":"booking@bestarctic.com"},{"img_contact_information":21321,"title_contact_information":"For leie av turbuss, vennligst kontakt","mail_contact_information":"booking@bussring.no"}]}],"id_seccion_hero_tour":"","video_o_imagen_hero":"img","video_hero_tour_bg":null,"tour_hero_inicio_video_segundo":"","img_hero_tour_bg":6063,"title_hero_tour":"Best Arctic for leverand\u00f8rer","label_hero_tour":"","text_hero_tour":"P\u00e5 denne siden finner du mye informasjon og materiell om v\u00e5rt selskap Best Arctic, samt v\u00e5rt konsept The Arctic Route og Bussring.","url_hero_tour":"","url_hero_tour_2":null,"id_seccion_workshop":"","title_workshop":"","text_workshop":"","workshop_repeater":null,"download_information":"","csv_workshop":"","excel_workshop":"","tour_cards_repeater":[{"id_seccion_tour_cards":"","img_tour_cards":"","title_tour_cards":"For leverand\u00f8rer","text_tour_cards":"<b>Takk for at du er partner med Best Arctic!<\/b><br><br>\r\nGi oss beskjed hvis du ikke fant det du lette etter (kontaktinformasjon nederst p\u00e5 siden) <br><br>\r\n<a class=\"button\" href=\"https:\/\/drive.google.com\/drive\/u\/1\/folders\/1czplZ6R2vbAp7n_r9PhxCV8SDtAngjOD\" target=\"_blank\">Last ned materiell<\/a>","add_background_color_to_tour_cards":"white","tour_card_repeater":[{"img_tour_card":5761,"title_tour_card":"Den arktiske ruten Produktmanual","archive_tour_card":"https:\/\/drive.google.com\/drive\/u\/1\/folders\/15CihNZRHcqm0z0zlYbtRJo-dOHskVnv2","text_button_tour_card":"Last ned her"},{"img_tour_card":5843,"title_tour_card":"Agent Booking - Hvordan bestille Arctic Route","archive_tour_card":"https:\/\/drive.google.com\/drive\/u\/1\/folders\/1kkDw56jihhI6MVkNf2v93ktaSU3VBUn_","text_button_tour_card":"Se her"},{"img_tour_card":4464,"title_tour_card":"Hvordan promotere Den arktiske ruten","archive_tour_card":"https:\/\/drive.google.com\/drive\/folders\/16UfUW0DbOlrMQvCsvI_zkRRweS4Hg1Tt","text_button_tour_card":"Last ned her"},{"img_tour_card":4466,"title_tour_card":"Nyhetsbrev og pressemeldinger","archive_tour_card":"https:\/\/drive.google.com\/drive\/u\/1\/folders\/1RgELBN0q-RlEr3cRRdMvMehO7ZMnKxwq","text_button_tour_card":"Sjekk her"},{"img_tour_card":4468,"title_tour_card":"Alle rutekart","archive_tour_card":"https:\/\/drive.google.com\/drive\/folders\/1SCVVBPsBfsRuMTIGpSbtw2D6erevop-2","text_button_tour_card":"Last ned her"}],"add_sidebar_column":"yes","citybreak_card_or_default_card":"default","text_button_citycard":"","url_button_citycard":"","image_card_default":4462,"title_card_default":"Hvordan bestille aktiviteter og pakker","file_card_default":"https:\/\/drive.google.com\/drive\/folders\/1cnLpcwp25_5MVV0FxkWmKF3GfytRnHyh","link_card_default_copy":"Se her","micro_card":[{"Image_microcard":4472,"title_microcard":"Finn ut hvordan du krediterer Best Arctic-bilder p\u00e5 riktig m\u00e5te","file_microcard":"https:\/\/drive.google.com\/drive\/folders\/1_d03gBssVxdALYvJznBjvg5K0oI5o8Hg","text_link_microcard":"Last ned her"},{"Image_microcard":5585,"title_microcard":"Bildedatabasen for Den arktiske ruten","file_microcard":"https:\/\/drive.google.com\/drive\/folders\/18ENLnGBPtjzK8rxhW-8TjT5tX9Zxr-Zx","text_link_microcard":"Last ned her"},{"Image_microcard":6569,"title_microcard":"Logoen til The Arctic Route","file_microcard":"https:\/\/drive.google.com\/drive\/folders\/1-capa5zCf_mnKxs6oDsA5AvPXEPXy-zM","text_link_microcard":"Last ned her"},{"Image_microcard":5871,"title_microcard":"Videodatabase om Den arktiske ruten","file_microcard":"https:\/\/drive.google.com\/drive\/folders\/15VyASW5q6lOdwMbrqwZvp7L96zJHR15j","text_link_microcard":"Last ned her"}]},{"id_seccion_tour_cards":"","img_tour_cards":1986,"title_tour_cards":"","text_tour_cards":"","add_background_color_to_tour_cards":"white","tour_card_repeater":[{"img_tour_card":4474,"title_tour_card":"Priser for bussleie","archive_tour_card":"https:\/\/drive.google.com\/drive\/folders\/1shpcIm1zKfR3rmd2ESMWwdjqRWi6ReBs","text_button_tour_card":"Last ned her"},{"img_tour_card":4476,"title_tour_card":"Bussring Fotogalleri","archive_tour_card":"https:\/\/drive.google.com\/drive\/u\/1\/folders\/1pSQMFizx8ue3sOZGhrFp8X98lOuCnTys","text_button_tour_card":"Last ned her"}],"add_sidebar_column":"no","citybreak_card_or_default_card":false,"text_button_citycard":"","url_button_citycard":"","image_card_default":null,"title_card_default":"","file_card_default":"","link_card_default_copy":"","micro_card":null}]},"_links":{"self":[{"href":"https:\/\/bestarctic.com\/no\/wp-json\/wp\/v2\/pages\/20372","targetHints":{"allow":["GET"]}}],"collection":[{"href":"https:\/\/bestarctic.com\/no\/wp-json\/wp\/v2\/pages"}],"about":[{"href":"https:\/\/bestarctic.com\/no\/wp-json\/wp\/v2\/types\/page"}],"author":[{"embeddable":true,"href":"https:\/\/bestarctic.com\/no\/wp-json\/wp\/v2\/users\/6"}],"replies":[{"embeddable":true,"href":"https:\/\/bestarctic.com\/no\/wp-json\/wp\/v2\/comments?post=20372"}],"version-history":[{"count":0,"href":"https:\/\/bestarctic.com\/no\/wp-json\/wp\/v2\/pages\/20372\/revisions"}],"wp:attachment":[{"href":"https:\/\/bestarctic.com\/no\/wp-json\/wp\/v2\/media?parent=20372"}],"curies":[{"name":"wp","href":"https:\/\/api.w.org\/{rel}","templated":true}]}}