{"id":20374,"date":"2025-04-23T12:43:17","date_gmt":"2025-04-23T10:43:17","guid":{"rendered":"https:\/\/bestarctic.com\/privacy-policy\/"},"modified":"2025-11-17T10:07:17","modified_gmt":"2025-11-17T09:07:17","slug":"personvern","status":"publish","type":"page","link":"https:\/\/bestarctic.com\/no\/personvern\/","title":{"rendered":"Retningslinjer for personvern"},"content":{"rendered":"","protected":false},"excerpt":{"rendered":"","protected":false},"author":6,"featured_media":0,"parent":0,"menu_order":0,"comment_status":"closed","ping_status":"closed","template":"page-legales.php","meta":{"_acf_changed":false,"footnotes":""},"class_list":["post-20374","page","type-page","status-publish","hentry"],"acf":{"img_hero_post_legal":6702,"legal_content":"Denne personvernerkl\u00e6ringen informerer om hvordan Best Arctic AS samler inn og bruker personopplysninger.\r\n\r\nDaglig leder er behandlingsansvarlig for virksomhetens behandling av personopplysninger. Det daglige ansvaret er delegert til ledere og administrativt personale. Denne delegeringen omfatter imidlertid bare oppgavene og ikke ansvaret.\r\n\r\nDenne erkl\u00e6ringen inneholder informasjon du har krav p\u00e5 \u00e5 f\u00e5 n\u00e5r det samles inn opplysninger om deg fra v\u00e5re nettsider (jf. personopplysningsloven \u00a7 19 \/ personvernforordningen artikkel 14) og generell informasjon om hvordan vi behandler personopplysninger (personopplysningsloven \u00a7 18 (1) \/ personvernforordningen artikkel 12-13).\r\n\r\nPersonopplysninger utleveres ikke til tredjepart med mindre annet er angitt her. Behandlingsansvarlig i Best Arctic AS er ansvarlig for at personvernerkl\u00e6ringen holdes oppdatert p\u00e5 selskapets nettsider.\r\n\r\n<b>Opplysninger om kunde og kontaktperson<\/b>\r\nVi samler inn opplysninger som navn, land, f\u00f8dselsdato, stillingstittel, telefonnummer, adresse, firmanavn, e-postadresse og faktureringsopplysninger fra v\u00e5re kunders kontaktpersoner for \u00e5 kunne opprettholde kundeforholdet. Kundelister og\/eller faktureringsopplysninger er tilgjengelige for v\u00e5rt administrative personale og v\u00e5re databehandlere.\r\n\r\nDet rettslige grunnlaget for innsamling av disse opplysningene er personopplysningsloven \u00a7 8 bokstav a\/forordningens artikkel 6 nr. 1 bokstav b.\r\n\r\nBest Arctic AS samler inn kontaktopplysningene til kundens kontaktperson(er). Vi mottar denne informasjonen fra kundens leder eller kontaktperson(er) i organisasjonen. Hvis du har innvendinger mot dette, kan du kontakte Best Arctic AS. Kontaktopplysningene vil da bli slettet i henhold til bestemte regler.\r\n<b><\/b>\r\n\r\n<b>Nettside og sosiale medier<\/b>\r\nDet er frivillig for de som bes\u00f8ker v\u00e5r nettside eller sosiale medier \u00e5 oppgi personopplysninger i forbindelse med tjenester som \u00e5 motta nyhetsbrev og invitasjoner til seminarer\/m\u00f8ter. Det rettslige grunnlaget er samtykke fra den registrerte.\r\n<b><\/b>\r\n\r\n<b>Databehandlere<\/b>\r\nV\u00e5re databehandlere er BitSenter AS for drift og vedlikehold av CRM-systemer og servere, Syskon AS for Office365 og v\u00e5re nettsider og Simployer AS for HR- og avvikssystemer. Questback er v\u00e5r databehandler for sp\u00f8rreunders\u00f8kelser og p\u00e5melding til kurs, arrangementer og seminarer. Super Office er v\u00e5r databehandler for utsendelse av nyhetsbrev.\r\n\r\nOpplysninger som samles inn i forbindelse med driften av nettstedet lagres p\u00e5 egne servere som driftes av Syskon AS. Det er kun Best Arctic AS og Syskon AS som har tilgang til opplysningene som samles inn."},"_links":{"self":[{"href":"https:\/\/bestarctic.com\/no\/wp-json\/wp\/v2\/pages\/20374","targetHints":{"allow":["GET"]}}],"collection":[{"href":"https:\/\/bestarctic.com\/no\/wp-json\/wp\/v2\/pages"}],"about":[{"href":"https:\/\/bestarctic.com\/no\/wp-json\/wp\/v2\/types\/page"}],"author":[{"embeddable":true,"href":"https:\/\/bestarctic.com\/no\/wp-json\/wp\/v2\/users\/6"}],"replies":[{"embeddable":true,"href":"https:\/\/bestarctic.com\/no\/wp-json\/wp\/v2\/comments?post=20374"}],"version-history":[{"count":0,"href":"https:\/\/bestarctic.com\/no\/wp-json\/wp\/v2\/pages\/20374\/revisions"}],"wp:attachment":[{"href":"https:\/\/bestarctic.com\/no\/wp-json\/wp\/v2\/media?parent=20374"}],"curies":[{"name":"wp","href":"https:\/\/api.w.org\/{rel}","templated":true}]}}