{"id":20376,"date":"2025-04-23T12:10:41","date_gmt":"2025-04-23T10:10:41","guid":{"rendered":"https:\/\/bestarctic.com\/midnight-sun-marathon\/"},"modified":"2025-11-17T10:05:32","modified_gmt":"2025-11-17T09:05:32","slug":"midnattssolmaraton","status":"publish","type":"page","link":"https:\/\/bestarctic.com\/no\/midnattssolmaraton\/","title":{"rendered":"Midnattssol-arrangementer"},"content":{"rendered":"","protected":false},"excerpt":{"rendered":"","protected":false},"author":4,"featured_media":0,"parent":0,"menu_order":0,"comment_status":"closed","ping_status":"closed","template":"","meta":{"_acf_changed":false,"footnotes":""},"class_list":["post-20376","page","type-page","status-publish","hentry"],"acf":{"bloques_de_contenido":[{"acf_fc_layout":"block_hero_page","id_block_hero_page":"","video_o_imagen_hero_page":"img","video_block_hero_page_bg":null,"hero_page_inicio_video_segundo":"","img_block_hero_page_bg":4943,"overlay_hero_page":"yes","title_block_hero_page":"Midnattssol-arrangementer","text_block_hero_page":"Aktiviteter og turer tilgjengelig","label_block_hero_page":"","link_block_hero_page":"","add_imagen_extra_hero_page":"si","cta_imagen_extra_hero_page":"no","imagen_content_block_hero_page":6047,"one_imagen_content_block_hero_page":null,"two_imagen_content_block_hero_page":null,"three_imagen_content_block_hero_page":null,"three_imagen_content_block_hero_page_title":"","three_imagen_content_block_hero_page_text":"","three_imagen_content_block_hero_page_text_cta":"","three_imagen_content_block_hero_page_url_cta":""},{"acf_fc_layout":"block_carrusel_activities","id_seccion_carrusel_destacados_tabs":"","title_section_carrusel_destacados_tabs":"<br>TROMS\u00d8","subtitle_section_carrusel_destacados_tabs":"Anbefalte aktiviteter i og rundt Troms\u00f8","text_section_carrusel_destacados_tabs":"Alle aktiviteter starter fra Troms\u00f8 sentrum, og n\u00e5r det er n\u00f8dvendig, er transport fra Troms\u00f8 sentrum inkludert. Alle aktiviteter er \u00e5pne for deltakere og deres venner og familier.","url_seccion_carrusel_destacados_tabs":"","add_background_color_to_section_tabs":"white","tabs_activities_seleccionados_tabs":[{"tab_text_tabs_activities_seleccionados_tabs":"","tab_carousel_activities_seleccionados_tabs":[20768,20633,20776,20774,20764,20549,20547,20545,20567,20821,20770,20490]}]},{"acf_fc_layout":"block_carrusel_activities","id_seccion_carrusel_destacados_tabs":"","title_section_carrusel_destacados_tabs":"<br>LOFOTEN","subtitle_section_carrusel_destacados_tabs":"Anbefalte aktiviteter i og rundt Lofoten","text_section_carrusel_destacados_tabs":"Alle aktiviteter starter fra Svolv\u00e6r sentrum, og n\u00e5r det er n\u00f8dvendig, er transport fra Svolv\u00e6r sentrum inkludert. Alle aktiviteter anbefales for vennegrupper, familier eller solo-reisende.","url_seccion_carrusel_destacados_tabs":"","add_background_color_to_section_tabs":"green","tabs_activities_seleccionados_tabs":[{"tab_text_tabs_activities_seleccionados_tabs":"","tab_carousel_activities_seleccionados_tabs":[20805,20543,20678,20780]}]},{"acf_fc_layout":"block_card_grid","add_background_color_to_section_block_card_grid":"white","id_seccion_block_card_grid":"","title_section_block_card_grid":"THE ARCTIC ROUTE SUMMER: Utforsk Nord-Norge med buss","subtitle_section_block_card_grid":"","text_section_block_card_grid":"","url_seccion_block_card_grid":"","item_block_post_masonry_and_grid":[{"imagen_block_post_masonry_and_grid":4445,"titular_block_post_masonry_and_grid":"Reise med buss mellom Troms\u00f8 - Senja - Vester\u00e5len - Svolv\u00e6r (Lofoten)","texto_block_post_masonry_and_grid":"Sommeren 2025 kan du reise med buss og ferge mellom Troms\u00f8, Senja, And\u00f8ya, Vester\u00e5len og byene Svolv\u00e6r og Kabelv\u00e5g i Lofoten.","location_block_post_masonry_and_grid":"","schedule_block_post_masonry_and_grid":"","duration_block_post_masonry_and_grid":"","price_block_post_masonry_and_grid":"","link_block_post_masonry_and_grid":{"title":"Bestill n\u00e5","url":"https:\/\/booking.bestarctic.com\/en\/to-do\/2125329\/arctic-route-troms%C3%B8-senja-vester%C3%A5len-lofoten-troms%C3%B8\/showdetails?utm_source=MSM23&utm_medium=referral&utm_campaign=MSM23referral","target":"_blank"}},{"imagen_block_post_masonry_and_grid":4447,"titular_block_post_masonry_and_grid":"Reise med buss innad i Lofoten: Mellom Svolv\u00e6r -\u00c5 i Lofoten","texto_block_post_masonry_and_grid":"Sommeren 2025 kan du reise med buss mellom Svolv\u00e6r og \u00c5 i Lofoten, og oppleve det beste av Lofoten p\u00e5 \u00e9n billett!","location_block_post_masonry_and_grid":"","schedule_block_post_masonry_and_grid":"","duration_block_post_masonry_and_grid":"","price_block_post_masonry_and_grid":"","link_block_post_masonry_and_grid":{"title":"Bestill n\u00e5","url":"https:\/\/booking.bestarctic.com\/en\/to-do\/2439349\/arctic-route-svolv%C3%A6r-a-i-lofoten-svolv%C3%A6r\/showdetails?utm_source=MSM22&utm_medium=referral&utm_campaign=MSM22referral","target":"_blank"}},{"imagen_block_post_masonry_and_grid":6526,"titular_block_post_masonry_and_grid":"NYHET: Sommerruten Arctic Route - Troms\u00f8 - Rovaniemi","texto_block_post_masonry_and_grid":"Reis daglig mellom Troms\u00f8 og Rovaniemi (Nord-Finland), mellom 1. juni og 31. august.","location_block_post_masonry_and_grid":"","schedule_block_post_masonry_and_grid":"","duration_block_post_masonry_and_grid":"","price_block_post_masonry_and_grid":"","link_block_post_masonry_and_grid":{"title":"Bestill n\u00e5","url":"https:\/\/bestarctic.com\/no\/arktisk-rute\/arktisk-sommer-ruter-utforsk-arktis\/buss-mellom-tromso-og-rovaniemi-sommer\/","target":""}}]},{"acf_fc_layout":"block_full_image_text_two_cols","id_seccion_block_full_image_text_two_cols":"","title_seccion_block_full_image_text_two_cols":"Sommerruter","subtitle_seccion_block_full_image_text_two_cols":"","text_seccion_block_full_image_text_two_cols":"","url_seccion_block_full_image_text_two_cols":{"title":"Se alle v\u00e5re arktiske sommerruter","url":"https:\/\/bestarctic.com\/no\/arktisk-rute\/arktisk-sommer-ruter-utforsk-arktis\/","target":""},"add_background_color_to_block_full_image_text_two_cols":"white","imagen_block_full_image_text_two_cols":21282,"editor_left_block_full_image_text_two_cols":"","editor_right_block_full_image_text_two_cols":""}]},"_links":{"self":[{"href":"https:\/\/bestarctic.com\/no\/wp-json\/wp\/v2\/pages\/20376","targetHints":{"allow":["GET"]}}],"collection":[{"href":"https:\/\/bestarctic.com\/no\/wp-json\/wp\/v2\/pages"}],"about":[{"href":"https:\/\/bestarctic.com\/no\/wp-json\/wp\/v2\/types\/page"}],"author":[{"embeddable":true,"href":"https:\/\/bestarctic.com\/no\/wp-json\/wp\/v2\/users\/4"}],"replies":[{"embeddable":true,"href":"https:\/\/bestarctic.com\/no\/wp-json\/wp\/v2\/comments?post=20376"}],"version-history":[{"count":0,"href":"https:\/\/bestarctic.com\/no\/wp-json\/wp\/v2\/pages\/20376\/revisions"}],"wp:attachment":[{"href":"https:\/\/bestarctic.com\/no\/wp-json\/wp\/v2\/media?parent=20376"}],"curies":[{"name":"wp","href":"https:\/\/api.w.org\/{rel}","templated":true}]}}