{"id":20378,"date":"2025-04-23T11:54:36","date_gmt":"2025-04-23T09:54:36","guid":{"rendered":"https:\/\/bestarctic.com\/cookie-policy\/"},"modified":"2025-11-18T15:40:58","modified_gmt":"2025-11-18T14:40:58","slug":"informasjonskapsler","status":"publish","type":"page","link":"https:\/\/bestarctic.com\/no\/informasjonskapsler\/","title":{"rendered":"Retningslinjer for informasjonskapsler"},"content":{"rendered":"","protected":false},"excerpt":{"rendered":"","protected":false},"author":6,"featured_media":0,"parent":0,"menu_order":0,"comment_status":"closed","ping_status":"closed","template":"page-legales.php","meta":{"_acf_changed":false,"footnotes":""},"class_list":["post-20378","page","type-page","status-publish","hentry"],"acf":{"img_hero_post_legal":6692,"legal_content":"En informasjonskapsel (ofte kalt informasjonskapsel) er en liten tekstfil som lastes ned og lagres p\u00e5 datamaskinen din n\u00e5r du \u00e5pner et nettsted. Den brukes til \u00e5 lagre identifikatorer som gjenkjenner enheten din fra bes\u00f8k til bes\u00f8k.\r\n\r\nBest Arctic AS bruker cookies for \u00e5 generere statistikk om trafikken p\u00e5 nettstedet. Bestarctic.com bruker informasjonskapsler via Google Analytics og b\u00e5de p\u00e5 vegne av Citybreak online som e-handelsl\u00f8sning, CMS\/nettstedsleverand\u00f8r eller p\u00e5 vegne av andre (tredjeparts informasjonskapsler).\r\n\r\n<b>Nyhetsbrev<\/b>\r\nDu kan abonnere p\u00e5 v\u00e5rt nyhetsbrev og invitasjoner til m\u00f8ter\/arrangementer for \u00e5 motta e-post fra oss med nyheter, informasjon og detaljer om produkter og aktiviteter. For \u00e5 motta slik e-post m\u00e5 du registrere en e-postadresse. Vi deler ikke denne e-postadressen med andre. Vi sender nyhetsbrevene med ditt samtykke. Du kan n\u00e5r som helst trekke tilbake ditt samtykke til \u00e5 motta slike nyhetsbrev. Det kan du gj\u00f8re ved \u00e5 klikke p\u00e5 lenken nederst i nyhetsbrevet eller ved \u00e5 sende en e-post til <a href=\"mailto:info@bestarctic.com\">info@bestarctic.com<\/a>\r\n\r\n<b>Rett til innsyn, retting og sletting<\/b>\r\nDu kan f\u00e5 innsyn i hvilke personopplysninger Best Arctic AS har lagret om deg ved \u00e5 kontakte v\u00e5r behandlingsansvarlige eller administrasjon. Dette kan du gj\u00f8re ved \u00e5 sende en e-post til <a href=\"mailto:info@bestarctic.com\">info@bestarctic.com.<\/a> Du har rett til \u00e5 f\u00e5 uriktige eller ufullstendige personopplysninger som er lagret om deg, rettet eller slettet.\r\n\r\n<b>Rett<\/b> til \u00e5 <b>klage<\/b>\r\nDersom du \u00f8nsker \u00e5 vite mer om dine rettigheter som registrert, anbefaler vi at du leser om dette p\u00e5 Datatilsynets nettsider. Dersom du mener at vi har brutt bestemmelsene i personvernlovgivningen, har du rett til \u00e5 klage til Datatilsynet.\r\n\r\n<strong>Obligatoriske informasjonskapsler<\/strong>\r\n<strong>Informasjonskapsler<\/strong> er n\u00f8dvendige for at Citybreak online skal fungere, og kan ikke sl\u00e5s av i v\u00e5re systemer.\r\n\r\n<strong>Liste<\/strong> over informasjonskapsler\r\nBeskrivelse av Citybreak Online-informasjonskapsler\r\n\r\n<strong>Obligatoriske<\/strong> informasjonskapsler\r\nIngen av de obligatoriske informasjonskapslene lagrer personopplysninger:\r\n<ul>\r\n \t<li>online3_{guideIdentifier}_{UICulture}_{Culture}, Bruker\u00f8kt<\/li>\r\n \t<li>online3_ss_{guideIdentifier}_[UICulture}_{Culture}, Bruker\u00f8kt<\/li>\r\n \t<li>bookcred_online3_{guideIdentifier}, MyPage, lagrer bestillingsinformasjon som brukes for \u00e5 f\u00e5 tilgang til en foretatt bestilling<\/li>\r\n \t<li>chngbook_online3_{guideIdentifier}, MyPage endre bestilling<\/li>\r\n \t<li>pgid_online3_{guideIdentifier}, MyPage, lagrer personId for den personen som er logget inn for \u00f8yeblikket<\/li>\r\n \t<li>Promotion_online3_{guideIdentifier}, Butikker kampanjekode brukt<\/li>\r\n \t<li>cbbe, Angi backend-server som brukes av klienten<\/li>\r\n \t<li>srbe, Angi signalr-backend-serveren som brukes av klienten<\/li>\r\n \t<li>citybreak_online, Lagrer s\u00f8keparametere for klienter<\/li>\r\n \t<li>pymtid + \"\" + \"online3\" + \"\" + onlineIdentifier, Lagrer parametere for betalingstjenesteleverand\u00f8r<\/li>\r\n<\/ul>\r\n<strong>Valgfrie informasjonskapsler<\/strong>\r\n<ul>\r\n \t<li>TrackingId_{guideIdentifier}, en sporingsstreng som er lagret i informasjonskapselen, angis ved \u00e5 sende sp\u00f8rringsstrengen \"tid\"<\/li>\r\n \t<li>CBTRACKGTMBasket, sporing av Google-informasjonskapsel bare hvis implementert<\/li>\r\n \t<li>CBTRACKGABasket, sporing av Google-informasjonskapsel bare hvis implementert<\/li>\r\n \t<li>CBTRACKGTMCustomerInformation, sporing av Google-informasjonskapsel bare hvis implementert<\/li>\r\n \t<li>CBTRACKGACustomerInformation, sporing av Google-informasjonskapsel bare hvis implementert<\/li>\r\n \t<li>CBTRACKGTMPayment, sporing av Google-informasjonskapsel bare hvis implementert<\/li>\r\n \t<li>CBTRACKGTM{bookingCode}, Sporing av Google-informasjonskapsel bare hvis implementert<\/li>\r\n \t<li>CBTRACKGA{bookingCode}, Sporing av Google-informasjonskapsel bare hvis implementert<\/li>\r\n \t<li>CBTRACKGAPayment, sporing av Google-informasjonskapsel bare hvis implementert<\/li>\r\n \t<li>TRADEDOUBLER-{guideIdentifier}-s, Sporing<\/li>\r\n \t<li>TRADEDOUBLER-{guideIdentifier}-p, Sporing<\/li>\r\n \t<li>gat_citybreak0, TrackingGoogle-informasjonskapsel bare hvis den er implementert (angitt av Google \"Advertising plugin for configured via Google analytics\")<\/li>\r\n \t<li>_utmt_citybreak0, Tracking _ Google-informasjonskapsel bare hvis implementert (angitt av Google \"Brukes til \u00e5 redusere foresp\u00f8rselshastigheten.\")<\/li>\r\n<\/ul>\r\n<b>Kontaktinformasjon til behandlingsansvarlig:<\/b>\r\nTrond Arne Kongsli \u2013 trond.arne@bestarctic.com"},"_links":{"self":[{"href":"https:\/\/bestarctic.com\/no\/wp-json\/wp\/v2\/pages\/20378","targetHints":{"allow":["GET"]}}],"collection":[{"href":"https:\/\/bestarctic.com\/no\/wp-json\/wp\/v2\/pages"}],"about":[{"href":"https:\/\/bestarctic.com\/no\/wp-json\/wp\/v2\/types\/page"}],"author":[{"embeddable":true,"href":"https:\/\/bestarctic.com\/no\/wp-json\/wp\/v2\/users\/6"}],"replies":[{"embeddable":true,"href":"https:\/\/bestarctic.com\/no\/wp-json\/wp\/v2\/comments?post=20378"}],"version-history":[{"count":0,"href":"https:\/\/bestarctic.com\/no\/wp-json\/wp\/v2\/pages\/20378\/revisions"}],"wp:attachment":[{"href":"https:\/\/bestarctic.com\/no\/wp-json\/wp\/v2\/media?parent=20378"}],"curies":[{"name":"wp","href":"https:\/\/api.w.org\/{rel}","templated":true}]}}