{"id":20381,"date":"2025-04-23T09:48:41","date_gmt":"2025-04-23T07:48:41","guid":{"rendered":"https:\/\/bestarctic.com\/activities-in-northern-norway\/"},"modified":"2025-11-17T10:05:15","modified_gmt":"2025-11-17T09:05:15","slug":"aktiviteter-i-nord-norge","status":"publish","type":"page","link":"https:\/\/bestarctic.com\/no\/aktiviteter-i-nord-norge\/","title":{"rendered":"Aktiviteter i Nord-Norge"},"content":{"rendered":"","protected":false},"excerpt":{"rendered":"","protected":false},"author":6,"featured_media":0,"parent":0,"menu_order":0,"comment_status":"closed","ping_status":"closed","template":"","meta":{"_acf_changed":false,"footnotes":""},"class_list":["post-20381","page","type-page","status-publish","hentry"],"acf":{"bloques_de_contenido":[{"acf_fc_layout":"block_hero_page","id_block_hero_page":"","video_o_imagen_hero_page":"img","video_block_hero_page_bg":null,"hero_page_inicio_video_segundo":"","img_block_hero_page_bg":5378,"overlay_hero_page":"yes","title_block_hero_page":"Aktiviteter i Nord-Norge","text_block_hero_page":"Nordlysturer, hvalsafari, hundesledeturer, sn\u00f8scooterturer, fjordb\u00e5tturer og mye mer venter p\u00e5 deg.","label_block_hero_page":"","link_block_hero_page":{"title":"Se alle aktivitetene her","url":"https:\/\/booking.bestarctic.com\/en\/todo","target":""},"add_imagen_extra_hero_page":"no","cta_imagen_extra_hero_page":false,"imagen_content_block_hero_page":null,"one_imagen_content_block_hero_page":null,"two_imagen_content_block_hero_page":null,"three_imagen_content_block_hero_page":null,"three_imagen_content_block_hero_page_title":"","three_imagen_content_block_hero_page_text":"","three_imagen_content_block_hero_page_text_cta":"","three_imagen_content_block_hero_page_url_cta":""},{"acf_fc_layout":"block_texto_media","id_seccion_block_text_media":"","title_seccion_block_text_media":"","subtitle_seccion_block_text_media":"","text_seccion_block_text_media":"","url_seccion_block_text_media":"","add_background_color_to_block_text_media":"white","tipo_de_contenido_block_text_media":"texto","editor_de_texto_tipo_de_contenido_block_text_media":"<h2>Nordlys<\/h2>\r\nNordlyset har fascinert mennesker opp gjennom historien og gj\u00f8r det fortsatt. Vi har utviklet og produsert en rekke nordlysaktiviteter av h\u00f8y kvalitet for deg.\r\n\r\nI dag trekker nordlyset folk fra hele verden til Arktis for \u00e5 jakte i h\u00e5p om \u00e5 se dette naturfenomenet og f\u00e5 med seg et nordlysbilde hjem.","tipo_link":"link","boton_block_text_media":{"title":"Se alle turer","url":"  https:\/\/booking.bestarctic.com\/en\/northern-lights","target":""},"imagen_block_text_media":4953,"tipo_de_contenido_block_text_media_dcha":"media","editor_de_texto_tipo_de_contenido_block_text_media_dcha":"<h2>Hvalsafari<\/h2>\r\nI vinterm\u00e5nedene november til januar kan man vanligvis se hvaler i fjordene i Troms (hovedsakelig spekkhoggere og kn\u00f8lhvaler).\r\n\r\nHvalsafari er en av de mest popul\u00e6re turene med avreise fra Troms\u00f8 og ut til kystomr\u00e5det der hvalene har blitt observert. Bestill s\u00e5 snart som mulig, da dette er en av v\u00e5re bestselgere. Ikke g\u00e5 glipp av sjansen til \u00e5 se disse vakre, enorme sj\u00f8pattedyrene.","tipo_link_dcha":"link","boton_block_text_media_dcha":{"title":"Se alle turer","url":"https:\/\/booking.bestarctic.com\/en\/todo?search=c=31191;title=c|Whale&filter=c=48849,31191&sorting=st=a;so=a","target":""},"imagen_block_text_media_dcha":835},{"acf_fc_layout":"block_texto_media","id_seccion_block_text_media":"","title_seccion_block_text_media":"","subtitle_seccion_block_text_media":"","text_seccion_block_text_media":"","url_seccion_block_text_media":"","add_background_color_to_block_text_media":"green","tipo_de_contenido_block_text_media":"media","editor_de_texto_tipo_de_contenido_block_text_media":"<h2>Hundekj\u00f8ring<\/h2>\r\nDra p\u00e5 hundesledetur og kj\u00f8r gjennom det nordnorske vinterlandskapet! En tur over polarsirkelen er ufullstendig uten \u00e5 dra p\u00e5 hundesledetur.\r\n\r\nOpplev en unik m\u00e5te \u00e5 transportere seg p\u00e5 om vinteren som tradisjonelt er utviklet av urfolk i nord. Omtrent seks hunder bindes parvis til en enkelt slepeline. Slepetauet festes deretter til sleden som hundene trekker over sn\u00f8en.\r\n\r\nHundene v\u00e5re (alaskan huskyer) er de ultimate l\u00f8perne, og de vil elske \u00e5 ta deg med gjennom den arktiske villmarken. Du f\u00e5r til og med kj\u00f8re din egen huskyslede: hundekj\u00f8ring er en opplevelse for livet!\r\n\r\nDu kan bli med p\u00e5 en av v\u00e5re huskyturer fra Troms\u00f8 eller Narvik.","tipo_link":"link","boton_block_text_media":{"title":"Se alle turer","url":"https:\/\/booking.bestarctic.com\/en\/todo?search=c=31192;title=c|Husky&sorting=st=a;so=a","target":""},"imagen_block_text_media":4953,"tipo_de_contenido_block_text_media_dcha":"texto","editor_de_texto_tipo_de_contenido_block_text_media_dcha":"<h2>Hvalsafari<\/h2>\r\nI vinterm\u00e5nedene november til januar kan man vanligvis se hvaler i fjordene i Troms (hovedsakelig spekkhoggere og kn\u00f8lhvaler).\r\n\r\nHvalsafari er en av de mest popul\u00e6re turene med avreise fra Troms\u00f8 og ut til kystomr\u00e5det der hvalene har blitt observert. Bestill s\u00e5 snart som mulig, da dette er en av v\u00e5re bestselgere. Ikke g\u00e5 glipp av sjansen til \u00e5 se disse vakre, enorme sj\u00f8pattedyrene.","tipo_link_dcha":"link","boton_block_text_media_dcha":{"title":"Se alle turer","url":"https:\/\/booking.bestarctic.com\/en\/todo?search=c=31191;title=c|Whale&filter=c=48849,31191&sorting=st=a;so=a","target":"_blank"},"imagen_block_text_media_dcha":4955},{"acf_fc_layout":"block_texto_media","id_seccion_block_text_media":"","title_seccion_block_text_media":"","subtitle_seccion_block_text_media":"","text_seccion_block_text_media":"","url_seccion_block_text_media":"","add_background_color_to_block_text_media":"white","tipo_de_contenido_block_text_media":"texto","editor_de_texto_tipo_de_contenido_block_text_media":"<h2>Hundekj\u00f8ring<\/h2>\r\nDra p\u00e5 hundesledetur og kj\u00f8r gjennom det nordnorske vinterlandskapet! En tur over polarsirkelen er ufullstendig uten \u00e5 dra p\u00e5 hundesledetur.\r\n\r\nOpplev en unik m\u00e5te \u00e5 transportere seg p\u00e5 om vinteren som tradisjonelt er utviklet av urfolk i nord. Omtrent seks hunder bindes parvis til en enkelt slepeline. Slepetauet festes deretter til sleden som hundene trekker over sn\u00f8en.\r\n\r\nHundene v\u00e5re (alaskan huskyer) er de ultimate l\u00f8perne, og de vil elske \u00e5 ta deg med gjennom den arktiske villmarken. Du f\u00e5r til og med kj\u00f8re din egen huskyslede: hundekj\u00f8ring er en opplevelse for livet!\r\n\r\nDu kan bli med p\u00e5 en av v\u00e5re huskyturer fra Troms\u00f8 eller Narvik.","tipo_link":"link","boton_block_text_media":{"title":"Se alle turer","url":"https:\/\/booking.bestarctic.com\/en\/todo?search=c=31192;title=c|Husky&sorting=st=a;so=a","target":"_blank"},"imagen_block_text_media":4957,"tipo_de_contenido_block_text_media_dcha":"media","editor_de_texto_tipo_de_contenido_block_text_media_dcha":"<h2>Rein og samisk kultur<\/h2>\r\nUrfolket samene og reinen deres har levd og arbeidet i omr\u00e5det i \u00e5rhundrer. Det er f\u00f8rst i nyere tid at samene har invitert gjester til \u00e5 ta del i livet deres. Men hvem er egentlig samene? Hvorfor er reinen s\u00e5 popul\u00e6r i Norge? L\u00e6r mer om samene og deres kultur, hvor kommer de fra og hvorfor er de s\u00e5 viktige?\r\n\r\nMat reinsdyrene deres, nyt en tradisjonell samisk lunsj, dra p\u00e5 reinsledeopplevelse, se nordlyset om kvelden i en reinsdyrleir omgitt av hundrevis av reinsdyr, og nyt historiefortelling rundt et b\u00e5l i en autentisk <em>lavvo<\/em> (tradisjonelt samisk telt).\r\n\r\nGrip denne muligheten og dykk ned i deres historie, kultur og mat p\u00e5 deres autentiske reinsdyrleirer. De ser frem til \u00e5 m\u00f8te deg!","tipo_link_dcha":"link","boton_block_text_media_dcha":{"title":"Se alle turer","url":"https:\/\/booking.bestarctic.com\/en\/todo?filter=c=31193;g=109623,104503,104502&sorting=st=a;so=a","target":""},"imagen_block_text_media_dcha":4955},{"acf_fc_layout":"block_texto_media","id_seccion_block_text_media":"","title_seccion_block_text_media":"","subtitle_seccion_block_text_media":"","text_seccion_block_text_media":"","url_seccion_block_text_media":"","add_background_color_to_block_text_media":"green","tipo_de_contenido_block_text_media":"media","editor_de_texto_tipo_de_contenido_block_text_media":"<h2>Sn\u00f8scooter<\/h2>\r\nSn\u00f8scooter, sn\u00f8scooter, Ski-Doo eller skimobil, uansett hva du kaller det, vil det v\u00e6re s\u00e5 g\u00f8y \u00e5 kj\u00f8re dette motoriserte kj\u00f8ret\u00f8yet!\r\n\r\nSn\u00f8scooterkj\u00f8ring ble utviklet for vinterferdsel p\u00e5 sn\u00f8 og is, og har n\u00e5 ogs\u00e5 blitt en hobby for mange mennesker i Norge. Den er ganske enkel \u00e5 kj\u00f8re, s\u00e5 i l\u00f8pet av sn\u00f8scooterturen din vil du raskt f\u00e5 taket p\u00e5 den!\r\n\r\nDra p\u00e5 eventyr i det fantastiske arktiske vinterlandskapet og nyt den beste utsikten over fjellene om dagen, eller dra ut om natten for \u00e5 beundre det vakre nordlyset.\r\n\r\nVi har guidede skuterturer fra Troms\u00f8 i Lyngsalpene og Signaldalen.","tipo_link":"link","boton_block_text_media":{"title":"Se alle turer","url":"https:\/\/booking.bestarctic.com\/en\/todo?search=c=31194;title=c|Snowmobile&sorting=st=a;so=a","target":""},"imagen_block_text_media":4957,"tipo_de_contenido_block_text_media_dcha":"texto","editor_de_texto_tipo_de_contenido_block_text_media_dcha":"<h2>Rein og samisk kultur<\/h2>\r\nUrfolket samene og reinen deres har levd og arbeidet i omr\u00e5det i \u00e5rhundrer. Det er f\u00f8rst i nyere tid at samene har invitert gjester til \u00e5 ta del i livet deres. Men hvem er egentlig samene? Hvorfor er reinen s\u00e5 popul\u00e6r i Norge? L\u00e6r mer om samene og deres kultur, hvor kommer de fra og hvorfor er de s\u00e5 viktige?\r\n\r\nMat reinsdyrene deres, nyt en tradisjonell samisk lunsj, dra p\u00e5 reinsledeopplevelse, se nordlyset om kvelden i en reinsdyrleir omgitt av hundrevis av reinsdyr, og nyt historiefortelling rundt et b\u00e5l i en autentisk <em>lavvo<\/em> (tradisjonelt samisk telt).\r\n\r\nGrip denne muligheten og dykk ned i deres historie, kultur og mat p\u00e5 deres autentiske reinsdyrleirer. De ser frem til \u00e5 m\u00f8te deg!","tipo_link_dcha":"link","boton_block_text_media_dcha":{"title":"Se alle turer","url":"https:\/\/booking.bestarctic.com\/en\/todo?filter=c=31193;g=109623,104503,104502&sorting=st=a;so=a","target":"_blank"},"imagen_block_text_media_dcha":4959},{"acf_fc_layout":"block_texto_media","id_seccion_block_text_media":"","title_seccion_block_text_media":"","subtitle_seccion_block_text_media":"","text_seccion_block_text_media":"","url_seccion_block_text_media":"","add_background_color_to_block_text_media":"white","tipo_de_contenido_block_text_media":"texto","editor_de_texto_tipo_de_contenido_block_text_media":"<h2>Sn\u00f8scooter<\/h2>\r\nSn\u00f8scooter, sn\u00f8scooter, Ski-Doo eller skimobil, uansett hva du kaller det, vil det v\u00e6re s\u00e5 g\u00f8y \u00e5 kj\u00f8re dette motoriserte kj\u00f8ret\u00f8yet!\r\n\r\nSn\u00f8scooterkj\u00f8ring ble utviklet for vinterferdsel p\u00e5 sn\u00f8 og is, og har n\u00e5 ogs\u00e5 blitt en hobby for mange mennesker i Norge. Den er ganske enkel \u00e5 kj\u00f8re, s\u00e5 i l\u00f8pet av sn\u00f8scooterturen din vil du raskt f\u00e5 taket p\u00e5 den!\r\n\r\nDra p\u00e5 eventyr i det fantastiske arktiske vinterlandskapet og nyt den beste utsikten over fjellene om dagen, eller dra ut om natten for \u00e5 beundre det vakre nordlyset.\r\n\r\nVi har guidede skuterturer fra Troms\u00f8 i Lyngsalpene og Signaldalen.","tipo_link":"link","boton_block_text_media":{"title":"Se alle turer","url":"https:\/\/booking.bestarctic.com\/en\/todo?search=c=31194;title=c|Snowmobile&sorting=st=a;so=a","target":"_blank"},"imagen_block_text_media":4961,"tipo_de_contenido_block_text_media_dcha":"media","editor_de_texto_tipo_de_contenido_block_text_media_dcha":"<h2>B\u00e5t- og fjordturer<\/h2>\r\nNorge er kjent for sine spektakul\u00e6re fjorder, og du kan ikke bes\u00f8ke Norge uten \u00e5 g\u00e5 glipp av muligheten til \u00e5 dra p\u00e5 fjordtur. Midnattssolcruise, fisketurer, kajakkpadling og historiske cruise gir deg alle muligheten til \u00e5 beundre det nordnorske landskapet og fjellene og l\u00e6re om norsk kultur og historie.\r\n\r\nVi har b\u00e5tturer b\u00e5de i Troms\u00f8 og i Lofoten, og tilbyr deg de beste fjordcruisene i omr\u00e5det.","tipo_link_dcha":"link","boton_block_text_media_dcha":{"title":"Se alle turer","url":"https:\/\/booking.bestarctic.com\/en\/todo?filter=c=31196,44247&sorting=st=a;so=a","target":""},"imagen_block_text_media_dcha":4959},{"acf_fc_layout":"block_texto_media","id_seccion_block_text_media":"","title_seccion_block_text_media":"","subtitle_seccion_block_text_media":"","text_seccion_block_text_media":"","url_seccion_block_text_media":"","add_background_color_to_block_text_media":"green","tipo_de_contenido_block_text_media":"media","editor_de_texto_tipo_de_contenido_block_text_media":"<h2>Mat og kultur<\/h2>\r\nEr du en foodie p\u00e5 jakt etter nordiske gastronomiske opplevelser? Liker du historie, museer og uforglemmelige kulturopplevelser?\r\n\r\nVi har middagscruise, guidede smaksturer, matturer, Midnight Sun-turer og mye mer!\r\n\r\nSjekk ut v\u00e5r seksjon med matturer i b\u00e5de Lofoten og Troms\u00f8!","tipo_link":"link","boton_block_text_media":{"title":"Se alle turer","url":"https:\/\/booking.bestarctic.com\/en\/todo?filter=c=44246,44244&sorting=st=a;so=a","target":""},"imagen_block_text_media":4961,"tipo_de_contenido_block_text_media_dcha":"texto","editor_de_texto_tipo_de_contenido_block_text_media_dcha":"<h2>B\u00e5t- og fjordturer<\/h2>\r\nNorge er kjent for sine spektakul\u00e6re fjorder, og du kan ikke bes\u00f8ke Norge uten \u00e5 g\u00e5 glipp av muligheten til \u00e5 dra p\u00e5 fjordtur. Midnattssolcruise, fisketurer, kajakkpadling og historiske cruise gir deg alle muligheten til \u00e5 beundre det nordnorske landskapet og fjellene og l\u00e6re om norsk kultur og historie.\r\n\r\nVi har b\u00e5tturer b\u00e5de i Troms\u00f8 og i Lofoten, og tilbyr deg de beste fjordcruisene i omr\u00e5det.","tipo_link_dcha":"link","boton_block_text_media_dcha":{"title":"Se alle turer","url":"https:\/\/booking.bestarctic.com\/en\/todo?filter=c=31196,44247&sorting=st=a;so=a","target":"_blank"},"imagen_block_text_media_dcha":4963},{"acf_fc_layout":"block_texto_media","id_seccion_block_text_media":"","title_seccion_block_text_media":"","subtitle_seccion_block_text_media":"","text_seccion_block_text_media":"","url_seccion_block_text_media":"","add_background_color_to_block_text_media":"white","tipo_de_contenido_block_text_media":"texto","editor_de_texto_tipo_de_contenido_block_text_media":"<h2>Mat og kultur<\/h2>\r\nEr du en foodie p\u00e5 jakt etter nordiske gastronomiske opplevelser? Liker du historie, museer og uforglemmelige kulturopplevelser?\r\n\r\nVi har middagscruise, guidede smaksturer, matturer, Midnight Sun-turer og mye mer!\r\n\r\nSjekk ut v\u00e5r seksjon med matturer i b\u00e5de Lofoten og Troms\u00f8!","tipo_link":"link","boton_block_text_media":{"title":"Se alle turer","url":"https:\/\/booking.bestarctic.com\/en\/todo?filter=c=44246,44244&sorting=st=a;so=a","target":"_blank"},"imagen_block_text_media":4628,"tipo_de_contenido_block_text_media_dcha":"media","editor_de_texto_tipo_de_contenido_block_text_media_dcha":"<h2>Arktiske dyr<\/h2>\r\nArktis er hjemsted for unike dyr som reinsdyr, elg, hvaler og mange forskjellige fugler.\r\n\r\nSjekk ut denne delen hvis du vil bes\u00f8ke en reing\u00e5rd (og pr\u00f8ve reinsdyrslede!), dra p\u00e5 hvalsafari for \u00e5 se kn\u00f8lhvaler og spekkhoggere i deres naturlige arktiske habitat, pr\u00f8ve hundekj\u00f8ring eller dra p\u00e5 fugletur.\r\n\r\nDu kan ogs\u00e5 bes\u00f8ke Polar Park, verdens nordligste dyrepark, der du blant annet kan observere moskusokser, ulver og bj\u00f8rner.","tipo_link_dcha":"link","boton_block_text_media_dcha":{"title":"Se alle turer","url":"https:\/\/booking.bestarctic.com\/en\/todo?filter=c=44248,44242&sorting=st=a;so=a","target":""},"imagen_block_text_media_dcha":4963},{"acf_fc_layout":"block_texto_media","id_seccion_block_text_media":"","title_seccion_block_text_media":"","subtitle_seccion_block_text_media":"","text_seccion_block_text_media":"","url_seccion_block_text_media":"","add_background_color_to_block_text_media":"green","tipo_de_contenido_block_text_media":"media","editor_de_texto_tipo_de_contenido_block_text_media":"<h2>Utend\u00f8rsaktiviteter<\/h2>\r\nHvis sporty, utend\u00f8rs og energisk er mellomnavnene dine, er denne delen noe for deg!\r\n\r\nSommeren i Nord-Norge innbyr til aktiviteter og fotturer. Derfor tilbyr vi deg flere alternativer, som elveb\u00e5tturer, fotturer, sykkelturer eller sightseeing med minibuss eller b\u00e5t.\r\n\r\nVi vil vise deg fantastiske steder, vakre landskap, de beste turomr\u00e5dene og de mest spektakul\u00e6re fjellene \u00e5 g\u00e5 opp i Nord-Norge!","tipo_link":"link","boton_block_text_media":{"title":"Se alle turer","url":"https:\/\/booking.bestarctic.com\/en\/todo?filter=c=31198&sorting=st=a;so=a","target":""},"imagen_block_text_media":5561,"tipo_de_contenido_block_text_media_dcha":"texto","editor_de_texto_tipo_de_contenido_block_text_media_dcha":"<h2>Arktiske dyr<\/h2>\r\nArktis er hjemsted for unike dyr som reinsdyr, elg, hvaler og mange forskjellige fugler.\r\n\r\nSjekk ut denne delen hvis du vil bes\u00f8ke en reing\u00e5rd (og pr\u00f8ve reinsdyrslede!), dra p\u00e5 hvalsafari for \u00e5 se kn\u00f8lhvaler og spekkhoggere i deres naturlige arktiske habitat, pr\u00f8ve hundekj\u00f8ring eller dra p\u00e5 fugletur.\r\n\r\nDu kan ogs\u00e5 bes\u00f8ke Polar Park, verdens nordligste dyrepark, der du blant annet kan observere moskusokser, ulver og bj\u00f8rner.","tipo_link_dcha":"link","boton_block_text_media_dcha":{"title":"Se alle turer","url":"https:\/\/booking.bestarctic.com\/en\/todo?filter=c=44248,44242&sorting=st=a;so=a","target":"_blank"},"imagen_block_text_media_dcha":4969},{"acf_fc_layout":"block_texto_media","id_seccion_block_text_media":"","title_seccion_block_text_media":"","subtitle_seccion_block_text_media":"","text_seccion_block_text_media":"","url_seccion_block_text_media":"","add_background_color_to_block_text_media":"white","tipo_de_contenido_block_text_media":"texto","editor_de_texto_tipo_de_contenido_block_text_media":"<h2>Utend\u00f8rsaktiviteter<\/h2>\r\nHvis sporty, utend\u00f8rs og energisk er mellomnavnene dine, er denne delen noe for deg!\r\n\r\nSommeren i Nord-Norge innbyr til aktiviteter og fotturer. Derfor tilbyr vi deg flere alternativer, som elveb\u00e5tturer, fotturer, sykkelturer eller sightseeing med minibuss eller b\u00e5t.\r\n\r\nVi vil vise deg fantastiske steder, vakre landskap, de beste turomr\u00e5dene og de mest spektakul\u00e6re fjellene \u00e5 g\u00e5 opp i Nord-Norge!","tipo_link":"link","boton_block_text_media":{"title":"Se alle turer","url":"https:\/\/booking.bestarctic.com\/en\/todo?filter=c=31198&sorting=st=a;so=a","target":"_blank"},"imagen_block_text_media":null,"tipo_de_contenido_block_text_media_dcha":"media","editor_de_texto_tipo_de_contenido_block_text_media_dcha":"","tipo_link_dcha":"link","boton_block_text_media_dcha":"","imagen_block_text_media_dcha":4969},{"acf_fc_layout":"block_banner","id_seccion_block_banner_bg":"","add_background_color_to_block_banner_bg":"white","title_block_banner_bg":"Opplev det beste Nord-Norge har \u00e5 by p\u00e5","text_block_banner_bg":"Du kan velge mellom alt fra nordlysjakt til hvalsafari, sn\u00f8scooter, hundesledeturer, fjordturer med b\u00e5t eller minibuss. Vi anbefaler at du forh\u00e5ndsbestiller turene dine p\u00e5 nettet i forkant av reisen. ","url_block_banner_bg":{"title":"Bestill din arktiske opplevelse her","url":"https:\/\/booking.bestarctic.com\/en\/todo","target":"_blank"},"img_block_banner_bg":3749,"img_block_banner_bg_mobile":3747,"img_block_banner_mobile":3745}]},"_links":{"self":[{"href":"https:\/\/bestarctic.com\/no\/wp-json\/wp\/v2\/pages\/20381","targetHints":{"allow":["GET"]}}],"collection":[{"href":"https:\/\/bestarctic.com\/no\/wp-json\/wp\/v2\/pages"}],"about":[{"href":"https:\/\/bestarctic.com\/no\/wp-json\/wp\/v2\/types\/page"}],"author":[{"embeddable":true,"href":"https:\/\/bestarctic.com\/no\/wp-json\/wp\/v2\/users\/6"}],"replies":[{"embeddable":true,"href":"https:\/\/bestarctic.com\/no\/wp-json\/wp\/v2\/comments?post=20381"}],"version-history":[{"count":0,"href":"https:\/\/bestarctic.com\/no\/wp-json\/wp\/v2\/pages\/20381\/revisions"}],"wp:attachment":[{"href":"https:\/\/bestarctic.com\/no\/wp-json\/wp\/v2\/media?parent=20381"}],"curies":[{"name":"wp","href":"https:\/\/api.w.org\/{rel}","templated":true}]}}