{"id":20383,"date":"2025-04-23T09:02:43","date_gmt":"2025-04-23T07:02:43","guid":{"rendered":"https:\/\/bestarctic.com\/activities-in-northern-norway\/arctic-animal-tours-norway\/"},"modified":"2025-11-17T10:05:16","modified_gmt":"2025-11-17T09:05:16","slug":"arktiske-dyr-turer-norge","status":"publish","type":"page","link":"https:\/\/bestarctic.com\/no\/aktiviteter-i-nord-norge\/arktiske-dyr-turer-norge\/","title":{"rendered":"Turer med arktiske dyr"},"content":{"rendered":"","protected":false},"excerpt":{"rendered":"","protected":false},"author":6,"featured_media":0,"parent":20381,"menu_order":0,"comment_status":"closed","ping_status":"closed","template":"","meta":{"_acf_changed":false,"footnotes":""},"class_list":["post-20383","page","type-page","status-publish","hentry"],"acf":{"bloques_de_contenido":[{"acf_fc_layout":"block_hero_page","id_block_hero_page":"","video_o_imagen_hero_page":"img","video_block_hero_page_bg":null,"hero_page_inicio_video_segundo":"","img_block_hero_page_bg":5428,"overlay_hero_page":"yes","title_block_hero_page":"Arktiske dyreturer - Oppdag dyrelivet i Nord-Norge!","text_block_hero_page":"Arktis er hjemsted for unike dyr som fjellrev, bj\u00f8rn, reinsdyr, gaupe, elg, hval og mange fuglearter. Sjekk turene v\u00e5re og velg de turene der du kanskje kan f\u00e5 \u00f8ye p\u00e5 favorittdyret ditt! ","label_block_hero_page":"","link_block_hero_page":{"title":"Se alle turer med arktiske dyr","url":"https:\/\/booking.bestarctic.com\/en\/todo?filter=c=44248,44242&sorting=st=a;so=a","target":"_blank"},"add_imagen_extra_hero_page":"no","cta_imagen_extra_hero_page":false,"imagen_content_block_hero_page":null,"one_imagen_content_block_hero_page":null,"two_imagen_content_block_hero_page":null,"three_imagen_content_block_hero_page":null,"three_imagen_content_block_hero_page_title":"","three_imagen_content_block_hero_page_text":"","three_imagen_content_block_hero_page_text_cta":"","three_imagen_content_block_hero_page_url_cta":""},{"acf_fc_layout":"block_carrusel_activities","id_seccion_carrusel_destacados_tabs":"","title_section_carrusel_destacados_tabs":"Arktiske dyreturer","subtitle_section_carrusel_destacados_tabs":"","text_section_carrusel_destacados_tabs":"","url_seccion_carrusel_destacados_tabs":"","add_background_color_to_section_tabs":"white","tabs_activities_seleccionados_tabs":[{"tab_text_tabs_activities_seleccionados_tabs":"Hvalturer","tab_carousel_activities_seleccionados_tabs":[20826,20571,20643]},{"tab_text_tabs_activities_seleccionados_tabs":"Hundekj\u00f8ringsturer","tab_carousel_activities_seleccionados_tabs":[20739,20650,20714,20745]},{"tab_text_tabs_activities_seleccionados_tabs":"Reinturer","tab_carousel_activities_seleccionados_tabs":[20445,20612,20615,20727,20609,20607,20605,20730,20732,20600]},{"tab_text_tabs_activities_seleccionados_tabs":"Andre turer fra Troms\u00f8","tab_carousel_activities_seleccionados_tabs":[20569]},{"tab_text_tabs_activities_seleccionados_tabs":"Andre turer fra Lofoten","tab_carousel_activities_seleccionados_tabs":[20780]}]},{"acf_fc_layout":"block_card_grid","add_background_color_to_section_block_card_grid":"white","id_seccion_block_card_grid":"","title_section_block_card_grid":"Hva trenger du \u00e5 vite","subtitle_section_block_card_grid":"","text_section_block_card_grid":"","url_seccion_block_card_grid":"","item_block_post_masonry_and_grid":[{"imagen_block_post_masonry_and_grid":2505,"titular_block_post_masonry_and_grid":"N\u00e5r kan du se hval i Troms\u00f8 om vinteren?","texto_block_post_masonry_and_grid":"","location_block_post_masonry_and_grid":"","schedule_block_post_masonry_and_grid":"","duration_block_post_masonry_and_grid":"","price_block_post_masonry_and_grid":"","link_block_post_masonry_and_grid":{"title":"Les mer her","url":"https:\/\/bestarctic.com\/no\/nord-norge-reiseblogg\/nar-a-se-hvaler-i-tromso-i-vinter\/","target":""}},{"imagen_block_post_masonry_and_grid":2525,"titular_block_post_masonry_and_grid":"Hundekj\u00f8ring om h\u00f8sten i Troms\u00f8","texto_block_post_masonry_and_grid":"","location_block_post_masonry_and_grid":"","schedule_block_post_masonry_and_grid":"","duration_block_post_masonry_and_grid":"","price_block_post_masonry_and_grid":"","link_block_post_masonry_and_grid":{"title":"Les mer her","url":"https:\/\/bestarctic.com\/no\/nord-norge-reiseblogg\/hundeslede-host-i-tromso\/","target":""}},{"imagen_block_post_masonry_and_grid":2687,"titular_block_post_masonry_and_grid":"Hvalsafari i Norge i sommer 2025","texto_block_post_masonry_and_grid":"","location_block_post_masonry_and_grid":"","schedule_block_post_masonry_and_grid":"","duration_block_post_masonry_and_grid":"","price_block_post_masonry_and_grid":"","link_block_post_masonry_and_grid":{"title":"Les mer her","url":"https:\/\/bestarctic.com\/no\/nord-norge-reiseblogg\/hvalsafari-i-norge-sommer-2025\/","target":""}}]},{"acf_fc_layout":"block_texto_media","id_seccion_block_text_media":"","title_seccion_block_text_media":"","subtitle_seccion_block_text_media":"","text_seccion_block_text_media":"","url_seccion_block_text_media":"","add_background_color_to_block_text_media":"green","tipo_de_contenido_block_text_media":"media","editor_de_texto_tipo_de_contenido_block_text_media":"<h2>Hva er Arktis, og hvor ligger det?<\/h2>\r\nArktis ligger i den nordligste delen av jordkloden og regnes som et polaromr\u00e5de.\r\n\r\nDet omfatter deler av flere land som Canada, Finland, Island, Russland, USA (Alaska), Sverige og Norge samt Gr\u00f8nland.\r\n\r\nDette omr\u00e5det kan defineres som alle omr\u00e5der nord for polarsirkelen (over 66\u00b0 34'N), der fenomener som midnattssol og m\u00f8rketid kan oppleves.","tipo_link":"link","boton_block_text_media":"","imagen_block_text_media":21771,"tipo_de_contenido_block_text_media_dcha":"texto","editor_de_texto_tipo_de_contenido_block_text_media_dcha":"<h2>Overnatting i same- og reinsdyrleir<\/h2>\r\nDu kan ogs\u00e5 overnatte p\u00e5 en reinsdyrcamp med v\u00e5r <u><a href=\"https:\/\/booking.bestarctic.com\/en\/to-do\/2749660\/overnight-in-lavvo-reindeer-feeding-and-reindeer-sledding-wi\/showdetails\" target=\"_blank\" rel=\"noopener\">Overnatting i Lavvo:<\/a><\/u> et samisk telt som overnatting, med reinf\u00f4ring og reinsledeaktivitet om kvelden.","tipo_link_dcha":"link","boton_block_text_media_dcha":"","imagen_block_text_media_dcha":4346},{"acf_fc_layout":"block_texto_media","id_seccion_block_text_media":"","title_seccion_block_text_media":"","subtitle_seccion_block_text_media":"","text_seccion_block_text_media":"","url_seccion_block_text_media":"","add_background_color_to_block_text_media":"white","tipo_de_contenido_block_text_media":"texto","editor_de_texto_tipo_de_contenido_block_text_media":"<h2>Hva er Arktis, og hvor ligger det?<\/h2>\r\nArktis ligger i den nordligste delen av jordkloden og regnes som et polaromr\u00e5de.\r\n\r\nDet omfatter deler av flere land som Canada, Finland, Island, Russland, USA (Alaska), Sverige og Norge samt Gr\u00f8nland.\r\n\r\nDette omr\u00e5det kan defineres som alle omr\u00e5der nord for polarsirkelen (over 66\u00b0 34'N), der fenomener som midnattssol og m\u00f8rketid kan oppleves.","tipo_link":"link","boton_block_text_media":"","imagen_block_text_media":4352,"tipo_de_contenido_block_text_media_dcha":"media","editor_de_texto_tipo_de_contenido_block_text_media_dcha":"Hvis du foretrekker \u00e5 observere den arktiske faunaen p\u00e5 land, og du er glad i reinsdyr, har vi mange <a href=\"https:\/\/booking.bestarctic.com\/en\/todo?filter=c=31193;g=104503,104502&amp;sorting=st=a;so=a\" target=\"_blank\" rel=\"noopener\">turer der du kan observere og til og med mate dem<\/a>!\r\n\r\nHvis du er heldig, kan du til og med f\u00e5 \u00f8ye p\u00e5 reinsdyr som vandrer fritt i Nord-Norge, for eksempel i skogene eller til og med p\u00e5 veiene (Kval\u00f8ya n\u00e6r Troms\u00f8 er et slikt eksempel).\r\n\r\nElgen (ogs\u00e5 kjent som elg) kan ogs\u00e5 finnes i skogene eller til og med i n\u00e6rheten av veiene, selv om de er mye mer sky.","tipo_link_dcha":"link","boton_block_text_media_dcha":"","imagen_block_text_media_dcha":21783},{"acf_fc_layout":"block_slider_two_cols","id_seccion_block_slider_two_cols":"","title_section_block_slider_two_cols":"Hvilke dyr finnes i Arktis?","subtitle_section_block_slider_two_cols":"","text_section_block_slider_two_cols":"","url_section_block_slider_two_cols":"","add_background_color_to_block_slider_two_cols":"white","item_slider_block_slider_two_cols":[{"imagen_item_slider_block_slider_two_cols":21781,"imagen_item_slider_block_slider_two_cols_mobile":"","title_item_slider_block_slider_two_cols":"","texto_item_carrusel_two_cols":"<p data-start=\"57\" data-end=\"200\">Hvis vi snakker om fastlands-Norge, kan du sannsynligvis finne mange forskjellige skapninger som du aldri har sett hjemme eller i dyreparker.<\/p>\r\n<p data-start=\"202\" data-end=\"259\">Dette inkluderer hvaler, bj\u00f8rner, ulver, jerv og gaupe.<\/p>\r\n<p data-start=\"261\" data-end=\"333\">I Nord-Norge kan du ha muligheten til \u00e5 se de fleste av dem i naturen.<\/p>\r\n<p data-start=\"335\" data-end=\"426\" data-is-last-node=\"\" data-is-only-node=\"\">\u00c5 m\u00f8te dem er imidlertid sjeldent, fordi de liker \u00e5 gjemme seg for all menneskelig kontakt.<\/p>"},{"imagen_item_slider_block_slider_two_cols":21775,"imagen_item_slider_block_slider_two_cols_mobile":"","title_item_slider_block_slider_two_cols":"","texto_item_carrusel_two_cols":"Arktis er kjent for kalde vintre og kj\u00f8lige somre, med lange perioder med sollys eller m\u00f8rke og kalde, sn\u00f8dekte omr\u00e5der.\r\n\r\nDette habitatet foretrekkes av dyr som har tilpasset seg disse forholdene, som fjellrev, rein, flere hvalarter, arktisk ulv, isbj\u00f8rn og brunbj\u00f8rn, blant andre fascinerende skapninger.\r\n\r\nI Troms\u00f8-regionen, over Polarsirkelen, kan du f\u00e5 \u00f8ye p\u00e5 spekkhoggere og kn\u00f8lhvaler som jakter p\u00e5 sild i fjordene om vinteren (ca. november til januar).\r\n\r\nDu kan bli med p\u00e5 en av v\u00e5re popul\u00e6re hvalsafariturer i denne perioden og se disse vakre sj\u00f8dyrartene \u2013 og kanskje flere.\r\n\r\nVi anbefaler virkelig denne turen, som er en av v\u00e5re bestselgere."}]},{"acf_fc_layout":"block_texto_media","id_seccion_block_text_media":"","title_seccion_block_text_media":"Hvilket arktisk dyreliv kan jeg se i Nord-Norge?","subtitle_seccion_block_text_media":"","text_seccion_block_text_media":"","url_seccion_block_text_media":"","add_background_color_to_block_text_media":"green","tipo_de_contenido_block_text_media":"media","editor_de_texto_tipo_de_contenido_block_text_media":"","tipo_link":false,"boton_block_text_media":null,"imagen_block_text_media":21777,"tipo_de_contenido_block_text_media_dcha":"texto","editor_de_texto_tipo_de_contenido_block_text_media_dcha":"Hvis du foretrekker \u00e5 observere den arktiske faunaen p\u00e5 land, og du er glad i reinsdyr, har vi mange <a href=\"https:\/\/booking.bestarctic.com\/en\/todo?filter=c=31193;g=104503,104502&amp;sorting=st=a;so=a\" target=\"_blank\" rel=\"noopener\">turer der du kan observere og til og med mate dem<\/a>!\r\n\r\nHvis du er heldig, kan du til og med f\u00e5 \u00f8ye p\u00e5 reinsdyr som vandrer fritt i Nord-Norge, for eksempel i skogene eller til og med p\u00e5 veiene (Kval\u00f8ya n\u00e6r Troms\u00f8 er et slikt eksempel).\r\n\r\nElgen (ogs\u00e5 kjent som elg) kan ogs\u00e5 finnes i skogene eller til og med i n\u00e6rheten av veiene, selv om de er mye mer sky.","tipo_link_dcha":"link","boton_block_text_media_dcha":"","imagen_block_text_media_dcha":null},{"acf_fc_layout":"block_texto_media","id_seccion_block_text_media":"","title_seccion_block_text_media":"","subtitle_seccion_block_text_media":"","text_seccion_block_text_media":"","url_seccion_block_text_media":"","add_background_color_to_block_text_media":"white","tipo_de_contenido_block_text_media":"texto","editor_de_texto_tipo_de_contenido_block_text_media":"<h2>Kan jeg se isbj\u00f8rn i Troms\u00f8?<\/h2>\r\nVi f\u00e5r ofte dette sp\u00f8rsm\u00e5let, og svaret er dessverre (eller heldigvis!) nei!\r\n\r\nDet norske fastlandet er for mildt for disse fantastiske skapningene, som foretrekker kaldere omr\u00e5der med nesten permanent is.\r\n\r\nHvis du vil ha sjansen til \u00e5 f\u00e5 \u00f8ye p\u00e5 disse dyrene, b\u00f8r du reise til Svalbard, en \u00f8ygruppe som ligger nord for det norske fastlandet.\r\n\r\nSvalbard, som er en del av Norge, har en bestand p\u00e5 rundt 300 isbj\u00f8rner.\r\n\r\nDe vandrer fritt rundt p\u00e5 \u00f8ygruppen og kan noen ganger sees p\u00e5 b\u00e5tturer fra Longyearbyen, hovedbosetningen p\u00e5 Svalbard.\r\n\r\nDu kan ogs\u00e5 f\u00e5 \u00f8ye p\u00e5 andre marine skapninger p\u00e5 Svalbard, som hvalross, lundefugl, fjellrev, sel og narhval.\r\n\r\nDet er imidlertid viktig \u00e5 huske at dette er ville dyr, og at det aldri er noen garanti for \u00e5 f\u00e5 \u00f8ye p\u00e5 dem!","tipo_link":"link","boton_block_text_media":"","imagen_block_text_media":null,"tipo_de_contenido_block_text_media_dcha":"media","editor_de_texto_tipo_de_contenido_block_text_media_dcha":"","tipo_link_dcha":false,"boton_block_text_media_dcha":null,"imagen_block_text_media_dcha":21782},{"acf_fc_layout":"block_banner","id_seccion_block_banner_bg":"","add_background_color_to_block_banner_bg":"white","title_block_banner_bg":"","text_block_banner_bg":"<strong>Arktis er hjemsted for unike dyr som reinsdyr, elg, hval og mange forskjellige fugler<\/strong>.\r\n<br><br>Sjekk ut denne delen hvis du blant annet vil bes\u00f8ke en reing\u00e5rd (og pr\u00f8ve reinsdyrslede!), dra p\u00e5 hvalsafari for \u00e5 se kn\u00f8lhval og spekkhogger i deres naturlige arktiske habitat, eller pr\u00f8ve hundesledekj\u00f8ring.\r\n\r\nDu kan ogs\u00e5 bes\u00f8ke Polar Park, verdens nordligste dyrepark, der du blant annet kan observere moskusokser, ulver og bj\u00f8rner.","url_block_banner_bg":{"title":"Bestill din arktiske dyretur","url":"https:\/\/booking.bestarctic.com\/en\/todo?filter=c=44248,44242&sorting=st=a;so=a","target":"_blank"},"img_block_banner_bg":3749,"img_block_banner_bg_mobile":3747,"img_block_banner_mobile":3745}]},"_links":{"self":[{"href":"https:\/\/bestarctic.com\/no\/wp-json\/wp\/v2\/pages\/20383","targetHints":{"allow":["GET"]}}],"collection":[{"href":"https:\/\/bestarctic.com\/no\/wp-json\/wp\/v2\/pages"}],"about":[{"href":"https:\/\/bestarctic.com\/no\/wp-json\/wp\/v2\/types\/page"}],"author":[{"embeddable":true,"href":"https:\/\/bestarctic.com\/no\/wp-json\/wp\/v2\/users\/6"}],"replies":[{"embeddable":true,"href":"https:\/\/bestarctic.com\/no\/wp-json\/wp\/v2\/comments?post=20383"}],"version-history":[{"count":0,"href":"https:\/\/bestarctic.com\/no\/wp-json\/wp\/v2\/pages\/20383\/revisions"}],"up":[{"embeddable":true,"href":"https:\/\/bestarctic.com\/no\/wp-json\/wp\/v2\/pages\/20381"}],"wp:attachment":[{"href":"https:\/\/bestarctic.com\/no\/wp-json\/wp\/v2\/media?parent=20383"}],"curies":[{"name":"wp","href":"https:\/\/api.w.org\/{rel}","templated":true}]}}