{"id":20384,"date":"2025-04-22T16:29:41","date_gmt":"2025-04-22T14:29:41","guid":{"rendered":"https:\/\/bestarctic.com\/activities-in-northern-norway\/food-tours-norway\/"},"modified":"2025-11-17T10:05:20","modified_gmt":"2025-11-17T09:05:20","slug":"matturer-norge","status":"publish","type":"page","link":"https:\/\/bestarctic.com\/no\/aktiviteter-i-nord-norge\/matturer-norge\/","title":{"rendered":"Matturer i Nord-Norge"},"content":{"rendered":"","protected":false},"excerpt":{"rendered":"","protected":false},"author":6,"featured_media":0,"parent":20381,"menu_order":0,"comment_status":"closed","ping_status":"closed","template":"","meta":{"_acf_changed":false,"footnotes":""},"class_list":["post-20384","page","type-page","status-publish","hentry"],"acf":{"bloques_de_contenido":[{"acf_fc_layout":"block_hero_page","id_block_hero_page":"","video_o_imagen_hero_page":"video","video_block_hero_page_bg":5622,"hero_page_inicio_video_segundo":"","img_block_hero_page_bg":2327,"overlay_hero_page":"yes","title_block_hero_page":"Matopplevelser i Nord-Norge - et deilig eventyr!","text_block_hero_page":"Hvis du er en foodie eller er nysgjerrig p\u00e5 mat i Arktis, er denne kategorien noe for deg! Nord-Norge har unike og varierte delikatesser laget av ferske og smakfulle r\u00e5varer. Oppdag de kulinariske tradisjonene i nord med en moderne vri. Vi har samlet ulike matturer i b\u00e5de Troms\u00f8 og Lofoten. Velbekomme!    ","label_block_hero_page":"","link_block_hero_page":{"title":"Se alle vinterturer med mat og kultur","url":"https:\/\/booking.bestarctic.com\/en\/todo?filter=c%3D44244","target":"_blank"},"add_imagen_extra_hero_page":"no","cta_imagen_extra_hero_page":false,"imagen_content_block_hero_page":null,"one_imagen_content_block_hero_page":null,"two_imagen_content_block_hero_page":null,"three_imagen_content_block_hero_page":null,"three_imagen_content_block_hero_page_title":"","three_imagen_content_block_hero_page_text":"","three_imagen_content_block_hero_page_text_cta":"","three_imagen_content_block_hero_page_url_cta":""},{"acf_fc_layout":"block_carrusel_activities","id_seccion_carrusel_destacados_tabs":"","title_section_carrusel_destacados_tabs":"Mat-turer","subtitle_section_carrusel_destacados_tabs":"","text_section_carrusel_destacados_tabs":"","url_seccion_carrusel_destacados_tabs":"","add_background_color_to_section_tabs":"white","tabs_activities_seleccionados_tabs":[{"tab_text_tabs_activities_seleccionados_tabs":"I Troms\u00f8 \u2013 vinter","tab_carousel_activities_seleccionados_tabs":[20705,20829,20586,20594,20605,20600,20721,20772]},{"tab_text_tabs_activities_seleccionados_tabs":"I Troms\u00f8 \u2013 hele \u00e5ret","tab_carousel_activities_seleccionados_tabs":[20721,20578,20576]},{"tab_text_tabs_activities_seleccionados_tabs":"I Oslo","tab_carousel_activities_seleccionados_tabs":[20573]}]},{"acf_fc_layout":"block_card_grid","add_background_color_to_section_block_card_grid":"green","id_seccion_block_card_grid":"","title_section_block_card_grid":"Hva trenger du \u00e5 vite","subtitle_section_block_card_grid":"","text_section_block_card_grid":"","url_seccion_block_card_grid":"","item_block_post_masonry_and_grid":[{"imagen_block_post_masonry_and_grid":4337,"titular_block_post_masonry_and_grid":"De beste restaurantene og hvor du kan spise i Troms\u00f8","texto_block_post_masonry_and_grid":"","location_block_post_masonry_and_grid":"","schedule_block_post_masonry_and_grid":"","duration_block_post_masonry_and_grid":"","price_block_post_masonry_and_grid":"","link_block_post_masonry_and_grid":{"title":"Les mer her","url":"https:\/\/bestarctic.com\/no\/nord-norge-reiseblogg\/de-beste-restaurantene-og-hvor-du-kan-spise-i-tromso\/","target":""}},{"imagen_block_post_masonry_and_grid":4335,"titular_block_post_masonry_and_grid":"Hva du b\u00f8r spise i Norge: Nyt et gastronomisk eventyr","texto_block_post_masonry_and_grid":"","location_block_post_masonry_and_grid":"","schedule_block_post_masonry_and_grid":"","duration_block_post_masonry_and_grid":"","price_block_post_masonry_and_grid":"","link_block_post_masonry_and_grid":{"title":"Les mer her","url":"https:\/\/bestarctic.com\/no\/nord-norge-reiseblogg\/hva-a-spise-i-norge\/","target":""}},{"imagen_block_post_masonry_and_grid":4333,"titular_block_post_masonry_and_grid":"Matopplevelser langs sommerruten Arctic Route mellom Troms\u00f8 - Lofoten","texto_block_post_masonry_and_grid":"","location_block_post_masonry_and_grid":"","schedule_block_post_masonry_and_grid":"","duration_block_post_masonry_and_grid":"","price_block_post_masonry_and_grid":"","link_block_post_masonry_and_grid":{"title":"Les mer her","url":"https:\/\/bestarctic.com\/no\/nord-norge-reiseblogg\/matopplevelse-lang-arktisk-rute-pa-sommeren\/","target":""}}]},{"acf_fc_layout":"block_texto_media","id_seccion_block_text_media":"","title_seccion_block_text_media":"Mat- og kulturturer i Troms\u00f8 om vinteren  ","subtitle_seccion_block_text_media":"","text_seccion_block_text_media":"","url_seccion_block_text_media":"","add_background_color_to_block_text_media":"white","tipo_de_contenido_block_text_media":"media","editor_de_texto_tipo_de_contenido_block_text_media":"Hvis du liker b\u00e5tturer, hvorfor ikke pr\u00f8ve v\u00e5rt <a href=\"https:\/\/booking.bestarctic.com\/en\/to-do\/1912164\/1-hour-photo-history-cruise\/showdetails\" target=\"_blank\" rel=\"noopener\">1-times foto- og historiecruise<\/a>for litt arktisk kultur og historie for \u00e5 oppdage Troms\u00f8 fra sj\u00f8en?\r\n\r\nHvis du derimot foretrekker en fisketur, kan du enten dra p\u00e5 v\u00e5r 3-timers fisketur med b\u00e5t eller pr\u00f8ve en autentisk arktisk opplevelse: <a href=\"https:\/\/booking.bestarctic.com\/en\/to-do\/1983537\/best-kept-secret-ice-fishing\/showdetails\" target=\"_blank\" rel=\"noopener\">Isfiske!<\/a> Vi tilbyr, du velger!","tipo_link":"link","boton_block_text_media":"","imagen_block_text_media":20385,"tipo_de_contenido_block_text_media_dcha":"texto","editor_de_texto_tipo_de_contenido_block_text_media_dcha":"Om vinteren, fra slutten av november til midten av januar, kan du oppleve polarnattens bl\u00e5 timer. Dra p\u00e5 en matglad tur og smak p\u00e5 arktisk mat underveis!\r\n\r\nUtforsk det vakre kyst- og innlandslandskapet vest for Troms\u00f8 med minibuss, og smak smakspr\u00f8ver p\u00e5 reinsdyrkj\u00f8tt og t\u00f8rrfisk med v\u00e5r <a href=\"https:\/\/booking.bestarctic.com\/en\/to-do\/2011706\/coastal-scenery-safari-with-local-tastings\/showdetails\" target=\"_blank\" rel=\"noopener\">Fjord Tour<\/a>.\r\n\r\nDu kan ogs\u00e5 pr\u00f8ve sn\u00f8en med truger og bli med p\u00e5 en <a href=\"https:\/\/booking.bestarctic.com\/en\/to-do\/2033608\/guided-easy-snowshoeing-with-a-visit-to-local-caf%C3%A9\/showdetails\" target=\"_blank\" rel=\"noopener\">guidet trugetur med bes\u00f8k p\u00e5 en lokal kaf\u00e9<\/a>.","tipo_link_dcha":"link","boton_block_text_media_dcha":"","imagen_block_text_media_dcha":null},{"acf_fc_layout":"block_texto_media","id_seccion_block_text_media":"","title_seccion_block_text_media":"","subtitle_seccion_block_text_media":"","text_seccion_block_text_media":"","url_seccion_block_text_media":"","add_background_color_to_block_text_media":"green","tipo_de_contenido_block_text_media":"texto","editor_de_texto_tipo_de_contenido_block_text_media":"Hvis du liker b\u00e5tturer, hvorfor ikke pr\u00f8ve v\u00e5rt <a href=\"https:\/\/booking.bestarctic.com\/en\/to-do\/1912164\/1-hour-photo-history-cruise\/showdetails\" target=\"_blank\" rel=\"noopener\">1-times foto- og historiecruise<\/a>for litt arktisk kultur og historie for \u00e5 oppdage Troms\u00f8 fra sj\u00f8en?\r\n\r\nHvis du derimot foretrekker en fisketur, kan du enten dra p\u00e5 v\u00e5r 3-timers fisketur med b\u00e5t eller pr\u00f8ve en autentisk arktisk opplevelse: <a href=\"https:\/\/booking.bestarctic.com\/en\/to-do\/1983537\/best-kept-secret-ice-fishing\/showdetails\" target=\"_blank\" rel=\"noopener\">Isfiske!<\/a> Vi tilbyr, du velger!","tipo_link":"link","boton_block_text_media":"","imagen_block_text_media":null,"tipo_de_contenido_block_text_media_dcha":"media","editor_de_texto_tipo_de_contenido_block_text_media_dcha":"Hvis du vil kombinere nordlyset med en kulturell opplevelse, kan du bli med p\u00e5 <a href=\"https:\/\/booking.bestarctic.com\/en\/to-do\/1326952\/sami-reindeer-camp-dinner\/showdetails\" target=\"_blank\" rel=\"noopener\">turen Sami Reindeer Camp<\/a>.\r\n\r\nDu vil bli servert <em>bidos<\/em>, en tradisjonell samisk rett laget av langtidsstekt reinsdyrkj\u00f8tt, gulr\u00f8tter og poteter (vegetarisk alternativ er ogs\u00e5 tilgjengelig).\r\n\r\nHvis du \u00f8nsker det, kan du ogs\u00e5 legge til en opplevelse med reinsdyrslede til denne turen og dra p\u00e5 <a href=\"https:\/\/booking.bestarctic.com\/en\/to-do\/1885779\/sami-reindeer-camp-dinner-sledding\/showdetails\" target=\"_blank\" rel=\"noopener\">Sami Reindeer Camp &amp; Sledding<\/a>.","tipo_link_dcha":"link","boton_block_text_media_dcha":"","imagen_block_text_media_dcha":21758},{"acf_fc_layout":"block_texto_media","id_seccion_block_text_media":"","title_seccion_block_text_media":"","subtitle_seccion_block_text_media":"","text_seccion_block_text_media":"","url_seccion_block_text_media":"","add_background_color_to_block_text_media":"white","tipo_de_contenido_block_text_media":"media","editor_de_texto_tipo_de_contenido_block_text_media":"<h2>Mat- og kulturturer i Troms\u00f8 \u00e5ret rundt<\/h2>\r\nDu kan ikke bes\u00f8ke Nord-Norge uten \u00e5 pr\u00f8ve fisk!\r\n\r\nDet finnes mange fiskespesialiteter i Norge, men den mest kjente i den arktiske regionen er torsken!\r\n\r\nVi anbefaler \u00e5 pr\u00f8ve torskedelikatesser - som torskekaviar, torskeskinnssnacks og tran - under et guidet bes\u00f8k p\u00e5 v\u00e5r <a href=\"https:\/\/booking.bestarctic.com\/en\/to-do\/2710812\/cod-tasting-experience-norwegian-history-and-food-culture\/showdetails\" target=\"_blank\" rel=\"noopener\">Torskesmaking: Norsk historie og matkultur<\/a>, der guiden din ogs\u00e5 vil fortelle deg mer om torskeindustriens historie, fra fiske til eksport.","tipo_link":"link","boton_block_text_media":"","imagen_block_text_media":21760,"tipo_de_contenido_block_text_media_dcha":"texto","editor_de_texto_tipo_de_contenido_block_text_media_dcha":"Hvis du vil kombinere nordlyset med en kulturell opplevelse, kan du bli med p\u00e5 <a href=\"https:\/\/booking.bestarctic.com\/en\/to-do\/1326952\/sami-reindeer-camp-dinner\/showdetails\" target=\"_blank\" rel=\"noopener\">turen Sami Reindeer Camp<\/a>.\r\n\r\nDu vil bli servert <em>bidos<\/em>, en tradisjonell samisk rett laget av langtidsstekt reinsdyrkj\u00f8tt, gulr\u00f8tter og poteter (vegetarisk alternativ er ogs\u00e5 tilgjengelig).\r\n\r\nHvis du \u00f8nsker det, kan du ogs\u00e5 legge til en opplevelse med reinsdyrslede til denne turen og dra p\u00e5 <a href=\"https:\/\/booking.bestarctic.com\/en\/to-do\/1885779\/sami-reindeer-camp-dinner-sledding\/showdetails\" target=\"_blank\" rel=\"noopener\">Sami Reindeer Camp &amp; Sledding<\/a>.","tipo_link_dcha":"link","boton_block_text_media_dcha":"","imagen_block_text_media_dcha":4303},{"acf_fc_layout":"block_texto_media","id_seccion_block_text_media":"","title_seccion_block_text_media":"","subtitle_seccion_block_text_media":"","text_seccion_block_text_media":"","url_seccion_block_text_media":"","add_background_color_to_block_text_media":"green","tipo_de_contenido_block_text_media":"texto","editor_de_texto_tipo_de_contenido_block_text_media":"<h2>Mat- og kulturturer i Troms\u00f8 \u00e5ret rundt<\/h2>\r\nDu kan ikke bes\u00f8ke Nord-Norge uten \u00e5 pr\u00f8ve fisk!\r\n\r\nDet finnes mange fiskespesialiteter i Norge, men den mest kjente i den arktiske regionen er torsken!\r\n\r\nVi anbefaler \u00e5 pr\u00f8ve torskedelikatesser - som torskekaviar, torskeskinnssnacks og tran - under et guidet bes\u00f8k p\u00e5 v\u00e5r <a href=\"https:\/\/booking.bestarctic.com\/en\/to-do\/2710812\/cod-tasting-experience-norwegian-history-and-food-culture\/showdetails\" target=\"_blank\" rel=\"noopener\">Torskesmaking: Norsk historie og matkultur<\/a>, der guiden din ogs\u00e5 vil fortelle deg mer om torskeindustriens historie, fra fiske til eksport.","tipo_link":"link","boton_block_text_media":"","imagen_block_text_media":4305,"tipo_de_contenido_block_text_media_dcha":"media","editor_de_texto_tipo_de_contenido_block_text_media_dcha":"Det er enda kulere hvis du fanger fisken selv. Pr\u00f8v fiskelykken p\u00e5 v\u00e5rt fiske- <a href=\"https:\/\/booking.bestarctic.com\/en\/to-do\/2016868\/fishing-fjord-cruise-hermes-ii\/showdetails\" target=\"_blank\" rel=\"noopener\">og fjordcruise<\/a>.\r\n\r\nSkipperen vil tilberede og servere dagens fangst (n\u00e5r det er mulig) om bord p\u00e5 b\u00e5ten. Ferskere og deiligere kan det ikke bli!\r\n\r\nHvis du har lyst til \u00e5 dra p\u00e5 en sightseeingtur om bord p\u00e5 en historisk b\u00e5t med moderne teknologi, b\u00f8r du definitivt pr\u00f8ve v\u00e5rt <a href=\"https:\/\/booking.bestarctic.com\/en\/to-do\/2036852\/fjord-history-cruise\/showdetails\" target=\"_blank\" rel=\"noopener\">Fjord &amp; History Cruise.<\/a>\r\n\r\nAvslutt kvelden med et bes\u00f8k p\u00e5 Troms\u00f8s eneste isproduserte <a href=\"https:\/\/booking.bestarctic.com\/en\/to-do\/1817622\/magic-ice-with-welcome-drink\/showdetails\" target=\"_blank\" rel=\"noopener\">Magic Ice Bar, der du f\u00e5r en velkomstdrink inkludert<\/a>, og se p\u00e5 de h\u00e5ndlagde isskulpturene.","tipo_link_dcha":"link","boton_block_text_media_dcha":"","imagen_block_text_media_dcha":21761},{"acf_fc_layout":"block_texto_media","id_seccion_block_text_media":"","title_seccion_block_text_media":"","subtitle_seccion_block_text_media":"","text_seccion_block_text_media":"","url_seccion_block_text_media":"","add_background_color_to_block_text_media":"white","tipo_de_contenido_block_text_media":"media","editor_de_texto_tipo_de_contenido_block_text_media":"<h2>Sommerlige mat- og kulturturer i Lofoten<\/h2>\r\nOm sommeren, fra midten av mai til slutten av juli, vil du bli fascinert av midnattssolens gylne nyanser. Lofoten er et flott reisem\u00e5l for \u00e5 oppleve den arktiske sommeren: natur, godt v\u00e6r og rimelige temperaturer, med fantastisk utsikt, fjorder og fjell.\r\n\r\nBes\u00f8k <a href=\"https:\/\/booking.bestarctic.com\/en\/to-do\/2717672\/lofotr-viking-museum-full-day-visit-from-svolv%C3%A6r-with-arctic\/showdetails\" target=\"_blank\" rel=\"noopener\">Vikingmuseet Lofotr<\/a>, som ligger p\u00e5 B\u00f8stad i Lofoten, og kj\u00f8p inngangsbilletten din p\u00e5 nett.","tipo_link":"link","boton_block_text_media":"","imagen_block_text_media":21762,"tipo_de_contenido_block_text_media_dcha":"texto","editor_de_texto_tipo_de_contenido_block_text_media_dcha":"Det er enda kulere hvis du fanger fisken selv. Pr\u00f8v fiskelykken p\u00e5 v\u00e5rt fiske- <a href=\"https:\/\/booking.bestarctic.com\/en\/to-do\/2016868\/fishing-fjord-cruise-hermes-ii\/showdetails\" target=\"_blank\" rel=\"noopener\">og fjordcruise<\/a>.\r\n\r\nSkipperen vil tilberede og servere dagens fangst (n\u00e5r det er mulig) om bord p\u00e5 b\u00e5ten. Ferskere og deiligere kan det ikke bli!\r\n\r\nHvis du har lyst til \u00e5 dra p\u00e5 en sightseeingtur om bord p\u00e5 en historisk b\u00e5t med moderne teknologi, b\u00f8r du definitivt pr\u00f8ve v\u00e5rt <a href=\"https:\/\/booking.bestarctic.com\/en\/to-do\/2036852\/fjord-history-cruise\/showdetails\" target=\"_blank\" rel=\"noopener\">Fjord &amp; History Cruise.<\/a>\r\n\r\nAvslutt kvelden med et bes\u00f8k p\u00e5 Troms\u00f8s eneste isproduserte <a href=\"https:\/\/booking.bestarctic.com\/en\/to-do\/1817622\/magic-ice-with-welcome-drink\/showdetails\" target=\"_blank\" rel=\"noopener\">Magic Ice Bar, der du f\u00e5r en velkomstdrink inkludert<\/a>, og se p\u00e5 de h\u00e5ndlagde isskulpturene.","tipo_link_dcha":"link","boton_block_text_media_dcha":"","imagen_block_text_media_dcha":4307},{"acf_fc_layout":"block_texto_media","id_seccion_block_text_media":"","title_seccion_block_text_media":"","subtitle_seccion_block_text_media":"","text_seccion_block_text_media":"","url_seccion_block_text_media":"","add_background_color_to_block_text_media":"green","tipo_de_contenido_block_text_media":"texto","editor_de_texto_tipo_de_contenido_block_text_media":"<h2>Sommerlige mat- og kulturturer i Lofoten<\/h2>\r\nOm sommeren, fra midten av mai til slutten av juli, vil du bli fascinert av midnattssolens gylne nyanser. Lofoten er et flott reisem\u00e5l for \u00e5 oppleve den arktiske sommeren: natur, godt v\u00e6r og rimelige temperaturer, med fantastisk utsikt, fjorder og fjell.\r\n\r\nBes\u00f8k <a href=\"https:\/\/booking.bestarctic.com\/en\/to-do\/2717672\/lofotr-viking-museum-full-day-visit-from-svolv%C3%A6r-with-arctic\/showdetails\" target=\"_blank\" rel=\"noopener\">Vikingmuseet Lofotr<\/a>, som ligger p\u00e5 B\u00f8stad i Lofoten, og kj\u00f8p inngangsbilletten din p\u00e5 nett.","tipo_link":"link","boton_block_text_media":"","imagen_block_text_media":null,"tipo_de_contenido_block_text_media_dcha":"media","editor_de_texto_tipo_de_contenido_block_text_media_dcha":"","tipo_link_dcha":false,"boton_block_text_media_dcha":null,"imagen_block_text_media_dcha":21763},{"acf_fc_layout":"block_banner","id_seccion_block_banner_bg":"","add_background_color_to_block_banner_bg":"white","title_block_banner_bg":"Er du en matentusiast?","text_block_banner_bg":"Hvis du er glad i mat, kan du bli med p\u00e5 en tur i Nord-Norge og pr\u00f8ve de lokale delikatessene. Opplev den norske matkulturen og ta med deg smak og minner hjem! ","url_block_banner_bg":"","img_block_banner_bg":3749,"img_block_banner_bg_mobile":3747,"img_block_banner_mobile":3745}]},"_links":{"self":[{"href":"https:\/\/bestarctic.com\/no\/wp-json\/wp\/v2\/pages\/20384","targetHints":{"allow":["GET"]}}],"collection":[{"href":"https:\/\/bestarctic.com\/no\/wp-json\/wp\/v2\/pages"}],"about":[{"href":"https:\/\/bestarctic.com\/no\/wp-json\/wp\/v2\/types\/page"}],"author":[{"embeddable":true,"href":"https:\/\/bestarctic.com\/no\/wp-json\/wp\/v2\/users\/6"}],"replies":[{"embeddable":true,"href":"https:\/\/bestarctic.com\/no\/wp-json\/wp\/v2\/comments?post=20384"}],"version-history":[{"count":0,"href":"https:\/\/bestarctic.com\/no\/wp-json\/wp\/v2\/pages\/20384\/revisions"}],"up":[{"embeddable":true,"href":"https:\/\/bestarctic.com\/no\/wp-json\/wp\/v2\/pages\/20381"}],"wp:attachment":[{"href":"https:\/\/bestarctic.com\/no\/wp-json\/wp\/v2\/media?parent=20384"}],"curies":[{"name":"wp","href":"https:\/\/api.w.org\/{rel}","templated":true}]}}