{"id":20386,"date":"2025-04-22T12:51:01","date_gmt":"2025-04-22T10:51:01","guid":{"rendered":"https:\/\/bestarctic.com\/activities-in-northern-norway\/outdoor-activities-in-norway\/"},"modified":"2025-11-17T10:05:23","modified_gmt":"2025-11-17T09:05:23","slug":"friluftsaktiviteter-i-norge","status":"publish","type":"page","link":"https:\/\/bestarctic.com\/no\/aktiviteter-i-nord-norge\/friluftsaktiviteter-i-norge\/","title":{"rendered":"Friluftsaktiviteter i Nord-Norge"},"content":{"rendered":"","protected":false},"excerpt":{"rendered":"","protected":false},"author":6,"featured_media":0,"parent":20381,"menu_order":0,"comment_status":"closed","ping_status":"closed","template":"","meta":{"_acf_changed":false,"footnotes":""},"class_list":["post-20386","page","type-page","status-publish","hentry"],"acf":{"bloques_de_contenido":[{"acf_fc_layout":"block_hero_page","id_block_hero_page":"","video_o_imagen_hero_page":"video","video_block_hero_page_bg":6090,"hero_page_inicio_video_segundo":"","img_block_hero_page_bg":2327,"overlay_hero_page":"yes","title_block_hero_page":"Friluftsliv i Nord-Norge - kom tettere p\u00e5 naturen","text_block_hero_page":"Fantastiske fjorder, barske fjell, hvite sandstrender, dr\u00f8mmende \u00f8yer, dype skoger ... landskapet i Nord-Norge er vakkert og variert, noe som gj\u00f8r det til et paradis for naturelskere og friluftsentusiaster. Enten det er sommer eller vinter, det er s\u00e5 mye \u00e5 gj\u00f8re! Ta en titt p\u00e5 v\u00e5re myke opplevelser i og rundt Troms\u00f8, Senja, Lofoten og Lyngenfjordregionen.  ","label_block_hero_page":"","link_block_hero_page":{"title":"Utend\u00f8rsaktiviteter vinter","url":"https:\/\/booking.bestarctic.com\/en\/todo?filter=c=31198&sorting=st=a;so=a","target":"_blank"},"add_imagen_extra_hero_page":"no","cta_imagen_extra_hero_page":false,"imagen_content_block_hero_page":null,"one_imagen_content_block_hero_page":null,"two_imagen_content_block_hero_page":null,"three_imagen_content_block_hero_page":null,"three_imagen_content_block_hero_page_title":"","three_imagen_content_block_hero_page_text":"","three_imagen_content_block_hero_page_text_cta":"","three_imagen_content_block_hero_page_url_cta":""},{"acf_fc_layout":"block_carrusel_activities","id_seccion_carrusel_destacados_tabs":"","title_section_carrusel_destacados_tabs":"Utend\u00f8rsaktiviteter \/ turer","subtitle_section_carrusel_destacados_tabs":"","text_section_carrusel_destacados_tabs":"","url_seccion_carrusel_destacados_tabs":"","add_background_color_to_section_tabs":"white","tabs_activities_seleccionados_tabs":[{"tab_text_tabs_activities_seleccionados_tabs":"Turer i Troms\u00f8 \u2013 sommer","tab_carousel_activities_seleccionados_tabs":[20725,20774,20633]},{"tab_text_tabs_activities_seleccionados_tabs":"Turer i Troms\u00f8 \u2013 vinter","tab_carousel_activities_seleccionados_tabs":[20770,20594,20592,20589,20586,20584,20582,20580]},{"tab_text_tabs_activities_seleccionados_tabs":"Turer i Lofoten","tab_carousel_activities_seleccionados_tabs":[20641,20784,20782,20678,20676]},{"tab_text_tabs_activities_seleccionados_tabs":"Turer i Senja","tab_carousel_activities_seleccionados_tabs":[20757,20755,20633]}]},{"acf_fc_layout":"block_card_grid","add_background_color_to_section_block_card_grid":"green","id_seccion_block_card_grid":"","title_section_block_card_grid":"Hva trenger du \u00e5 vite","subtitle_section_block_card_grid":"","text_section_block_card_grid":"","url_seccion_block_card_grid":"","item_block_post_masonry_and_grid":[{"imagen_block_post_masonry_and_grid":2554,"titular_block_post_masonry_and_grid":"Ekte Turmat-m\u00e5ltider p\u00e5 Best Arctic's turer - Ekspedisjonsm\u00e5ltider forklart","texto_block_post_masonry_and_grid":"","location_block_post_masonry_and_grid":"","schedule_block_post_masonry_and_grid":"","duration_block_post_masonry_and_grid":"","price_block_post_masonry_and_grid":"","link_block_post_masonry_and_grid":{"title":"Les mer her","url":"https:\/\/bestarctic.com\/no\/nord-norge-reiseblogg\/ekte-turmat-pa-best-arctic-turer\/","target":""}},{"imagen_block_post_masonry_and_grid":4282,"titular_block_post_masonry_and_grid":"Hva du kan gj\u00f8re i Lofoten sommeren 2025","texto_block_post_masonry_and_grid":"","location_block_post_masonry_and_grid":"","schedule_block_post_masonry_and_grid":"","duration_block_post_masonry_and_grid":"","price_block_post_masonry_and_grid":"","link_block_post_masonry_and_grid":{"title":"Les mer her","url":"https:\/\/bestarctic.com\/no\/nord-norge-reiseblogg\/hva-a-gjore-i-lofoten-sommer-2025\/","target":""}},{"imagen_block_post_masonry_and_grid":4284,"titular_block_post_masonry_and_grid":"Hva du kan gj\u00f8re i Lofoten, Norge om sommeren","texto_block_post_masonry_and_grid":"","location_block_post_masonry_and_grid":"","schedule_block_post_masonry_and_grid":"","duration_block_post_masonry_and_grid":"","price_block_post_masonry_and_grid":"","link_block_post_masonry_and_grid":{"title":"Les mer her","url":"https:\/\/bestarctic.com\/no\/nord-norge-reiseblogg\/hva-a-gjore-i-lofoten-denne-sommeren\/","target":""}}]},{"acf_fc_layout":"block_texto_media","id_seccion_block_text_media":"","title_seccion_block_text_media":"","subtitle_seccion_block_text_media":"","text_seccion_block_text_media":"","url_seccion_block_text_media":"","add_background_color_to_block_text_media":"white","tipo_de_contenido_block_text_media":"media","editor_de_texto_tipo_de_contenido_block_text_media":"","tipo_link":false,"boton_block_text_media":null,"imagen_block_text_media":21747,"tipo_de_contenido_block_text_media_dcha":"texto","editor_de_texto_tipo_de_contenido_block_text_media_dcha":"<h2>Utforsk naturen og den norske livsstilen<\/h2>\r\nFriluftsliv er en viktig del av den norske identiteten, og n\u00e5r du har ren arktisk natur rett utenfor d\u00f8ren, er det vanskelig \u00e5 motst\u00e5 det.\r\n\r\nGj\u00f8r som lokalbefolkningen, og opplev den arktiske villmarkens utemmede skj\u00f8nnhet!\r\n\r\nVi mener at det ikke finnes noe bedre sted \u00e5 oppleve naturen enn i Nord-Norge.\r\n\r\nAlle reisende vil finne en m\u00e5te \u00e5 nyte skogene, fjordene, fjellene eller kystomr\u00e5dene p\u00e5, uansett \u00e5rstid.","tipo_link_dcha":"link","boton_block_text_media_dcha":"","imagen_block_text_media_dcha":null},{"acf_fc_layout":"block_banner","id_seccion_block_banner_bg":"","add_background_color_to_block_banner_bg":"white","title_block_banner_bg":"Hvis sporty, utend\u00f8rs og energisk er mellomnavnene dine, er denne delen noe for deg!","text_block_banner_bg":"Sommeren i Nord-Norge innbyr til aktiviteter og fotturer. Derfor tilbyr vi deg flere alternativer, som elveb\u00e5tturer, fotturer, sykkelturer eller sightseeing med minibuss eller b\u00e5t.  Vi vil vise deg fantastiske steder, vakre landskap, de beste turomr\u00e5dene og de mest spektakul\u00e6re fjellene \u00e5 g\u00e5 opp i Nord-Norge!","url_block_banner_bg":{"title":"Bestill utend\u00f8rsaktiviteter","url":"https:\/\/booking.bestarctic.com\/en\/todo?filter=c=31198&sorting=st=a;so=a","target":"_blank"},"img_block_banner_bg":3749,"img_block_banner_bg_mobile":3747,"img_block_banner_mobile":3745}]},"_links":{"self":[{"href":"https:\/\/bestarctic.com\/no\/wp-json\/wp\/v2\/pages\/20386","targetHints":{"allow":["GET"]}}],"collection":[{"href":"https:\/\/bestarctic.com\/no\/wp-json\/wp\/v2\/pages"}],"about":[{"href":"https:\/\/bestarctic.com\/no\/wp-json\/wp\/v2\/types\/page"}],"author":[{"embeddable":true,"href":"https:\/\/bestarctic.com\/no\/wp-json\/wp\/v2\/users\/6"}],"replies":[{"embeddable":true,"href":"https:\/\/bestarctic.com\/no\/wp-json\/wp\/v2\/comments?post=20386"}],"version-history":[{"count":0,"href":"https:\/\/bestarctic.com\/no\/wp-json\/wp\/v2\/pages\/20386\/revisions"}],"up":[{"embeddable":true,"href":"https:\/\/bestarctic.com\/no\/wp-json\/wp\/v2\/pages\/20381"}],"wp:attachment":[{"href":"https:\/\/bestarctic.com\/no\/wp-json\/wp\/v2\/media?parent=20386"}],"curies":[{"name":"wp","href":"https:\/\/api.w.org\/{rel}","templated":true}]}}