{"id":20388,"date":"2025-04-22T12:07:08","date_gmt":"2025-04-22T10:07:08","guid":{"rendered":"https:\/\/bestarctic.com\/activities-in-northern-norway\/boat-fjord-tours-norway\/"},"modified":"2025-11-17T10:05:18","modified_gmt":"2025-11-17T09:05:18","slug":"batturer-og-fjordsafari-norge","status":"publish","type":"page","link":"https:\/\/bestarctic.com\/no\/aktiviteter-i-nord-norge\/batturer-og-fjordsafari-norge\/","title":{"rendered":"B\u00e5t- og fjordturer i Nord-Norge"},"content":{"rendered":"","protected":false},"excerpt":{"rendered":"","protected":false},"author":4,"featured_media":0,"parent":20381,"menu_order":0,"comment_status":"closed","ping_status":"closed","template":"","meta":{"_acf_changed":false,"footnotes":""},"class_list":["post-20388","page","type-page","status-publish","hentry"],"acf":{"bloques_de_contenido":[{"acf_fc_layout":"block_hero_page","id_block_hero_page":"","video_o_imagen_hero_page":"img","video_block_hero_page_bg":null,"hero_page_inicio_video_segundo":"","img_block_hero_page_bg":4225,"overlay_hero_page":"yes","title_block_hero_page":"B\u00e5t- og fjordturer i Nord-Norge","text_block_hero_page":"  B\u00e5t- og fjordturer i Nord-Norge Med mer enn 1000 fjorder i Norge er det vanskelig \u00e5 bes\u00f8ke landet uten \u00e5 dra p\u00e5 en fjordtur. Hvis du sp\u00f8r deg selv om hvor de vakreste fjordene i Norge er, vil noen kanskje svare fjordene p\u00e5 Vestlandet, siden de er de mest kjente, men her oppe i Nord-Norge er fjordene minst like vakre og vil gi deg lyst til \u00e5 se mer! Vi tilbyr noen av de beste fjordcruisene i Norge, i tillegg til andre b\u00e5tturer \u00e5ret rundt i Troms\u00f8, Senja, Lofoten og Lyngenfjorden! Med et utvalg av en-times cruise, halvdagsturer og heldagsturer, finnes det noe for enhver reisende!   ","label_block_hero_page":"","link_block_hero_page":{"title":"Sommer - B\u00e5t- og fjordturer","url":"https:\/\/booking.bestarctic.com\/en\/todo?filter=c=31196,44247&sorting=st=a;so=a","target":"_blank"},"add_imagen_extra_hero_page":"no","cta_imagen_extra_hero_page":false,"imagen_content_block_hero_page":null,"one_imagen_content_block_hero_page":null,"two_imagen_content_block_hero_page":null,"three_imagen_content_block_hero_page":null,"three_imagen_content_block_hero_page_title":"","three_imagen_content_block_hero_page_text":"","three_imagen_content_block_hero_page_text_cta":"","three_imagen_content_block_hero_page_url_cta":""},{"acf_fc_layout":"block_carrusel_activities","id_seccion_carrusel_destacados_tabs":"","title_section_carrusel_destacados_tabs":"B\u00e5t- og fjordturer","subtitle_section_carrusel_destacados_tabs":"","text_section_carrusel_destacados_tabs":"","url_seccion_carrusel_destacados_tabs":"","add_background_color_to_section_tabs":"white","tabs_activities_seleccionados_tabs":[{"tab_text_tabs_activities_seleccionados_tabs":"Troms\u00f8 \u2013 Sommerturer","tab_carousel_activities_seleccionados_tabs":[20821,20567,20721,20764,20776,20565]},{"tab_text_tabs_activities_seleccionados_tabs":"Troms\u00f8 \u2013 Vinterturer","tab_carousel_activities_seleccionados_tabs":[20821,20567,20721,20764,20705,20563,20693,20829,20561]},{"tab_text_tabs_activities_seleccionados_tabs":"Turer i Lofoten","tab_carousel_activities_seleccionados_tabs":[20789,20780]},{"tab_text_tabs_activities_seleccionados_tabs":"Turer i Vester\u00e5len","tab_carousel_activities_seleccionados_tabs":[20637,20748,20750]},{"tab_text_tabs_activities_seleccionados_tabs":"Turer i Oslo","tab_carousel_activities_seleccionados_tabs":[20559,20573,20557]},{"tab_text_tabs_activities_seleccionados_tabs":"Turer i Bod\u00f8","tab_carousel_activities_seleccionados_tabs":[20555,20553]}]},{"acf_fc_layout":"block_texto_media","id_seccion_block_text_media":"","title_seccion_block_text_media":"Fra sightseeingturer til dyreliv og nordlyscruise","subtitle_seccion_block_text_media":"","text_seccion_block_text_media":"De fleste fjordene i Nord-Norge er isfrie takket v\u00e6re den varmende Golfstr\u00f8mmen, noe som betyr at du kan utforske dem \u00e5ret rundt!\r\n\r\nOm sommeren kan du ta en kveldstur med b\u00e5t i Troms\u00f8 og nyte det gylne lyset fra midnattssolen, og fra begynnelsen av september til slutten av mars kan du observere nordlyset under et nordlystokt!\r\n\r\nDu kan ogs\u00e5 bli med p\u00e5 sightseeingturer, middagscruise og fisketurer i Troms\u00f8 eller Lofoten. Alle disse turene gir deg muligheten til \u00e5 l\u00e6re mer om norsk kultur og historie.","url_seccion_block_text_media":"","add_background_color_to_block_text_media":"white","tipo_de_contenido_block_text_media":"texto","editor_de_texto_tipo_de_contenido_block_text_media":"","tipo_link":"link","boton_block_text_media":"","imagen_block_text_media":null,"tipo_de_contenido_block_text_media_dcha":"media","editor_de_texto_tipo_de_contenido_block_text_media_dcha":"<h2>B\u00e5t- og fjordturer i Troms\u00f8<\/h2>\r\nB\u00e5t- og fjordturer er en flott m\u00e5te \u00e5 utforske naturen og landskapene rundt Troms\u00f8 p\u00e5.\r\n\r\nTa gjerne med kameraet ditt og ta portrett- og landskapsbilder p\u00e5 turene dine, slik at du f\u00e5r fylt opp minnene og kameraet ditt.\r\n\r\nHvis du er heldig, kan du f\u00e5 \u00f8ye p\u00e5 reinsdyr, elg eller hav\u00f8rn.\r\n\r\nVi har flere turer som g\u00e5r \u00e5ret rundt, b\u00e5de om vinteren og sommeren, slik at du kan oppleve landskapene rundt Troms\u00f8.\r\n\r\nHvis du \u00f8nsker \u00e5 fiske mens du er i Norge, har vi en hel\u00e5rlig <a href=\"https:\/\/booking.bestarctic.com\/en\/to-do\/2016868\/fishing-fjord-cruise-hermes-ii\/showdetails\">fiske- og fjordcruisetur<\/a> tilgjengelig for deg, et <a href=\"https:\/\/booking.bestarctic.com\/en\/to-do\/2036852\/fjord-history-cruise\/showdetails\">fjord- og historiecruise<\/a> eller en kulturell og historisk tur med v\u00e5rt <a href=\"https:\/\/booking.bestarctic.com\/en\/to-do\/1912164\/1-hour-photo-history-cruise\/showdetails\">1-times foto-<\/a> og historiecruise.","tipo_link_dcha":"link","boton_block_text_media_dcha":"","imagen_block_text_media_dcha":""},{"acf_fc_layout":"block_slider_two_cols","id_seccion_block_slider_two_cols":"","title_section_block_slider_two_cols":"Opplev dyrelivet i Nord-Norge","subtitle_section_block_slider_two_cols":"Fra fugler til sv\u00f8mmende elger!","text_section_block_slider_two_cols":"","url_section_block_slider_two_cols":"","add_background_color_to_block_slider_two_cols":"white","item_slider_block_slider_two_cols":[{"imagen_item_slider_block_slider_two_cols":21051,"imagen_item_slider_block_slider_two_cols_mobile":"","title_item_slider_block_slider_two_cols":"","texto_item_carrusel_two_cols":"Hvis du er interessert i arktiske dyr, kan du bli med p\u00e5 et fjord- og dyrelivscruise i Troms\u00f8 eller dra p\u00e5 hvalsafari fra Troms\u00f8 (hvalsafarisesongen er vanligvis fra tidlig i november til slutten av januar)."},{"imagen_item_slider_block_slider_two_cols":21054,"imagen_item_slider_block_slider_two_cols_mobile":"","title_item_slider_block_slider_two_cols":"","texto_item_carrusel_two_cols":"I Lofoten er Trollfjord-cruiset et popul\u00e6rt valg. Trollfjord er bare 2 km lang, men er en av de mest kjente fjordene i Norge!\r\n\r\nDet er ikke uvanlig \u00e5 se konge\u00f8rner og hav\u00f8rner, og noen ganger sel eller delfiner!"}]},{"acf_fc_layout":"block_banner","id_seccion_block_banner_bg":"","add_background_color_to_block_banner_bg":"white","title_block_banner_bg":"Norge er kjent for sine spektakul\u00e6re fjorder, og du kan ikke bes\u00f8ke Norge uten \u00e5 g\u00e5 glipp av muligheten til \u00e5 dra p\u00e5 en fjordtur.","text_block_banner_bg":"Vi har b\u00e5tturer b\u00e5de i Troms\u00f8 og i Lofoten, og tilbyr deg de beste fjordcruisene i omr\u00e5det.","url_block_banner_bg":{"title":"Bestill din b\u00e5t- og fjordtur","url":"https:\/\/booking.bestarctic.com\/en\/todo?filter=c=31196,44247&sorting=st=a;so=a","target":"_blank"},"img_block_banner_bg":3749,"img_block_banner_bg_mobile":3747,"img_block_banner_mobile":3745}]},"_links":{"self":[{"href":"https:\/\/bestarctic.com\/no\/wp-json\/wp\/v2\/pages\/20388","targetHints":{"allow":["GET"]}}],"collection":[{"href":"https:\/\/bestarctic.com\/no\/wp-json\/wp\/v2\/pages"}],"about":[{"href":"https:\/\/bestarctic.com\/no\/wp-json\/wp\/v2\/types\/page"}],"author":[{"embeddable":true,"href":"https:\/\/bestarctic.com\/no\/wp-json\/wp\/v2\/users\/4"}],"replies":[{"embeddable":true,"href":"https:\/\/bestarctic.com\/no\/wp-json\/wp\/v2\/comments?post=20388"}],"version-history":[{"count":0,"href":"https:\/\/bestarctic.com\/no\/wp-json\/wp\/v2\/pages\/20388\/revisions"}],"up":[{"embeddable":true,"href":"https:\/\/bestarctic.com\/no\/wp-json\/wp\/v2\/pages\/20381"}],"wp:attachment":[{"href":"https:\/\/bestarctic.com\/no\/wp-json\/wp\/v2\/media?parent=20388"}],"curies":[{"name":"wp","href":"https:\/\/api.w.org\/{rel}","templated":true}]}}