{"id":20390,"date":"2025-04-17T16:49:51","date_gmt":"2025-04-17T14:49:51","guid":{"rendered":"https:\/\/bestarctic.com\/activities-in-northern-norway\/arctic-holiday-packages-norway\/"},"modified":"2025-11-17T10:05:17","modified_gmt":"2025-11-17T09:05:17","slug":"arktiske-feriepakker-norge","status":"publish","type":"page","link":"https:\/\/bestarctic.com\/no\/aktiviteter-i-nord-norge\/arktiske-feriepakker-norge\/","title":{"rendered":"Arktiske feriepakker"},"content":{"rendered":"","protected":false},"excerpt":{"rendered":"","protected":false},"author":7,"featured_media":0,"parent":20381,"menu_order":0,"comment_status":"closed","ping_status":"closed","template":"","meta":{"_acf_changed":false,"footnotes":""},"class_list":["post-20390","page","type-page","status-publish","hentry"],"acf":{"bloques_de_contenido":[{"acf_fc_layout":"block_hero_page","id_block_hero_page":"","video_o_imagen_hero_page":"video","video_block_hero_page_bg":2149,"hero_page_inicio_video_segundo":"","img_block_hero_page_bg":null,"overlay_hero_page":"yes","title_block_hero_page":"F\u00e5 mest mulig ut av reisen din med v\u00e5re arktiske feriepakker!","text_block_hero_page":"De fleste av v\u00e5re gjester oppholder seg i Nord-Norge i flere dager, men det er sjelden tid til alle de turene og aktivitetene man \u00f8nsker \u00e5 gj\u00f8re mens man er i Troms\u00f8. Derfor har vi utviklet flere pakker som kombinerer aktiviteter p\u00e5 dagtid med kveldsaktiviteter eller overnatting med en morgenaktivitet dagen etter. ","label_block_hero_page":"","link_block_hero_page":{"title":"Se alle arktiske feriepakker","url":"https:\/\/booking.bestarctic.com\/en\/packages","target":"_blank"},"add_imagen_extra_hero_page":"no","cta_imagen_extra_hero_page":false,"imagen_content_block_hero_page":null,"one_imagen_content_block_hero_page":null,"two_imagen_content_block_hero_page":null,"three_imagen_content_block_hero_page":null,"three_imagen_content_block_hero_page_title":"","three_imagen_content_block_hero_page_text":"","three_imagen_content_block_hero_page_text_cta":"","three_imagen_content_block_hero_page_url_cta":""},{"acf_fc_layout":"block_carrusel_activities","id_seccion_carrusel_destacados_tabs":"","title_section_carrusel_destacados_tabs":"Pakketurer i Norge","subtitle_section_carrusel_destacados_tabs":"","text_section_carrusel_destacados_tabs":"","url_seccion_carrusel_destacados_tabs":"","add_background_color_to_section_tabs":"white","tabs_activities_seleccionados_tabs":[{"tab_text_tabs_activities_seleccionados_tabs":"Fra Troms\u00f8 \u2013 vinter","tab_carousel_activities_seleccionados_tabs":[20598,20596,20682]},{"tab_text_tabs_activities_seleccionados_tabs":"Fra Troms\u00f8 \u2013 sommer","tab_carousel_activities_seleccionados_tabs":[20776]},{"tab_text_tabs_activities_seleccionados_tabs":"Fra Svolv\u00e6r (Lofoten) \u2013 sommer","tab_carousel_activities_seleccionados_tabs":[20643,20789]},{"tab_text_tabs_activities_seleccionados_tabs":"Fra Senja","tab_carousel_activities_seleccionados_tabs":[20757,20787]}]},{"acf_fc_layout":"block_card_grid","add_background_color_to_section_block_card_grid":"white","id_seccion_block_card_grid":"","title_section_block_card_grid":"Hva trenger du \u00e5 vite","subtitle_section_block_card_grid":"","text_section_block_card_grid":"","url_seccion_block_card_grid":"","item_block_post_masonry_and_grid":[{"imagen_block_post_masonry_and_grid":3245,"titular_block_post_masonry_and_grid":"Ta en dagstur til Polar Park i Norge og opplev villmarken","texto_block_post_masonry_and_grid":"","location_block_post_masonry_and_grid":"","schedule_block_post_masonry_and_grid":"","duration_block_post_masonry_and_grid":"","price_block_post_masonry_and_grid":"","link_block_post_masonry_and_grid":{"title":"Les mer her","url":"https:\/\/bestarctic.com\/no\/nord-norge-reiseblogg\/dagsutflukt-til-polarpark-norge\/","target":""}},{"imagen_block_post_masonry_and_grid":3215,"titular_block_post_masonry_and_grid":"Aurora Huts: Glamping i Troms\u00f8, Norge","texto_block_post_masonry_and_grid":"","location_block_post_masonry_and_grid":"","schedule_block_post_masonry_and_grid":"","duration_block_post_masonry_and_grid":"","price_block_post_masonry_and_grid":"","link_block_post_masonry_and_grid":{"title":"Les mer her","url":"https:\/\/bestarctic.com\/no\/nord-norge-reiseblogg\/aurora-hytter-glamping-i-norge\/","target":""}},{"imagen_block_post_masonry_and_grid":4222,"titular_block_post_masonry_and_grid":"Hvordan tilbringe tre dager i Kilpisj\u00e4rvi - Finland, fra Troms\u00f8","texto_block_post_masonry_and_grid":"","location_block_post_masonry_and_grid":"","schedule_block_post_masonry_and_grid":"","duration_block_post_masonry_and_grid":"","price_block_post_masonry_and_grid":"","link_block_post_masonry_and_grid":{"title":"Les mer her","url":"https:\/\/bestarctic.com\/no\/nord-norge-reiseblogg\/tre-dager-i-kilpisjarvi-finland\/","target":""}}]},{"acf_fc_layout":"block_texto_media","id_seccion_block_text_media":"","title_seccion_block_text_media":"","subtitle_seccion_block_text_media":"","text_seccion_block_text_media":"","url_seccion_block_text_media":"","add_background_color_to_block_text_media":"white","tipo_de_contenido_block_text_media":"media","editor_de_texto_tipo_de_contenido_block_text_media":"<h2>Glamping i Troms-omr\u00e5det: Sov p\u00e5 en Aurora-hytte og dra p\u00e5 sn\u00f8scootertur dagen etter.<\/h2>\r\nHvis du noen gang har dr\u00f8mt om \u00e5 sove p\u00e5 en nordlyshytte, med mulighet for \u00e5 se nordlyset, og dra p\u00e5 sn\u00f8scootertur dagen etter, s\u00e5 er dette turen for deg. Middag er inkludert, og du kan ogs\u00e5 bruke badstuen og boblebadet som er tilgjengelig i Aurora Hut-campen.","tipo_link":"link","boton_block_text_media":{"title":"Bestill n\u00e5","url":"https:\/\/booking.bestarctic.com\/en\/packages\/2029443\/aurora-hut-overnight-with-daytime-snowmobile-adventure-next","target":"_blank"},"imagen_block_text_media":21744,"tipo_de_contenido_block_text_media_dcha":"texto","editor_de_texto_tipo_de_contenido_block_text_media_dcha":"Visste du at du ogs\u00e5 kan bes\u00f8ke Polar Park, verdens nordligste dyrepark?\r\n\r\nVi tilbyr transport tur\/retur Troms\u00f8 med inngangsbilletten inkludert.\r\n\r\nPolar Park har arktiske dyr som du kanskje ikke finner i hjemlandet ditt, som gaupe, brunbj\u00f8rn, jerv, ulv og fjellrev, blant mange andre interessante skapninger.","tipo_link_dcha":"link","boton_block_text_media_dcha":{"title":"Bestill n\u00e5","url":"https:\/\/booking.bestarctic.com\/en\/packages\/2025946\/travel-from-troms%c3%b8-to-polar-park-with-arctic-route","target":"_blank"},"imagen_block_text_media_dcha":4167},{"acf_fc_layout":"block_texto_media","id_seccion_block_text_media":"","title_seccion_block_text_media":"","subtitle_seccion_block_text_media":"","text_seccion_block_text_media":"Visste du at du ogs\u00e5 kan bes\u00f8ke Polar Park, verdens nordligste dyrepark?\r\n\r\nVi tilbyr transport tur\/retur Troms\u00f8 med inngangsbilletten inkludert.\r\n\r\nPolar Park har arktiske dyr som du kanskje ikke finner i hjemlandet ditt, som gaupe, brunbj\u00f8rn, jerv, ulv og fjellrev, blant mange andre interessante skapninger.","url_seccion_block_text_media":"","add_background_color_to_block_text_media":"white","tipo_de_contenido_block_text_media":"texto","editor_de_texto_tipo_de_contenido_block_text_media":"<h2>Glamping i Troms-omr\u00e5det: Sov p\u00e5 en Aurora-hytte og dra p\u00e5 sn\u00f8scootertur dagen etter.<\/h2>\r\nHvis du noen gang har dr\u00f8mt om \u00e5 sove p\u00e5 en nordlyshytte, med mulighet for \u00e5 se nordlyset, og dra p\u00e5 sn\u00f8scootertur dagen etter, s\u00e5 er dette turen for deg. Middag er inkludert, og du kan ogs\u00e5 bruke badstuen og boblebadet som er tilgjengelig i Aurora Hut-campen.","tipo_link":"link","boton_block_text_media":{"title":"Bestill n\u00e5","url":"https:\/\/booking.bestarctic.com\/en\/packages\/2029443\/aurora-hut-overnight-with-daytime-snowmobile-adventure-next","target":"_blank"},"imagen_block_text_media":835,"tipo_de_contenido_block_text_media_dcha":"media","editor_de_texto_tipo_de_contenido_block_text_media_dcha":"<h3>Hvalsafari om sommeren i Norge<\/h3>\r\nVisste du at du ogs\u00e5 kan dra p\u00e5 hvalsafari i Lofoten om sommeren?\r\n\r\nBli med p\u00e5 <a href=\"https:\/\/booking.bestarctic.com\/en\/to-do\/2144600\/whale-watching-at-andenes-from-svolv%C3%A6r-with-arctic-route-dur\/showdetails\" target=\"_blank\" rel=\"noopener\">hvalsafari fra Svolv\u00e6r<\/a> (avreise og ankomst til Svolv\u00e6r med buss inkludert, alt p\u00e5 samme dag).\r\n\r\nBusstransport begge veier er inkludert, med tidlige daglige avganger (kl. 07.30) fra Svolv\u00e6r sentrum, mellom 15. juni og 31. august.\r\n\r\n<strong>Tidsplan:<\/strong>\r\n<ul>\r\n \t<li><strong>07:35<\/strong> - Avgang fra Svolv\u00e6r sentrum (Fiskegata) \/ 07:40 Svinv\u00f8ya Rorbuer avgang - v\u00e6r p\u00e5 plass 07:30 (am)<\/li>\r\n \t<li><strong>08:30-09:00<\/strong> - ferge til Vester\u00e5len<\/li>\r\n \t<li><strong>11:00- 11:30<\/strong> - Fotostopp ved Marmelkroken + inkl. matpakke (mulighet for \u00e5 kj\u00f8pe kaffe, vaffel, etc.)<\/li>\r\n \t<li><strong>12:15<\/strong> - Ankomst til Andenes<\/li>\r\n \t<li><strong>13:00-16:15<\/strong> - Hvalsafari<\/li>\r\n \t<li><strong>16:45<\/strong> - Avreise fra Andenes til Svolv\u00e6r<\/li>\r\n \t<li><strong>17:00<\/strong> - Unikt fotostopp ved Norges lengste hvite sandstrand p\u00e5 Bleik<\/li>\r\n \t<li><strong>20:15-20:40<\/strong> - Ferge tilbake til Lofoten (25 min)<\/li>\r\n \t<li><strong>21:30:<\/strong> Ankomst til Svolv\u00e6r<\/li>\r\n<\/ul>","tipo_link_dcha":"link","boton_block_text_media_dcha":"","imagen_block_text_media_dcha":21743},{"acf_fc_layout":"block_texto_media","id_seccion_block_text_media":"","title_seccion_block_text_media":"Sommer 2025-pakker og pakkel\u00f8sninger","subtitle_seccion_block_text_media":"","text_seccion_block_text_media":"Nyt den arktiske sommeren enten i Troms\u00f8 eller Lofoten, du velger selv! Vi tilbyr deg flere arktiske opplevelsespakker og aktiviteter (med transport inkludert), i Nordens Paris (Troms\u00f8) eller i Lofoten. Nyt midnattssolens land om sommeren!","url_seccion_block_text_media":"","add_background_color_to_block_text_media":"green","tipo_de_contenido_block_text_media":"media","editor_de_texto_tipo_de_contenido_block_text_media":"<h2>Overnatting i et Gamme-telt med nordlys<\/h2>\r\nEn ny opplevelse venter p\u00e5 deg! Bo i et autentisk samisk telt, ved siden av reinsdyr, med middag og frokost inkludert: Pr\u00f8v v\u00e5r Overnatting i Lavvo, reinsdyrslede og f\u00f4ring.","tipo_link":"link","boton_block_text_media":"","imagen_block_text_media":21742,"tipo_de_contenido_block_text_media_dcha":"texto","editor_de_texto_tipo_de_contenido_block_text_media_dcha":"<h3>Hvalsafari om sommeren i Norge<\/h3>\r\nVisste du at du ogs\u00e5 kan dra p\u00e5 hvalsafari i Lofoten om sommeren?\r\n\r\nBli med p\u00e5 <a href=\"https:\/\/booking.bestarctic.com\/en\/to-do\/2144600\/whale-watching-at-andenes-from-svolv%C3%A6r-with-arctic-route-dur\/showdetails\" target=\"_blank\" rel=\"noopener\">hvalsafari fra Svolv\u00e6r<\/a> (avreise og ankomst til Svolv\u00e6r med buss inkludert, alt p\u00e5 samme dag).\r\n\r\nBusstransport begge veier er inkludert, med tidlige daglige avganger (kl. 07.30) fra Svolv\u00e6r sentrum, mellom 15. juni og 31. august.\r\n\r\n<strong>Tidsplan:<\/strong>\r\n<ul>\r\n \t<li><strong>07:35<\/strong> - Avgang fra Svolv\u00e6r sentrum (Fiskegata) \/ 07:40 Svinv\u00f8ya Rorbuer avgang - v\u00e6r p\u00e5 plass 07:30 (am)<\/li>\r\n \t<li><strong>08:30-09:00<\/strong> - ferge til Vester\u00e5len<\/li>\r\n \t<li><strong>11:00- 11:30<\/strong> - Fotostopp ved Marmelkroken + inkl. matpakke (mulighet for \u00e5 kj\u00f8pe kaffe, vaffel, etc.)<\/li>\r\n \t<li><strong>12:15<\/strong> - Ankomst til Andenes<\/li>\r\n \t<li><strong>13:00-16:15<\/strong> - Hvalsafari<\/li>\r\n \t<li><strong>16:45<\/strong> - Avreise fra Andenes til Svolv\u00e6r<\/li>\r\n \t<li><strong>17:00<\/strong> - Unikt fotostopp ved Norges lengste hvite sandstrand p\u00e5 Bleik<\/li>\r\n \t<li><strong>20:15-20:40<\/strong> - Ferge tilbake til Lofoten (25 min)<\/li>\r\n \t<li><strong>21:30:<\/strong> Ankomst til Svolv\u00e6r<\/li>\r\n<\/ul>","tipo_link_dcha":"link","boton_block_text_media_dcha":"","imagen_block_text_media_dcha":null},{"acf_fc_layout":"block_banner","id_seccion_block_banner_bg":"","add_background_color_to_block_banner_bg":"white","title_block_banner_bg":"Gj\u00f8r det beste ut av tiden din i Nord-Norge!","text_block_banner_bg":"Spar penger og tid, og bestill en eller flere pakker, slik at du har mulighet til \u00e5 oppleve det hele under oppholdet ditt her.","url_block_banner_bg":{"title":"Bestill din arktiske pakke","url":"https:\/\/booking.bestarctic.com\/en\/packages","target":"_blank"},"img_block_banner_bg":3749,"img_block_banner_bg_mobile":3747,"img_block_banner_mobile":3745}]},"_links":{"self":[{"href":"https:\/\/bestarctic.com\/no\/wp-json\/wp\/v2\/pages\/20390","targetHints":{"allow":["GET"]}}],"collection":[{"href":"https:\/\/bestarctic.com\/no\/wp-json\/wp\/v2\/pages"}],"about":[{"href":"https:\/\/bestarctic.com\/no\/wp-json\/wp\/v2\/types\/page"}],"author":[{"embeddable":true,"href":"https:\/\/bestarctic.com\/no\/wp-json\/wp\/v2\/users\/7"}],"replies":[{"embeddable":true,"href":"https:\/\/bestarctic.com\/no\/wp-json\/wp\/v2\/comments?post=20390"}],"version-history":[{"count":0,"href":"https:\/\/bestarctic.com\/no\/wp-json\/wp\/v2\/pages\/20390\/revisions"}],"up":[{"embeddable":true,"href":"https:\/\/bestarctic.com\/no\/wp-json\/wp\/v2\/pages\/20381"}],"wp:attachment":[{"href":"https:\/\/bestarctic.com\/no\/wp-json\/wp\/v2\/media?parent=20390"}],"curies":[{"name":"wp","href":"https:\/\/api.w.org\/{rel}","templated":true}]}}