{"id":20391,"date":"2025-04-17T15:57:42","date_gmt":"2025-04-17T13:57:42","guid":{"rendered":"https:\/\/bestarctic.com\/activities-in-northern-norway\/reindeer-sami-tours-tromso-norway\/"},"modified":"2025-11-17T10:05:24","modified_gmt":"2025-11-17T09:05:24","slug":"reinsdyr-samisk-turer-tromso-norge","status":"publish","type":"page","link":"https:\/\/bestarctic.com\/no\/aktiviteter-i-nord-norge\/reinsdyr-samisk-turer-tromso-norge\/","title":{"rendered":"Reinsdyr- og samekulturturer i Troms\u00f8, Norge"},"content":{"rendered":"","protected":false},"excerpt":{"rendered":"","protected":false},"author":6,"featured_media":0,"parent":20381,"menu_order":0,"comment_status":"closed","ping_status":"closed","template":"","meta":{"_acf_changed":false,"footnotes":""},"class_list":["post-20391","page","type-page","status-publish","hentry"],"acf":{"bloques_de_contenido":[{"acf_fc_layout":"block_hero_page","id_block_hero_page":"","video_o_imagen_hero_page":"video","video_block_hero_page_bg":6088,"hero_page_inicio_video_segundo":"","img_block_hero_page_bg":4985,"overlay_hero_page":"yes","title_block_hero_page":"  Reinsdyr- og samekulturturer i Troms\u00f8, Norge","text_block_hero_page":"Urfolket samene og reinen deres har levd og arbeidet i omr\u00e5det i \u00e5rhundrer. Det er f\u00f8rst i nyere tid at samene har invitert gjester til \u00e5 ta del i livet deres. Men hvem er egentlig samene? Hvorfor er reinen s\u00e5 popul\u00e6r i Norge? L\u00e6r mer om samene og deres kultur, hvor kommer de fra og hvorfor er de s\u00e5 viktige?    ","label_block_hero_page":"","link_block_hero_page":{"title":"Se alle turer med rein og samisk kultur","url":"https:\/\/booking.bestarctic.com\/en\/todo?filter=c=31193&sorting=st=a;so=a","target":"_blank"},"add_imagen_extra_hero_page":"no","cta_imagen_extra_hero_page":false,"imagen_content_block_hero_page":null,"one_imagen_content_block_hero_page":null,"two_imagen_content_block_hero_page":null,"three_imagen_content_block_hero_page":null,"three_imagen_content_block_hero_page_title":"","three_imagen_content_block_hero_page_text":"","three_imagen_content_block_hero_page_text_cta":"","three_imagen_content_block_hero_page_url_cta":""},{"acf_fc_layout":"block_carrusel_activities","id_seccion_carrusel_destacados_tabs":"","title_section_carrusel_destacados_tabs":"Samiske og reinsdyrturer","subtitle_section_carrusel_destacados_tabs":"","text_section_carrusel_destacados_tabs":"","url_seccion_carrusel_destacados_tabs":"","add_background_color_to_section_tabs":"white","tabs_activities_seleccionados_tabs":[{"tab_text_tabs_activities_seleccionados_tabs":"Dagsturer","tab_carousel_activities_seleccionados_tabs":[20707,20612,20615,20727,20609,20607]},{"tab_text_tabs_activities_seleccionados_tabs":"Kveldsturer","tab_carousel_activities_seleccionados_tabs":[20605,20730,20732,20600,20685]}]},{"acf_fc_layout":"block_card_grid","add_background_color_to_section_block_card_grid":"green","id_seccion_block_card_grid":"","title_section_block_card_grid":"Hva trenger du \u00e5 vite","subtitle_section_block_card_grid":"","text_section_block_card_grid":"","url_seccion_block_card_grid":"","item_block_post_masonry_and_grid":[{"imagen_block_post_masonry_and_grid":4184,"titular_block_post_masonry_and_grid":"M\u00f8tet med reinsdyrene i Troms\u00f8, Norge - Anmeldelse av Loic Lagarde","texto_block_post_masonry_and_grid":"","location_block_post_masonry_and_grid":"","schedule_block_post_masonry_and_grid":"","duration_block_post_masonry_and_grid":"","price_block_post_masonry_and_grid":"","link_block_post_masonry_and_grid":{"title":"Les mer her","url":"https:\/\/bestarctic.com\/no\/nord-norge-reiseblogg\/tromso-norge-arktisk-reinsdyr-tur-anmeldelse\/","target":""}},{"imagen_block_post_masonry_and_grid":4182,"titular_block_post_masonry_and_grid":"Hva du kan gj\u00f8re i Troms\u00f8 i september og oktober","texto_block_post_masonry_and_grid":"","location_block_post_masonry_and_grid":"","schedule_block_post_masonry_and_grid":"","duration_block_post_masonry_and_grid":"","price_block_post_masonry_and_grid":"","link_block_post_masonry_and_grid":{"title":"Les mer her","url":"https:\/\/bestarctic.com\/no\/nord-norge-reiseblogg\/hva-a-gjore-i-tromso-i-september-oktober\/","target":""}},{"imagen_block_post_masonry_and_grid":4180,"titular_block_post_masonry_and_grid":"Hva du kan gj\u00f8re i Troms\u00f8 i april - Aktiviteter, turer og opplevelser","texto_block_post_masonry_and_grid":"","location_block_post_masonry_and_grid":"","schedule_block_post_masonry_and_grid":"","duration_block_post_masonry_and_grid":"","price_block_post_masonry_and_grid":"","link_block_post_masonry_and_grid":{"title":"Les mer her","url":"https:\/\/bestarctic.com\/no\/nord-norge-reiseblogg\/hva-a-gjore-i-tromso-i-april\/","target":""}}]},{"acf_fc_layout":"block_texto_media","id_seccion_block_text_media":"","title_seccion_block_text_media":"Reinsdyr- og samekulturturer i Troms\u00f8:","subtitle_seccion_block_text_media":"","text_seccion_block_text_media":"","url_seccion_block_text_media":"","add_background_color_to_block_text_media":"white","tipo_de_contenido_block_text_media":"media","editor_de_texto_tipo_de_contenido_block_text_media":"<h2>Hva er den samiske kulturen?<\/h2>\r\nSelv om samene i dag er en del av det moderne samfunnet, har de beholdt noen eldgamle tradisjoner, som <em>joik<\/em> (en samisk sang som vanligvis handler om et sted, en person eller en ting), <em>duodji<\/em> (h\u00e5ndverk) og reindrift.\r\n\r\nN\u00e5r du bes\u00f8ker Troms\u00f8, b\u00f8r du pr\u00f8ve en arktisk tur med samene og reinsdyrene deres og l\u00e6re mer om deres kultur og historie.\r\n\r\nSamene bor ikke i reinsdyrleire lenger.\r\n\r\nI moderne tid har den klassiske <em>lavvoen<\/em> m\u00e5ttet vike plassen for hus og leiligheter i byer og tettsteder rundt om i Norge.\r\n\r\nNoen tradisjoner holdes imidlertid i hevd av et mindretall (anslagsvis rundt 10 %) av reindriftsut\u00f8verne.","tipo_link":"link","boton_block_text_media":"","imagen_block_text_media":20392,"tipo_de_contenido_block_text_media_dcha":"texto","editor_de_texto_tipo_de_contenido_block_text_media_dcha":"<h2>F\u00f4ring av reinsdyr og l\u00e6ring om samisk kultur<\/h2>\r\nN\u00e5r du er i Nord-Norge, Troms\u00f8, b\u00f8r det \u00e5 bli kjent med samene og reinen deres v\u00e6re en del av din \"bucket list\"! M\u00f8t samene, deres kultur, tradisjoner og reinsdyr. Du kan ogs\u00e5 mate dem og smake p\u00e5 et ekte samisk m\u00e5ltid i l\u00f8pet av turen.","tipo_link_dcha":"link","boton_block_text_media_dcha":"","imagen_block_text_media_dcha":null},{"acf_fc_layout":"block_slider_two_cols","id_seccion_block_slider_two_cols":"","title_section_block_slider_two_cols":"Reinsdyrleirer og opplevelser med reinsdyrslede","subtitle_section_block_slider_two_cols":"","text_section_block_slider_two_cols":"","url_section_block_slider_two_cols":"","add_background_color_to_block_slider_two_cols":"white","item_slider_block_slider_two_cols":[{"imagen_item_slider_block_slider_two_cols":21041,"imagen_item_slider_block_slider_two_cols_mobile":"","title_item_slider_block_slider_two_cols":"","texto_item_carrusel_two_cols":"Reinsdyrsledeturer, mating av reinsdyr og kulturelle samlinger rundt et \u00e5pent b\u00e5l i en tradisjonell lavvu er blant aktivitetene du kan bestille i Nord-Norge (og Troms\u00f8).\r\n\r\nDu kan velge \u00e5 bes\u00f8ke disse leirene p\u00e5 kveldstid, overnatte der, og \u2013 hvis du er heldig \u2013 se nordlyset!\r\n\r\nDisse opplevelsene inkluderer vanligvis et klassisk samisk m\u00e5ltid, bidos (reinsdyrgryte), samt en introduksjon til samisk historie og kultur.\r\n\r\nDette gir en mulighet til \u00e5 l\u00e6re om deres tradisjoner, myter og legender, samt symbolikken i kl\u00e6rne deres."},{"imagen_item_slider_block_slider_two_cols":21028,"imagen_item_slider_block_slider_two_cols_mobile":"","title_item_slider_block_slider_two_cols":"Hvem er samene?","texto_item_carrusel_two_cols":"Du har kanskje h\u00f8rt om det samiske folket som bor i Nord-Europa \u2013 men hvor mye vet du egentlig om dem?\r\n\r\nSamene var det f\u00f8rste urfolket i Nord-Europa og Skandinavia.\r\n\r\nDeres tilstedev\u00e6relse strekker seg fra Norge til Sverige, Finland og Russland.\r\n\r\nForskning tyder p\u00e5 at de har bodd i disse nordlige omr\u00e5dene i over 9 000 \u00e5r, noe som antyder at de var de f\u00f8rste menneskene som bosatte seg i Arktis etter istiden!\r\n\r\nDet ansl\u00e5s at det finnes mellom 60 000 og 100 000 samer i verden.\r\n\r\nOmtrent 40 000 bor i Norge, 15 000 til 25 000 i Sverige, 6 000 i Finland og 2 000 i Russland.\r\n\r\nSamene er kanskje best kjent for sin semi-nomadiske livsstil med reinsdyrhold.\r\n\r\nLivet deres er organisert rundt reinsdyras migrasjon \u2013 opp i fjellet om vinteren og tilbake til lokalsamfunnene, ofte n\u00e6r kysten, om sommeren."}]},{"acf_fc_layout":"block_texto_media","id_seccion_block_text_media":"","title_seccion_block_text_media":"","subtitle_seccion_block_text_media":"","text_seccion_block_text_media":"","url_seccion_block_text_media":"","add_background_color_to_block_text_media":"green","tipo_de_contenido_block_text_media":"texto","editor_de_texto_tipo_de_contenido_block_text_media":"<h2>Hva er den samiske kulturen?<\/h2>\r\nSelv om samene i dag er en del av det moderne samfunnet, har de beholdt noen eldgamle tradisjoner, som <em>joik<\/em> (en samisk sang som vanligvis handler om et sted, en person eller en ting), <em>duodji<\/em> (h\u00e5ndverk) og reindrift.\r\n\r\nN\u00e5r du bes\u00f8ker Troms\u00f8, b\u00f8r du pr\u00f8ve en arktisk tur med samene og reinsdyrene deres og l\u00e6re mer om deres kultur og historie.\r\n\r\nSamene bor ikke i reinsdyrleire lenger.\r\n\r\nI moderne tid har den klassiske <em>lavvoen<\/em> m\u00e5ttet vike plassen for hus og leiligheter i byer og tettsteder rundt om i Norge.\r\n\r\nNoen tradisjoner holdes imidlertid i hevd av et mindretall (anslagsvis rundt 10 %) av reindriftsut\u00f8verne.","tipo_link":"link","boton_block_text_media":"","imagen_block_text_media":4130,"tipo_de_contenido_block_text_media_dcha":"media","editor_de_texto_tipo_de_contenido_block_text_media_dcha":"","tipo_link_dcha":"link","boton_block_text_media_dcha":"","imagen_block_text_media_dcha":20602},{"acf_fc_layout":"block_texto_media","id_seccion_block_text_media":"","title_seccion_block_text_media":"","subtitle_seccion_block_text_media":"","text_seccion_block_text_media":"","url_seccion_block_text_media":"","add_background_color_to_block_text_media":"white","tipo_de_contenido_block_text_media":"media","editor_de_texto_tipo_de_contenido_block_text_media":"","tipo_link":false,"boton_block_text_media":null,"imagen_block_text_media":21031,"tipo_de_contenido_block_text_media_dcha":"texto","editor_de_texto_tipo_de_contenido_block_text_media_dcha":"Av tradisjonelle, milj\u00f8messige, kulturelle og politiske grunner er det i noen omr\u00e5der bare samer som har lov til \u00e5 eie og drive reindrift, og derfor er denne aktiviteten sterkt knyttet til samene.\r\n\r\nP\u00e5 nordsamisk kalles <em>S\u00e1pmi<\/em> det omr\u00e5det som tradisjonelt har v\u00e6rt bebodd av samene.\r\n\r\nDet har ingen formelle grenser, men omfatter vanligvis Nord-Norge, Tr\u00f8ndelag og noen omr\u00e5der like s\u00f8r for Tr\u00f8ndelag (Trollheimen og Femundsmarka).\r\n\r\nKolahalv\u00f8ya i Russland, Lappland i Finland og Norrland i Sverige regnes ogs\u00e5 som en del av <em>S\u00e1pmi<\/em>, med bare en minoritet i disse omr\u00e5dene.","tipo_link_dcha":"link","boton_block_text_media_dcha":"","imagen_block_text_media_dcha":null},{"acf_fc_layout":"block_slider_two_cols","id_seccion_block_slider_two_cols":"","title_section_block_slider_two_cols":"","subtitle_section_block_slider_two_cols":"","text_section_block_slider_two_cols":"","url_section_block_slider_two_cols":"","add_background_color_to_block_slider_two_cols":"white","item_slider_block_slider_two_cols":[{"imagen_item_slider_block_slider_two_cols":21039,"imagen_item_slider_block_slider_two_cols_mobile":"","title_item_slider_block_slider_two_cols":"Fakta om samiske reindriftsut\u00f8vere","texto_item_carrusel_two_cols":"Naturen og samene har alltid v\u00e6rt n\u00e6rt knyttet sammen.\r\n\r\nI mange \u00e5rhundrer har samene hatt en sterk tilknytning til jakt, fiske og reindrift.\r\n\r\nI moderne tid har de fleste samer andre typer jobber \u2013 akkurat som deg.\r\n\r\nLikevel, siden samene flytter med reinflokken til sommerbeiteomr\u00e5dene, tilbys de fleste aktiviteter knyttet til samisk kultur og reinsdyr om vinteren (oktober til mars).\r\n\r\nDet finnes ikke lenger bosetninger utelukkende for samer.\r\n\r\nMen du kan bes\u00f8ke flere flotte samiske leirer med reinsdyr i omr\u00e5det rundt Troms\u00f8 og velge blant mange ulike aktiviteter.\r\n\r\nAlt fra mating av reinsdyr, \u00e5 h\u00f8re og l\u00e6re om den fascinerende samiske historien og kulturen, pr\u00f8ve reinsdyrsledeturer, smake p\u00e5 et ekte samisk m\u00e5ltid \u2013 eller til og med overnatte i en tradisjonell samisk lavvu.\r\n\r\nValget er ditt!"},{"imagen_item_slider_block_slider_two_cols":21040,"imagen_item_slider_block_slider_two_cols_mobile":"","title_item_slider_block_slider_two_cols":"Reinsdyret \u2013 samenes beste venn","texto_item_carrusel_two_cols":"Dyret som best representerer samene, er reinsdyret!\r\n\r\nDet spiller en viktig rolle i samisk mat, fortellinger, myter og legender, kl\u00e6r \u2013 og til og med suvenirer laget av reinskinn og gevir.\r\n\r\nDen samiske identiteten er tett knyttet til reindrift, som utgj\u00f8r en viktig del av deres historie og kultur.\r\n\r\nDet ansl\u00e5s at det finnes rundt 250 000 halvville, tamme reinsdyr i Norge.\r\n\r\nDette er sosiale dyr som lever i store flokker."}]},{"acf_fc_layout":"block_texto_media","id_seccion_block_text_media":"","title_seccion_block_text_media":"","subtitle_seccion_block_text_media":"","text_seccion_block_text_media":"","url_seccion_block_text_media":"","add_background_color_to_block_text_media":"white","tipo_de_contenido_block_text_media":"texto","editor_de_texto_tipo_de_contenido_block_text_media":"I tillegg til \u00e5 bli brukt i matproduksjon og til \u00e5 lage kl\u00e6r, brukes reinen i tradisjonelt samisk h\u00e5ndverk.\r\n\r\nDu vil finne vakre produkter og bli forundret over samenes kreativitet og evne til \u00e5 bruke reinen til alt!\r\n\r\nTidligere ble reinen brukt til \u00e5 trekke sleder som transportmiddel, men dette har n\u00e5 blitt erstattet av moderne sn\u00f8scootere.\r\n\r\nMen du kan fortsatt oppleve gleden ved \u00e5 kj\u00f8re reinsdyrslede n\u00e5r du bes\u00f8ker Nord-Norge (og Troms\u00f8).","tipo_link":"link","boton_block_text_media":"","imagen_block_text_media":null,"tipo_de_contenido_block_text_media_dcha":"media","editor_de_texto_tipo_de_contenido_block_text_media_dcha":"","tipo_link_dcha":false,"boton_block_text_media_dcha":null,"imagen_block_text_media_dcha":21034},{"acf_fc_layout":"block_banner","id_seccion_block_banner_bg":"","add_background_color_to_block_banner_bg":"white","title_block_banner_bg":"","text_block_banner_bg":"<strong>Mat reinsdyrene deres, nyt en tradisjonell samisk lunsj, dra p\u00e5 reinsledeopplevelse, se nordlyset om kvelden i en reinsdyrleir omgitt av hundrevis av reinsdyr, og nyt historiefortelling rundt et b\u00e5l i en autentisk lavvo (tradisjonelt samisk telt).<\/strong><br><br>\r\nGrip denne muligheten og dykk ned i deres historie, kultur og mat p\u00e5 deres autentiske reinsdyrleirer. De ser frem til \u00e5 m\u00f8te deg! ","url_block_banner_bg":{"title":"Bestill din opplevelse med samer og reinsdyr","url":"https:\/\/booking.bestarctic.com\/en\/todo?filter=c=31193&sorting=st=a;so=a","target":"_blank"},"img_block_banner_bg":3749,"img_block_banner_bg_mobile":3747,"img_block_banner_mobile":3745}]},"_links":{"self":[{"href":"https:\/\/bestarctic.com\/no\/wp-json\/wp\/v2\/pages\/20391","targetHints":{"allow":["GET"]}}],"collection":[{"href":"https:\/\/bestarctic.com\/no\/wp-json\/wp\/v2\/pages"}],"about":[{"href":"https:\/\/bestarctic.com\/no\/wp-json\/wp\/v2\/types\/page"}],"author":[{"embeddable":true,"href":"https:\/\/bestarctic.com\/no\/wp-json\/wp\/v2\/users\/6"}],"replies":[{"embeddable":true,"href":"https:\/\/bestarctic.com\/no\/wp-json\/wp\/v2\/comments?post=20391"}],"version-history":[{"count":0,"href":"https:\/\/bestarctic.com\/no\/wp-json\/wp\/v2\/pages\/20391\/revisions"}],"up":[{"embeddable":true,"href":"https:\/\/bestarctic.com\/no\/wp-json\/wp\/v2\/pages\/20381"}],"wp:attachment":[{"href":"https:\/\/bestarctic.com\/no\/wp-json\/wp\/v2\/media?parent=20391"}],"curies":[{"name":"wp","href":"https:\/\/api.w.org\/{rel}","templated":true}]}}