{"id":20393,"date":"2025-04-17T13:48:24","date_gmt":"2025-04-17T11:48:24","guid":{"rendered":"https:\/\/bestarctic.com\/activities-in-northern-norway\/snowmobile-tours-norway\/"},"modified":"2025-11-17T10:05:25","modified_gmt":"2025-11-17T09:05:25","slug":"snoscooter-turer-norge","status":"publish","type":"page","link":"https:\/\/bestarctic.com\/no\/aktiviteter-i-nord-norge\/snoscooter-turer-norge\/","title":{"rendered":"Sn\u00f8scooterturer"},"content":{"rendered":"","protected":false},"excerpt":{"rendered":"","protected":false},"author":4,"featured_media":0,"parent":20381,"menu_order":0,"comment_status":"closed","ping_status":"closed","template":"","meta":{"_acf_changed":false,"footnotes":""},"class_list":["post-20393","page","type-page","status-publish","hentry"],"acf":{"bloques_de_contenido":[{"acf_fc_layout":"block_hero_page","id_block_hero_page":"","video_o_imagen_hero_page":"video","video_block_hero_page_bg":5383,"hero_page_inicio_video_segundo":"","img_block_hero_page_bg":2327,"overlay_hero_page":"yes","title_block_hero_page":"F\u00e5 spenningen med v\u00e5re sn\u00f8scooterturer i Arktis","text_block_hero_page":"Sn\u00f8scooter, sn\u00f8scooter, Ski-Doo eller skimobil, uansett navn er det utrolig g\u00f8y \u00e5 kj\u00f8re dette motoriserte kj\u00f8ret\u00f8yet! Dra p\u00e5 eventyr i det fantastiske arktiske vinterlandskapet og nyt den beste utsikten over fjellene om dagen, eller dra p\u00e5 kvelden for \u00e5 beundre det vakre nordlyset. Vi har guidede sn\u00f8scooterturer inkludert transport tur\/retur Troms\u00f8.  ","label_block_hero_page":"","link_block_hero_page":{"title":"Se alle sn\u00f8scooterturer","url":"https:\/\/booking.bestarctic.com\/en\/todo?search=c=31194;title=c|Snowmobile&sorting=st=a;so=a","target":"_blank"},"add_imagen_extra_hero_page":"no","cta_imagen_extra_hero_page":false,"imagen_content_block_hero_page":null,"one_imagen_content_block_hero_page":null,"two_imagen_content_block_hero_page":null,"three_imagen_content_block_hero_page":null,"three_imagen_content_block_hero_page_title":"","three_imagen_content_block_hero_page_text":"","three_imagen_content_block_hero_page_text_cta":"","three_imagen_content_block_hero_page_url_cta":""},{"acf_fc_layout":"block_carrusel_activities","id_seccion_carrusel_destacados_tabs":"","title_section_carrusel_destacados_tabs":"Sn\u00f8skuterturer","subtitle_section_carrusel_destacados_tabs":"","text_section_carrusel_destacados_tabs":"","url_seccion_carrusel_destacados_tabs":"","add_background_color_to_section_tabs":"white","tabs_activities_seleccionados_tabs":[{"tab_text_tabs_activities_seleccionados_tabs":"Lyngen Alps-omr\u00e5det","tab_carousel_activities_seleccionados_tabs":[20742,20603,20710]},{"tab_text_tabs_activities_seleccionados_tabs":"Tamok- \/ Signaldalen-omr\u00e5det","tab_carousel_activities_seleccionados_tabs":[20648,20709]},{"tab_text_tabs_activities_seleccionados_tabs":"Finske Lappland","tab_carousel_activities_seleccionados_tabs":[20484,20504]}]},{"acf_fc_layout":"block_card_grid","add_background_color_to_section_block_card_grid":"green","id_seccion_block_card_grid":"","title_section_block_card_grid":"Hva trenger du \u00e5 vite","subtitle_section_block_card_grid":"","text_section_block_card_grid":"","url_seccion_block_card_grid":"","item_block_post_masonry_and_grid":[{"imagen_block_post_masonry_and_grid":4190,"titular_block_post_masonry_and_grid":"Lyngen Sn\u00f8scootersafari: Et eventyr med sn\u00f8scooter","texto_block_post_masonry_and_grid":"","location_block_post_masonry_and_grid":"","schedule_block_post_masonry_and_grid":"","duration_block_post_masonry_and_grid":"","price_block_post_masonry_and_grid":"","link_block_post_masonry_and_grid":{"title":"Les mer her","url":"https:\/\/bestarctic.com\/no\/nord-norge-reiseblogg\/lyngen-snoscooter-safari-eventyr\/","target":""}},{"imagen_block_post_masonry_and_grid":4194,"titular_block_post_masonry_and_grid":"Hva du kan gj\u00f8re i Troms\u00f8 i februar","texto_block_post_masonry_and_grid":"","location_block_post_masonry_and_grid":"","schedule_block_post_masonry_and_grid":"","duration_block_post_masonry_and_grid":"","price_block_post_masonry_and_grid":"","link_block_post_masonry_and_grid":{"title":"Les mer her","url":"https:\/\/bestarctic.com\/no\/nord-norge-reiseblogg\/hva-a-gjore-i-tromso-i-februar\/","target":""}},{"imagen_block_post_masonry_and_grid":4198,"titular_block_post_masonry_and_grid":"Er mars en god tid \u00e5 bes\u00f8ke Troms\u00f8, Norge?","texto_block_post_masonry_and_grid":"","location_block_post_masonry_and_grid":"","schedule_block_post_masonry_and_grid":"","duration_block_post_masonry_and_grid":"","price_block_post_masonry_and_grid":"","link_block_post_masonry_and_grid":{"title":"Les mer her","url":"https:\/\/bestarctic.com\/no\/nord-norge-reiseblogg\/er-mars-en-god-tid-a-besoke-tromso-norge\/","target":""}}]},{"acf_fc_layout":"block_texto_media","id_seccion_block_text_media":"","title_seccion_block_text_media":"","subtitle_seccion_block_text_media":"","text_seccion_block_text_media":"","url_seccion_block_text_media":"","add_background_color_to_block_text_media":"white","tipo_de_contenido_block_text_media":"texto","editor_de_texto_tipo_de_contenido_block_text_media":"<h2>Hva er en sn\u00f8scooter?<\/h2>\r\nEn sn\u00f8scooter er et lite motorisert kj\u00f8ret\u00f8y som styres av ski foran og drives frem av et belte bak.\r\n\r\nSn\u00f8scootere har ingen innkapsling, bortsett fra en frontrute. Det er et terrengkj\u00f8ret\u00f8y som er konstruert for vinterkj\u00f8ring p\u00e5 sn\u00f8 og is, og som ikke krever vei eller l\u00f8ype, selv om de fleste kj\u00f8rer i \u00e5pent terreng eller p\u00e5 spor.\r\n\r\nSn\u00f8scootere erstattet tradisjonelle transportmidler som hundespann eller reinsdyrslede (eller til og med truger) og \u00f8kte mobiliteten til de ber\u00f8rte befolkningsgruppene, noe som gjorde det raskere og enklere \u00e5 reise.\r\n\r\nSn\u00f8scooterkj\u00f8ring har derfor blitt det foretrukne transportmiddelet om vinteren i Arktis. For eksempel bruker samene i Norge sn\u00f8scootere regelmessig, s\u00e6rlig i forbindelse med reindrift.\r\n\r\nSn\u00f8scooterkj\u00f8ring har n\u00e5 ogs\u00e5 blitt en fritidsaktivitet, og det har utviklet seg sn\u00f8scootersafarier over hele Nord-Norge!","tipo_link":"link","boton_block_text_media":"","imagen_block_text_media":null,"tipo_de_contenido_block_text_media_dcha":"media","editor_de_texto_tipo_de_contenido_block_text_media_dcha":"","tipo_link_dcha":"link","boton_block_text_media_dcha":"","imagen_block_text_media_dcha":4143},{"acf_fc_layout":"block_texto_media","id_seccion_block_text_media":"","title_seccion_block_text_media":"","subtitle_seccion_block_text_media":"","text_seccion_block_text_media":"","url_seccion_block_text_media":"","add_background_color_to_block_text_media":"green","tipo_de_contenido_block_text_media":"media","editor_de_texto_tipo_de_contenido_block_text_media":"<h2>Hva er en sn\u00f8scooter?<\/h2>\r\nEn sn\u00f8scooter er et lite motorisert kj\u00f8ret\u00f8y som styres med ski foran og drives frem av et belte bak.\r\n\r\nSn\u00f8scootere har ingen innkapsling, bortsett fra en frontrute. Det er et terrengkj\u00f8ret\u00f8y som er konstruert for vinterkj\u00f8ring p\u00e5 sn\u00f8 og is, og som ikke krever vei eller l\u00f8ype, selv om de fleste kj\u00f8rer i \u00e5pent terreng eller p\u00e5 spor.\r\n\r\nSn\u00f8scootere erstattet tradisjonelle transportmidler som hundespann eller reinsdyrslede (eller til og med truger) og \u00f8kte mobiliteten til de ber\u00f8rte befolkningsgruppene, noe som gjorde det raskere og enklere \u00e5 reise.\r\n\r\nSn\u00f8scooterkj\u00f8ring har derfor blitt det foretrukne transportmiddelet om vinteren i Arktis. For eksempel bruker samene i Norge sn\u00f8scootere regelmessig, s\u00e6rlig i forbindelse med reindrift.\r\n\r\nSn\u00f8scooterkj\u00f8ring har n\u00e5 ogs\u00e5 blitt en fritidsaktivitet, og det har utviklet seg sn\u00f8scootersafarier over hele Nord-Norge!","tipo_link":"link","boton_block_text_media":"","imagen_block_text_media":21733,"tipo_de_contenido_block_text_media_dcha":"texto","editor_de_texto_tipo_de_contenido_block_text_media_dcha":"<h2>Hvordan kj\u00f8re sn\u00f8scooter<\/h2>\r\n\u00c5 kj\u00f8re sn\u00f8scooter er en av de mest spennende opplevelsene du kan f\u00e5 i sn\u00f8en!\r\n\r\nDet er ikke vanskelig \u00e5 kj\u00f8re sn\u00f8scooter, og det er ganske intuitivt.\r\n\r\nIngen tidligere erfaring er n\u00f8dvendig, men det er viktig \u00e5 f\u00f8lge sikkerhetsreglene som skuterguiden din gir deg.","tipo_link_dcha":"link","boton_block_text_media_dcha":"","imagen_block_text_media_dcha":null},{"acf_fc_layout":"block_text_img_full_width","id_seccion_text_img_full_w":"","title_section_text_img_full_w":"","subtitle_section_text_img_full_w":"","text_section_text_img_full_w":"","title_text_img_full_w":"Her er noen tips til hvordan du kj\u00f8rer en sn\u00f8skuter:","lable_text_img_full_w":"","texto_text_img_full_w":"<ul>\r\n \t<li>Sjekk v\u00e5rt ansvarsansvar som gjelder for v\u00e5re sn\u00f8skuterturer <a href=\"https:\/\/bestarctic.com\/no\/vilkar-og-betingelser\/\">her<\/a> (seksjon om sn\u00f8skuter).<\/li>\r\n \t<li>S\u00f8rg for at du ikke sitter for langt bak eller for langt frem.<\/li>\r\n \t<li>Hold hendene p\u00e5 styret og drei det i den retningen du \u00f8nsker at sn\u00f8skuteren skal svinge, p\u00e5 samme m\u00e5te som n\u00e5r du sykler.<\/li>\r\n \t<li>Ikke kj\u00f8r p\u00e5 full gass n\u00e5r du tar store svinger, da kan du skli ut.<\/li>\r\n \t<li>Hold en jevn fart n\u00e5r du gir gass, og s\u00f8rg for \u00e5 gi ekstra gass n\u00e5r du kj\u00f8rer oppover bakker.<\/li>\r\n \t<li>Hvis du vil stoppe, slipp gasspedalen. Du trenger ikke n\u00f8dvendigvis \u00e5 bruke bremsen.<\/li>\r\n \t<li>Finn balansen din og hold den, spesielt n\u00e5r du svinger. Du m\u00e5 kanskje lene deg litt for \u00e5 bruke kroppsvekten til \u00e5 styre kjelken, akkurat som i aking.<\/li>\r\n<\/ul>","url_section_text_img_full_w":"","imagen_text_img_full_w":21734},{"acf_fc_layout":"block_banner","id_seccion_block_banner_bg":"","add_background_color_to_block_banner_bg":"white","title_block_banner_bg":"","text_block_banner_bg":"<strong>Sn\u00f8scooterkj\u00f8ring ble utviklet for vinterferdsel p\u00e5 sn\u00f8 og is, og har n\u00e5 ogs\u00e5 blitt en hobby for mange mennesker i Norge. Den er ganske enkel \u00e5 kj\u00f8re, s\u00e5 i l\u00f8pet av sn\u00f8scooterturen din vil du raskt f\u00e5 taket p\u00e5 den! <\/strong>\r\n<br><br>Dra p\u00e5 eventyr i det fantastiske arktiske vinterlandskapet og nyt den beste utsikten over fjellene om dagen, eller dra ut om natten for \u00e5 beundre det vakre nordlyset.\r\n<br>Vi har guidede sn\u00f8scooterturer fra Troms\u00f8 i Lyngsalpene og Tamok, Signaldalen og Finland.","url_block_banner_bg":{"title":"Bestill sn\u00f8scooterturen din","url":"https:\/\/booking.bestarctic.com\/en\/todo?search=c=31194;title=c|Snowmobile&sorting=st=a;so=a","target":"_blank"},"img_block_banner_bg":3749,"img_block_banner_bg_mobile":3747,"img_block_banner_mobile":3745}]},"_links":{"self":[{"href":"https:\/\/bestarctic.com\/no\/wp-json\/wp\/v2\/pages\/20393","targetHints":{"allow":["GET"]}}],"collection":[{"href":"https:\/\/bestarctic.com\/no\/wp-json\/wp\/v2\/pages"}],"about":[{"href":"https:\/\/bestarctic.com\/no\/wp-json\/wp\/v2\/types\/page"}],"author":[{"embeddable":true,"href":"https:\/\/bestarctic.com\/no\/wp-json\/wp\/v2\/users\/4"}],"replies":[{"embeddable":true,"href":"https:\/\/bestarctic.com\/no\/wp-json\/wp\/v2\/comments?post=20393"}],"version-history":[{"count":0,"href":"https:\/\/bestarctic.com\/no\/wp-json\/wp\/v2\/pages\/20393\/revisions"}],"up":[{"embeddable":true,"href":"https:\/\/bestarctic.com\/no\/wp-json\/wp\/v2\/pages\/20381"}],"wp:attachment":[{"href":"https:\/\/bestarctic.com\/no\/wp-json\/wp\/v2\/media?parent=20393"}],"curies":[{"name":"wp","href":"https:\/\/api.w.org\/{rel}","templated":true}]}}