{"id":20395,"date":"2025-04-17T13:44:16","date_gmt":"2025-04-17T11:44:16","guid":{"rendered":"https:\/\/bestarctic.com\/activities-in-northern-norway\/dog-sledding-norway\/"},"modified":"2025-11-17T10:05:19","modified_gmt":"2025-11-17T09:05:19","slug":"hundekjoring-norge","status":"publish","type":"page","link":"https:\/\/bestarctic.com\/no\/aktiviteter-i-nord-norge\/hundekjoring-norge\/","title":{"rendered":"Hundekj\u00f8ring i Nord-Norge"},"content":{"rendered":"","protected":false},"excerpt":{"rendered":"","protected":false},"author":6,"featured_media":0,"parent":20381,"menu_order":0,"comment_status":"closed","ping_status":"closed","template":"","meta":{"_acf_changed":false,"footnotes":""},"class_list":["post-20395","page","type-page","status-publish","hentry"],"acf":{"bloques_de_contenido":[{"acf_fc_layout":"block_hero_page","id_block_hero_page":"","video_o_imagen_hero_page":"video","video_block_hero_page_bg":5367,"hero_page_inicio_video_segundo":"","img_block_hero_page_bg":2327,"overlay_hero_page":"yes","title_block_hero_page":"  Hundekj\u00f8ring i Nord-Norge - en opplevelse for livet!","text_block_hero_page":"Dra p\u00e5 hundesledetur og kj\u00f8r gjennom det nordnorske vinterlandskapet! En ferie over polarsirkelen er ufullstendig uten \u00e5 dra p\u00e5 hundesledetur. ","label_block_hero_page":"","link_block_hero_page":{"title":"Se alle turer med hundesledekj\u00f8ring","url":"https:\/\/booking.bestarctic.com\/en\/todo?search=c=31192;title=c|Husky&sorting=st=a;so=a","target":"_blank"},"add_imagen_extra_hero_page":"no","cta_imagen_extra_hero_page":false,"imagen_content_block_hero_page":null,"one_imagen_content_block_hero_page":null,"two_imagen_content_block_hero_page":null,"three_imagen_content_block_hero_page":null,"three_imagen_content_block_hero_page_title":"","three_imagen_content_block_hero_page_text":"","three_imagen_content_block_hero_page_text_cta":"","three_imagen_content_block_hero_page_url_cta":""},{"acf_fc_layout":"block_carrusel_activities","id_seccion_carrusel_destacados_tabs":"","title_section_carrusel_destacados_tabs":"Hundesledeturer fra Troms\u00f8","subtitle_section_carrusel_destacados_tabs":"","text_section_carrusel_destacados_tabs":"","url_seccion_carrusel_destacados_tabs":"","add_background_color_to_section_tabs":"white","tabs_activities_seleccionados_tabs":[{"tab_text_tabs_activities_seleccionados_tabs":"Breivikeidet","tab_carousel_activities_seleccionados_tabs":[20823,20650]},{"tab_text_tabs_activities_seleccionados_tabs":"Tamok Valley","tab_carousel_activities_seleccionados_tabs":[20714,20745]},{"tab_text_tabs_activities_seleccionados_tabs":"Kval\u00f8ya","tab_carousel_activities_seleccionados_tabs":[20629]},{"tab_text_tabs_activities_seleccionados_tabs":"Skibotn","tab_carousel_activities_seleccionados_tabs":[20627,20625]},{"tab_text_tabs_activities_seleccionados_tabs":"Bardufoss","tab_carousel_activities_seleccionados_tabs":[20698]},{"tab_text_tabs_activities_seleccionados_tabs":"H\u00f8sthundekj\u00f8ring med vogn","tab_carousel_activities_seleccionados_tabs":[20455]}]},{"acf_fc_layout":"block_card_grid","add_background_color_to_section_block_card_grid":"green","id_seccion_block_card_grid":"","title_section_block_card_grid":"Hva trenger du \u00e5 vite","subtitle_section_block_card_grid":"","text_section_block_card_grid":"","url_seccion_block_card_grid":"","item_block_post_masonry_and_grid":[{"imagen_block_post_masonry_and_grid":4103,"titular_block_post_masonry_and_grid":"Hundekj\u00f8ring om h\u00f8sten i Troms\u00f8","texto_block_post_masonry_and_grid":"","location_block_post_masonry_and_grid":"","schedule_block_post_masonry_and_grid":"","duration_block_post_masonry_and_grid":"","price_block_post_masonry_and_grid":"","link_block_post_masonry_and_grid":{"title":"Les mer her","url":"https:\/\/bestarctic.com\/no\/nord-norge-reiseblogg\/hundeslede-host-i-tromso\/","target":""}},{"imagen_block_post_masonry_and_grid":4107,"titular_block_post_masonry_and_grid":"Typer hunderaser som brukes p\u00e5 hundesledeturer i Troms\u00f8","texto_block_post_masonry_and_grid":"","location_block_post_masonry_and_grid":"","schedule_block_post_masonry_and_grid":"","duration_block_post_masonry_and_grid":"","price_block_post_masonry_and_grid":"","link_block_post_masonry_and_grid":{"title":"Les mer her","url":"https:\/\/bestarctic.com\/no\/nord-norge-reiseblogg\/populaere-hunderaser-i-tromso-hundesledeturer\/","target":""}},{"imagen_block_post_masonry_and_grid":4105,"titular_block_post_masonry_and_grid":"Hva er forskjellen mellom alle hundesledeturer?","texto_block_post_masonry_and_grid":"","location_block_post_masonry_and_grid":"","schedule_block_post_masonry_and_grid":"","duration_block_post_masonry_and_grid":"","price_block_post_masonry_and_grid":"","link_block_post_masonry_and_grid":{"title":"Les mer her","url":"https:\/\/bestarctic.com\/no\/nord-norge-reiseblogg\/forskjeller-mellom-alle-hundesledeturer\/","target":""}}]},{"acf_fc_layout":"block_texto_media","id_seccion_block_text_media":"","title_seccion_block_text_media":"","subtitle_seccion_block_text_media":"","text_seccion_block_text_media":"","url_seccion_block_text_media":"","add_background_color_to_block_text_media":"white","tipo_de_contenido_block_text_media":"media","editor_de_texto_tipo_de_contenido_block_text_media":"<h2>N\u00e5r kan du dra p\u00e5 hundesledetur?<\/h2>\r\nDen beste tiden \u00e5 dra p\u00e5 hundesledetur i Nord-Norge er fra desember til mars. I desember og januar kan du oppleve polarnattens bl\u00e5 timer.\r\n\r\nI februar blir det lengre dagslys, mens det forventes mer sn\u00f8 og mildere temperaturer i mars.\r\n\r\nFra september og frem til den f\u00f8rste sn\u00f8en kommer, kan du dra p\u00e5 hundesledetur med hjulkjerre.\r\n\r\nBonusen ved \u00e5 dra p\u00e5 sledehundtur om h\u00f8sten er muligheten til \u00e5 nyte de vakre gylne og r\u00f8dbrune fargene p\u00e5 tr\u00e6rne i dalen.","tipo_link":"link","boton_block_text_media":"","imagen_block_text_media":20868,"tipo_de_contenido_block_text_media_dcha":"texto","editor_de_texto_tipo_de_contenido_block_text_media_dcha":"<h2>Hva er hundekj\u00f8ring?<\/h2>\r\nTidligere var sledehunder en av de viktigste formene for vintertransport i Arktis.\r\n\r\nDen ble tradisjonelt utviklet av urfolk i nord, og gjorde det mulig for dem \u00e5 komme seg til noen av de mest isolerte stedene.\r\n\r\nMens folk n\u00e5 reiser med fly, bil eller sn\u00f8scooter, har hundekj\u00f8ring blitt mer av et turisteventyr!","tipo_link_dcha":"link","boton_block_text_media_dcha":"","imagen_block_text_media_dcha":4080},{"acf_fc_layout":"block_texto_media","id_seccion_block_text_media":"","title_seccion_block_text_media":"","subtitle_seccion_block_text_media":"","text_seccion_block_text_media":"","url_seccion_block_text_media":"","add_background_color_to_block_text_media":"green","tipo_de_contenido_block_text_media":"texto","editor_de_texto_tipo_de_contenido_block_text_media":"<h2>N\u00e5r kan du dra p\u00e5 hundesledetur?<\/h2>\r\nDen beste tiden \u00e5 dra p\u00e5 hundesledetur i Nord-Norge er fra desember til mars. I desember og januar kan du oppleve polarnattens bl\u00e5 timer.\r\n\r\nI februar blir det lengre dagslys, mens det forventes mer sn\u00f8 og mildere temperaturer i mars.\r\n\r\nFra september og frem til den f\u00f8rste sn\u00f8en kommer, kan du dra p\u00e5 hundesledetur med hjulkjerre.\r\n\r\nBonusen ved \u00e5 dra p\u00e5 sledehundtur om h\u00f8sten er muligheten til \u00e5 nyte de vakre gylne og r\u00f8dbrune fargene p\u00e5 tr\u00e6rne i dalen.","tipo_link":"link","boton_block_text_media":"","imagen_block_text_media":4078,"tipo_de_contenido_block_text_media_dcha":"media","editor_de_texto_tipo_de_contenido_block_text_media_dcha":"<h2>Hva er det beste stedet for hundekj\u00f8ring?<\/h2>\r\nNord-Norge byr p\u00e5 spektakul\u00e6re arktiske naturopplevelser n\u00e5r du skal ut p\u00e5 sledeeventyr!\r\n\r\nVi har huskycamper p\u00e5 forskjellige steder: <a href=\"https:\/\/booking.bestarctic.com\/en\/to-do\/1973961\/husky-safari-at-tamok-valley\/showdetails?page=1&amp;sorting=st%3Da%3Bso%3Da&amp;search=c%3D31192%3Btitle%3Dc%7CHusky%2FDogsledding\" target=\"_blank\" rel=\"noopener\">Tamok<\/a> og <a href=\"https:\/\/booking.bestarctic.com\/en\/to-do\/2105028\/dog-sledding-at-breivikeidet-afternoon\/showdetails?page=1&amp;sorting=st%3Da%3Bso%3Da&amp;search=c%3D31192%3Btitle%3Dc%7CHusky%2FDogsledding\" target=\"_blank\" rel=\"noopener\">Breivikeidet<\/a> (med transport til og fra <strong>Troms\u00f8<\/strong> inkludert).\r\n\r\nAlle turene inkluderer komfortabel busstransport tur\/retur fra Troms\u00f8 eller Narvik.","tipo_link_dcha":"link","boton_block_text_media_dcha":"","imagen_block_text_media_dcha":20883},{"acf_fc_layout":"block_texto_media","id_seccion_block_text_media":"","title_seccion_block_text_media":"","subtitle_seccion_block_text_media":"","text_seccion_block_text_media":"","url_seccion_block_text_media":"","add_background_color_to_block_text_media":"white","tipo_de_contenido_block_text_media":"media","editor_de_texto_tipo_de_contenido_block_text_media":"","tipo_link":false,"boton_block_text_media":null,"imagen_block_text_media":20879,"tipo_de_contenido_block_text_media_dcha":"texto","editor_de_texto_tipo_de_contenido_block_text_media_dcha":"<h2>Hva er det beste stedet for hundekj\u00f8ring?<\/h2>\r\nNord-Norge byr p\u00e5 spektakul\u00e6re arktiske naturopplevelser n\u00e5r du skal ut p\u00e5 sledeeventyr!\r\n\r\nVi har huskycamper p\u00e5 forskjellige steder: <a href=\"https:\/\/booking.bestarctic.com\/en\/to-do\/1973961\/husky-safari-at-tamok-valley\/showdetails?page=1&amp;sorting=st%3Da%3Bso%3Da&amp;search=c%3D31192%3Btitle%3Dc%7CHusky%2FDogsledding\" target=\"_blank\" rel=\"noopener\">Tamok<\/a> og <a href=\"https:\/\/booking.bestarctic.com\/en\/to-do\/2105028\/dog-sledding-at-breivikeidet-afternoon\/showdetails?page=1&amp;sorting=st%3Da%3Bso%3Da&amp;search=c%3D31192%3Btitle%3Dc%7CHusky%2FDogsledding\" target=\"_blank\" rel=\"noopener\">Breivikeidet<\/a> (med transport til og fra <strong>Troms\u00f8<\/strong> inkludert).\r\n\r\nAlle turene inkluderer komfortabel busstransport tur\/retur fra Troms\u00f8 eller Narvik.","tipo_link_dcha":"link","boton_block_text_media_dcha":"","imagen_block_text_media_dcha":null},{"acf_fc_layout":"block_slider_two_cols","id_seccion_block_slider_two_cols":"","title_section_block_slider_two_cols":"Hvordan fungerer hundekj\u00f8ring?","subtitle_section_block_slider_two_cols":"","text_section_block_slider_two_cols":"<p data-start=\"65\" data-end=\"227\">Vanligvis trenger man et spann med fire til seks hunder for \u00e5 trekke en slede. Hundene er festet i par til en felles trekkline, som deretter er koblet til sleden.<\/p>\r\n<p data-start=\"229\" data-end=\"350\">V\u00e5re turer inneb\u00e6rer 60 til 90 minutter med hundekj\u00f8ring. F\u00f8r turen f\u00e5r du en gjennomgang av hvordan du h\u00e5ndterer sleden.<\/p>\r\n<p data-start=\"352\" data-end=\"568\">Det er ikke s\u00e5 vanskelig, siden hundene er godt trente og kjenner ruten. P\u00e5 de fleste av v\u00e5re turer f\u00e5r du muligheten til \u00e5 v\u00e6re musher \u2013 med andre ord, kj\u00f8re ditt eget hundespann med en passasjer sittende p\u00e5 sleden.<\/p>\r\n<p data-start=\"570\" data-end=\"677\">Dere f\u00e5r mulighet til \u00e5 bytte plass halvveis. En erfaren guide leder en liten gruppe gjester langs l\u00f8ypene.<\/p>","url_section_block_slider_two_cols":"","add_background_color_to_block_slider_two_cols":"white","item_slider_block_slider_two_cols":[{"imagen_item_slider_block_slider_two_cols":20880,"imagen_item_slider_block_slider_two_cols_mobile":"","title_item_slider_block_slider_two_cols":"Hva er inkludert i en hundekj\u00f8ringstur?","texto_item_carrusel_two_cols":"<p data-start=\"55\" data-end=\"200\">V\u00e5re hundekj\u00f8ringsturer inkluderer transport, lunsj, varme drikker og vinterbekledning (termodresser, vinterst\u00f8vler, sokker, votter og luer).<\/p>\r\n<p data-start=\"202\" data-end=\"313\">Hvis du lurer p\u00e5 hva du b\u00f8r ha p\u00e5 deg under turen, er merinoull-lag alltid en god id\u00e9 for \u00e5 holde deg varm.<\/p>"},{"imagen_item_slider_block_slider_two_cols":20881,"imagen_item_slider_block_slider_two_cols_mobile":"","title_item_slider_block_slider_two_cols":"Hvor vanskelig er hundekj\u00f8ring?","texto_item_carrusel_two_cols":"<h3>Ulike niv\u00e5er<\/h3>\r\nV\u00e5re hundekj\u00f8ringsturer er tilpasset ulike niv\u00e5er, og vi tilbyr b\u00e5de turer der du kj\u00f8rer selv og turer der du sitter p\u00e5 \u2013 avhengig av hvilket camp du bes\u00f8ker.\r\n<h3>V\u00e6r en del av laget<\/h3>\r\nDu trenger ingen tidligere erfaring, men du m\u00e5 v\u00e6re i moderat fysisk form og ha god balanse for \u00e5 delta p\u00e5 en av v\u00e5re turer der du kj\u00f8rer selv. V\u00e6r ogs\u00e5 forberedt p\u00e5 \u00e5 bidra med \u00e5 hjelpe hundespannet opp bakkene ved behov."},{"imagen_item_slider_block_slider_two_cols":20874,"imagen_item_slider_block_slider_two_cols_mobile":"","title_item_slider_block_slider_two_cols":"Hvilke hunderaser er best egnet for hundekj\u00f8ring?","texto_item_carrusel_two_cols":"De mest vanlige hundene som brukes til hundekj\u00f8ring er alaskahuskyer. Disse hundene er virkelig f\u00f8dt for dette. De er sterke, hardf\u00f8re, utholdende og raske.\r\n\r\nHundesleder har v\u00e6rt kjent for \u00e5 kunne l\u00f8pe mer enn 64 km uten pause. De kan holde en gjennomsnittsfart p\u00e5 32 km\/t over korte distanser og opprettholde en jevn fart p\u00e5 16 til 23 km\/t over lengre distanser, mens de trekker opptil 40 kg hver.\r\n\r\nSelv under d\u00e5rlige l\u00f8ypeforhold kan huskyer klare en fart p\u00e5 9,7 til 11 km\/t. For sikkerhet og komfort under v\u00e5re turer, vil du reise i et tempo p\u00e5 cirka 12 km\/t.\r\n\r\nTakket v\u00e6re sin veldig tykke pels kan huskyer t\u00e5le temperaturer ned til minus 40 \u00b0C.\r\n\r\nN\u00e5r det blir veldig kaldt, pleier guider ofte \u00e5 sette p\u00e5 potesokker for \u00e5 beskytte hundenes poter. I tillegg er huskyer intelligente og kj\u00e6rlige hunder."}]},{"acf_fc_layout":"block_banner","id_seccion_block_banner_bg":"","add_background_color_to_block_banner_bg":"white","title_block_banner_bg":"Bli med p\u00e5 hundesledetur fra Troms\u00f8","text_block_banner_bg":"Finn din hundesledetur blant alle dem vi tilbyr deg, og f\u00e5 en minneverdig opplevelse.","url_block_banner_bg":{"title":"Bestill hundesledeturen din","url":"https:\/\/booking.bestarctic.com\/en\/todo?search=c=31192;title=c|Husky&sorting=st=a;so=a","target":"_blank"},"img_block_banner_bg":3749,"img_block_banner_bg_mobile":3747,"img_block_banner_mobile":3745}]},"_links":{"self":[{"href":"https:\/\/bestarctic.com\/no\/wp-json\/wp\/v2\/pages\/20395","targetHints":{"allow":["GET"]}}],"collection":[{"href":"https:\/\/bestarctic.com\/no\/wp-json\/wp\/v2\/pages"}],"about":[{"href":"https:\/\/bestarctic.com\/no\/wp-json\/wp\/v2\/types\/page"}],"author":[{"embeddable":true,"href":"https:\/\/bestarctic.com\/no\/wp-json\/wp\/v2\/users\/6"}],"replies":[{"embeddable":true,"href":"https:\/\/bestarctic.com\/no\/wp-json\/wp\/v2\/comments?post=20395"}],"version-history":[{"count":0,"href":"https:\/\/bestarctic.com\/no\/wp-json\/wp\/v2\/pages\/20395\/revisions"}],"up":[{"embeddable":true,"href":"https:\/\/bestarctic.com\/no\/wp-json\/wp\/v2\/pages\/20381"}],"wp:attachment":[{"href":"https:\/\/bestarctic.com\/no\/wp-json\/wp\/v2\/media?parent=20395"}],"curies":[{"name":"wp","href":"https:\/\/api.w.org\/{rel}","templated":true}]}}