{"id":20397,"date":"2025-04-17T13:05:56","date_gmt":"2025-04-17T11:05:56","guid":{"rendered":"https:\/\/bestarctic.com\/activities-in-northern-norway\/whale-watching-in-norway\/"},"modified":"2025-11-17T10:05:25","modified_gmt":"2025-11-17T09:05:25","slug":"hvalsafari-i-norge","status":"publish","type":"page","link":"https:\/\/bestarctic.com\/no\/aktiviteter-i-nord-norge\/hvalsafari-i-norge\/","title":{"rendered":"Hvalsafari i Norge"},"content":{"rendered":"","protected":false},"excerpt":{"rendered":"","protected":false},"author":6,"featured_media":0,"parent":20381,"menu_order":0,"comment_status":"closed","ping_status":"closed","template":"","meta":{"_acf_changed":false,"footnotes":""},"class_list":["post-20397","page","type-page","status-publish","hentry"],"acf":{"bloques_de_contenido":[{"acf_fc_layout":"block_hero_page","id_block_hero_page":"","video_o_imagen_hero_page":"video","video_block_hero_page_bg":6524,"hero_page_inicio_video_segundo":"","img_block_hero_page_bg":2327,"overlay_hero_page":"yes","title_block_hero_page":"Hvalsafari i Norge","text_block_hero_page":"Skjerv\u00f8y, ca. 250 km nord for Troms\u00f8, har blitt et popul\u00e6rt reisem\u00e5l for hvalsafari. Hver vinter reiser folk dit for \u00e5 se kn\u00f8lhvaler og spekkhoggere p\u00e5 n\u00e6rt hold mens de beiter p\u00e5 sild. Sjekk ut v\u00e5re hvalsafarier fra Troms\u00f8. \u00c5 observere disse majestetiske sj\u00f8pattedyrene bare en kort avstand fra b\u00e5ten din er en uforglemmelig opplevelse! Men visste du at du ogs\u00e5 kan se hval i Nord-Norge i sommerm\u00e5nedene? Fra Lofoten eller Andenes, p\u00e5 en oppbl\u00e5sbar b\u00e5t eller p\u00e5 et lite cruise, valget er ditt!     ","label_block_hero_page":"","link_block_hero_page":{"title":"Bestill her for vinteren 2025\/2026","url":"https:\/\/booking.bestarctic.com\/en\/todo?search=c%3D31191","target":"_blank"},"add_imagen_extra_hero_page":"no","cta_imagen_extra_hero_page":false,"imagen_content_block_hero_page":null,"one_imagen_content_block_hero_page":null,"two_imagen_content_block_hero_page":null,"three_imagen_content_block_hero_page":null,"three_imagen_content_block_hero_page_title":"","three_imagen_content_block_hero_page_text":"","three_imagen_content_block_hero_page_text_cta":"","three_imagen_content_block_hero_page_url_cta":""},{"acf_fc_layout":"block_carrusel_activities","id_seccion_carrusel_destacados_tabs":"","title_section_carrusel_destacados_tabs":"Hvalsafari-turer","subtitle_section_carrusel_destacados_tabs":"","text_section_carrusel_destacados_tabs":"","url_seccion_carrusel_destacados_tabs":"","add_background_color_to_section_tabs":"white","tabs_activities_seleccionados_tabs":[{"tab_text_tabs_activities_seleccionados_tabs":"Fra Troms\u00f8 \u2013 vinter","tab_carousel_activities_seleccionados_tabs":[20826,20571,20502]},{"tab_text_tabs_activities_seleccionados_tabs":"Fra Svolv\u00e6r (Lofoten) \u2013 sommer","tab_carousel_activities_seleccionados_tabs":[20643]}]},{"acf_fc_layout":"block_card_grid","add_background_color_to_section_block_card_grid":"white","id_seccion_block_card_grid":"","title_section_block_card_grid":"Hva du trenger \u00e5 vite","subtitle_section_block_card_grid":"","text_section_block_card_grid":"","url_seccion_block_card_grid":"","item_block_post_masonry_and_grid":[{"imagen_block_post_masonry_and_grid":3905,"titular_block_post_masonry_and_grid":"Hvalsafari i Norge om sommeren","texto_block_post_masonry_and_grid":"","location_block_post_masonry_and_grid":"","schedule_block_post_masonry_and_grid":"","duration_block_post_masonry_and_grid":"","price_block_post_masonry_and_grid":"","link_block_post_masonry_and_grid":{"title":"Les mer her","url":"https:\/\/bestarctic.com\/no\/nord-norge-reiseblogg\/hvalsafari-i-norge-sommer-2025\/","target":""}},{"imagen_block_post_masonry_and_grid":4023,"titular_block_post_masonry_and_grid":"Hvalsafari i Troms\u00f8, Norge","texto_block_post_masonry_and_grid":"","location_block_post_masonry_and_grid":"","schedule_block_post_masonry_and_grid":"","duration_block_post_masonry_and_grid":"","price_block_post_masonry_and_grid":"","link_block_post_masonry_and_grid":{"title":"Les mer her","url":"https:\/\/bestarctic.com\/no\/nord-norge-reiseblogg\/hvalsafari-i-tromso\/","target":""}},{"imagen_block_post_masonry_and_grid":4025,"titular_block_post_masonry_and_grid":"N\u00e5r kan du se hval i Troms\u00f8 om vinteren?","texto_block_post_masonry_and_grid":"","location_block_post_masonry_and_grid":"","schedule_block_post_masonry_and_grid":"","duration_block_post_masonry_and_grid":"","price_block_post_masonry_and_grid":"","link_block_post_masonry_and_grid":{"title":"Les mer her","url":"https:\/\/bestarctic.com\/no\/nord-norge-reiseblogg\/nar-a-se-hvaler-i-tromso-i-vinter\/","target":""}}]},{"acf_fc_layout":"block_slider_two_cols","id_seccion_block_slider_two_cols":"","title_section_block_slider_two_cols":"","subtitle_section_block_slider_two_cols":"","text_section_block_slider_two_cols":"","url_section_block_slider_two_cols":"","add_background_color_to_block_slider_two_cols":"white","item_slider_block_slider_two_cols":[{"imagen_item_slider_block_slider_two_cols":21727,"imagen_item_slider_block_slider_two_cols_mobile":"","title_item_slider_block_slider_two_cols":"","texto_item_carrusel_two_cols":"Hvis du er utsatt for sj\u00f8syke p\u00e5 \u00e5pent hav, anbefaler vi \u00e5 bli med p\u00e5 <a href=\"https:\/\/booking.bestarctic.com\/en\/to-do\/2607469\/whale-safari-skjerv%C3%B8y-by-rib\/showdetails\" target=\"_blank\" rel=\"noopener\">Hvalsafari Skjerv\u00f8y med RIB<\/a> fra Troms\u00f8. P\u00e5 denne turen blir du transportert med buss til Skjerv\u00f8y (fire timer hver vei), f\u00f8r du tilbringer omtrent tre timer i en RIB (Rigid Inflatable Boat) eller p\u00e5 en overbygd premium sm\u00e5b\u00e5t, for et n\u00e6rmere m\u00f8te med hvalene \u2013 tettere p\u00e5 vannflaten."},{"imagen_item_slider_block_slider_two_cols":21728,"imagen_item_slider_block_slider_two_cols_mobile":"","title_item_slider_block_slider_two_cols":"","texto_item_carrusel_two_cols":"Under en hvalsafari holdes det avstand og minimal st\u00f8y for \u00e5 unng\u00e5 \u00e5 forstyrre hvalene, i samsvar med offisielle retningslinjer.\r\n\r\nHvalsafari er en av v\u00e5re mest popul\u00e6re turer, s\u00e5 vi anbefaler \u00e5 bestille s\u00e5 tidlig som mulig."},{"imagen_item_slider_block_slider_two_cols":21729,"imagen_item_slider_block_slider_two_cols_mobile":"","title_item_slider_block_slider_two_cols":"","texto_item_carrusel_two_cols":"Den<strong> beste tiden for \u00e5 dra p\u00e5 hvalsafari fra Troms\u00f8<\/strong> er om <strong>vinteren<\/strong>.\r\n\r\n<strong>Hvalsafarisesongen<\/strong> varer vanligvis fra <strong>begynnelsen av november til slutten av januar<\/strong>, n\u00e5r hvalene migrerer fra fjord til fjord i jakten p\u00e5 sild.\r\n\r\nSilden migrerer fra sommerens beiteomr\u00e5der i Barentshavet til gyteomr\u00e5dene ute i Atlanterhavet i <strong>februar. Fra oktober\u2013november til begynnelsen av februar<\/strong> f\u00f8lger silden kysten av Nord-Norge.\r\n\r\nVinteren 2017 migrerte silden fra kysten utenfor Troms\u00f8 nordover mot Skjerv\u00f8y i Lyngenfjord-regionen, og hvalene fulgte etter i jakten p\u00e5 et festm\u00e5ltid!\r\n\r\n\u00c5rsakene til sildevandringen er ikke identifisert, og det er mulig at silden migrerer til andre omr\u00e5der.\r\n\r\nDerfor er det vanskelig \u00e5 forutsi n\u00f8yaktig hvor og n\u00e5r vi kan se hval i denne delen av Nord-Norge."}]},{"acf_fc_layout":"block_texto_media","id_seccion_block_text_media":"","title_seccion_block_text_media":"Havpattedyrene du kan se p\u00e5 hvalsafari","subtitle_seccion_block_text_media":"","text_seccion_block_text_media":"","url_seccion_block_text_media":"","add_background_color_to_block_text_media":"white","tipo_de_contenido_block_text_media":"texto","editor_de_texto_tipo_de_contenido_block_text_media":"<h2>Spekkhoggere (spekkhoggere)<\/h2>\r\n<strong>Spekkhoggeren<\/strong> er det st\u00f8rste medlemmet av delfinfamilien i havet. De er lett gjenkjennelige p\u00e5 den <strong>karakteristiske svarte og hvite kroppen og den store ryggfinnen<\/strong> (opptil 2 m h\u00f8y for hannene!).\r\n\r\n<strong>Spekkhoggere<\/strong> er smarte og sosiale. De lever og jakter sammen i flokker (familiegrupper p\u00e5 opptil 40 individer), og hver flokk deler en sofistikert og unik kultur (hva de spiser, hvor de finner det og hvordan de fanger det...) som g\u00e5r i arv gjennom generasjoner. <strong>Spekkhoggere<\/strong> har ogs\u00e5 en rekke kommunikative og s\u00e6regne lyder.","tipo_link":"link","boton_block_text_media":"","imagen_block_text_media":3986,"tipo_de_contenido_block_text_media_dcha":"media","editor_de_texto_tipo_de_contenido_block_text_media_dcha":"Disse hvalene er et av verdens mektigste rovdyr og befinner seg p\u00e5 toppen av n\u00e6ringskjeden i havet.\r\n\r\nDe kan komme opp i 55 km\/t og jakter p\u00e5 alle slags arter som fisk, rokker, seler, pingviner, delfiner og til og med haier og hvaler (derav navnet \"spekkhoggere\").\r\n\r\nDe kan svelge opptil 230 kilo mat om dagen! I Nord-Norge bruker de en imponerende metode for \u00e5 jakte sild.\r\n\r\nEtter \u00e5 ha sporet fisken med ekkoloddet, genererer de bobler og lyder for \u00e5 samle stimene og sl\u00e5 dem med halen f\u00f8r de sluker dem.","tipo_link_dcha":"link","boton_block_text_media_dcha":"","imagen_block_text_media_dcha":21732},{"acf_fc_layout":"block_texto_media","id_seccion_block_text_media":"","title_seccion_block_text_media":"","subtitle_seccion_block_text_media":"","text_seccion_block_text_media":"","url_seccion_block_text_media":"","add_background_color_to_block_text_media":"green","tipo_de_contenido_block_text_media":"media","editor_de_texto_tipo_de_contenido_block_text_media":"<h2>Kn\u00f8lhvaler<\/h2>\r\n<strong>Kn\u00f8lhvalen<\/strong> er kjent for sin komplekse sang, som kan h\u00f8res opptil 65 km unna. De er ogs\u00e5 kjent for \u00e5 breake, selv om forskerne ikke er sikre p\u00e5 om denne atferden er ment \u00e5 rense huden for skadedyr, eller om det bare er for moro skyld.\r\n\r\n<strong>Kn\u00f8lhvalen<\/strong> vandrer hvert \u00e5r mellom beiteomr\u00e5dene i det kalde vannet ved polene og yngleomr\u00e5dene i det varme vannet i tropene. De kan reise rundt 5000 km regelmessig mellom disse to omr\u00e5dene!\r\n\r\n<strong>Kn\u00f8lhvalen<\/strong> bruker en kompleks taktikk for \u00e5 finne f\u00f8de som kalles \"boblenetting\". En flokk p\u00e5 2 til 15 hvaler jakter sammen. De omringer fisken og fanger den inne i en spiral av bobler f\u00f8r de sv\u00f8mmer gjennom og fanger fisken i den \u00e5pne munnen.\r\n\r\nDeretter filtrerer de vannet ut gjennom bardene, som fungerer som en sil for \u00e5 holde fisken i munnen. P\u00e5 denne m\u00e5ten kan en enkelt hval spise opptil 500 kg sild i l\u00f8pet av en dag!\r\n\r\nDet hender ogs\u00e5 at kn\u00f8lhvalen stjeler silda som spekkhoggerne har samlet opp.","tipo_link":"link","boton_block_text_media":"","imagen_block_text_media":3986,"tipo_de_contenido_block_text_media_dcha":"texto","editor_de_texto_tipo_de_contenido_block_text_media_dcha":"Disse hvalene er et av verdens mektigste rovdyr og befinner seg p\u00e5 toppen av n\u00e6ringskjeden i havet.\r\n\r\nDe kan komme opp i 55 km\/t og jakter p\u00e5 alle slags arter som fisk, rokker, seler, pingviner, delfiner og til og med haier og hvaler (derav navnet \"spekkhoggere\").\r\n\r\nDe kan svelge opptil 230 kilo mat om dagen! I Nord-Norge bruker de en imponerende metode for \u00e5 jakte sild.\r\n\r\nEtter \u00e5 ha sporet fisken med ekkoloddet, genererer de bobler og lyder for \u00e5 samle stimene og sl\u00e5 dem med halen f\u00f8r de sluker dem.","tipo_link_dcha":"link","boton_block_text_media_dcha":"","imagen_block_text_media_dcha":null},{"acf_fc_layout":"block_texto_media","id_seccion_block_text_media":"","title_seccion_block_text_media":"","subtitle_seccion_block_text_media":"","text_seccion_block_text_media":"","url_seccion_block_text_media":"","add_background_color_to_block_text_media":"white","tipo_de_contenido_block_text_media":"texto","editor_de_texto_tipo_de_contenido_block_text_media":"<h2>Kn\u00f8lhvaler<\/h2>\r\n<strong>Kn\u00f8lhvalen<\/strong> er kjent for sin komplekse sang, som kan h\u00f8res opptil 65 km unna. De er ogs\u00e5 kjent for \u00e5 breake, selv om forskerne ikke er sikre p\u00e5 om denne atferden er ment \u00e5 rense huden for skadedyr, eller om det bare er for moro skyld.\r\n\r\n<strong>Kn\u00f8lhvalen<\/strong> vandrer hvert \u00e5r mellom beiteomr\u00e5dene i det kalde vannet ved polene og yngleomr\u00e5dene i det varme vannet i tropene. De kan reise rundt 5000 km regelmessig mellom disse to omr\u00e5dene!\r\n\r\n<strong>Kn\u00f8lhvalen<\/strong> bruker en kompleks taktikk for \u00e5 finne f\u00f8de som kalles \"boblenetting\". En flokk p\u00e5 2 til 15 hvaler jakter sammen. De omringer fisken og fanger den inne i en spiral av bobler f\u00f8r de sv\u00f8mmer gjennom og fanger fisken i den \u00e5pne munnen.\r\n\r\nDeretter filtrerer de vannet ut gjennom bardene, som fungerer som en sil for \u00e5 holde fisken i munnen. P\u00e5 denne m\u00e5ten kan en enkelt hval spise opptil 500 kg sild i l\u00f8pet av en dag!\r\n\r\nDet hender ogs\u00e5 at kn\u00f8lhvalen stjeler silda som spekkhoggerne har samlet opp.","tipo_link":"link","boton_block_text_media":"","imagen_block_text_media":null,"tipo_de_contenido_block_text_media_dcha":"media","editor_de_texto_tipo_de_contenido_block_text_media_dcha":"","tipo_link_dcha":false,"boton_block_text_media_dcha":null,"imagen_block_text_media_dcha":21723},{"acf_fc_layout":"block_banner","id_seccion_block_banner_bg":"","add_background_color_to_block_banner_bg":"white","title_block_banner_bg":"","text_block_banner_bg":"<strong>I vinterm\u00e5nedene november til januar kan man vanligvis se hvaler i fjordene i Troms (hovedsakelig spekkhoggere og kn\u00f8lhvaler).<\/strong><br><br>Hvalsafari er en av de mest popul\u00e6re turene med avreise fra Troms\u00f8 og ut til kystomr\u00e5det der hvaler har blitt observert.\r\n\r\nBestill s\u00e5 snart som mulig, da dette er en av v\u00e5re bestselgere. Ikke g\u00e5 glipp av sjansen til \u00e5 se disse vakre, enorme sj\u00f8pattedyrene. ","url_block_banner_bg":{"title":"Bestill din hvalsafari","url":"https:\/\/booking.bestarctic.com\/en\/todo?filter=c%3D31191%3Bg%3D104503%2C104502","target":"_blank"},"img_block_banner_bg":3749,"img_block_banner_bg_mobile":3747,"img_block_banner_mobile":3745}]},"_links":{"self":[{"href":"https:\/\/bestarctic.com\/no\/wp-json\/wp\/v2\/pages\/20397","targetHints":{"allow":["GET"]}}],"collection":[{"href":"https:\/\/bestarctic.com\/no\/wp-json\/wp\/v2\/pages"}],"about":[{"href":"https:\/\/bestarctic.com\/no\/wp-json\/wp\/v2\/types\/page"}],"author":[{"embeddable":true,"href":"https:\/\/bestarctic.com\/no\/wp-json\/wp\/v2\/users\/6"}],"replies":[{"embeddable":true,"href":"https:\/\/bestarctic.com\/no\/wp-json\/wp\/v2\/comments?post=20397"}],"version-history":[{"count":0,"href":"https:\/\/bestarctic.com\/no\/wp-json\/wp\/v2\/pages\/20397\/revisions"}],"up":[{"embeddable":true,"href":"https:\/\/bestarctic.com\/no\/wp-json\/wp\/v2\/pages\/20381"}],"wp:attachment":[{"href":"https:\/\/bestarctic.com\/no\/wp-json\/wp\/v2\/media?parent=20397"}],"curies":[{"name":"wp","href":"https:\/\/api.w.org\/{rel}","templated":true}]}}