{"id":20401,"date":"2025-04-17T09:49:34","date_gmt":"2025-04-17T07:49:34","guid":{"rendered":"https:\/\/bestarctic.com\/visit-senja-norway\/"},"modified":"2025-11-18T15:25:36","modified_gmt":"2025-11-18T14:25:36","slug":"besok-senja-norge","status":"publish","type":"page","link":"https:\/\/bestarctic.com\/no\/reise-til-arktis\/besok-senja-norge\/","title":{"rendered":"Bes\u00f8k Senja"},"content":{"rendered":"","protected":false},"excerpt":{"rendered":"","protected":false},"author":6,"featured_media":0,"parent":20426,"menu_order":0,"comment_status":"closed","ping_status":"closed","template":"","meta":{"_acf_changed":false,"footnotes":""},"class_list":["post-20401","page","type-page","status-publish","hentry"],"acf":{"bloques_de_contenido":[{"acf_fc_layout":"block_hero_page","id_block_hero_page":"","video_o_imagen_hero_page":"img","video_block_hero_page_bg":null,"hero_page_inicio_video_segundo":"","img_block_hero_page_bg":5641,"overlay_hero_page":"yes","title_block_hero_page":"Bes\u00f8k Senja, et paradis for kajakkpadling og fotturer, selv om vinteren","text_block_hero_page":"Hvis du er p\u00e5 jakt etter et ekte eventyr utenfor allfarvei, trenger du ikke lete lenger enn til Senja, den nest st\u00f8rste \u00f8ya i Norge og Nord-Norges skjulte kajakkperle. Senja ligger bortgjemt i polarsirkelen, og er en fantastisk \u00f8y, kjent som \"Norge i miniatyr\" p\u00e5 grunn av sitt mangfoldige landskap, som tilbyr en unik og uforglemmelig opplevelse for reisende. P\u00e5 grunn av klimaet og den geografiske beliggenheten er fiskeindustrien den viktigste n\u00e6ringen p\u00e5 Senja. Med sitt barske landskap, uber\u00f8rte fjorder og uber\u00f8rte villmark er Senja et paradis som venter p\u00e5 \u00e5 bli utforsket.   ","label_block_hero_page":"Senja - kajakkparadiset i Nord-Norge","link_block_hero_page":{"title":"Se alle aktiviteter i Senja","url":"https:\/\/booking.bestarctic.com\/en\/todo?filter=g=109610&sorting=st=a;so=a","target":"_blank"},"add_imagen_extra_hero_page":"no","cta_imagen_extra_hero_page":"nei","imagen_content_block_hero_page":2329,"one_imagen_content_block_hero_page":null,"two_imagen_content_block_hero_page":null,"three_imagen_content_block_hero_page":null,"three_imagen_content_block_hero_page_title":"","three_imagen_content_block_hero_page_text":"","three_imagen_content_block_hero_page_text_cta":"","three_imagen_content_block_hero_page_url_cta":""},{"acf_fc_layout":"block_carrusel_activities","id_seccion_carrusel_destacados_tabs":"","title_section_carrusel_destacados_tabs":"Turer og aktiviteter p\u00e5 Senja","subtitle_section_carrusel_destacados_tabs":"","text_section_carrusel_destacados_tabs":"","url_seccion_carrusel_destacados_tabs":"","add_background_color_to_section_tabs":"white","tabs_activities_seleccionados_tabs":[{"tab_text_tabs_activities_seleccionados_tabs":"","tab_carousel_activities_seleccionados_tabs":[20776,20492,20755,20633]}]},{"acf_fc_layout":"block_card_grid","add_background_color_to_section_block_card_grid":"green","id_seccion_block_card_grid":"","title_section_block_card_grid":"Hva trenger du \u00e5 vite","subtitle_section_block_card_grid":"","text_section_block_card_grid":"","url_seccion_block_card_grid":"","item_block_post_masonry_and_grid":[{"imagen_block_post_masonry_and_grid":5643,"titular_block_post_masonry_and_grid":"Reis med buss mellom Troms\u00f8 og den vakre \u00f8ya Senja","texto_block_post_masonry_and_grid":"","location_block_post_masonry_and_grid":"","schedule_block_post_masonry_and_grid":"","duration_block_post_masonry_and_grid":"","price_block_post_masonry_and_grid":"","link_block_post_masonry_and_grid":{"title":"Les mer her","url":"https:\/\/bestarctic.com\/no\/arktisk-rute\/arktisk-vinter-ruter-utforsk-norge-sverige-og-finland\/buss-mellom-tromso-og-senja-oy-norge\/","target":""}},{"imagen_block_post_masonry_and_grid":3935,"titular_block_post_masonry_and_grid":"Backpacking i Nord-Norge om sommeren: en guide til \u00e5 utforske fjordene","texto_block_post_masonry_and_grid":"","location_block_post_masonry_and_grid":"","schedule_block_post_masonry_and_grid":"","duration_block_post_masonry_and_grid":"","price_block_post_masonry_and_grid":"","link_block_post_masonry_and_grid":{"title":"Les mer her","url":"https:\/\/bestarctic.com\/no\/nord-norge-reiseblogg\/ryggsekkreise-i-nord-norge-om-sommeren\/","target":""}},{"imagen_block_post_masonry_and_grid":3933,"titular_block_post_masonry_and_grid":"Matopplevelser langs sommerruten Arctic Route mellom Troms\u00f8 - Lofoten","texto_block_post_masonry_and_grid":"","location_block_post_masonry_and_grid":"","schedule_block_post_masonry_and_grid":"","duration_block_post_masonry_and_grid":"","price_block_post_masonry_and_grid":"","link_block_post_masonry_and_grid":{"title":"Les mer her","url":"https:\/\/bestarctic.com\/no\/nord-norge-reiseblogg\/matopplevelse-lang-arktisk-rute-pa-sommeren\/","target":""}}]},{"acf_fc_layout":"block_texto_media","id_seccion_block_text_media":"","title_seccion_block_text_media":"","subtitle_seccion_block_text_media":"","text_seccion_block_text_media":"","url_seccion_block_text_media":"","add_background_color_to_block_text_media":"white","tipo_de_contenido_block_text_media":"media","editor_de_texto_tipo_de_contenido_block_text_media":"<h2>Hva du kan se langs den arktiske sommerruten Troms\u00f8 - Senja<\/h2>\r\nP\u00e5 veien fra Troms\u00f8 til Senja er det flere attraksjoner du m\u00e5 se langs ruten. <strong>Ersfjordstranden er<\/strong> en skjult perle med sine hvite sandstrender og krystallklare vann.\r\n\r\n<strong>\u00d8ygruppen Hamn<\/strong>, som ofte omtales som <strong>Karibia i nord,<\/strong> er et paradis for naturelskere og fotografer. <strong><a href=\"https:\/\/www.hamnisenja.no\/\" target=\"_blank\" rel=\"noopener\">Hamn I Senja<\/a><\/strong>, et restaurert fiskev\u00e6r, gir deg muligheten til \u00e5 fordype deg i den lokale kulturen og nyte fersk sj\u00f8mat.\r\n\r\n<a href=\"https:\/\/booking.bestarctic.com\/en\/accommodation\/2103741\/mefjord-brygge\/photos\" target=\"_blank\" rel=\"noopener\"><strong>Mefjord Brygge<\/strong><\/a> tilbyr fantastisk utsikt over fjorden og er et perfekt sted for fiskeentusiaster. <strong>Segla-fjellet<\/strong> er et popul\u00e6rt turm\u00e5l med panoramautsikt over det omkringliggende landskapet.\r\n\r\n<strong>Hus\u00f8ya<\/strong> er en sjarmerende landsby som er kjent for sine fargerike hus og rolige atmosf\u00e6re.","tipo_link":"link","boton_block_text_media":"","imagen_block_text_media":5645,"tipo_de_contenido_block_text_media_dcha":"texto","editor_de_texto_tipo_de_contenido_block_text_media_dcha":"<h2>Hvor ligger Senja?<\/h2>\r\n<strong>Senja<\/strong> ligger i <strong>Nord-Norge<\/strong>, mellom <strong>Lofoten<\/strong> og <strong>Troms\u00f8<\/strong>.\r\n\r\n<strong>Om vinteren<\/strong> tar <a href=\"https:\/\/bestarctic.com\/no\/arktisk-rute\/arktisk-vinter-ruter-utforsk-norge-sverige-og-finland\/buss-mellom-tromso-og-senja-oy-norge\/\">Arctic Route<\/a> deg over land mellom Troms\u00f8 og Senja.\r\n\r\nOm sommeren tar <a href=\"https:\/\/bestarctic.com\/no\/arktisk-rute\/arktisk-sommer-ruter-utforsk-arktis\/buss-mellom-tromso-og-lofoten-norge\/\">Arctic Route<\/a> deg med land og ferge mellom Troms\u00f8 og Senja.\r\n\r\nDenne avsidesliggende \u00f8ya er kjent for sine dramatiske fjell, pittoreske fiskerlandsbyer og krystallklare vann. Til tross for sin fascinerende skj\u00f8nnhet er <strong>Senja<\/strong> fortsatt relativt uoppdaget av turister, noe som gj\u00f8r den til det perfekte reisem\u00e5let for deg som \u00f8nsker en autentisk og uber\u00f8rt opplevelse.\r\n\r\nOmtrent<strong> tre timer fra Troms\u00f8 p\u00e5 land, med en fergeoverfart<\/strong>, er det helt sikkert en naturskj\u00f8nn opplevelse \u00e5 pr\u00f8ve.","tipo_link_dcha":"link","boton_block_text_media_dcha":"","imagen_block_text_media_dcha":3916},{"acf_fc_layout":"block_texto_media","id_seccion_block_text_media":"","title_seccion_block_text_media":"","subtitle_seccion_block_text_media":"","text_seccion_block_text_media":"","url_seccion_block_text_media":"","add_background_color_to_block_text_media":"green","tipo_de_contenido_block_text_media":"media","editor_de_texto_tipo_de_contenido_block_text_media":"<h3>Kj\u00f8r sn\u00f8scooter i finske Lappland, fra Troms\u00f8<\/h3>\r\nKj\u00f8r til det magiske punktet med sn\u00f8scooter, der Sverige, Finland og Norge m\u00f8tes!\r\n\r\nBli med p\u00e5 denne opplevelsen, som starter fra den vakre og autentiske landsbyen Kilpisj\u00e4rvi i finsk Lappland, rett etter grensen til Norge. Inkludert transport fra Troms\u00f8.\r\n\r\nEnkel tilgang fra Troms\u00f8 eller Rovaniemi via Arctic Route-bussen<a href=\"https:\/\/bestarctic.com\/no\/arktisk-rute\/bus-between-tromso-norway-and-rovaniemi-finland\/\">(rute Troms\u00f8 - Rovaniemi - Troms\u00f8).<\/a>\r\n\r\n<a class=\"button\" href=\"https:\/\/booking.bestarctic.com\/en\/to-do\/2462725\/snowmobile-safari-in-finnish-lapland-from-troms%C3%B8\" target=\"_blank\" rel=\"noopener\">LES MER<\/a>","tipo_link":"link","boton_block_text_media":"","imagen_block_text_media":3913,"tipo_de_contenido_block_text_media_dcha":"texto","editor_de_texto_tipo_de_contenido_block_text_media_dcha":"<h2>Veier p\u00e5 Senja<\/h2>\r\nEn av de beste m\u00e5tene \u00e5 <strong>utforske Senja<\/strong> p\u00e5 er ved \u00e5 kj\u00f8re langs Nasjonal <strong>turistveg<\/strong>.\r\n\r\nFra <strong>nord til s\u00f8rvest<\/strong> gir Nasjonal <strong>turistveg<\/strong> deg det beste av det Senja har \u00e5 by p\u00e5.\r\n\r\nDenne naturskj\u00f8nne ruten byr p\u00e5 fantastisk utsikt over \u00f8yas kystlinje, fjell og daler, og f\u00f8rer deg langs sjarmerende fiskerlandsbyer.\r\n\r\n<a class=\"button\" href=\"https:\/\/www.nasjonaleturistveger.no\/en\/routes\/senja\/\" target=\"_blank\" rel=\"noopener\">Sjekk National Scenic Route her<\/a>","tipo_link_dcha":"link","boton_block_text_media_dcha":"","imagen_block_text_media_dcha":2329},{"acf_fc_layout":"block_texto_media","id_seccion_block_text_media":"","title_seccion_block_text_media":"","subtitle_seccion_block_text_media":"","text_seccion_block_text_media":"","url_seccion_block_text_media":"","add_background_color_to_block_text_media":"white","tipo_de_contenido_block_text_media":"texto","editor_de_texto_tipo_de_contenido_block_text_media":"<h2>Hva du kan se langs den arktiske sommerruten Troms\u00f8 - Senja<\/h2>\r\nP\u00e5 veien fra Troms\u00f8 til Senja er det flere attraksjoner du m\u00e5 se langs ruten. <strong>Ersfjordstranden er<\/strong> en skjult perle med sine hvite sandstrender og krystallklare vann.\r\n\r\n<strong>\u00d8ygruppen Hamn<\/strong>, som ofte omtales som <strong>Karibia i nord,<\/strong> er et paradis for naturelskere og fotografer. <strong><a href=\"https:\/\/www.hamnisenja.no\/no\" target=\"_blank\" rel=\"noopener\">Hamn I Senja<\/a><\/strong>, et restaurert fiskev\u00e6r, gir deg muligheten til \u00e5 fordype deg i den lokale kulturen og nyte fersk sj\u00f8mat.\r\n\r\n<a href=\"https:\/\/booking.bestarctic.com\/en\/accommodation\/2103741\/mefjord-brygge\/photos\" target=\"_blank\" rel=\"noopener\"><strong>Mefjord Brygge<\/strong><\/a> tilbyr fantastisk utsikt over fjorden og er et perfekt sted for fiskeentusiaster. <strong>Segla Fjelltur<\/strong> er et popul\u00e6rt turm\u00e5l med panoramautsikt over det omkringliggende landskapet.\r\n\r\n<strong>Hus\u00f8ya<\/strong> er en sjarmerende landsby som er kjent for sine fargerike hus og rolige atmosf\u00e6re.","tipo_link":"link","boton_block_text_media":"","imagen_block_text_media":2329,"tipo_de_contenido_block_text_media_dcha":"media","editor_de_texto_tipo_de_contenido_block_text_media_dcha":"<h2>Nyt Kilpisj\u00e4rvi i alle \u00e5rstider<\/h2>\r\nBes\u00f8k Kilpisj\u00e4rvi om sommeren og opplev det magiske arktiske lyset under midnattssolperioden (fra midten av mai til slutten av juli), n\u00e5r solen aldri g\u00e5r ned under horisonten.\r\n\r\nSommeren er ogs\u00e5 tiden for \u00e5 utforske innsj\u00f8er og elver. Padle kajakk, fiske, sykle eller g\u00e5 fotturer ... mulighetene er uendelige!\r\n\r\nOm h\u00f8sten bades Kilpisj\u00e4rvi i et vakkert, mykt lys, mens bladene p\u00e5 osp og bj\u00f8rk blir gylne og purpurr\u00f8de. Denne fargeeksplosjonen finner sted i \"ruska\"-sesongen.\r\n\r\nDette er Lapplands best bevarte hemmelighet, og det er finlendernes favoritttid for \u00e5 reise nordover fra hele landet. Den beste tiden \u00e5 komme og nyte dette fantastiske fargeshowet er de to ukene i midten av september.\r\n\r\nI desember forvandles Kilpisj\u00e4rvi til et vintereventyrland. Popul\u00e6re aktiviteter inkluderer langrenn, sn\u00f8scooterkj\u00f8ring, trugeturer og isfiske. Omr\u00e5det er ogs\u00e5 et av de beste stedene i Finland for \u00e5 se og fotografere det vakre nordlyset.","tipo_link_dcha":"link","boton_block_text_media_dcha":"","imagen_block_text_media_dcha":3916},{"acf_fc_layout":"block_texto_media","id_seccion_block_text_media":"","title_seccion_block_text_media":"","subtitle_seccion_block_text_media":"","text_seccion_block_text_media":"","url_seccion_block_text_media":"","add_background_color_to_block_text_media":"green","tipo_de_contenido_block_text_media":"media","editor_de_texto_tipo_de_contenido_block_text_media":"","tipo_link":"link","boton_block_text_media":"","imagen_block_text_media":3918,"tipo_de_contenido_block_text_media_dcha":"texto","editor_de_texto_tipo_de_contenido_block_text_media_dcha":"<h2>Hvordan komme seg til Senja, fra Troms\u00f8<\/h2>\r\nDet er flere m\u00e5ter \u00e5 komme seg til Senja fra Troms\u00f8 p\u00e5. Hvis du bes\u00f8ker Senja om <strong>sommeren<\/strong>, er den <a href=\"https:\/\/bestarctic.com\/no\/arktisk-rute\/arktisk-sommer-ruter-utforsk-arktis\/buss-mellom-tromso-og-lofoten-norge\/\">arktiske ruten<\/a> et popul\u00e6rt valg. Denne naturskj\u00f8nne ruten tar deg gjennom et fantastisk landskap og byr p\u00e5 fantastisk utsikt underveis.\r\n\r\nEt annet alternativ er \u00e5 ta <strong>hurtigb\u00e5ten fra Troms\u00f8<\/strong>, som gir en naturskj\u00f8nn og behagelig reise til Senja. Hvis du foretrekker <strong>\u00e5 reise med bil<\/strong>, kan du ta <strong>ferge fra Kval\u00f8ya til Senja (Brensholmen-Botnhamn) eller f\u00f8lge E6 til Finnsnes og krysse broen over til \u00f8ya.<\/strong>\r\n\r\nI tillegg er det en <strong>fergeforbindelse<\/strong> tilgjengelig fra <strong>Lofoten\/Andenes<\/strong>, med avgang fra <strong>And\u00f8ya<\/strong> og ankomst <strong>Gryllefjord<\/strong>.","tipo_link_dcha":"link","boton_block_text_media_dcha":"","imagen_block_text_media_dcha":null},{"acf_fc_layout":"block_texto_media","id_seccion_block_text_media":"","title_seccion_block_text_media":"","subtitle_seccion_block_text_media":"","text_seccion_block_text_media":"","url_seccion_block_text_media":"","add_background_color_to_block_text_media":"white","tipo_de_contenido_block_text_media":"texto","editor_de_texto_tipo_de_contenido_block_text_media":"<h2>Hvorfor er Senja et paradis for kajakkentusiaster?<\/h2>\r\nFor <b>kajakkentusiaster<\/b> er Senja et sant paradis. Med sitt <b>krystallklare vann, majestetiske fjorder, mangfoldige marine liv<\/b> <strong>og mange hvite \u00f8ystrender som er begrenset tilgjengelige med kajakk eller b\u00e5t, <\/strong>byr Senja p\u00e5 uendelige muligheter for utforskning. Enten du er nybegynner eller erfaren kajakkpadler, finnes det muligheter for alle.\r\n\r\nDu kan legge ut p\u00e5 guidede kajakkturer fra Troms\u00f8 med Best Arctic, der du padler gjennom fjordene <u><a href=\"https:\/\/booking.bestarctic.com\/en\/to-do\/2205961\/kayak-tour-in-senja-morning\/showdetails\" target=\"_blank\" rel=\"noopener\">i l\u00f8pet av dagen<\/a><\/u> eller pr\u00f8ve <u><a href=\"https:\/\/booking.bestarctic.com\/en\/to-do\/2153271\/kayak-tour-in-senja-evening\/showdetails?sorting=st%3Da%3Bso%3Da&amp;search=gid%3D109610%3Btitle%3Dgid%7CSenja\" target=\"_blank\" rel=\"noopener\">kajakkpadling under midnattssolen<\/a><\/u>.","tipo_link":"link","boton_block_text_media":"","imagen_block_text_media":null,"tipo_de_contenido_block_text_media_dcha":"media","editor_de_texto_tipo_de_contenido_block_text_media_dcha":"","tipo_link_dcha":"link","boton_block_text_media_dcha":"","imagen_block_text_media_dcha":5649},{"acf_fc_layout":"block_texto_media","id_seccion_block_text_media":"","title_seccion_block_text_media":"","subtitle_seccion_block_text_media":"","text_seccion_block_text_media":"","url_seccion_block_text_media":"","add_background_color_to_block_text_media":"green","tipo_de_contenido_block_text_media":"media","editor_de_texto_tipo_de_contenido_block_text_media":"","tipo_link":"link","boton_block_text_media":"","imagen_block_text_media":3922,"tipo_de_contenido_block_text_media_dcha":"texto","editor_de_texto_tipo_de_contenido_block_text_media_dcha":"<h2>Hva kan man gj\u00f8re i Senja om sommeren?<\/h2>\r\nI <b>sommerm\u00e5nedene<\/b> tilbyr Senja et bredt spekter av aktiviteter for <b>friluftsentusiaster<\/b>. I tillegg til <b>kajakkpadling<\/b> kan du ogs\u00e5 pr\u00f8ve deg p\u00e5 <b>fiske, fuglekikking og dyrelivsspotting<\/b>. Den uber\u00f8rte naturen p\u00e5 Senja danner det perfekte bakteppet for disse aktivitetene, slik at du kan komme i kontakt med naturen p\u00e5 en virkelig oppslukende m\u00e5te.\r\n\r\nFor de som \u00f8nsker et mer <b>selvstendig eventyr<\/b>, <u><a href=\"https:\/\/booking.bestarctic.com\/en\/to-do\/2212889\/self-guided-day-trip-to-senja-for-hikers-from-troms%C3%B8\/showdetails?sorting=st%3Da%3Bso%3Da&amp;search=gid%3D109610%3Btitle%3Dgid%7CSenja\" target=\"_blank\" rel=\"noopener\">er det ogs\u00e5 mulig \u00e5 g\u00e5 turer p\u00e5 egen h\u00e5nd, med transport fra Troms\u00f8<\/a><\/u>. Hvis du \u00f8nsker \u00e5 bruke en dag p\u00e5 \u00e5 bes\u00f8ke Senja fra Troms\u00f8, med transport inkludert, kan du sjekke v\u00e5r <u><a href=\"https:\/\/booking.bestarctic.com\/en\/to-do\/2212406\/fjord-tour-to-senja-from-troms%C3%B8-with-arctic-route\/showdetails\" target=\"_blank\" rel=\"noopener\">Fjordtur til Senja, inkludert lokal lunsj<\/a><\/u>.\r\n\r\nEnten du utforsker fjordene i kajakk eller vandrer gjennom de barske fjellene, byr Senja p\u00e5 et eventyr uten like.","tipo_link_dcha":"link","boton_block_text_media_dcha":"","imagen_block_text_media_dcha":null},{"acf_fc_layout":"block_texto_media","id_seccion_block_text_media":"","title_seccion_block_text_media":"","subtitle_seccion_block_text_media":"","text_seccion_block_text_media":"","url_seccion_block_text_media":"","add_background_color_to_block_text_media":"white","tipo_de_contenido_block_text_media":"texto","editor_de_texto_tipo_de_contenido_block_text_media":"<h2>Hvor \u00e5 bo i Senja - overnattingsmuligheter<\/h2>\r\nN\u00e5r det gjelder <b>overnatting<\/b>, har <b>Senja<\/b> alternativer som passer alle reisendes behov. <u><a href=\"https:\/\/www.mefjordbrygge.no\/\" target=\"_blank\" rel=\"noopener\"><b>Mefjord Brygge<\/b><\/a><\/u> er et popul\u00e6rt valg, og tilbyr komfortable rom og fantastisk utsikt over fjorden.\r\n\r\n<a href=\"https:\/\/www.hamnisenja.no\/no\" target=\"_blank\" rel=\"noopener\"><b>Hamn I Senja<\/b><\/a> er et annet utmerket alternativ, med sine koselige hytter og n\u00e6rhet til havet.\r\n\r\n<a href=\"https:\/\/senjabyheart.no\/\" target=\"_blank\" rel=\"noopener\"><b>Senja by Heart<\/b> <\/a>er et unikt gjestehus som gir deg en autentisk opplevelse, slik at du kan fordype deg i den lokale kulturen og tradisjonene.\r\n\r\nUansett hvilket overnattingssted du velger, vil du v\u00e6re omgitt av Senjas naturskj\u00f8nne omgivelser, noe som sikrer et minneverdig og foryngende opphold.","tipo_link":"link","boton_block_text_media":"","imagen_block_text_media":null,"tipo_de_contenido_block_text_media_dcha":"media","editor_de_texto_tipo_de_contenido_block_text_media_dcha":"","tipo_link_dcha":"link","boton_block_text_media_dcha":"","imagen_block_text_media_dcha":3924},{"acf_fc_layout":"block_texto_media","id_seccion_block_text_media":"","title_seccion_block_text_media":"","subtitle_seccion_block_text_media":"","text_seccion_block_text_media":"","url_seccion_block_text_media":"","add_background_color_to_block_text_media":"green","tipo_de_contenido_block_text_media":"media","editor_de_texto_tipo_de_contenido_block_text_media":"","tipo_link":"link","boton_block_text_media":"","imagen_block_text_media":21112,"tipo_de_contenido_block_text_media_dcha":"texto","editor_de_texto_tipo_de_contenido_block_text_media_dcha":"<h2>Hvilke severdigheter b\u00f8r du bes\u00f8ke for \u00e5 ta et episk bilde i Senja?<\/h2>\r\nSenja er en dr\u00f8m for fotografer, og byr p\u00e5 utallige muligheter for \u00e5 ta storsl\u00e5tte bilder. Noen av severdighetene som fotoentusiaster m\u00e5 bes\u00f8ke, er blant annet det ikoniske <b>Segla-fjellet<\/b>, som danner et fantastisk bakteppe for bildene dine.\r\n\r\n<b>Husfjellet<\/b>, med sin panoramautsikt over det omkringliggende landskapet, er ogs\u00e5 et popul\u00e6rt sted for fotografer. <b>Sukkertoppen<\/b> p\u00e5 <b>Hamn i Senja<\/b> byr dessuten p\u00e5 en fantastisk utsikt over havet og fjellene, perfekt for \u00e5 fange Senjas skj\u00f8nnhet.","tipo_link_dcha":"link","boton_block_text_media_dcha":"","imagen_block_text_media_dcha":null},{"acf_fc_layout":"block_text_img_full_width","id_seccion_text_img_full_w":"","title_section_text_img_full_w":"","subtitle_section_text_img_full_w":"","text_section_text_img_full_w":"","title_text_img_full_w":"","lable_text_img_full_w":"","texto_text_img_full_w":"<h2>Hvor kan man vandre p\u00e5 Senja?<\/h2>\r\nHvis <b>fotturer<\/b> er din lidenskap, har <b>Senja<\/b> et utvalg stier som tilfredsstiller ditt eventyrlystne sinn. <u>Senja p\u00e5 Tvers<\/u>-turen er en <b>flerdagers vandring som tar deg gjennom \u00f8yas varierte landskap, fra robuste fjell til rolige daler,<\/b> <b>inkludert overnatting i fjellhytter.<\/b> <b>Husfjellet<\/b> er en annen popul\u00e6r fotturdestinasjon, som tilbyr panoramautsikt over de omkringliggende fjordene og fjellene.\r\n\r\nFor en kortere tur gir <b>Sukkertoppen<\/b> p\u00e5 <b>Hamn i Senja<\/b> en givende klatring med <b>fantastisk utsikt p\u00e5 toppen<\/b>. Uansett hvilken sti du velger, vil du v\u00e6re omgitt av Senjas imponerende skj\u00f8nnhet.","url_section_text_img_full_w":"","imagen_text_img_full_w":21113},{"acf_fc_layout":"block_banner","id_seccion_block_banner_bg":"","add_background_color_to_block_banner_bg":"white","title_block_banner_bg":"Bes\u00f8k Senja, Norges nest st\u00f8rste \u00f8y","text_block_banner_bg":"Begynn \u00e5 planlegge reisen til Senja i dag, og opplev ditt livs eventyr.","url_block_banner_bg":{"title":"Utforsk alle turer i Senja","url":"https:\/\/booking.bestarctic.com\/en\/todo?filter=g=109610&sorting=st=a;so=a","target":"_blank"},"img_block_banner_bg":3749,"img_block_banner_bg_mobile":3747,"img_block_banner_mobile":3745}]},"_links":{"self":[{"href":"https:\/\/bestarctic.com\/no\/wp-json\/wp\/v2\/pages\/20401","targetHints":{"allow":["GET"]}}],"collection":[{"href":"https:\/\/bestarctic.com\/no\/wp-json\/wp\/v2\/pages"}],"about":[{"href":"https:\/\/bestarctic.com\/no\/wp-json\/wp\/v2\/types\/page"}],"author":[{"embeddable":true,"href":"https:\/\/bestarctic.com\/no\/wp-json\/wp\/v2\/users\/6"}],"replies":[{"embeddable":true,"href":"https:\/\/bestarctic.com\/no\/wp-json\/wp\/v2\/comments?post=20401"}],"version-history":[{"count":0,"href":"https:\/\/bestarctic.com\/no\/wp-json\/wp\/v2\/pages\/20401\/revisions"}],"up":[{"embeddable":true,"href":"https:\/\/bestarctic.com\/no\/wp-json\/wp\/v2\/pages\/20426"}],"wp:attachment":[{"href":"https:\/\/bestarctic.com\/no\/wp-json\/wp\/v2\/media?parent=20401"}],"curies":[{"name":"wp","href":"https:\/\/api.w.org\/{rel}","templated":true}]}}