{"id":20403,"date":"2025-04-17T08:44:35","date_gmt":"2025-04-17T06:44:35","guid":{"rendered":"https:\/\/bestarctic.com\/visit-vesteralen-norway\/"},"modified":"2025-11-17T10:07:47","modified_gmt":"2025-11-17T09:07:47","slug":"besok-vesteralen-norge","status":"publish","type":"page","link":"https:\/\/bestarctic.com\/no\/reise-til-arktis\/besok-vesteralen-norge\/","title":{"rendered":"Bes\u00f8k Vester\u00e5len"},"content":{"rendered":"","protected":false},"excerpt":{"rendered":"","protected":false},"author":6,"featured_media":0,"parent":20426,"menu_order":0,"comment_status":"closed","ping_status":"closed","template":"","meta":{"_acf_changed":false,"footnotes":""},"class_list":["post-20403","page","type-page","status-publish","hentry"],"acf":{"bloques_de_contenido":[{"acf_fc_layout":"block_hero_page","id_block_hero_page":"","video_o_imagen_hero_page":"img","video_block_hero_page_bg":null,"hero_page_inicio_video_segundo":"","img_block_hero_page_bg":5865,"overlay_hero_page":"yes","title_block_hero_page":"Bes\u00f8k Vester\u00e5len, en fantastisk \u00f8ygruppe i Nord-Norge","text_block_hero_page":"Vester\u00e5len er en \u00f8ygruppe som ligger nord for Lofoten i Nord-Norge. I tillegg til \u00e5 v\u00e6re kjent for sin fauna og flora, sine fiskev\u00e6r og barske kystlandskap, er Vester\u00e5len en hel\u00e5rsdestinasjon for hvalsafari i byen Andenes. ","label_block_hero_page":"Et paradis for turg\u00e5ere og hvalsafari","link_block_hero_page":{"title":"Se alle aktiviteter i Vester\u00e5len-omr\u00e5det","url":"https:\/\/booking.bestarctic.com\/en\/todo?filter=g%3D111576","target":"_blank"},"add_imagen_extra_hero_page":"no","cta_imagen_extra_hero_page":"nei","imagen_content_block_hero_page":2329,"one_imagen_content_block_hero_page":null,"two_imagen_content_block_hero_page":null,"three_imagen_content_block_hero_page":null,"three_imagen_content_block_hero_page_title":"","three_imagen_content_block_hero_page_text":"","three_imagen_content_block_hero_page_text_cta":"","three_imagen_content_block_hero_page_url_cta":""},{"acf_fc_layout":"block_carrusel_activities","id_seccion_carrusel_destacados_tabs":"","title_section_carrusel_destacados_tabs":"Turer og aktiviteter i Vester\u00e5len-omr\u00e5det","subtitle_section_carrusel_destacados_tabs":"","text_section_carrusel_destacados_tabs":"","url_seccion_carrusel_destacados_tabs":"","add_background_color_to_section_tabs":"white","tabs_activities_seleccionados_tabs":[{"tab_text_tabs_activities_seleccionados_tabs":"","tab_carousel_activities_seleccionados_tabs":[20643,20789,20637,20753,20748,20635]}]},{"acf_fc_layout":"block_card_grid","add_background_color_to_section_block_card_grid":"green","id_seccion_block_card_grid":"","title_section_block_card_grid":"Hva trenger du \u00e5 vite","subtitle_section_block_card_grid":"","text_section_block_card_grid":"","url_seccion_block_card_grid":"","item_block_post_masonry_and_grid":[{"imagen_block_post_masonry_and_grid":3907,"titular_block_post_masonry_and_grid":"Hva du kan gj\u00f8re i Vester\u00e5len, Norge om sommeren","texto_block_post_masonry_and_grid":"","location_block_post_masonry_and_grid":"","schedule_block_post_masonry_and_grid":"","duration_block_post_masonry_and_grid":"","price_block_post_masonry_and_grid":"","link_block_post_masonry_and_grid":{"title":"Les mer her","url":"https:\/\/bestarctic.com\/no\/nord-norge-reiseblogg\/hva-a-gjore-i-vesteralen-norge-sommer\/","target":""}},{"imagen_block_post_masonry_and_grid":3905,"titular_block_post_masonry_and_grid":"Hvalsafari i Norge i sommer 2025","texto_block_post_masonry_and_grid":"","location_block_post_masonry_and_grid":"","schedule_block_post_masonry_and_grid":"","duration_block_post_masonry_and_grid":"","price_block_post_masonry_and_grid":"","link_block_post_masonry_and_grid":{"title":"Les mer her","url":"https:\/\/bestarctic.com\/no\/nord-norge-reiseblogg\/hvalsafari-i-norge-sommer-2025\/","target":""}},{"imagen_block_post_masonry_and_grid":3903,"titular_block_post_masonry_and_grid":"Historien bak Den arktiske ruten","texto_block_post_masonry_and_grid":"","location_block_post_masonry_and_grid":"","schedule_block_post_masonry_and_grid":"","duration_block_post_masonry_and_grid":"","price_block_post_masonry_and_grid":"","link_block_post_masonry_and_grid":{"title":"Les mer her","url":"https:\/\/bestarctic.com\/no\/nord-norge-reiseblogg\/historien-bak-arktisk-rute\/","target":""}}]},{"acf_fc_layout":"block_texto_media","id_seccion_block_text_media":"","title_seccion_block_text_media":"","subtitle_seccion_block_text_media":"","text_seccion_block_text_media":"","url_seccion_block_text_media":"","add_background_color_to_block_text_media":"white","tipo_de_contenido_block_text_media":"media","editor_de_texto_tipo_de_contenido_block_text_media":"<h2>Hvordan kommer man seg til Vester\u00e5len?<\/h2>\r\n<p class=\"western\"><b>SOMMERTID:<\/b><\/p>\r\n<p class=\"western\">Ikke lyst til \u00e5 leie bil? Det har aldri v\u00e6rt enklere \u00e5 komme seg til Vester\u00e5len p\u00e5 sommerstid: hopp p\u00e5 <b>Arctic Route-bussen<\/b>, med <b>daglige avganger fra Svolv\u00e6r (Lofoten), Troms\u00f8 og Senja<\/b>. Bussen stopper flere steder langs hele Vester\u00e5len. Se hele ruten, rutetider, priser og alle stoppesteder <u><a href=\"https:\/\/bestarctic.com\/no\/arktisk-rute\/arktisk-sommer-ruter-utforsk-arktis\/buss-mellom-tromso-og-lofoten-norge\/\">her<\/a><\/u>.<\/p>\r\n<b>Arctic Route<\/b> tilbyr en <u><a href=\"https:\/\/bestarctic.com\/no\/arktisk-rute\/arktisk-sommer-ruter-utforsk-arktis\/buss-mellom-tromso-og-lofoten-norge\/\">daglig naturskj\u00f8nn bussrute mellom Lofoten og Troms\u00f8<\/a><\/u><b>(fra 15. juni til 31. august)<\/b> med flere stopp underveis, blant annet <b>Stokmarknes, Sortland, Bleik strand, Andenes senter, Hamn i Senja og Ersfjord<\/b>.\r\n\r\nDu kan kj\u00f8pe en enkeltbillett mellom to steder og reise ubegrenset i l\u00f8pet av passets gyldighetstid p\u00e5 denne ruten og p\u00e5 v\u00e5r <u><a href=\"https:\/\/bestarctic.com\/no\/arktisk-rute\/arktisk-sommer-ruter-utforsk-arktis\/buss-i-lofoten-oyene-norge\/\">sommerrute mellom Svolv\u00e6r og \u00c5 i Lofoten<\/a><\/u>.\r\n<p class=\"western\"><b>Reiser du med bil? <\/b>Den nasjonale turistvegen tar deg til Vester\u00e5len, inkludert fergeoverfarter (ferge Fiskeb\u00e6l-Mlebu og ferge Gryllefjord-Andenes).<\/p>\r\n<p class=\"western\"><b>VINTERTID:<\/b><\/p>\r\n<p class=\"western\">Kj\u00f8r E6 fra Troms\u00f8 eller s\u00f8rover, og ta av p\u00e5 E10 i Bjerkvik, p\u00e5 vei til Vester\u00e5len.<\/p>","tipo_link":"link","boton_block_text_media":"","imagen_block_text_media":20404,"tipo_de_contenido_block_text_media_dcha":"texto","editor_de_texto_tipo_de_contenido_block_text_media_dcha":"<h2>Vester\u00e5lens \u00f8ygruppe<\/h2>\r\nVester\u00e5len best\u00e5r av flere \u00f8yer, deriblant And\u00f8ya, Hadsel\u00f8ya og Lang\u00f8ya, og de sm\u00e5 byene og landsbyene byr p\u00e5 et n\u00e6rt og sammensveiset fellesskap.\r\n\r\n\u00d8ygruppen er kjent for sin mangfoldige kulturarv og sitt mangfoldige milj\u00f8, og byr p\u00e5 en rekke museer og severdigheter. Viktige regionale arbeidsgivere er fiskeri og andre marine n\u00e6ringer, i tillegg til turisme, helsevesen og utdanning.\r\n\r\nMed sin beliggenhet midt i polarsirkelen er dette et spennende sted \u00e5 bes\u00f8ke b\u00e5de om vinteren (hvor du kan se nordlyset), men ogs\u00e5 om sommeren for hvalsafari, bes\u00f8k p\u00e5 Andenes Space Center, sommerturer og midnattssolfenomenet.","tipo_link_dcha":"link","boton_block_text_media_dcha":"","imagen_block_text_media_dcha":3857},{"acf_fc_layout":"block_text_img_full_width","id_seccion_text_img_full_w":"","title_section_text_img_full_w":"","subtitle_section_text_img_full_w":"","text_section_text_img_full_w":"","title_text_img_full_w":"","lable_text_img_full_w":"","texto_text_img_full_w":"<h2>Hva kan man gj\u00f8re i Vester\u00e5len?<\/h2>\r\nDet er mye \u00e5 gj\u00f8re i Vester\u00e5len-regionen. Dette er et popul\u00e6rt reisem\u00e5l for friluftsentusiaster. Velg mellom aktiviteter som fotturer, kajakkpadling, fiske, sykling og hvalsafari.","url_section_text_img_full_w":{"title":"Se alle aktiviteter","url":"https:\/\/booking.bestarctic.com\/en\/todo?filter=a=0-17;g=111576&sorting=st=a;so=a","target":""},"imagen_text_img_full_w":21717},{"acf_fc_layout":"block_texto_media","id_seccion_block_text_media":"","title_seccion_block_text_media":"","subtitle_seccion_block_text_media":"","text_seccion_block_text_media":"","url_seccion_block_text_media":"","add_background_color_to_block_text_media":"green","tipo_de_contenido_block_text_media":"texto","editor_de_texto_tipo_de_contenido_block_text_media":"<h2>Hvordan kommer man seg til Vester\u00e5len?<\/h2>\r\n<p class=\"western\"><b>SOMMERTID:<\/b><\/p>\r\n<p class=\"western\">Ikke lyst til \u00e5 leie bil? Det har aldri v\u00e6rt enklere \u00e5 komme seg til Vester\u00e5len p\u00e5 sommerstid: hopp p\u00e5 <b>Arctic Route-bussen<\/b>, med <b>daglige avganger fra Svolv\u00e6r (Lofoten), Troms\u00f8 og Senja<\/b>. Bussen stopper flere steder langs hele Vester\u00e5len. Se hele ruten, rutetider, priser og alle stoppesteder <u><a href=\"https:\/\/bestarctic.com\/no\/arktisk-rute\/arktisk-sommer-ruter-utforsk-arktis\/buss-mellom-tromso-og-lofoten-norge\/\">her<\/a><\/u>.<\/p>\r\n<b>Arctic Route<\/b> tilbyr en <u><a href=\"https:\/\/bestarctic.com\/no\/arktisk-rute\/arktisk-sommer-ruter-utforsk-arktis\/buss-mellom-tromso-og-lofoten-norge\/\">daglig naturskj\u00f8nn bussrute mellom Lofoten og Troms\u00f8<\/a><\/u><b>(fra 15. juni til 31. august)<\/b> med flere stopp underveis, blant annet <b>Stokmarknes, Sortland, Bleik strand, Andenes senter, Hamn i Senja og Ersfjord<\/b>.\r\n\r\nDu kan kj\u00f8pe en enkeltbillett mellom to steder og reise ubegrenset i l\u00f8pet av passets gyldighetstid p\u00e5 denne ruten og p\u00e5 v\u00e5r <u><a href=\"https:\/\/bestarctic.com\/no\/arktisk-rute\/arktisk-sommer-ruter-utforsk-arktis\/buss-i-lofoten-oyene-norge\/\">sommerrute mellom Svolv\u00e6r og \u00c5 i Lofoten<\/a><\/u>.\r\n<p class=\"western\"><b>Reiser du med bil? <\/b>Den nasjonale turistvegen tar deg til Vester\u00e5len, inkludert fergeoverfarter (ferge Fiskeb\u00e6l-Mlebu og ferge Gryllefjord-Andenes).<\/p>\r\n<p class=\"western\"><b>VINTERTID:<\/b><\/p>\r\n<p class=\"western\">Kj\u00f8r E6 fra Troms\u00f8 eller s\u00f8rover, og ta av p\u00e5 E10 i Bjerkvik, p\u00e5 vei til Vester\u00e5len.<\/p>","tipo_link":"link","boton_block_text_media":"","imagen_block_text_media":null,"tipo_de_contenido_block_text_media_dcha":"media","editor_de_texto_tipo_de_contenido_block_text_media_dcha":"","tipo_link_dcha":false,"boton_block_text_media_dcha":null,"imagen_block_text_media_dcha":3857},{"acf_fc_layout":"block_texto_media","id_seccion_block_text_media":"","title_seccion_block_text_media":"","subtitle_seccion_block_text_media":"","text_seccion_block_text_media":"","url_seccion_block_text_media":"","add_background_color_to_block_text_media":"white","tipo_de_contenido_block_text_media":"media","editor_de_texto_tipo_de_contenido_block_text_media":"","tipo_link":false,"boton_block_text_media":null,"imagen_block_text_media":21692,"tipo_de_contenido_block_text_media_dcha":"texto","editor_de_texto_tipo_de_contenido_block_text_media_dcha":"<h2>Bes\u00f8k And\u00f8ya Space Center<\/h2>\r\nN\u00e5r du er i Vester\u00e5len, kan du bes\u00f8ke det unike And\u00f8ya Space Center, Norges eneste operative romsenter. Her kan du l\u00e6re mer om nordlysforskning, historien til And\u00f8ya Space eller ta en virtuell tur til Mars.","tipo_link_dcha":"link","boton_block_text_media_dcha":"","imagen_block_text_media_dcha":null},{"acf_fc_layout":"block_imagen_carrusel","id_seccion_block_imagen_carrusel":"","title_section_block_imagen_carrusel":"","subtitle_section_block_imagen_carrusel":"","text_section_block_imagen_carrusel":"","url_seccion_block_imagen_carrusel":"","add_background_color_to_block_imagen_carrusel":"green","item_block_imagen_carrusel":[{"imagen_block_imagen_carrusel":3879,"texto_block_imagen_carrusel":""},{"imagen_block_imagen_carrusel":3877,"texto_block_imagen_carrusel":""},{"imagen_block_imagen_carrusel":3875,"texto_block_imagen_carrusel":""},{"imagen_block_imagen_carrusel":3873,"texto_block_imagen_carrusel":""},{"imagen_block_imagen_carrusel":3871,"texto_block_imagen_carrusel":""},{"imagen_block_imagen_carrusel":3869,"texto_block_imagen_carrusel":""},{"imagen_block_imagen_carrusel":3867,"texto_block_imagen_carrusel":""},{"imagen_block_imagen_carrusel":3865,"texto_block_imagen_carrusel":""},{"imagen_block_imagen_carrusel":3863,"texto_block_imagen_carrusel":""}],"enable_modal_block_imagen_carrusel":true},{"acf_fc_layout":"block_full_image_text_two_cols","id_seccion_block_full_image_text_two_cols":"","title_seccion_block_full_image_text_two_cols":"Hvor kan man bo i Vester\u00e5len?","subtitle_seccion_block_full_image_text_two_cols":"","text_seccion_block_full_image_text_two_cols":"Vester\u00e5len tilbyr et bredt spekter av overnattingsmuligheter, fra hoteller til rorbuer (fiskerhytter) og \u00abInstagram-vennlige\u00bb steder \u00e5 overnatte:","url_seccion_block_full_image_text_two_cols":"","add_background_color_to_block_full_image_text_two_cols":"white","imagen_block_full_image_text_two_cols":"","editor_left_block_full_image_text_two_cols":"","editor_right_block_full_image_text_two_cols":""},{"acf_fc_layout":"block_imagen_carrusel","id_seccion_block_imagen_carrusel":"","title_section_block_imagen_carrusel":"Unike steder","subtitle_section_block_imagen_carrusel":"","text_section_block_imagen_carrusel":"","url_seccion_block_imagen_carrusel":"","add_background_color_to_block_imagen_carrusel":"green","item_block_imagen_carrusel":[{"imagen_block_imagen_carrusel":3885,"texto_block_imagen_carrusel":"<a href=\"https:\/\/www.ringstadresort.no\/nb\" target=\"_blank\">Ringstad Resort<\/a>"},{"imagen_block_imagen_carrusel":3883,"texto_block_imagen_carrusel":"<a href=\"https:\/\/www.marmelkroken.no\/\" target=\"_blank\">Marmelkroken<\/a>"},{"imagen_block_imagen_carrusel":3881,"texto_block_imagen_carrusel":"<a href=\"https:\/\/www.stavecamping.no\/\" target=\"_blank\">Camping Stave<\/a>"}],"enable_modal_block_imagen_carrusel":false},{"acf_fc_layout":"block_imagen_carrusel","id_seccion_block_imagen_carrusel":"","title_section_block_imagen_carrusel":"Rorbuer (rorbuer for fiskere)","subtitle_section_block_imagen_carrusel":"","text_section_block_imagen_carrusel":"","url_seccion_block_imagen_carrusel":"","add_background_color_to_block_imagen_carrusel":"white","item_block_imagen_carrusel":[{"imagen_block_imagen_carrusel":3889,"texto_block_imagen_carrusel":"<a href=\"https:\/\/kysthotellet.com\/no\/\" target=\"_blank\">Vester\u00e5len Kysthotell<\/a>"},{"imagen_block_imagen_carrusel":3887,"texto_block_imagen_carrusel":"<a href=\"https:\/\/gronnbuenerorbu.hotelib.top\/\" target=\"_blank\">Gr\u00f8nnbuene Andenes<\/a>"}],"enable_modal_block_imagen_carrusel":false},{"acf_fc_layout":"block_imagen_carrusel","id_seccion_block_imagen_carrusel":"","title_section_block_imagen_carrusel":"Hotell","subtitle_section_block_imagen_carrusel":"","text_section_block_imagen_carrusel":"","url_seccion_block_imagen_carrusel":"","add_background_color_to_block_imagen_carrusel":"green","item_block_imagen_carrusel":[{"imagen_block_imagen_carrusel":3895,"texto_block_imagen_carrusel":"<a href=\"https:\/\/www.thonhotels.no\/hoteller\/norge\/andenes\/?gclid=d0038c5f64aa19b84d34e814a1db895e&gclsrc=3p.ds&msclkid=d0038c5f64aa19b84d34e814a1db895e&utm_source=bing&utm_medium=cpc&utm_campaign=NO%20%7C%20Brand%20%7C%20Andenes%20%7C%20City&utm_term=bestill%20thon%20hotell%20andenes&utm_content=NO%20%7C%20Brand%20%7C%20Andenes%20%7C%20City\" target=\"_blank\">Thon Hotel<\/a>"},{"imagen_block_imagen_carrusel":3893,"texto_block_imagen_carrusel":"<a href=\"https:\/\/www.andenessuitehotel.no\/\" target=\"_blank\">Andenes Suite Hotel<\/a>"},{"imagen_block_imagen_carrusel":3891,"texto_block_imagen_carrusel":"<a href=\"https:\/\/melbuhotell.no\/en\/\" target=\"_blank\">Melbu Hotel<\/a>"}],"enable_modal_block_imagen_carrusel":false},{"acf_fc_layout":"block_banner","id_seccion_block_banner_bg":"","add_background_color_to_block_banner_bg":"white","title_block_banner_bg":"Bes\u00f8k Vester\u00e5len i Nord-Norge","text_block_banner_bg":"Velg mellom mange friluftsaktiviteter og oppdag et av de vakreste stedene i Nord-Norge. Tilbudet i Vester\u00e5len spenner over kultur, historie, dyreliv, friluftsliv og lokal kultur, og er variert og lett tilgjengelig via The Arctic Route eller med bil. ","url_block_banner_bg":{"title":"Utforsk alle turer i Vester\u00e5len","url":"https:\/\/booking.bestarctic.com\/en\/todo?filter=g=111576&sorting=st=a;so=a","target":"_blank"},"img_block_banner_bg":3749,"img_block_banner_bg_mobile":3747,"img_block_banner_mobile":3745}]},"_links":{"self":[{"href":"https:\/\/bestarctic.com\/no\/wp-json\/wp\/v2\/pages\/20403","targetHints":{"allow":["GET"]}}],"collection":[{"href":"https:\/\/bestarctic.com\/no\/wp-json\/wp\/v2\/pages"}],"about":[{"href":"https:\/\/bestarctic.com\/no\/wp-json\/wp\/v2\/types\/page"}],"author":[{"embeddable":true,"href":"https:\/\/bestarctic.com\/no\/wp-json\/wp\/v2\/users\/6"}],"replies":[{"embeddable":true,"href":"https:\/\/bestarctic.com\/no\/wp-json\/wp\/v2\/comments?post=20403"}],"version-history":[{"count":0,"href":"https:\/\/bestarctic.com\/no\/wp-json\/wp\/v2\/pages\/20403\/revisions"}],"up":[{"embeddable":true,"href":"https:\/\/bestarctic.com\/no\/wp-json\/wp\/v2\/pages\/20426"}],"wp:attachment":[{"href":"https:\/\/bestarctic.com\/no\/wp-json\/wp\/v2\/media?parent=20403"}],"curies":[{"name":"wp","href":"https:\/\/api.w.org\/{rel}","templated":true}]}}