{"id":20407,"date":"2025-04-16T16:21:35","date_gmt":"2025-04-16T14:21:35","guid":{"rendered":"https:\/\/bestarctic.com\/visit-lofoten-norway\/"},"modified":"2025-11-17T10:07:41","modified_gmt":"2025-11-17T09:07:41","slug":"besok-lofoten-norge","status":"publish","type":"page","link":"https:\/\/bestarctic.com\/no\/reise-til-arktis\/besok-lofoten-norge\/","title":{"rendered":"Bes\u00f8k Lofoten"},"content":{"rendered":"","protected":false},"excerpt":{"rendered":"","protected":false},"author":6,"featured_media":0,"parent":20426,"menu_order":0,"comment_status":"closed","ping_status":"closed","template":"","meta":{"_acf_changed":false,"footnotes":""},"class_list":["post-20407","page","type-page","status-publish","hentry"],"acf":{"bloques_de_contenido":[{"acf_fc_layout":"block_hero_page","id_block_hero_page":"","video_o_imagen_hero_page":"img","video_block_hero_page_bg":null,"hero_page_inicio_video_segundo":"","img_block_hero_page_bg":5671,"overlay_hero_page":"yes","title_block_hero_page":"Et postkort fra Norge - Bes\u00f8k Lofoten i Norge","text_block_hero_page":"Lofoten har blitt et verdenskjent reisem\u00e5l. Noen hevder at det er det vakreste stedet i Norge! Det er vanskelig \u00e5 v\u00e6re uenig, for Lofoten byr p\u00e5 et spektakul\u00e6rt landskap som ikke finnes noe annet sted p\u00e5 jorden. Du vil f\u00f8le at du befinner deg i et av bildene fra Norge som vi ofte ser i reiseguider. Les nedenfor for \u00e5 finne ut hvordan du kan bes\u00f8ke denne fantastiske \u00f8ygruppen.    ","label_block_hero_page":"","link_block_hero_page":{"title":"Se alle sommeraktiviteter fra Svolv\u00e6r","url":"https:\/\/booking.bestarctic.com\/en\/todo?filter=a_0%3D0-17%3Bg%3D109612%2C111589","target":"_blank"},"add_imagen_extra_hero_page":"no","cta_imagen_extra_hero_page":"nei","imagen_content_block_hero_page":2329,"one_imagen_content_block_hero_page":null,"two_imagen_content_block_hero_page":null,"three_imagen_content_block_hero_page":null,"three_imagen_content_block_hero_page_title":"","three_imagen_content_block_hero_page_text":"","three_imagen_content_block_hero_page_text_cta":"","three_imagen_content_block_hero_page_url_cta":""},{"acf_fc_layout":"block_carrusel_activities","id_seccion_carrusel_destacados_tabs":"","title_section_carrusel_destacados_tabs":"Turer og aktiviteter i Lofoten","subtitle_section_carrusel_destacados_tabs":"","text_section_carrusel_destacados_tabs":"","url_seccion_carrusel_destacados_tabs":{"title":"Se alle aktiviteter i Lofoten","url":"https:\/\/booking.bestarctic.com\/en\/todo?filter=a_0%3D0-17%3Bc%3D31190%3Bg%3D109612","target":""},"add_background_color_to_section_tabs":"white","tabs_activities_seleccionados_tabs":[{"tab_text_tabs_activities_seleccionados_tabs":"","tab_carousel_activities_seleccionados_tabs":[20643,20789,20641,20780,20817,20639]}]},{"acf_fc_layout":"block_card_grid","add_background_color_to_section_block_card_grid":"green","id_seccion_block_card_grid":"","title_section_block_card_grid":"Hva du trenger \u00e5 vite","subtitle_section_block_card_grid":"","text_section_block_card_grid":"","url_seccion_block_card_grid":"","item_block_post_masonry_and_grid":[{"imagen_block_post_masonry_and_grid":3851,"titular_block_post_masonry_and_grid":"Oppdag det beste av Lofoten med en heldagstur med hop-on\/hop-off-buss","texto_block_post_masonry_and_grid":"","location_block_post_masonry_and_grid":"","schedule_block_post_masonry_and_grid":"","duration_block_post_masonry_and_grid":"","price_block_post_masonry_and_grid":"","link_block_post_masonry_and_grid":{"title":"Les mer her","url":"https:\/\/bestarctic.com\/no\/nord-norge-reiseblogg\/dagsutflukt-til-lofoten-med-buss-og-frie-stopp\/","target":""}},{"imagen_block_post_masonry_and_grid":3849,"titular_block_post_masonry_and_grid":"Hva du kan gj\u00f8re i Lofoten, Norge om sommeren","texto_block_post_masonry_and_grid":"","location_block_post_masonry_and_grid":"","schedule_block_post_masonry_and_grid":"","duration_block_post_masonry_and_grid":"","price_block_post_masonry_and_grid":"","link_block_post_masonry_and_grid":{"title":"Les mer her","url":"https:\/\/bestarctic.com\/no\/nord-norge-reiseblogg\/hva-a-gjore-i-lofoten-denne-sommeren\/","target":""}},{"imagen_block_post_masonry_and_grid":3847,"titular_block_post_masonry_and_grid":"De 5 beste stedene for fotturer i Lofoten, Norge, tilgjengelig med Arctic Route-bussene","texto_block_post_masonry_and_grid":"","location_block_post_masonry_and_grid":"","schedule_block_post_masonry_and_grid":"","duration_block_post_masonry_and_grid":"","price_block_post_masonry_and_grid":"","link_block_post_masonry_and_grid":{"title":"Les mer her","url":"https:\/\/bestarctic.com\/no\/nord-norge-reiseblogg\/5-steder-for-fotturer-i-lofoten-norge\/","target":""}}]},{"acf_fc_layout":"block_texto_media","id_seccion_block_text_media":"","title_seccion_block_text_media":"","subtitle_seccion_block_text_media":"","text_seccion_block_text_media":"","url_seccion_block_text_media":{"title":"Hvordan komme seg til Lofoten fra Troms\u00f8","url":"https:\/\/bestarctic.com\/no\/arktisk-rute\/arktisk-sommer-ruter-utforsk-arktis\/buss-mellom-tromso-og-lofoten-norge\/","target":""},"add_background_color_to_block_text_media":"white","tipo_de_contenido_block_text_media":"texto","editor_de_texto_tipo_de_contenido_block_text_media":"<h2>Hvordan komme seg til Lofoten?<\/h2>\r\nFra<b> Troms\u00f8:<\/b>\r\n\r\nDen beste m\u00e5ten \u00e5 reise til Lofoten p\u00e5 er med buss!\r\n\r\nArctic Route tilbyr to nye sommerruter, mellom 15. juni og 31. august i 2024, og mellom Troms\u00f8 og Svolv\u00e6r og Kabelv\u00e5g (i Lofoten), via Senja og Vester\u00e5len og mellom Narvik og \u00c5 (en bygd n\u00e6r s\u00f8rspissen av Lofoten).\r\n\r\nDu kan fly til Troms\u00f8 lufthavn - ta <a href=\"https:\/\/booking.bestarctic.com\/en\/to-do\/2071841\/airport-express-airport-centrum-airport\/showdetails?page=1&amp;sorting=st%3Da%3Bso%3Da&amp;filter=g%3D104503\" target=\"_blank\" rel=\"noopener\">Airport Express<\/a> fra Troms\u00f8 lufthavn for \u00e5 komme deg til Arctic Route-bussens oppsamlingssted.\r\n\r\nFra <strong>Bod\u00f8:<\/strong>\r\n\r\nDu kan ta ferge fra Bod\u00f8 (Moskenes-fergen). Arctic Route g\u00e5r med <strong>ankomst 14:15 fra Bod\u00f8 og avgang 14:45 til Bod\u00f8.<\/strong> Fergeturen tar 3,15 timer, og du krysser en distanse p\u00e5 88,90 km. Les mer informasjon <a href=\"https:\/\/bestarctic.com\/no\/arktisk-rute\/arktisk-sommer-ruter-utforsk-arktis\/buss-i-lofoten-oyene-norge\/\">her.<\/a>\r\n\r\nOm sommeren kan du oppdage Lofoten p\u00e5 sykkel, med b\u00e5t eller til fots! \u00c5 sp\u00f8rre oss om de beste stedene i Lofoten er et vanskelig sp\u00f8rsm\u00e5l, for hele \u00f8ygruppen er fantastisk.","tipo_link":"link","boton_block_text_media":"","imagen_block_text_media":null,"tipo_de_contenido_block_text_media_dcha":"media","editor_de_texto_tipo_de_contenido_block_text_media_dcha":"<h2>Hva gj\u00f8r man i Lofoten?<\/h2>\r\nN\u00e5r du planlegger ferien din til Lofoten, vil du snart oppdage at det er mye \u00e5 gj\u00f8re!\r\n\r\nOm sommeren er det best \u00e5 oppdage Lofoten sj\u00f8veien. Du kan for eksempel bli med <a href=\"https:\/\/booking.bestarctic.com\/en\/packages\/2137984\/whale-watching-from-svolv%c3%a6r\" target=\"_blank\" rel=\"noopener\">p\u00e5 hvalsafari fra Svolv\u00e6r til Andenes<\/a>, ta en <a href=\"https:\/\/booking.bestarctic.com\/en\/to-do\/2147339\/hurtigruten-cruise-into-trollfjord-with-arctic-route-bus\/showdetails\" target=\"_blank\" rel=\"noopener\">rundtur med buss og Hurtigruten inn Trollfjorden fra Lofoten<\/a> <a href=\"https:\/\/booking.bestarctic.com\/en\/to-do\/2526217\/explore-nusfjord-and-henningsv%C3%A6r-from-svolv%C3%A6r-with-arctic-ro\/showdetails\" target=\"_blank\" rel=\"noopener\">eller utforske Nusfjord<\/a>.\r\n\r\nDu kan ogs\u00e5 bli med p\u00e5 et <a href=\"https:\/\/booking.bestarctic.com\/en\/to-do\/2594188\/lofoten-silent-trollfjord-cruise\/showdetails\" target=\"_blank\" rel=\"noopener\">hybridelektrisk cruise til Trollfjord<\/a>.","tipo_link_dcha":"cta","boton_block_text_media_dcha":{"title":"Sommeraktiviteter fra Svolv\u00e6r","url":"https:\/\/booking.bestarctic.com\/en\/todo?filter=a_0%3D0-17%3Bg%3D109612","target":""},"imagen_block_text_media_dcha":20408},{"acf_fc_layout":"block_texto_media","id_seccion_block_text_media":"","title_seccion_block_text_media":"","subtitle_seccion_block_text_media":"","text_seccion_block_text_media":"","url_seccion_block_text_media":{"title":"Flytte rundt i Lofoten","url":"https:\/\/bestarctic.com\/no\/arktisk-rute\/arktisk-sommer-ruter-utforsk-arktis\/buss-i-lofoten-oyene-norge\/","target":""},"add_background_color_to_block_text_media":"green","tipo_de_contenido_block_text_media":"media","editor_de_texto_tipo_de_contenido_block_text_media":"<h2>Hvor skal man bo i Lofoten?<\/h2>\r\nN\u00e5r du er i Lofoten, kan du bo i det autentiske lille fiskev\u00e6ret Hamn\u00f8y, som ligger 15 minutter nord for Reine. De totalrenoverte hyttene vil dekke dine behov under ditt sommerferieopphold i Arktis i Norge.\r\n<ul>\r\n \t<li>Hamn\u00f8y<\/li>\r\n \t<li><a href=\"https:\/\/bestarctic.com\/no\/arktisk-rute\/arktisk-sommer-ruter-utforsk-arktis\/buss-i-lofoten-oyene-norge\/\">Transport: Via bussene p\u00e5 Arctic Route (Svolv\u00e6r - \u00c5 i Lofoten)<\/a><\/li>\r\n \t<li>Hyttene til fiskerne<\/li>\r\n<\/ul>\r\nP\u00e5 Eliassen finner du den nye restauranten Gadus, som serverer lokale retter med en vri, og i gangavstand finner du Anitas Sj\u00f8mat og Underhuset.","tipo_link":"cta","boton_block_text_media":{"title":"Bestill her","url":"https:\/\/booking.bestarctic.com\/en\/accommodation\/2103633\/eliassen-rorbuer\/details","target":""},"imagen_block_text_media":21583,"tipo_de_contenido_block_text_media_dcha":"texto","editor_de_texto_tipo_de_contenido_block_text_media_dcha":"<h2>Hva gj\u00f8r man i Lofoten?<\/h2>\r\nN\u00e5r du planlegger ferien din til Lofoten, vil du snart oppdage at det er mye \u00e5 gj\u00f8re!\r\n\r\nOm sommeren er det best \u00e5 oppdage Lofoten sj\u00f8veien. Du kan for eksempel bli med <a href=\"https:\/\/booking.bestarctic.com\/en\/packages\/2137984\/whale-watching-from-svolv%c3%a6r\" target=\"_blank\" rel=\"noopener\">p\u00e5 hvalsafari fra Svolv\u00e6r til Andenes<\/a>, ta en <a href=\"https:\/\/booking.bestarctic.com\/en\/to-do\/2147339\/hurtigruten-cruise-into-trollfjord-with-arctic-route-bus\/showdetails\" target=\"_blank\" rel=\"noopener\">rundtur med buss og Hurtigruten inn Trollfjorden fra Lofoten<\/a> <a href=\"https:\/\/booking.bestarctic.com\/en\/to-do\/2526217\/explore-nusfjord-and-henningsv%C3%A6r-from-svolv%C3%A6r-with-arctic-ro\/showdetails\" target=\"_blank\" rel=\"noopener\">eller utforske Nusfjord<\/a>.\r\n\r\nDu kan ogs\u00e5 bli med p\u00e5 et <a href=\"https:\/\/booking.bestarctic.com\/en\/to-do\/2594188\/lofoten-silent-trollfjord-cruise\/showdetails\" target=\"_blank\" rel=\"noopener\">hybridelektrisk cruise til Trollfjord<\/a>.\r\n\r\n&nbsp;","tipo_link_dcha":"cta","boton_block_text_media_dcha":{"title":"Sommeraktiviteter fra Svolv\u00e6r","url":"https:\/\/booking.bestarctic.com\/en\/todo?filter=a_0%3D0-17%3Bg%3D109612","target":""},"imagen_block_text_media_dcha":2329},{"acf_fc_layout":"block_texto_media","id_seccion_block_text_media":"","title_seccion_block_text_media":"","subtitle_seccion_block_text_media":"","text_seccion_block_text_media":"","url_seccion_block_text_media":"","add_background_color_to_block_text_media":"white","tipo_de_contenido_block_text_media":"texto","editor_de_texto_tipo_de_contenido_block_text_media":"<h2>Hvor skal man bo i Lofoten?<\/h2>\r\nN\u00e5r du er i Lofoten, kan du bo i det autentiske lille fiskev\u00e6ret Hamn\u00f8y, som ligger 15 minutter nord for Reine. De totalrenoverte hyttene vil dekke dine behov under ditt sommerferieopphold i Arktis i Norge.\r\n<ul>\r\n \t<li>Hamn\u00f8y<\/li>\r\n \t<li><a href=\"https:\/\/bestarctic.com\/no\/arktisk-rute\/arktisk-sommer-ruter-utforsk-arktis\/buss-i-lofoten-oyene-norge\/\">Transport: Via bussene p\u00e5 Arctic Route (Svolv\u00e6r - \u00c5 i Lofoten)<\/a><\/li>\r\n \t<li>Hyttene til fiskerne<\/li>\r\n<\/ul>\r\nP\u00e5 Eliassen finner du den nye restauranten Gadus, som serverer lokale retter med en vri, og i gangavstand finner du Anitas Sj\u00f8mat og Underhuset.\r\n\r\n&nbsp;","tipo_link":"cta","boton_block_text_media":{"title":"Bestill her","url":"https:\/\/booking.bestarctic.com\/en\/accommodation\/2103633\/eliassen-rorbuer\/details","target":""},"imagen_block_text_media":null,"tipo_de_contenido_block_text_media_dcha":"media","editor_de_texto_tipo_de_contenido_block_text_media_dcha":"<h2>Dra p\u00e5 hvalsafari i Andenes<\/h2>\r\nHvalsafari i Andenes er unikt p\u00e5 grunn av beliggenheten p\u00e5\r\nVester\u00e5len, som er kjent som et av de beste stedene i verden for \u00e5\r\nobservere finnhval, spermhval og spekkhogger.\r\n\r\nDet klare vannet og den r\u00f8ffe kystlinjen gir ideelle forhold for \u00e5 observere disse\r\nfantastiske skapningene i deres naturlige habitat. Hopp p\u00e5 en stiv oppbl\u00e5sbar b\u00e5t og se disse utrolige skapningene!\r\n\r\nVi har daglige avganger med buss fra Svolv\u00e6r, med v\u00e5re daglige Arctic Route-busser: Dette gir deg muligheten til \u00e5 oppleve dette hver dag mellom 15. juni og 31. august.","tipo_link_dcha":"link","boton_block_text_media_dcha":"","imagen_block_text_media_dcha":21584},{"acf_fc_layout":"block_texto_media","id_seccion_block_text_media":"","title_seccion_block_text_media":"","subtitle_seccion_block_text_media":"","text_seccion_block_text_media":"","url_seccion_block_text_media":"","add_background_color_to_block_text_media":"green","tipo_de_contenido_block_text_media":"texto","editor_de_texto_tipo_de_contenido_block_text_media":"<h2>Utforsk Lofoten og \u00f8yene<\/h2>\r\nSkarpe fjell som reiser seg rett opp fra havet, hvite sandstrender, turkis arktisk vann, dramatiske fjorder og idylliske fiskev\u00e6r: det er Lofoten i et n\u00f8tteskall!\r\n\r\nLofoten er en \u00f8ygruppe best\u00e5ende av sju hoved\u00f8yer, hvorav fem er forbundet med broer, og ligger over polarsirkelen.\r\n\r\nLofoten har utviklet seg takket v\u00e6re t\u00f8rrfiskproduksjonen og har fortsatt en levende kystkultur, noe som kommer til syne i form av t\u00f8rkestativer i tre og rorbuer langs veien.","tipo_link":"link","boton_block_text_media":"","imagen_block_text_media":null,"tipo_de_contenido_block_text_media_dcha":"media","editor_de_texto_tipo_de_contenido_block_text_media_dcha":"","tipo_link_dcha":false,"boton_block_text_media_dcha":null,"imagen_block_text_media_dcha":21620},{"acf_fc_layout":"block_text_img_full_width","id_seccion_text_img_full_w":"","title_section_text_img_full_w":"","subtitle_section_text_img_full_w":"","text_section_text_img_full_w":"","title_text_img_full_w":"","lable_text_img_full_w":"","texto_text_img_full_w":"<h2>Et paradis for friluftsentusiaster<\/h2>\r\nFotturer, fiske, kajakkpadling, klatring eller til og med surfing (p\u00e5 Unstad-stranden!): det finnes noe for alle. Lofoten er ogs\u00e5 et paradis for fotografer, da du vil finne et unikt og spesielt lys hele \u00e5ret. Lofoten blir enda mer magisk under midnattssol-sesongen fra slutten av mai til midten av juli. Ettersom solen aldri g\u00e5r under horisonten, blir landskapene opplyst i en vakker gylden farge rundt midnatt. Fra september til april kan du ha flaks og se nordlyset lyse opp himmelen.","url_section_text_img_full_w":"","imagen_text_img_full_w":21614},{"acf_fc_layout":"block_imagen_carrusel","id_seccion_block_imagen_carrusel":"","title_section_block_imagen_carrusel":"Hvor skal man bo i Lofoten?","subtitle_section_block_imagen_carrusel":"Uansett hvilken stil du har, tilbyr Lofoten overnatting for enhver smak og stil:","text_section_block_imagen_carrusel":"","url_seccion_block_imagen_carrusel":"","add_background_color_to_block_imagen_carrusel":"white","item_block_imagen_carrusel":[{"imagen_block_imagen_carrusel":3822,"texto_block_imagen_carrusel":"<a href=\"https:\/\/arorbuer.no\/\" target=\"_blank\">\u00c5 Rorbuer<\/a>"},{"imagen_block_imagen_carrusel":3834,"texto_block_imagen_carrusel":"<a href=\"https:\/\/booking.bestarctic.com\/en\/accommodation\/2103633\/eliassen-rorbuer\/photos\" target=\"_blank\">Eliassen Rorbuer<\/a>"},{"imagen_block_imagen_carrusel":3832,"texto_block_imagen_carrusel":"<a href=\"https:\/\/www.svinoya.no\/\" target=\"_blank\">Svin\u00f8ya Rorbuer<\/a>"},{"imagen_block_imagen_carrusel":3830,"texto_block_imagen_carrusel":"<a href=\"https:\/\/www.skaarungen.no\/\" target=\"_blank\">Sk\u00e5rungen Base Camp<\/a>"},{"imagen_block_imagen_carrusel":3828,"texto_block_imagen_carrusel":"<a href=\"https:\/\/www.thonhotels.no\/hoteller\/norge\/lofoten\/thon-hotel-svolvar\/\" target=\"_blank\">Thon Hotel Svolv\u00e6r<\/a>"},{"imagen_block_imagen_carrusel":3826,"texto_block_imagen_carrusel":"<a href=\"https:\/\/nyvagar.no\/en\/\" target=\"_blank\">Nyvg\u00e5r Lodge<\/a>"},{"imagen_block_imagen_carrusel":3824,"texto_block_imagen_carrusel":"<a href=\"https:\/\/reinerorbuer.no\/\" target=\"_blank\">Reine Rorbuer<\/a>"}],"enable_modal_block_imagen_carrusel":false},{"acf_fc_layout":"block_banner","id_seccion_block_banner_bg":"","add_background_color_to_block_banner_bg":"white","title_block_banner_bg":"Bes\u00f8k Lofoten-skj\u00e6rg\u00e5rden","text_block_banner_bg":"Ta en tur til Lofoten, utforsk og bli kjent med disse \u00f8yene og hvorfor de er s\u00e5 ber\u00f8mte blant v\u00e5re gjester!","url_block_banner_bg":{"title":"Utforsk alle turer i Lofoten","url":"https:\/\/booking.bestarctic.com\/en\/todo?filter=a_0%3D0-17%3Bc%3D31190%3Bg%3D109612","target":"_blank"},"img_block_banner_bg":3749,"img_block_banner_bg_mobile":3747,"img_block_banner_mobile":3745}]},"_links":{"self":[{"href":"https:\/\/bestarctic.com\/no\/wp-json\/wp\/v2\/pages\/20407","targetHints":{"allow":["GET"]}}],"collection":[{"href":"https:\/\/bestarctic.com\/no\/wp-json\/wp\/v2\/pages"}],"about":[{"href":"https:\/\/bestarctic.com\/no\/wp-json\/wp\/v2\/types\/page"}],"author":[{"embeddable":true,"href":"https:\/\/bestarctic.com\/no\/wp-json\/wp\/v2\/users\/6"}],"replies":[{"embeddable":true,"href":"https:\/\/bestarctic.com\/no\/wp-json\/wp\/v2\/comments?post=20407"}],"version-history":[{"count":0,"href":"https:\/\/bestarctic.com\/no\/wp-json\/wp\/v2\/pages\/20407\/revisions"}],"up":[{"embeddable":true,"href":"https:\/\/bestarctic.com\/no\/wp-json\/wp\/v2\/pages\/20426"}],"wp:attachment":[{"href":"https:\/\/bestarctic.com\/no\/wp-json\/wp\/v2\/media?parent=20407"}],"curies":[{"name":"wp","href":"https:\/\/api.w.org\/{rel}","templated":true}]}}