{"id":20409,"date":"2025-04-16T15:17:45","date_gmt":"2025-04-16T13:17:45","guid":{"rendered":"https:\/\/bestarctic.com\/visit-bardufoss-norway\/"},"modified":"2025-11-17T10:07:38","modified_gmt":"2025-11-17T09:07:38","slug":"besok-bardufoss-norge","status":"publish","type":"page","link":"https:\/\/bestarctic.com\/no\/reise-til-arktis\/besok-bardufoss-norge\/","title":{"rendered":"Bes\u00f8k Bardufoss"},"content":{"rendered":"","protected":false},"excerpt":{"rendered":"","protected":false},"author":6,"featured_media":0,"parent":20426,"menu_order":0,"comment_status":"closed","ping_status":"closed","template":"","meta":{"_acf_changed":false,"footnotes":""},"class_list":["post-20409","page","type-page","status-publish","hentry"],"acf":{"bloques_de_contenido":[{"acf_fc_layout":"block_hero_page","id_block_hero_page":"","video_o_imagen_hero_page":"img","video_block_hero_page_bg":null,"hero_page_inicio_video_segundo":"","img_block_hero_page_bg":5757,"overlay_hero_page":"yes","title_block_hero_page":"  Bes\u00f8k Bardufoss - en skjult perle i Nord-Norge","text_block_hero_page":"Bardufoss ligger ca. 102 km nord for Narvik og 133 km s\u00f8r for Troms\u00f8, og er en liten by i M\u00e5lselv kommune omgitt av fjell, skog og elver. For mange kan Bardufoss minne om Alaska. Klimaet er t\u00f8rt, med ofte stabilt fint v\u00e6r og lite lysforurensning, noe som gj\u00f8r det ideelt for \u00e5 se nordlys! Skogen er full av b\u00e6r og sopp, elvene er rike p\u00e5 laks, \u00f8rret og harr, og det er mulig \u00e5 fiske p\u00e5 isen om vinteren!   ","label_block_hero_page":"Et postkort fra Norge","link_block_hero_page":{"title":"Se alle aktiviteter i Bardufoss","url":"https:\/\/booking.bestarctic.com\/en\/todo?filter=c=44242,31192,31193,31194;g=109623&sorting=st=a;so=a","target":""},"add_imagen_extra_hero_page":"no","cta_imagen_extra_hero_page":"nei","imagen_content_block_hero_page":2329,"one_imagen_content_block_hero_page":null,"two_imagen_content_block_hero_page":null,"three_imagen_content_block_hero_page":null,"three_imagen_content_block_hero_page_title":"","three_imagen_content_block_hero_page_text":"","three_imagen_content_block_hero_page_text_cta":"","three_imagen_content_block_hero_page_url_cta":""},{"acf_fc_layout":"block_slider_two_cols","id_seccion_block_slider_two_cols":"","title_section_block_slider_two_cols":"Hva du kan gj\u00f8re i Bardufoss","subtitle_section_block_slider_two_cols":"","text_section_block_slider_two_cols":"","url_section_block_slider_two_cols":"","add_background_color_to_block_slider_two_cols":"white","item_slider_block_slider_two_cols":[{"imagen_item_slider_block_slider_two_cols":21687,"imagen_item_slider_block_slider_two_cols_mobile":"","title_item_slider_block_slider_two_cols":"","texto_item_carrusel_two_cols":"<p data-start=\"106\" data-end=\"492\">En kombinasjon av innland og kyst, by og landsby, gir en flott opplevelse for ditt arktiske opphold. Om vinteren anbefaler vi \u00e5 pr\u00f8ve de lokale restaurantene i sentrum av Bardufoss og m\u00f8te lokalbefolkningen. De vil gjerne fortelle deg hvordan det er \u00e5 leve i en liten arktisk by, hvis du sp\u00f8r. De fleste snakker veldig godt engelsk, og mange kan ogs\u00e5 snakke tysk, fransk eller spansk.<\/p>\r\n<p data-start=\"494\" data-end=\"638\">\u00c5 g\u00e5 alene i Bardufoss-omr\u00e5det er helt trygt. Det anbefales imidlertid sterkt \u00e5 bruke refleks om natten, slik at bilister kan se deg i m\u00f8rket.<\/p>\r\n<p data-start=\"640\" data-end=\"907\">De fleste som bor i omr\u00e5det arbeider innen skogbruk, landbruk, tjenester (som restauranter, butikker eller kafeer), milit\u00e6ret (Bardufoss har en milit\u00e6r flyplass) eller utdanning (Bardufoss har til og med videreg\u00e5ende skole og er hjemsted for Troms\u00f8 Luftfartsskole).<\/p>\r\n<p data-start=\"909\" data-end=\"1086\">Bardufoss har et utvalg sm\u00e5 butikker for dine daglige behov og spennende interi\u00f8rbutikker. Sjekk ut lokale h\u00e5ndverk p\u00e5\u00a0Husfliden\u00a0(den lokale avdelingen av Norske Husflidslag).<\/p>\r\n<p data-start=\"1088\" data-end=\"1221\" data-is-last-node=\"\" data-is-only-node=\"\">Du kan til og med dra p\u00e5 elgsafari! Omr\u00e5det er ogs\u00e5 et eldorado for langrenn om vinteren, med mange kilometer preparerte skil\u00f8yper.<\/p>"},{"imagen_item_slider_block_slider_two_cols":21675,"imagen_item_slider_block_slider_two_cols_mobile":"","title_item_slider_block_slider_two_cols":"","texto_item_carrusel_two_cols":"En popul\u00e6r attraksjon n\u00e6r Bardufoss er Polar Park Arctic Wildlife Centre, verdens nordligste dyrepark.\r\n\r\nDu kan se alle de arktiske dyrene som har naturlige habitater i villmarken, inkludert polarrev, brunbj\u00f8rn, ulv, jerv og gaupe.\r\n\r\nPolar Park ligger en 45-minutters kj\u00f8retur s\u00f8r for Bardufoss. Kj\u00f8p inngangsbilletten din p\u00e5 nett <a href=\"https:\/\/booking.bestarctic.com\/en\/to-do\/2068632\/polar-park-entrance-ticket\/showdetails\">her<\/a>.\r\n\r\n<a href=\"https:\/\/booking.bestarctic.com\/en\/todo?filter=c=44242,31192,31193,31194;g=109623&amp;sorting=st=a;so=a\">Les mer om aktivitetene v\u00e5re<\/a>"}]},{"acf_fc_layout":"block_texto_media","id_seccion_block_text_media":"","title_seccion_block_text_media":"Polarbadet - Bardufoss innend\u00f8rs badeland","subtitle_seccion_block_text_media":"","text_seccion_block_text_media":"","url_seccion_block_text_media":"","add_background_color_to_block_text_media":"white","tipo_de_contenido_block_text_media":"media","editor_de_texto_tipo_de_contenido_block_text_media":"","tipo_link":false,"boton_block_text_media":null,"imagen_block_text_media":21685,"tipo_de_contenido_block_text_media_dcha":"texto","editor_de_texto_tipo_de_contenido_block_text_media_dcha":"Bare en kort spasertur fra Bardufoss sentrum finner du herlighetene i Polarbadet innend\u00f8rs badeland. Her kan du slappe av i <em>utend\u00f8rs<\/em> og <em>innend\u00f8rs<\/em> boblebad, badstue, dampbad og sv\u00f8mmebasseng, eller pr\u00f8ve spenningen i stupet\u00e5rnet og vannskliene. Dette er et flott alternativ etter en lang dag ute i den arktiske naturen.\r\n<p style=\"text-align: left;\">Bardufoss markerer starten p\u00e5 General Fleischers vei - den delen av E6 som forbinder Bardufoss og Narvik. Carl Gustav Fleischer var en norsk general som ble den f\u00f8rste landkommandanten som vant en stor seier mot tyskerne under andre verdenskrig. Du kan reise til Narvik med <strong>Arctic Route <\/strong><a href=\"\/the-arctic-route\/arctic-winter-routes-explore-norway-sweden-and-finland\/bus-between-tromso-and-narvik-via-polar-park-norway\/\">(ruten Troms\u00f8 - Narvik - Troms\u00f8)<\/a>, som g\u00e5r daglig fra desember til mars.<\/p>","tipo_link_dcha":"link","boton_block_text_media_dcha":"","imagen_block_text_media_dcha":null},{"acf_fc_layout":"block_slider_two_cols","id_seccion_block_slider_two_cols":"","title_section_block_slider_two_cols":"Hvordan komme seg til Bardufoss?","subtitle_section_block_slider_two_cols":"","text_section_block_slider_two_cols":"Hvis du er i <strong>Troms\u00f8<\/strong> eller i <strong>Narvik<\/strong>, kan du ta <strong>Arctic Route<\/strong> (<a href=\"https:\/\/bestarctic.com\/no\/arktisk-rute\/arktisk-vinter-ruter-utforsk-norge-sverige-og-finland\/buss-mellom-tromso-og-narvik-via-polar-park-norge\/\">ruten Troms\u00f8 \u2013 Narvik \u2013 Troms\u00f8<\/a>), som g\u00e5r daglig fra desember til mars og stopper p\u00e5 denne destinasjonen (stoppnavnet er Bardufoss).\r\n\r\nBardufoss har en flyplass (Bardufoss lufthavn) med direktefly til\/fra Oslo. Du kan leie bil, ta en taxi eller bruke flybussen.\r\n<p style=\"text-align: center;\"><strong><a href=\"\/the-arctic-route\/arctic-winter-routes-explore-norway-sweden-and-finland\/bus-between-tromso-and-narvik-via-polar-park-norway\/\">Bestill bussbilletten din her<\/a><\/strong><\/p>","url_section_block_slider_two_cols":"","add_background_color_to_block_slider_two_cols":"white","item_slider_block_slider_two_cols":[{"imagen_item_slider_block_slider_two_cols":21687,"imagen_item_slider_block_slider_two_cols_mobile":"","title_item_slider_block_slider_two_cols":"","texto_item_carrusel_two_cols":"<p data-start=\"57\" data-end=\"222\">Hvis vi tenker tilbake mer enn 200 \u00e5r, var de eneste som bodde i denne villmarken samene, som fulgte reinsdyrflokkene sine fra den svenske grensen helt til kysten.<\/p>\r\n<p data-start=\"224\" data-end=\"384\">For rundt 200 \u00e5r siden ble folk fra S\u00f8r-Norge oppfordret til \u00e5 flytte hit og sl\u00e5 seg ned. De etablerte g\u00e5rder og solgte t\u00f8mmer til kystbyene, spesielt Troms\u00f8.<\/p>\r\n<p data-start=\"386\" data-end=\"498\" data-is-last-node=\"\" data-is-only-node=\"\">Dette t\u00f8mmeret, som for det meste ble brukt til \u00e5 bygge hus, ble fraktet ned elvene fra dalene og ut til kysten.<\/p>"},{"imagen_item_slider_block_slider_two_cols":21689,"imagen_item_slider_block_slider_two_cols_mobile":"","title_item_slider_block_slider_two_cols":"","texto_item_carrusel_two_cols":"<p data-start=\"57\" data-end=\"145\">Det er mulig \u00e5 utforske en av de originale g\u00e5rdene og f\u00e5 et innblikk i tidlig liv her.<\/p>\r\n<p data-start=\"147\" data-end=\"262\">Fossmotunet n\u00e6r Bardufoss er en av stedene til Midt-Troms Museum. Historien til Fossmotunet g\u00e5r tilbake til 1822.<\/p>\r\n<p data-start=\"264\" data-end=\"384\">Historiske bygninger, inkludert l\u00e5ve, fj\u00f8s, smie og skolehus, har blitt flyttet til stedet fra andre deler av M\u00e5lselv.<\/p>\r\n<p data-start=\"386\" data-end=\"493\" data-is-last-node=\"\" data-is-only-node=\"\">N\u00e5r friluftsmuseet er stengt, er det fortsatt mulig \u00e5 se og fotografere disse gamle bygningene fra utsiden.<\/p>"}]},{"acf_fc_layout":"block_text_img_full_width","id_seccion_text_img_full_w":"","title_section_text_img_full_w":"","subtitle_section_text_img_full_w":"","text_section_text_img_full_w":"","title_text_img_full_w":"","lable_text_img_full_w":"","texto_text_img_full_w":"<h2>Hvor kan man bo i Bardufoss?<\/h2>\r\nHvis du er p\u00e5 jakt etter en unik overnattingsopplevelse i villmarken, er <a href=\"https:\/\/booking.bestarctic.com\/en\/accommodation\/2114268\/bardufoss-hotel-room\/details\">Bardufoss Hotel<\/a> et flott sted \u00e5 gj\u00f8re det! Ligger i sentrum av bygda, kan du finne denne skjulte perlen som viser deg det ekte norske lokallivet og aktiviteter som vil gj\u00f8re oppholdet ditt her til en unik opplevelse!\r\n\r\nEtter andre verdenskrig, og ogs\u00e5 p\u00e5 grunn av at det finnes en flyplass og en milit\u00e6rstasjon i regionen, ble behovet for \u00e5 utvide stedet \u00e5penbart, og et hotell m\u00e5tte bygges.\r\n\r\nDessverre brant det ned i 1963, men det ble gjenoppbygget og drives n\u00e5 av en lokal familie med sterke r\u00f8tter i denne regionen.","url_section_text_img_full_w":{"title":"Bestill overnatting p\u00e5 Bardufoss Hotel her","url":"https:\/\/booking.bestarctic.com\/en\/accommodation\/2114268\/bardufoss-hotel-room\/details","target":""},"imagen_text_img_full_w":20525},{"acf_fc_layout":"block_banner","id_seccion_block_banner_bg":"","add_background_color_to_block_banner_bg":"white","title_block_banner_bg":"Bes\u00f8k Bardufoss i Nord-Norge","text_block_banner_bg":"Bes\u00f8k denne skjulte arktiske perlen i nord, og oppdag en autentisk norsk sm\u00e5by og dens lokalbefolkning. Du vil l\u00e6re mye om den autentiske livsstilen i Nord-Norge, dens tradisjoner og levem\u00e5te. ","url_block_banner_bg":{"title":"Utforsk alle turer i Bardufoss","url":"https:\/\/booking.bestarctic.com\/en\/todo?filter=c=44242,31192,31193,31194;g=109623&sorting=st=a;so=a","target":"_blank"},"img_block_banner_bg":3749,"img_block_banner_bg_mobile":3747,"img_block_banner_mobile":3745}]},"_links":{"self":[{"href":"https:\/\/bestarctic.com\/no\/wp-json\/wp\/v2\/pages\/20409","targetHints":{"allow":["GET"]}}],"collection":[{"href":"https:\/\/bestarctic.com\/no\/wp-json\/wp\/v2\/pages"}],"about":[{"href":"https:\/\/bestarctic.com\/no\/wp-json\/wp\/v2\/types\/page"}],"author":[{"embeddable":true,"href":"https:\/\/bestarctic.com\/no\/wp-json\/wp\/v2\/users\/6"}],"replies":[{"embeddable":true,"href":"https:\/\/bestarctic.com\/no\/wp-json\/wp\/v2\/comments?post=20409"}],"version-history":[{"count":0,"href":"https:\/\/bestarctic.com\/no\/wp-json\/wp\/v2\/pages\/20409\/revisions"}],"up":[{"embeddable":true,"href":"https:\/\/bestarctic.com\/no\/wp-json\/wp\/v2\/pages\/20426"}],"wp:attachment":[{"href":"https:\/\/bestarctic.com\/no\/wp-json\/wp\/v2\/media?parent=20409"}],"curies":[{"name":"wp","href":"https:\/\/api.w.org\/{rel}","templated":true}]}}