{"id":20411,"date":"2025-04-16T13:13:47","date_gmt":"2025-04-16T11:13:47","guid":{"rendered":"https:\/\/bestarctic.com\/visit-kilpisjarvi-finland\/"},"modified":"2025-11-18T15:30:28","modified_gmt":"2025-11-18T14:30:28","slug":"besok-kilpisjarvi-finland","status":"publish","type":"page","link":"https:\/\/bestarctic.com\/no\/reise-til-arktis\/besok-kilpisjarvi-finland\/","title":{"rendered":"Bes\u00f8k Kilpisjarvi"},"content":{"rendered":"","protected":false},"excerpt":{"rendered":"","protected":false},"author":6,"featured_media":0,"parent":20426,"menu_order":0,"comment_status":"closed","ping_status":"closed","template":"","meta":{"_acf_changed":false,"footnotes":""},"class_list":["post-20411","page","type-page","status-publish","hentry"],"acf":{"bloques_de_contenido":[{"acf_fc_layout":"block_hero_page","id_block_hero_page":"","video_o_imagen_hero_page":"img","video_block_hero_page_bg":null,"hero_page_inicio_video_segundo":"","img_block_hero_page_bg":4991,"overlay_hero_page":"yes","title_block_hero_page":"Bes\u00f8k Kilpisj\u00e4rvi, en sjarmerende landsby i Finland","text_block_hero_page":"Velkommen til Kilpisj\u00e4rvi, en livlig liten landsby p\u00e5 toppen av Finlands \"arm\" rett over den norske grensen. La deg inspirere av det unike landskapet og den ville naturen rundt landsbyen. Utallige vinter- og sommeraktiviteter venter p\u00e5 deg!  ","label_block_hero_page":"Det finske friluftsparadiset","link_block_hero_page":{"title":"Se alle aktiviteter i Kilpisj\u00e4rvi","url":"https:\/\/booking.bestarctic.com\/en\/todo?filter=g=111323&sorting=st=a;so=a","target":"_blank"},"add_imagen_extra_hero_page":"si","cta_imagen_extra_hero_page":"si","imagen_content_block_hero_page":2329,"one_imagen_content_block_hero_page":5789,"two_imagen_content_block_hero_page":5793,"three_imagen_content_block_hero_page":5791,"three_imagen_content_block_hero_page_title":"Hvordan tilbringe tre dager i Kilpisj\u00e4rvi","three_imagen_content_block_hero_page_text":"","three_imagen_content_block_hero_page_text_cta":"Les mer her","three_imagen_content_block_hero_page_url_cta":"https:\/\/bestarctic.com\/no\/nord-norge-reiseblogg\/tre-dager-i-kilpisjarvi-finland\/"},{"acf_fc_layout":"block_carrusel_activities","id_seccion_carrusel_destacados_tabs":"","title_section_carrusel_destacados_tabs":"Turer og aktiviteter i Kilpisj\u00e4rvi-omr\u00e5det","subtitle_section_carrusel_destacados_tabs":"","text_section_carrusel_destacados_tabs":"","url_seccion_carrusel_destacados_tabs":"","add_background_color_to_section_tabs":"white","tabs_activities_seleccionados_tabs":[{"tab_text_tabs_activities_seleccionados_tabs":"","tab_carousel_activities_seleccionados_tabs":[20470,20504,20464]}]},{"acf_fc_layout":"block_texto_media","id_seccion_block_text_media":"","title_seccion_block_text_media":"","subtitle_seccion_block_text_media":"","text_seccion_block_text_media":"","url_seccion_block_text_media":"","add_background_color_to_block_text_media":"white","tipo_de_contenido_block_text_media":"media","editor_de_texto_tipo_de_contenido_block_text_media":"","tipo_link":false,"boton_block_text_media":null,"imagen_block_text_media":21670,"tipo_de_contenido_block_text_media_dcha":"texto","editor_de_texto_tipo_de_contenido_block_text_media_dcha":"<h2>Kilpisj\u00e4rvi, et unikt finsk reisem\u00e5l<\/h2>\r\nKilpisj\u00e4rvi i finske Lappland er et reisem\u00e5l som ikke finnes noe annet sted i verden.\r\n\r\nHer finner du et stort villmarksomr\u00e5de fullt av fossefall, elver og innsj\u00f8er.\r\n\r\nN\u00e5r du reiser fra S\u00f8r-Finland, vil du legge merke til hvordan furutr\u00e6rne forsvinner og gir plass til et karrig og unikt landskap.\r\n\r\nN\u00e5r du forlater den flate delen av Finland, vil du snart oppdage de h\u00f8yeste fjellene i Finland - s\u00e6rpregede, h\u00f8ye og karrige \u00e5ser som er sk\u00e5ret ut av istidens isbreer.","tipo_link_dcha":"link","boton_block_text_media_dcha":"","imagen_block_text_media_dcha":null},{"acf_fc_layout":"block_texto_media_boxed","id_seccion_block_text_media_boxed":"","editor_block_text_media_boxed":"<h2>Et paradis for friluftsentusiaster<\/h2>\r\nKilpisj\u00e4rvi domineres av det mektige Saanafjellet, som er et yndet utfartssted for finlendere.\r\n\r\nSaana er faktisk s\u00e5 ber\u00f8mt at alle finner vil kjenne igjen den ikoniske formen. Start fra landsbyen og g\u00e5 opp til toppen (1029 m). Den storsl\u00e5tte utsikten vil gj\u00f8re deg m\u00e5ll\u00f8s!\r\n\r\nKilpisj\u00e4rvi har en ideell beliggenhet mellom de st\u00f8rste skistedene i Finland og fjordene i Norge. Det er bare 50 km til havet og de kuperte fjellene i Lyngenfjord-regionen, s\u00e5 still klokka en time tilbake, kryss grensen og ta en dagstur til Norge!\r\n\r\nDu b\u00f8r til og med fortsette til den vakre byen Troms\u00f8, \"porten til Arktis\".\r\n\r\nSelv om Kilpisj\u00e4rvi virker ganske avsidesliggende, er tjenestetilbudet sv\u00e6rt godt.\r\n\r\nHer finner du ulike typer overnatting, fra hytter og glassigloer til hoteller og feriesteder, og mange restauranter.","imagen_block_text_media_boxed":5935},{"acf_fc_layout":"block_texto_media","id_seccion_block_text_media":"","title_seccion_block_text_media":"","subtitle_seccion_block_text_media":"","text_seccion_block_text_media":"","url_seccion_block_text_media":"","add_background_color_to_block_text_media":"white","tipo_de_contenido_block_text_media":"media","editor_de_texto_tipo_de_contenido_block_text_media":"<h2>Kj\u00f8r sn\u00f8scooter i finske Lappland, fra Troms\u00f8<\/h2>\r\nKj\u00f8r til det magiske punktet med sn\u00f8scooter, der Sverige, Finland og Norge m\u00f8tes!\r\n\r\nBli med p\u00e5 denne opplevelsen, som starter fra den vakre og autentiske landsbyen Kilpisj\u00e4rvi i finsk Lappland, rett etter grensen til Norge. Inkludert transport fra Troms\u00f8.\r\n\r\nEnkel tilgang fra Troms\u00f8 eller Rovaniemi via Arctic Route-bussen<a href=\"https:\/\/bestarctic.com\/no\/arktisk-rute\/arktiske-vinterruter-utforsk-norge-sverige-og-finland\/buss-mellom-tromso-norge-og-rovaniemi-finland\/\">(rute Troms\u00f8 - Rovaniemi - Troms\u00f8).<\/a>","tipo_link":"cta","boton_block_text_media":{"title":"Les mer om dette","url":"https:\/\/booking.bestarctic.com\/en\/to-do\/2462725\/snowmobile-safari-in-finnish-lapland-from-troms%C3%B8","target":"_blank"},"imagen_block_text_media":21671,"tipo_de_contenido_block_text_media_dcha":"texto","editor_de_texto_tipo_de_contenido_block_text_media_dcha":"<h2>Utforsk skj\u00f8nnheten ved Finlands nordvestligste punkt p\u00e5 Cahkal Hotel<\/h2>\r\nFinsk Lappland ligger bare 2,5 timer fra Troms\u00f8. Hopp p\u00e5 Arctic Route-bussen, og bli med p\u00e5 en sn\u00f8scootersafari og en avslappende overnatting, inkludert en middagsopplevelse p\u00e5 Cahkal Hotel, i byen Kilpisj\u00e4rvi. En helt unik kombinasjon.\r\n\r\n<strong>Inkludert<\/strong> i prisen: Transport tur\/retur med Arctic Route (2,5 timer \u00e9n vei), sn\u00f8scootersafari, lunsj p\u00e5 Cahkal Hotel, middagsopplevelse p\u00e5 Aika Kitchen, tilgang til badstue, overnatting i Cahkal View Room.\r\n\r\nBli involvert i autentisk kultur og tradisjon. Vi er overbevist om at du vil f\u00e5 en eksklusiv og uforglemmelig opplevelse som gjest hos oss p\u00e5 Cahkal Hotel.\r\n\r\n&nbsp;","tipo_link_dcha":"cta","boton_block_text_media_dcha":{"title":"Bestill denne unike overnattingspakken i Finland","url":"https:\/\/booking.bestarctic.com\/en\/packages\/2142025\/at-the-gateway-of-finnish-lapland","target":""},"imagen_block_text_media_dcha":5929},{"acf_fc_layout":"block_texto_media","id_seccion_block_text_media":"","title_seccion_block_text_media":"","subtitle_seccion_block_text_media":"","text_seccion_block_text_media":"","url_seccion_block_text_media":"","add_background_color_to_block_text_media":"green","tipo_de_contenido_block_text_media":"texto","editor_de_texto_tipo_de_contenido_block_text_media":"<h2>Kj\u00f8r sn\u00f8scooter i finske Lappland, fra Troms\u00f8<\/h2>\r\nKj\u00f8r til det magiske punktet med sn\u00f8scooter, der Sverige, Finland og Norge m\u00f8tes!\r\n\r\nBli med p\u00e5 denne opplevelsen, som starter fra den vakre og autentiske landsbyen Kilpisj\u00e4rvi i finsk Lappland, rett etter grensen til Norge. Inkludert transport fra Troms\u00f8.\r\n\r\nEnkel tilgang fra Troms\u00f8 eller Rovaniemi via Arctic Route-bussen <a href=\"https:\/\/bestarctic.com\/no\/arktisk-rute\/arktisk-vinter-ruter-utforsk-norge-sverige-og-finland\/buss-mellom-tromso-norge-og-rovaniemi-finland\/\">(rute Troms\u00f8 - Rovaniemi - Troms\u00f8).<\/a>\r\n\r\n&nbsp;","tipo_link":"cta","boton_block_text_media":{"title":"Les mer om dette","url":"https:\/\/booking.bestarctic.com\/en\/to-do\/2462725\/snowmobile-safari-in-finnish-lapland-from-troms%C3%B8","target":"_blank"},"imagen_block_text_media":null,"tipo_de_contenido_block_text_media_dcha":"media","editor_de_texto_tipo_de_contenido_block_text_media_dcha":"","tipo_link_dcha":false,"boton_block_text_media_dcha":null,"imagen_block_text_media_dcha":5929},{"acf_fc_layout":"block_text_img_full_width","id_seccion_text_img_full_w":"","title_section_text_img_full_w":"","subtitle_section_text_img_full_w":"","text_section_text_img_full_w":"","title_text_img_full_w":"","lable_text_img_full_w":"","texto_text_img_full_w":"<h2>Nyt Kilpisj\u00e4rvi i alle \u00e5rstider<\/h2>\r\nBes\u00f8k Kilpisj\u00e4rvi om sommeren og se det magiske arktiske lyset under midnattssolperioden (fra midten av mai til slutten av juli), n\u00e5r solen aldri g\u00e5r under horisonten.\r\n\r\nSommeren er ogs\u00e5 tiden for \u00e5 utforske innsj\u00f8ene og elvene. Dra p\u00e5 kajakktur, fisking, sykling eller fotturer\u2026 mulighetene er uendelige!\r\n\r\nOm h\u00f8sten bades Kilpisj\u00e4rvi i et vakkert, mykt lys mens bladene p\u00e5 osp og bj\u00f8rk blir gyldne og r\u00f8de. Denne fargeeksplosjonen skjer under \u00abruska\u00bb-sesongen.\r\n\r\nDette er Lapplands best bevarte hemmelighet og favorittiden for finner \u00e5 reise nordover fra hele landet. Den beste tiden \u00e5 komme og nyte dette fantastiske fargeshowet er de to ukene midt i september.\r\n\r\nS\u00e5 kommer desember, og Kilpisj\u00e4rvi blir et vinterunderland. Popul\u00e6re aktiviteter inkluderer langrenn, sn\u00f8scooter, truger og isfiske. Omr\u00e5det er ogs\u00e5 et av de beste stedene i Finland for \u00e5 se og fotografere det vakre nordlyset.","url_section_text_img_full_w":"","imagen_text_img_full_w":21672},{"acf_fc_layout":"block_banner","id_seccion_block_banner_bg":"","add_background_color_to_block_banner_bg":"white","title_block_banner_bg":"Bes\u00f8k Kilpisj\u00e4rvi","text_block_banner_bg":"Kilpisj\u00e4rvi er et friluftsparadis uansett \u00e5rstid. Hver \u00e5rstid bringer med seg en spesiell atmosf\u00e6re! Sjekk v\u00e5re turer og aktiviteter og bli kjent med dette utrolige stedet.  ","url_block_banner_bg":{"title":"Utforsk alle turer i Kilpisj\u00e4rvi","url":"https:\/\/booking.bestarctic.com\/en\/todo?filter=g=111323&sorting=st=a;so=a","target":"_blank"},"img_block_banner_bg":3749,"img_block_banner_bg_mobile":3747,"img_block_banner_mobile":3745}]},"_links":{"self":[{"href":"https:\/\/bestarctic.com\/no\/wp-json\/wp\/v2\/pages\/20411","targetHints":{"allow":["GET"]}}],"collection":[{"href":"https:\/\/bestarctic.com\/no\/wp-json\/wp\/v2\/pages"}],"about":[{"href":"https:\/\/bestarctic.com\/no\/wp-json\/wp\/v2\/types\/page"}],"author":[{"embeddable":true,"href":"https:\/\/bestarctic.com\/no\/wp-json\/wp\/v2\/users\/6"}],"replies":[{"embeddable":true,"href":"https:\/\/bestarctic.com\/no\/wp-json\/wp\/v2\/comments?post=20411"}],"version-history":[{"count":0,"href":"https:\/\/bestarctic.com\/no\/wp-json\/wp\/v2\/pages\/20411\/revisions"}],"up":[{"embeddable":true,"href":"https:\/\/bestarctic.com\/no\/wp-json\/wp\/v2\/pages\/20426"}],"wp:attachment":[{"href":"https:\/\/bestarctic.com\/no\/wp-json\/wp\/v2\/media?parent=20411"}],"curies":[{"name":"wp","href":"https:\/\/api.w.org\/{rel}","templated":true}]}}