{"id":20413,"date":"2025-04-16T10:54:41","date_gmt":"2025-04-16T08:54:41","guid":{"rendered":"https:\/\/bestarctic.com\/visit-narvik-norway\/"},"modified":"2025-11-17T10:07:43","modified_gmt":"2025-11-17T09:07:43","slug":"besok-narvik-norge","status":"publish","type":"page","link":"https:\/\/bestarctic.com\/no\/reise-til-arktis\/besok-narvik-norge\/","title":{"rendered":"Bes\u00f8k Narvik"},"content":{"rendered":"","protected":false},"excerpt":{"rendered":"","protected":false},"author":6,"featured_media":0,"parent":20426,"menu_order":0,"comment_status":"closed","ping_status":"closed","template":"","meta":{"_acf_changed":false,"footnotes":""},"class_list":["post-20413","page","type-page","status-publish","hentry"],"acf":{"bloques_de_contenido":[{"acf_fc_layout":"block_hero_page","id_block_hero_page":"","video_o_imagen_hero_page":"img","video_block_hero_page_bg":null,"hero_page_inicio_video_segundo":"","img_block_hero_page_bg":6519,"overlay_hero_page":"yes","title_block_hero_page":"Bes\u00f8k Narvik, et unikt reisem\u00e5l i Norge","text_block_hero_page":"Narvik ligger i Nord-Norge, over polarsirkelen p\u00e5 68\u00b0 nord. Byen kan skilte med dramatisk historie fra andre verdenskrig, Ofotbanen til Kiruna og spektakul\u00e6r arktisk natur med mange naturbaserte opplevelser, noe som gj\u00f8r den til et unikt reisem\u00e5l. ","label_block_hero_page":"Der natur og historie m\u00f8tes","link_block_hero_page":{"title":"Se alle aktiviteter i Narvik","url":"https:\/\/booking.bestarctic.com\/en\/todo?filter=g=109623&sorting=st=a;so=a","target":"_blank"},"add_imagen_extra_hero_page":"no","cta_imagen_extra_hero_page":"nei","imagen_content_block_hero_page":2329,"one_imagen_content_block_hero_page":null,"two_imagen_content_block_hero_page":null,"three_imagen_content_block_hero_page":null,"three_imagen_content_block_hero_page_title":"","three_imagen_content_block_hero_page_text":"","three_imagen_content_block_hero_page_text_cta":"","three_imagen_content_block_hero_page_url_cta":""},{"acf_fc_layout":"block_carrusel_activities","id_seccion_carrusel_destacados_tabs":"","title_section_carrusel_destacados_tabs":"Turer og aktiviteter i Narvik","subtitle_section_carrusel_destacados_tabs":"","text_section_carrusel_destacados_tabs":"","url_seccion_carrusel_destacados_tabs":"","add_background_color_to_section_tabs":"white","tabs_activities_seleccionados_tabs":[{"tab_text_tabs_activities_seleccionados_tabs":"","tab_carousel_activities_seleccionados_tabs":[20462,20460,20458]}]},{"acf_fc_layout":"block_card_grid","add_background_color_to_section_block_card_grid":"green","id_seccion_block_card_grid":"","title_section_block_card_grid":"Hva trenger du \u00e5 vite","subtitle_section_block_card_grid":"","text_section_block_card_grid":"","url_seccion_block_card_grid":"","item_block_post_masonry_and_grid":[{"imagen_block_post_masonry_and_grid":3727,"titular_block_post_masonry_and_grid":"Reise med buss mellom Troms\u00f8 og Narvik","texto_block_post_masonry_and_grid":"","location_block_post_masonry_and_grid":"","schedule_block_post_masonry_and_grid":"","duration_block_post_masonry_and_grid":"","price_block_post_masonry_and_grid":"","link_block_post_masonry_and_grid":{"title":"Les mer her","url":"https:\/\/bestarctic.com\/no\/arktisk-rute\/arktisk-vinter-ruter-utforsk-norge-sverige-og-finland\/buss-mellom-tromso-og-narvik-via-polar-park-norge\/","target":""}},{"imagen_block_post_masonry_and_grid":3725,"titular_block_post_masonry_and_grid":"Historien bak Den arktiske ruten - \u00e5 reise med buss i Nord-Norge","texto_block_post_masonry_and_grid":"","location_block_post_masonry_and_grid":"","schedule_block_post_masonry_and_grid":"","duration_block_post_masonry_and_grid":"","price_block_post_masonry_and_grid":"","link_block_post_masonry_and_grid":{"title":"Les mer her","url":"https:\/\/bestarctic.com\/no\/nord-norge-reiseblogg\/historien-bak-arktisk-rute\/","target":""}},{"imagen_block_post_masonry_and_grid":3723,"titular_block_post_masonry_and_grid":"Den arktiske ruten: Det enkleste transportalternativet for \u00e5 g\u00e5 p\u00e5 ski i Narvik, Levi og Troms\u00f8","texto_block_post_masonry_and_grid":"","location_block_post_masonry_and_grid":"","schedule_block_post_masonry_and_grid":"","duration_block_post_masonry_and_grid":"","price_block_post_masonry_and_grid":"","link_block_post_masonry_and_grid":{"title":"Les mer her","url":"https:\/\/bestarctic.com\/no\/nord-norge-reiseblogg\/ga-pa-ski-i-narvik-levi-og-tromso\/","target":""}}]},{"acf_fc_layout":"block_texto_media","id_seccion_block_text_media":"","title_seccion_block_text_media":"","subtitle_seccion_block_text_media":"","text_seccion_block_text_media":"","url_seccion_block_text_media":"","add_background_color_to_block_text_media":"white","tipo_de_contenido_block_text_media":"media","editor_de_texto_tipo_de_contenido_block_text_media":"<h2>Turer i Narvik<\/h2>\r\nUtenfor byen venter mange morsomme opplevelser.\r\n\r\nDu kan bes\u00f8ke <strong>Polar Park<\/strong>, verdens nordligste dyrepark, der du kan observere arktiske dyr som elg, rein og moskusokse samt Norges fire st\u00f8rste rovdyr (brunbj\u00f8rn, gaupe, ulv og jerv).\r\n\r\nHvis du er p\u00e5 utkikk etter <strong>sn\u00f8scooterturer<\/strong> i Narvik-omr\u00e5det, kan du bli med p\u00e5 v\u00e5r <a href=\"https:\/\/booking.bestarctic.com\/en\/to-do\/2068619\/fast-paced-arctic-fun-with-snowmobile-from-narvik\/showdetails\" target=\"_blank\" rel=\"noopener\">fartsfylte arktiske moro med sn\u00f8scooter fra Narvik<\/a>, der du vil kj\u00f8re sn\u00f8scooter i M\u00e5lselv-omr\u00e5det.\r\n\r\n<a class=\"button\" href=\"https:\/\/booking.bestarctic.com\/en\/todo?filter=g=109623&amp;sorting=st=a;so=a\" target=\"_blank\" rel=\"noopener\">Se alle vinteraktiviteter i Narvik<\/a>","tipo_link":"link","boton_block_text_media":"","imagen_block_text_media":5867,"tipo_de_contenido_block_text_media_dcha":"texto","editor_de_texto_tipo_de_contenido_block_text_media_dcha":"<h2>Hva kan man gj\u00f8re i Narvik?<\/h2>\r\nNarvik ligger i hjertet av Ofotfjorden og er omgitt av 1500 meter h\u00f8ye fjell som stiger direkte opp fra fjorden.\r\n\r\nByen ligger ogs\u00e5 ved foten av Narvikfjellet: en taubane tar deg fra 200 meter til 1006 meter p\u00e5 10 minutter!\r\n\r\nOm vinteren byr Narvikfjellet skianlegg p\u00e5 gode offpistforhold og en av Skandinavias st\u00f8rste fallh\u00f8yder.\r\n\r\nG\u00e5r du opp en fin sommernatt, kan du nyte den majestetiske utsikten over fjorden under midnattssolens gylne str\u00e5ler.","tipo_link_dcha":"link","boton_block_text_media_dcha":"","imagen_block_text_media_dcha":2329},{"acf_fc_layout":"block_texto_media","id_seccion_block_text_media":"","title_seccion_block_text_media":"","subtitle_seccion_block_text_media":"","text_seccion_block_text_media":"","url_seccion_block_text_media":"","add_background_color_to_block_text_media":"green","tipo_de_contenido_block_text_media":"texto","editor_de_texto_tipo_de_contenido_block_text_media":"<h2>Ta en tur til Polar Park, verdens nordligste dyrepark<\/h2>\r\nTa en tur til Polar Park fra Narvik (transport frem og tilbake, samt inngangsbillett inkludert), og bli kjent med v\u00e5re arktiske dyr som gaupe, elg, bj\u00f8rn, reinsdyr, ulv, fjellrev og mange andre.\r\n\r\nEn dag du sent vil glemme!\r\n\r\n<a class=\"button\" href=\"https:\/\/booking.bestarctic.com\/en\/packages\/2025946\/travel-from-troms%c3%b8-to-polar-park-with-arctic-route\" target=\"_blank\" rel=\"noopener\">Les mer om dette<\/a>","tipo_link":"link","boton_block_text_media":"","imagen_block_text_media":null,"tipo_de_contenido_block_text_media_dcha":"media","editor_de_texto_tipo_de_contenido_block_text_media_dcha":"","tipo_link_dcha":"link","boton_block_text_media_dcha":"","imagen_block_text_media_dcha":3715},{"acf_fc_layout":"block_texto_media","id_seccion_block_text_media":"","title_seccion_block_text_media":"","subtitle_seccion_block_text_media":"","text_seccion_block_text_media":"","url_seccion_block_text_media":"","add_background_color_to_block_text_media":"white","tipo_de_contenido_block_text_media":"media","editor_de_texto_tipo_de_contenido_block_text_media":"","tipo_link":"link","boton_block_text_media":"","imagen_block_text_media":6521,"tipo_de_contenido_block_text_media_dcha":"texto","editor_de_texto_tipo_de_contenido_block_text_media_dcha":"<h2>Hvordan kommer man seg til Narvik?<\/h2>\r\nNarvik er et knutepunkt i Nord-Norge og er lett tilgjengelig med fly (Evenes lufthavn), buss, bil eller tog.\r\n\r\n<strong>Fra Troms\u00f8:<\/strong>\r\n\r\nHvis du er i Troms\u00f8 og \u00f8nsker \u00e5 reise til Narvik (eller omvendt) i vinterhalv\u00e5ret (desember til mars), anbefaler vi at du tar <a href=\"https:\/\/bestarctic.com\/no\/arktisk-rute\/arktisk-vinter-ruter-utforsk-norge-sverige-og-finland\/buss-mellom-tromso-og-narvik-via-polar-park-norge\/\">Arctic Route<\/a>, da vi har en daglig bussrute mellom disse to stedene, med flere stopp underveis.\r\n\r\n<strong>Andre m\u00e5ter:<\/strong>\r\n\r\n\u00c5 ta toget fra Narvik til Kiruna (svensk Lappland) p\u00e5 Ofotbanen vil v\u00e6re et h\u00f8ydepunkt p\u00e5 enhver reise i Arktis, ettersom denne 42 km lange strekningen regnes som en av de vakreste togreisene i Europa.\r\n\r\nDenne turen tar deg gjennom et vilt og dramatisk landskap fra fjorden til de alpine fjellene i Abisko nasjonalpark. Ofotbanen, som ble bygget p\u00e5 slutten av<sup>1800-tallet<\/sup>, er historisk ettersom den opprinnelig ble brukt til \u00e5 transportere jernmalm fra Kiruna til den isfrie havnen i Narvik.","tipo_link_dcha":"link","boton_block_text_media_dcha":"","imagen_block_text_media_dcha":null},{"acf_fc_layout":"block_text_img_full_width","id_seccion_text_img_full_w":"","title_section_text_img_full_w":"","subtitle_section_text_img_full_w":"","text_section_text_img_full_w":"","title_text_img_full_w":"","lable_text_img_full_w":"","texto_text_img_full_w":"Under andre verdenskrig (WWII) fors\u00f8kte nazistene \u00e5 f\u00e5 kontroll over jernbanen slik at de kunne eksportere det verdifulle jernet til v\u00e5penindustrien. P\u00e5 grunn av sin strategiske beliggenhet ble Narvik et m\u00e5l under det f\u00f8rste store slaget i andre verdenskrig: Narvik-kampanjen (1940). P\u00e5 vei gjennom omr\u00e5det vil du se rester fra slaget om Narvik. Du kan ogs\u00e5 l\u00e6re mer om dette kapittelet i historien p\u00e5 Narvik Krigsmuseum.","url_section_text_img_full_w":"","imagen_text_img_full_w":21662},{"acf_fc_layout":"block_banner","id_seccion_block_banner_bg":"","add_background_color_to_block_banner_bg":"white","title_block_banner_bg":"Bes\u00f8k Narvik i Nord-Norge","text_block_banner_bg":"L\u00e6r mer om Narvik og byens historie. Du kan ta Arctic Route-bussen fra Troms\u00f8 til Narvik (begge veier) og stryke denne interessante byen fra listen over ting du b\u00f8r gj\u00f8re! ","url_block_banner_bg":{"title":"Utforsk alle turer i Narvik","url":"https:\/\/booking.bestarctic.com\/en\/todo?filter=g=109623&sorting=st=a;so=a","target":"_blank"},"img_block_banner_bg":3749,"img_block_banner_bg_mobile":3747,"img_block_banner_mobile":3745}]},"_links":{"self":[{"href":"https:\/\/bestarctic.com\/no\/wp-json\/wp\/v2\/pages\/20413","targetHints":{"allow":["GET"]}}],"collection":[{"href":"https:\/\/bestarctic.com\/no\/wp-json\/wp\/v2\/pages"}],"about":[{"href":"https:\/\/bestarctic.com\/no\/wp-json\/wp\/v2\/types\/page"}],"author":[{"embeddable":true,"href":"https:\/\/bestarctic.com\/no\/wp-json\/wp\/v2\/users\/6"}],"replies":[{"embeddable":true,"href":"https:\/\/bestarctic.com\/no\/wp-json\/wp\/v2\/comments?post=20413"}],"version-history":[{"count":0,"href":"https:\/\/bestarctic.com\/no\/wp-json\/wp\/v2\/pages\/20413\/revisions"}],"up":[{"embeddable":true,"href":"https:\/\/bestarctic.com\/no\/wp-json\/wp\/v2\/pages\/20426"}],"wp:attachment":[{"href":"https:\/\/bestarctic.com\/no\/wp-json\/wp\/v2\/media?parent=20413"}],"curies":[{"name":"wp","href":"https:\/\/api.w.org\/{rel}","templated":true}]}}