{"id":20415,"date":"2025-04-16T08:58:55","date_gmt":"2025-04-16T06:58:55","guid":{"rendered":"https:\/\/bestarctic.com\/visit-lyngen-norway\/"},"modified":"2025-11-17T10:07:42","modified_gmt":"2025-11-17T09:07:42","slug":"besok-lyngen-norge","status":"publish","type":"page","link":"https:\/\/bestarctic.com\/no\/reise-til-arktis\/besok-lyngen-norge\/","title":{"rendered":"Bes\u00f8k Lyngen"},"content":{"rendered":"","protected":false},"excerpt":{"rendered":"","protected":false},"author":6,"featured_media":0,"parent":20426,"menu_order":0,"comment_status":"closed","ping_status":"closed","template":"","meta":{"_acf_changed":false,"footnotes":""},"class_list":["post-20415","page","type-page","status-publish","hentry"],"acf":{"bloques_de_contenido":[{"acf_fc_layout":"block_hero_page","id_block_hero_page":"","video_o_imagen_hero_page":"img","video_block_hero_page_bg":null,"hero_page_inicio_video_segundo":"","img_block_hero_page_bg":5442,"overlay_hero_page":"yes","title_block_hero_page":"  Inn i naturen - Bes\u00f8k Lyngen, et naturparadis i Norge","text_block_hero_page":"Lyngenfjorden er regionen mellom Troms\u00f8 og Alta i Norge, og omfatter omr\u00e5dene Lyngsalpene, Skjerv\u00f8y, Reisa og Hatteng\/Signaldalen. Alpine fjell, isbreer, fjorder, \u00f8yer, frodige daler og \u00e5pne vidder: Lyngenregionen er full av kontraster og vill natur. Mange fantastiske opplevelser venter p\u00e5 deg n\u00e5r du bes\u00f8ker Lyngen, fra sn\u00f8scooterturer til hvalsafari eller nordlysjakt.  ","label_block_hero_page":"","link_block_hero_page":{"title":"Se alle aktiviteter i Lyngen-omr\u00e5det","url":"https:\/\/booking.bestarctic.com\/en\/todo?filter=g=107839,109613&sorting=st=a;so=a","target":"_blank"},"add_imagen_extra_hero_page":"no","cta_imagen_extra_hero_page":"nei","imagen_content_block_hero_page":2329,"one_imagen_content_block_hero_page":null,"two_imagen_content_block_hero_page":null,"three_imagen_content_block_hero_page":null,"three_imagen_content_block_hero_page_title":"","three_imagen_content_block_hero_page_text":"","three_imagen_content_block_hero_page_text_cta":"","three_imagen_content_block_hero_page_url_cta":""},{"acf_fc_layout":"block_carrusel_activities","id_seccion_carrusel_destacados_tabs":"","title_section_carrusel_destacados_tabs":"Turer og aktiviteter i Lyngen-omr\u00e5det","subtitle_section_carrusel_destacados_tabs":"","text_section_carrusel_destacados_tabs":"","url_seccion_carrusel_destacados_tabs":{"title":"Utforsk alle turer","url":"https:\/\/booking.bestarctic.com\/en\/todo?filter=c%3D31189%3Bg%3D107839","target":""},"add_background_color_to_section_tabs":"white","tabs_activities_seleccionados_tabs":[{"tab_text_tabs_activities_seleccionados_tabs":"","tab_carousel_activities_seleccionados_tabs":[20742,20739,20650,20648,20709,20645]}]},{"acf_fc_layout":"block_card_grid","add_background_color_to_section_block_card_grid":"green","id_seccion_block_card_grid":"","title_section_block_card_grid":"Hva du trenger \u00e5 vite","subtitle_section_block_card_grid":"","text_section_block_card_grid":"","url_seccion_block_card_grid":"","item_block_post_masonry_and_grid":[{"imagen_block_post_masonry_and_grid":3708,"titular_block_post_masonry_and_grid":"Lyngen Sn\u00f8scootersafari: Et eventyr med sn\u00f8scooter","texto_block_post_masonry_and_grid":"","location_block_post_masonry_and_grid":"","schedule_block_post_masonry_and_grid":"","duration_block_post_masonry_and_grid":"","price_block_post_masonry_and_grid":"","link_block_post_masonry_and_grid":{"title":"Les mer her","url":"https:\/\/bestarctic.com\/no\/nord-norge-reiseblogg\/lyngen-snoscooter-safari-eventyr\/","target":""}},{"imagen_block_post_masonry_and_grid":3706,"titular_block_post_masonry_and_grid":"Bli med p\u00e5 en tur med hundespann i Troms\u00f8","texto_block_post_masonry_and_grid":"","location_block_post_masonry_and_grid":"","schedule_block_post_masonry_and_grid":"","duration_block_post_masonry_and_grid":"","price_block_post_masonry_and_grid":"","link_block_post_masonry_and_grid":{"title":"Les mer her","url":"https:\/\/bestarctic.com\/no\/nord-norge-reiseblogg\/start-pa-en-hundesledetur-i-tromso-norge\/","target":""}},{"imagen_block_post_masonry_and_grid":3704,"titular_block_post_masonry_and_grid":"Troms\u00f8 om vinteren: Derfor b\u00f8r du forh\u00e5ndsbestille turene dine p\u00e5 forh\u00e5nd","texto_block_post_masonry_and_grid":"","location_block_post_masonry_and_grid":"","schedule_block_post_masonry_and_grid":"","duration_block_post_masonry_and_grid":"","price_block_post_masonry_and_grid":"","link_block_post_masonry_and_grid":{"title":"Les mer her","url":"https:\/\/bestarctic.com\/no\/nord-norge-reiseblogg\/tromso-i-vinter-hvorfor-bestille-pa-forhand\/","target":""}}]},{"acf_fc_layout":"block_texto_media","id_seccion_block_text_media":"","title_seccion_block_text_media":"","subtitle_seccion_block_text_media":"","text_seccion_block_text_media":"","url_seccion_block_text_media":"","add_background_color_to_block_text_media":"white","tipo_de_contenido_block_text_media":"media","editor_de_texto_tipo_de_contenido_block_text_media":"","tipo_link":"link","boton_block_text_media":"","imagen_block_text_media":21628,"tipo_de_contenido_block_text_media_dcha":"texto","editor_de_texto_tipo_de_contenido_block_text_media_dcha":"<h2>Lyngsalpene, den arktiske lekeplassen<\/h2>\r\nLyngsalpene er et av Norges mest dramatiske landskap.\r\n\r\nDe ligger \u00f8st for Troms\u00f8 p\u00e5 en halv\u00f8y som strekker seg rundt 90 km, med spektakul\u00e6re fjorder p\u00e5 begge sider.\r\n\r\nDisse taggete fjellene reiser seg rett opp fra havet og rager h\u00f8yere enn 1000 m. Jiehkkevarri (1834 m) er Lyngsalpene h\u00f8yeste topp og det h\u00f8yeste fjellet i Troms og Finnmark fylke.","tipo_link_dcha":"link","boton_block_text_media_dcha":"","imagen_block_text_media_dcha":null},{"acf_fc_layout":"block_texto_media_boxed","id_seccion_block_text_media_boxed":"","editor_block_text_media_boxed":"<h2>Hvordan kommer man seg dit?<\/h2>\r\nHvis du er i Troms\u00f8, kan du ta Arctic Route Troms\u00f8 <a href=\"https:\/\/bestarctic.com\/no\/arktisk-rute\/arktisk-vinter-ruter-utforsk-norge-sverige-og-finland\/buss-mellom-tromso-og-lyngen-norge\/\">- Lyngen - Troms\u00f8<\/a>, som kj\u00f8rer daglig mellom <strong>1. desember<\/strong> og <strong>31. mars<\/strong>.\r\n\r\nEn annen m\u00e5te er \u00e5 kj\u00f8re til Breivikeidet og ta fergen derfra til Svensby. Overfarten tar ca. 20 minutter og gir turen en ekstra dimensjon.","imagen_block_text_media_boxed":4997},{"acf_fc_layout":"block_texto_media","id_seccion_block_text_media":"","title_seccion_block_text_media":"","subtitle_seccion_block_text_media":"","text_seccion_block_text_media":"","url_seccion_block_text_media":"","add_background_color_to_block_text_media":"white","tipo_de_contenido_block_text_media":"media","editor_de_texto_tipo_de_contenido_block_text_media":"","tipo_link":"link","boton_block_text_media":"","imagen_block_text_media":21621,"tipo_de_contenido_block_text_media_dcha":"texto","editor_de_texto_tipo_de_contenido_block_text_media_dcha":"<h2>Dra p\u00e5 hvalsafari i Skjerv\u00f8y<\/h2>\r\nSkjerv\u00f8y i Lyngenfjord-regionen har blitt et hotspot for hvalsafari i Norge.\r\n\r\nDet er dit spekkhoggerne og kn\u00f8lhvalene har vandret hver vinter i noen \u00e5r for \u00e5 finne mat i de silderike fjordene i Arktis.\r\n\r\nVanligvis er den beste tiden for hvalsafari fra november til januar. Hvalsafari organiseres med transport fra Troms\u00f8.\r\n\r\nDu kan dra p\u00e5 hvalsafari eller ta buss f\u00f8r du hopper i en oppbl\u00e5sbar gummib\u00e5t.\r\n\r\n<a class=\"button\" href=\"https:\/\/booking.bestarctic.com\/en\/todo?filter=g=107839,109613&amp;sorting=st=a;so=a\" target=\"_blank\" rel=\"noopener\">Se alle vinteraktiviteter i Lyngsalpene<\/a>","tipo_link_dcha":"link","boton_block_text_media_dcha":"","imagen_block_text_media_dcha":null},{"acf_fc_layout":"block_text_img_full_width","id_seccion_text_img_full_w":"","title_section_text_img_full_w":"","subtitle_section_text_img_full_w":"","text_section_text_img_full_w":"","title_text_img_full_w":"","lable_text_img_full_w":"","texto_text_img_full_w":"<h2>Lyngenfjord, ett av de beste stedene \u00e5 se nordlyset fra Troms\u00f8<\/h2>\r\nLyngenfjord er et ideelt sted for nordlysjakt, da regionen har et t\u00f8rrere og mer stabilt klima enn andre steder rundt Troms\u00f8. Faktisk fungerer Lyngsalpene som en barriere mot skyene, og klarere netter gir bedre sjanser for \u00e5 se nordlyset.\r\n\r\nPr\u00f8v sn\u00f8scooterkj\u00f8ring i Lyngen med v\u00e5r <a href=\"https:\/\/booking.bestarctic.com\/en\/to-do\/1976376\/lyngen-snowmobile-safari\/showdetails\" target=\"_blank\" rel=\"noopener\">Lyngen Sn\u00f8scooter Safari<\/a>, en daglig tur som vil vise deg vakre fotomotiv.\r\n\r\nDu kan legge til et ekstra eventyr til nordlyseventyret ved \u00e5 bli med p\u00e5 en <a href=\"https:\/\/booking.bestarctic.com\/en\/to-do\/2634044\/snowmobile-daytime-excursion-from-troms%C3%B8\/showdetails\" target=\"_blank\" rel=\"noopener\">dagstur<\/a> eller <a href=\"https:\/\/booking.bestarctic.com\/en\/to-do\/2634046\/snowmobile-evening-excursion-from-troms%C3%B8\/showdetails\" target=\"_blank\" rel=\"noopener\">kveldstur<\/a> med sn\u00f8scooter i Signaldalen, dalen til det mest fotograferte fjellet i regionen: Otertinden!\r\n\r\nHvis du ser etter overnatting i omr\u00e5det, anbefaler vi \u00e5 bo i en <a href=\"https:\/\/booking.bestarctic.com\/en\/packages\/2029443\/winter-aurora-hut-overnight-with-daytime-snowmobile-adventur?noResult=False\" target=\"_blank\" rel=\"noopener\">Aurora-hytte<\/a> for en fantastisk natt under det fengslende nordlyset.","url_section_text_img_full_w":"","imagen_text_img_full_w":21627},{"acf_fc_layout":"block_banner","id_seccion_block_banner_bg":"","add_background_color_to_block_banner_bg":"white","title_block_banner_bg":"Bes\u00f8k omr\u00e5det rundt Lyngsalpene","text_block_banner_bg":"Hvis du er interessert i \u00e5 bes\u00f8ke Lyngen Aps-omr\u00e5det, anbefaler vi deg p\u00e5 det sterkeste \u00e5 gj\u00f8re det! Sjekk v\u00e5re aktiviteter og turer som du kan bestille p\u00e5 nettet, som tar deg til dette omr\u00e5det. Transport fra og tilbake til Troms\u00f8 er inkludert.  ","url_block_banner_bg":{"title":"Utforsk alle turer i Lyngen","url":"https:\/\/booking.bestarctic.com\/en\/todo?filter=g=107839,109613&sorting=st=a;so=a","target":"_blank"},"img_block_banner_bg":3749,"img_block_banner_bg_mobile":3747,"img_block_banner_mobile":3745}]},"_links":{"self":[{"href":"https:\/\/bestarctic.com\/no\/wp-json\/wp\/v2\/pages\/20415","targetHints":{"allow":["GET"]}}],"collection":[{"href":"https:\/\/bestarctic.com\/no\/wp-json\/wp\/v2\/pages"}],"about":[{"href":"https:\/\/bestarctic.com\/no\/wp-json\/wp\/v2\/types\/page"}],"author":[{"embeddable":true,"href":"https:\/\/bestarctic.com\/no\/wp-json\/wp\/v2\/users\/6"}],"replies":[{"embeddable":true,"href":"https:\/\/bestarctic.com\/no\/wp-json\/wp\/v2\/comments?post=20415"}],"version-history":[{"count":0,"href":"https:\/\/bestarctic.com\/no\/wp-json\/wp\/v2\/pages\/20415\/revisions"}],"up":[{"embeddable":true,"href":"https:\/\/bestarctic.com\/no\/wp-json\/wp\/v2\/pages\/20426"}],"wp:attachment":[{"href":"https:\/\/bestarctic.com\/no\/wp-json\/wp\/v2\/media?parent=20415"}],"curies":[{"name":"wp","href":"https:\/\/api.w.org\/{rel}","templated":true}]}}