{"id":20419,"date":"2025-04-15T15:20:56","date_gmt":"2025-04-15T13:20:56","guid":{"rendered":"https:\/\/bestarctic.com\/visit-rovaniemi-finland\/"},"modified":"2025-11-18T15:34:58","modified_gmt":"2025-11-18T14:34:58","slug":"besok-rovaniemi-finland","status":"publish","type":"page","link":"https:\/\/bestarctic.com\/no\/reise-til-arktis\/besok-rovaniemi-finland\/","title":{"rendered":"Bes\u00f8k Rovaniemi"},"content":{"rendered":"","protected":false},"excerpt":{"rendered":"","protected":false},"author":6,"featured_media":0,"parent":20426,"menu_order":0,"comment_status":"closed","ping_status":"closed","template":"","meta":{"_acf_changed":false,"footnotes":""},"class_list":["post-20419","page","type-page","status-publish","hentry"],"acf":{"bloques_de_contenido":[{"acf_fc_layout":"block_hero_page","id_block_hero_page":"","video_o_imagen_hero_page":"img","video_block_hero_page_bg":null,"hero_page_inicio_video_segundo":"","img_block_hero_page_bg":3614,"overlay_hero_page":"yes","title_block_hero_page":"Bes\u00f8k Rovaniemi, julenissens offisielle hjemby","text_block_hero_page":"Forestill deg et sted der nordlyset danser over himmelen, der du kan m\u00f8te reinsdyr, og der selveste julenissen tar imot deg med \u00e5pne armer. Velkommen til Rovaniemi, julenissens offisielle hjemby! ","label_block_hero_page":"Rovaniemi - Lapplands sanne hjerte  ","link_block_hero_page":"","add_imagen_extra_hero_page":"no","cta_imagen_extra_hero_page":"nei","imagen_content_block_hero_page":2329,"one_imagen_content_block_hero_page":null,"two_imagen_content_block_hero_page":null,"three_imagen_content_block_hero_page":null,"three_imagen_content_block_hero_page_title":"","three_imagen_content_block_hero_page_text":"","three_imagen_content_block_hero_page_text_cta":"","three_imagen_content_block_hero_page_url_cta":""},{"acf_fc_layout":"block_carrusel_activities","id_seccion_carrusel_destacados_tabs":"","title_section_carrusel_destacados_tabs":"Arktiske dyreturer","subtitle_section_carrusel_destacados_tabs":"","text_section_carrusel_destacados_tabs":"","url_seccion_carrusel_destacados_tabs":"","add_background_color_to_section_tabs":"white","tabs_activities_seleccionados_tabs":[{"tab_text_tabs_activities_seleccionados_tabs":"","tab_carousel_activities_seleccionados_tabs":[20672,20670,20668,20667]}]},{"acf_fc_layout":"block_carrusel_activities","id_seccion_carrusel_destacados_tabs":"","title_section_carrusel_destacados_tabs":"Utend\u00f8rs- og kulturturer","subtitle_section_carrusel_destacados_tabs":"","text_section_carrusel_destacados_tabs":"","url_seccion_carrusel_destacados_tabs":"","add_background_color_to_section_tabs":"green","tabs_activities_seleccionados_tabs":[{"tab_text_tabs_activities_seleccionados_tabs":"","tab_carousel_activities_seleccionados_tabs":[20665,20663,20661,20659,20657,20655,20653]}]},{"acf_fc_layout":"block_card_grid","add_background_color_to_section_block_card_grid":"white","id_seccion_block_card_grid":"","title_section_block_card_grid":"Hva du trenger \u00e5 vite","subtitle_section_block_card_grid":"","text_section_block_card_grid":"","url_seccion_block_card_grid":"","item_block_post_masonry_and_grid":[{"imagen_block_post_masonry_and_grid":3674,"titular_block_post_masonry_and_grid":"Hva du kan gj\u00f8re og hvor du kan bo i Rovaniemi","texto_block_post_masonry_and_grid":"","location_block_post_masonry_and_grid":"","schedule_block_post_masonry_and_grid":"","duration_block_post_masonry_and_grid":"","price_block_post_masonry_and_grid":"","link_block_post_masonry_and_grid":{"title":"Les mer her","url":"https:\/\/bestarctic.com\/no\/nord-norge-reiseblogg\/hva-a-se-steder-a-bo-i-rovaniemi-finland\/","target":""}},{"imagen_block_post_masonry_and_grid":3672,"titular_block_post_masonry_and_grid":"Reise fra Troms\u00f8 til Rovaniemi - Hvor, hvordan og hva","texto_block_post_masonry_and_grid":"","location_block_post_masonry_and_grid":"","schedule_block_post_masonry_and_grid":"","duration_block_post_masonry_and_grid":"","price_block_post_masonry_and_grid":"","link_block_post_masonry_and_grid":{"title":"Les mer her","url":"https:\/\/bestarctic.com\/no\/nord-norge-reiseblogg\/fra-tromso-norge-til-rovaniemi-finland\/","target":""}},{"imagen_block_post_masonry_and_grid":3670,"titular_block_post_masonry_and_grid":"Den arktiske ruten: Det enkleste transportalternativet for \u00e5 g\u00e5 p\u00e5 ski i Narvik, Levi og Troms\u00f8","texto_block_post_masonry_and_grid":"","location_block_post_masonry_and_grid":"","schedule_block_post_masonry_and_grid":"","duration_block_post_masonry_and_grid":"","price_block_post_masonry_and_grid":"","link_block_post_masonry_and_grid":{"title":"Les mer her","url":"https:\/\/bestarctic.com\/no\/nord-norge-reiseblogg\/ga-pa-ski-i-narvik-levi-og-tromso\/","target":""}}]},{"acf_fc_layout":"block_texto_media","id_seccion_block_text_media":"","title_seccion_block_text_media":"","subtitle_seccion_block_text_media":"","text_seccion_block_text_media":"","url_seccion_block_text_media":"","add_background_color_to_block_text_media":"green","tipo_de_contenido_block_text_media":"media","editor_de_texto_tipo_de_contenido_block_text_media":"","tipo_link":"link","boton_block_text_media":"","imagen_block_text_media":3616,"tipo_de_contenido_block_text_media_dcha":"texto","editor_de_texto_tipo_de_contenido_block_text_media_dcha":"<h2>Hvor ligger Rovaniemi?<\/h2>\r\n<strong>Rovaniemi<\/strong> ligger i hjertet av <strong>finsk Lappland<\/strong><strong>(Nord-Finland)<\/strong>, rett ved <strong>polarsirkelen<\/strong>. Denne unike beliggenheten, ca. 10 timers kj\u00f8ring fra Troms\u00f8, gj\u00f8r <strong>Rovaniemi<\/strong> til det perfekte utgangspunkt for arktiske eventyr, som <strong>sn\u00f8scooterkj\u00f8ring<\/strong>, <strong>reinsdyrslede<\/strong>, m\u00f8te <strong>julenissen<\/strong> i <strong>julenisselandsbyen<\/strong> (i <strong>Rovaniemi<\/strong>), bes\u00f8ke<strong> polarsirkelen<\/strong> (og bokstavelig talt krysse den), blant mange andre muligheter. <strong><a href=\"https:\/\/bestarctic.com\/no\/arktisk-rute\/\">Den arktiske ruten<\/a> <\/strong>er den enkleste og mest komfortable m\u00e5ten \u00e5 reise mellom <strong>Troms\u00f8 og Rovaniemi<\/strong> p\u00e5 vinterstid (1. desember - 31. mars).\r\n\r\n<a class=\"button\" href=\"https:\/\/bestarctic.com\/no\/arktisk-rute\/arktisk-vinter-ruter-utforsk-norge-sverige-og-finland\/buss-mellom-tromso-norge-og-rovaniemi-finland\/\">Les mer om dette<\/a>","tipo_link_dcha":"link","boton_block_text_media_dcha":"","imagen_block_text_media_dcha":null},{"acf_fc_layout":"block_texto_media","id_seccion_block_text_media":"","title_seccion_block_text_media":"","subtitle_seccion_block_text_media":"","text_seccion_block_text_media":"","url_seccion_block_text_media":"","add_background_color_to_block_text_media":"white","tipo_de_contenido_block_text_media":"media","editor_de_texto_tipo_de_contenido_block_text_media":"","tipo_link":"link","boton_block_text_media":"","imagen_block_text_media":3618,"tipo_de_contenido_block_text_media_dcha":"texto","editor_de_texto_tipo_de_contenido_block_text_media_dcha":"<h2>Hvorfor b\u00f8r du bes\u00f8ke Rovaniemi om vinteren?<\/h2>\r\n<ul>\r\n \t<li>M\u00f8t julenissen i julenissens landsby<\/li>\r\n \t<li>Ta steget over polarsirkelen, da den geografiske linjen g\u00e5r gjennom Santa Claus Village<\/li>\r\n \t<li>Bli vitne til det hypnotiserende nordlyset<\/li>\r\n \t<li>Opplev autentisk samisk kultur<\/li>\r\n \t<li>Legg ut p\u00e5 spennende sn\u00f8scootereventyr<\/li>\r\n \t<li>Nyt et bredt spekter av vinteraktiviteter<\/li>\r\n<\/ul>","tipo_link_dcha":"link","boton_block_text_media_dcha":"","imagen_block_text_media_dcha":null},{"acf_fc_layout":"block_texto_media","id_seccion_block_text_media":"","title_seccion_block_text_media":"","subtitle_seccion_block_text_media":"","text_seccion_block_text_media":"","url_seccion_block_text_media":"","add_background_color_to_block_text_media":"green","tipo_de_contenido_block_text_media":"texto","editor_de_texto_tipo_de_contenido_block_text_media":"<h2>\u00c5 reise mellom Rovaniemi og Troms\u00f8 med buss: Den arktiske ruten<\/h2>\r\nFra <strong>1. desember til 31. mars<\/strong> kan du ta vinterbussen Arctic Route mellom Troms\u00f8 og Rovaniemi. Denne naturskj\u00f8nne reisen tar deg gjennom et fantastisk arktisk landskap, og gj\u00f8r turen til et eventyr i seg selv!\r\n\r\nDenne vinterbussruten stopper ogs\u00e5 ved andre strategiske bussholdeplasser som Levi og Kittil\u00e4 lufthavn. <strong>Rovaniemi lufthavn<\/strong> ligger 15 minutter fra Rovaniemi sentrum og 10 minutter fra Santa Claus Village, noe som ogs\u00e5 gir gode forbindelser mellom strategiske punkter.\r\n\r\n<a class=\"button\" href=\"https:\/\/bestarctic.com\/no\/arktisk-rute\/arktisk-vinter-ruter-utforsk-norge-sverige-og-finland\/buss-mellom-tromso-norge-og-rovaniemi-finland\/\">L\u00e6r mer<\/a>","tipo_link":"link","boton_block_text_media":"","imagen_block_text_media":null,"tipo_de_contenido_block_text_media_dcha":"media","editor_de_texto_tipo_de_contenido_block_text_media_dcha":"","tipo_link_dcha":"link","boton_block_text_media_dcha":"","imagen_block_text_media_dcha":3646},{"acf_fc_layout":"block_texto_media","id_seccion_block_text_media":"","title_seccion_block_text_media":"","subtitle_seccion_block_text_media":"","text_seccion_block_text_media":"","url_seccion_block_text_media":"","add_background_color_to_block_text_media":"white","tipo_de_contenido_block_text_media":"media","editor_de_texto_tipo_de_contenido_block_text_media":"","tipo_link":"link","boton_block_text_media":"","imagen_block_text_media":3648,"tipo_de_contenido_block_text_media_dcha":"texto","editor_de_texto_tipo_de_contenido_block_text_media_dcha":"<h2>Hva du kan gj\u00f8re i Rovaniemi<\/h2>\r\n<b>Julenissens landsby: Der julen aldri tar slutt<\/b>\r\n\r\nG\u00e5 inn i en verden av undring i Santa Claus' Village, som er \u00e5pen \u00e5ret rundt:\r\n<ul>\r\n \t<li>M\u00f8t julenissen p\u00e5 kontoret hans (daglig, kl. 10-17)<\/li>\r\n \t<li>Send postkort fra julenissens hovedpostkontor<\/li>\r\n \t<li>Kryss polarsirkelen<\/li>\r\n \t<li>Kj\u00f8r med reinsdyrslede (hvis v\u00e6ret tillater det, kl. 10-16)<\/li>\r\n \t<li>Handle unike arktiske suvenirer<\/li>\r\n<\/ul>\r\nDu kan lese mer informasjon om <b>hva du kan gj\u00f8re i julenissens landsby og Rovaniemi<\/b> <u><a href=\"https:\/\/bestarctic.com\/no\/nord-norge-reiseblogg\/hva-a-se-steder-a-bo-i-rovaniemi-finland\/\">her<\/a><\/u>.","tipo_link_dcha":"link","boton_block_text_media_dcha":"","imagen_block_text_media_dcha":null},{"acf_fc_layout":"block_texto_media","id_seccion_block_text_media":"","title_seccion_block_text_media":"","subtitle_seccion_block_text_media":"","text_seccion_block_text_media":"","url_seccion_block_text_media":"","add_background_color_to_block_text_media":"green","tipo_de_contenido_block_text_media":"media","editor_de_texto_tipo_de_contenido_block_text_media":"<h2>Overnatting i Rovaniemi: Koselig komfort i Arktis<\/h2>\r\nRovaniemi tilbyr en rekke overnattingsmuligheter som passer for alle reisende:\r\n<ul>\r\n \t<li>Sn\u00f8hotell: <u><a href=\"https:\/\/arcticsnowhotel.fi\/\" target=\"_blank\" rel=\"noopener\">Sov p\u00e5 et ishotell<\/a><\/u>med h\u00e5ndlagde, utsk\u00e5rne skulpturer som forandrer seg hvert \u00e5r<\/li>\r\n \t<li><a href=\"https:\/\/glassresort.fi\/\" target=\"_blank\" rel=\"noopener\">Igloer av glass:<\/a> Sov under nordlyset<\/li>\r\n \t<li><a href=\"https:\/\/santashotels.fi\/en\/hotels\/rovaniemi-hotel-santa-claus\/\" target=\"_blank\" rel=\"noopener\">Boutiquehoteller<\/a>: Opplev finsk gjestfrihet<\/li>\r\n \t<li>Lodger i villmarken: Fordyp deg i naturen<\/li>\r\n<\/ul>\r\nHvis du \u00f8nsker \u00e5 lese mer i detalj om de <b>forskjellige typene overnatting i Rovaniemi<\/b>, kan du sjekke det <u><a href=\"https:\/\/bestarctic.com\/no\/nord-norge-reiseblogg\/fra-tromso-norge-til-rovaniemi-finland\/\">her<\/a><\/u>.\r\n\r\nRovaniemi er mer enn bare et reisem\u00e5l; det er en magisk opplevelse som vil bli med deg for alltid. Fra \u00e5 m\u00f8te julenissen til \u00e5 oppleve det eteriske nordlyset - hvert \u00f8yeblikk i Rovaniemi er fylt med undring.\r\n\r\n<strong>Reis med buss mellom Troms\u00f8 (Norge) og Rovaniemi<\/strong> (Finland), daglig, mellom <strong>1. desember og 31. mars<\/strong>, med <a href=\"https:\/\/bestarctic.com\/no\/arktisk-rute\/\">Arctic Route.<\/a> Forh\u00e5ndsbestill bussbilletten din for \u00e5 garantere plass.\r\n\r\n<a class=\"button\" href=\"https:\/\/bestarctic.com\/no\/arktisk-rute\/arktisk-sommer-ruter-utforsk-arktis\/buss-mellom-tromso-og-rovaniemi-sommer\/\" target=\"_blank\" rel=\"noopener\">Bestill bussbilletten din her<\/a>","tipo_link":"link","boton_block_text_media":"","imagen_block_text_media":21084,"tipo_de_contenido_block_text_media_dcha":"texto","editor_de_texto_tipo_de_contenido_block_text_media_dcha":"<h2>Mer enn julenissen: Spennende arktiske opplevelser<\/h2>\r\n<ul>\r\n \t<li><a href=\"https:\/\/www.safartica.com\/activity\/aurora-hunting-photo-tour\/?trackingCode=cdfb1f9519344c48929007acbc6acf71\" target=\"_blank\" rel=\"noopener\">Jakt p\u00e5 nordlyset:<\/a> Bli med p\u00e5 guidede nordlysjaktturer<\/li>\r\n \t<li><a href=\"https:\/\/www.safartica.com\/\" target=\"_blank\" rel=\"noopener\">Sn\u00f8scootersafari<\/a>: Kj\u00f8r gjennom sn\u00f8dekte skoger og frosne innsj\u00f8er<\/li>\r\n \t<li><a href=\"https:\/\/www.safartica.com\/activity\/thrill-of-speed-1-h-husky-safari\/?trackingCode=cdfb1f9519344c48929007acbc6acf71\" target=\"_blank\" rel=\"noopener\">Hundekj\u00f8ring med slede<\/a>: Opplev spenningen ved \u00e5 kj\u00f8re hundespann<\/li>\r\n \t<li><a href=\"https:\/\/www.safartica.com\/activity\/ice-fishing-by-car\/?trackingCode=cdfb1f9519344c48929007acbc6acf71\" target=\"_blank\" rel=\"noopener\">Isfiske<\/a>: Pr\u00f8v deg p\u00e5 dette tradisjonelle arktiske tidsfordrivet<\/li>\r\n \t<li><a href=\"https:\/\/www.safartica.com\/\" target=\"_blank\" rel=\"noopener\">Samiske kulturreiser<\/a>: L\u00e6r mer om urbefolkningen i Lappland<\/li>\r\n<\/ul>","tipo_link_dcha":"link","boton_block_text_media_dcha":"","imagen_block_text_media_dcha":null},{"acf_fc_layout":"block_texto_media","id_seccion_block_text_media":"","title_seccion_block_text_media":"","subtitle_seccion_block_text_media":"","text_seccion_block_text_media":"","url_seccion_block_text_media":"","add_background_color_to_block_text_media":"white","tipo_de_contenido_block_text_media":"texto","editor_de_texto_tipo_de_contenido_block_text_media":"<h2>Overnatting i Rovaniemi: Koselig komfort i Arktis<\/h2>\r\nRovaniemi tilbyr en rekke overnattingsmuligheter som passer for alle reisende:\r\n<ul>\r\n \t<li>Sn\u00f8hotell: <u><a href=\"https:\/\/arcticsnowhotel.fi\/\" target=\"_blank\" rel=\"noopener\">Sov p\u00e5 et ishotell<\/a><\/u>med h\u00e5ndlagde, utsk\u00e5rne skulpturer som forandrer seg hvert \u00e5r<\/li>\r\n \t<li><a href=\"https:\/\/glassresort.fi\/\" target=\"_blank\" rel=\"noopener\">Igloer av glass:<\/a> Sov under nordlyset<\/li>\r\n \t<li><a href=\"https:\/\/santashotels.fi\/en\/hotels\/rovaniemi-hotel-santa-claus\/\" target=\"_blank\" rel=\"noopener\">Boutiquehoteller<\/a>: Opplev finsk gjestfrihet<\/li>\r\n \t<li>Lodger i villmarken: Fordyp deg i naturen<\/li>\r\n<\/ul>\r\nHvis du \u00f8nsker \u00e5 lese mer i detalj om de <b>forskjellige typene overnatting i Rovaniemi<\/b>, kan du sjekke det <u><a href=\"https:\/\/bestarctic.com\/no\/nord-norge-reiseblogg\/fra-tromso-norge-til-rovaniemi-finland\/\">her<\/a><\/u>.\r\n\r\nRovaniemi er mer enn bare et reisem\u00e5l; det er en magisk opplevelse som du vil huske for alltid. Fra \u00e5 m\u00f8te julenissen til \u00e5 oppleve det eteriske nordlyset - hvert \u00f8yeblikk i Rovaniemi er fylt med undring.\r\n\r\n<strong>Reis med buss mellom Troms\u00f8 (Norge) og Rovaniemi<\/strong> (Finland), daglig, mellom <strong>1. desember og 31. mars<\/strong>, med <a href=\"https:\/\/bestarctic.com\/no\/arktisk-rute\/\">Arctic Route.<\/a> Forh\u00e5ndsbestill bussbilletten din for \u00e5 garantere plass.\r\n\r\n<a class=\"button\" href=\"https:\/\/bestarctic.com\/no\/arktisk-rute\/arktisk-sommer-ruter-utforsk-arktis\/buss-mellom-tromso-og-rovaniemi-sommer\/\" target=\"_blank\" rel=\"noopener\">Bestill bussbilletten din her<\/a>","tipo_link":"link","boton_block_text_media":"","imagen_block_text_media":null,"tipo_de_contenido_block_text_media_dcha":"media","editor_de_texto_tipo_de_contenido_block_text_media_dcha":"","tipo_link_dcha":"link","boton_block_text_media_dcha":"","imagen_block_text_media_dcha":21083},{"acf_fc_layout":"block_text_img_full_width","id_seccion_text_img_full_w":"","title_section_text_img_full_w":"","subtitle_section_text_img_full_w":"","text_section_text_img_full_w":"","title_text_img_full_w":"","lable_text_img_full_w":"","texto_text_img_full_w":"<h3>Bes\u00f8k Troms\u00f8 \u2013 Hva du kan gj\u00f8re<\/h3>\r\nTroms\u00f8, eller \u201cporten til Arktis\u201d, i Nord-Norge tilbyr en uforglemmelig opplevelse for b\u00e5de eventyrere og naturelskere:\r\n<ul>\r\n \t<li>Nordlysturer (september til mars);<\/li>\r\n \t<li>Hvalsafari (fra november til januar);<\/li>\r\n \t<li>Spennende sn\u00f8scooterturer (for adrenalins\u00f8kere);<\/li>\r\n \t<li>Hundesledeturer (en av de mest popul\u00e6re aktivitetene);<\/li>\r\n \t<li>B\u00e5t- og fjordturer (for de som \u00f8nsker et maritimt eventyr og et unikt perspektiv p\u00e5 den ville kystlinjen)<\/li>\r\n<\/ul>\r\nTroms\u00f8s kombinasjon av naturlig skj\u00f8nnhet, utend\u00f8rsaktiviteter og arktisk sjarm gj\u00f8r det til en uimotst\u00e5elig destinasjon for alle som s\u00f8ker en ekstraordin\u00e6r og uforglemmelig reiseopplevelse.","url_section_text_img_full_w":{"title":"Bes\u00f8k Troms\u00f8","url":"https:\/\/bestarctic.com\/no\/reise-til-arktis\/besok-tromso-norge\/","target":"_blank"},"imagen_text_img_full_w":21086},{"acf_fc_layout":"block_banner","id_seccion_block_banner_bg":"","add_background_color_to_block_banner_bg":"white","title_block_banner_bg":"Bes\u00f8k Rovaniemi","text_block_banner_bg":"Uansett om det er vinter eller sommer, er Rovaniemi en hel\u00e5rsdestinasjon. Begynn \u00e5 planlegge og bestill vinterbussbilletten din mellom Troms\u00f8 og Rovaniemi i god tid. ","url_block_banner_bg":{"title":"Bestill din vinterbillett til Arctic Route","url":"https:\/\/bestarctic.com\/no\/arktisk-rute\/arktisk-vinter-ruter-utforsk-norge-sverige-og-finland\/buss-mellom-tromso-norge-og-rovaniemi-finland\/","target":""},"img_block_banner_bg":3749,"img_block_banner_bg_mobile":3747,"img_block_banner_mobile":3745}]},"_links":{"self":[{"href":"https:\/\/bestarctic.com\/no\/wp-json\/wp\/v2\/pages\/20419","targetHints":{"allow":["GET"]}}],"collection":[{"href":"https:\/\/bestarctic.com\/no\/wp-json\/wp\/v2\/pages"}],"about":[{"href":"https:\/\/bestarctic.com\/no\/wp-json\/wp\/v2\/types\/page"}],"author":[{"embeddable":true,"href":"https:\/\/bestarctic.com\/no\/wp-json\/wp\/v2\/users\/6"}],"replies":[{"embeddable":true,"href":"https:\/\/bestarctic.com\/no\/wp-json\/wp\/v2\/comments?post=20419"}],"version-history":[{"count":0,"href":"https:\/\/bestarctic.com\/no\/wp-json\/wp\/v2\/pages\/20419\/revisions"}],"up":[{"embeddable":true,"href":"https:\/\/bestarctic.com\/no\/wp-json\/wp\/v2\/pages\/20426"}],"wp:attachment":[{"href":"https:\/\/bestarctic.com\/no\/wp-json\/wp\/v2\/media?parent=20419"}],"curies":[{"name":"wp","href":"https:\/\/api.w.org\/{rel}","templated":true}]}}