{"id":20421,"date":"2025-04-15T11:36:40","date_gmt":"2025-04-15T09:36:40","guid":{"rendered":"https:\/\/bestarctic.com\/activities-in-northern-norway\/kayaking-activities-norway\/"},"modified":"2025-11-17T10:05:21","modified_gmt":"2025-11-17T09:05:21","slug":"kajakkaktiviteter-norge","status":"publish","type":"page","link":"https:\/\/bestarctic.com\/no\/aktiviteter-i-nord-norge\/kajakkaktiviteter-norge\/","title":{"rendered":"Kajakkturer"},"content":{"rendered":"","protected":false},"excerpt":{"rendered":"","protected":false},"author":6,"featured_media":0,"parent":20381,"menu_order":0,"comment_status":"closed","ping_status":"closed","template":"","meta":{"_acf_changed":false,"footnotes":""},"class_list":["post-20421","page","type-page","status-publish","hentry"],"acf":{"bloques_de_contenido":[{"acf_fc_layout":"block_hero_page","id_block_hero_page":"","video_o_imagen_hero_page":"video","video_block_hero_page_bg":5432,"hero_page_inicio_video_segundo":"","img_block_hero_page_bg":2327,"overlay_hero_page":"yes","title_block_hero_page":"Kajakkaktiviteter i Nord-Norge","text_block_hero_page":"Vakre fjorder, hvite sandstrender, nydelig natur og et mangfold av \u00f8yer - Nord-Norge er en utrolig perle for \u00e5 ut\u00f8ve friluftsaktiviteter som kajakk.","label_block_hero_page":"","link_block_hero_page":{"title":"Se alle kajakkturer","url":"https:\/\/booking.bestarctic.com\/en\/todo?filter=c=50384&sorting=st=a;so=a%20","target":"_blank"},"add_imagen_extra_hero_page":"no","cta_imagen_extra_hero_page":false,"imagen_content_block_hero_page":null,"one_imagen_content_block_hero_page":null,"two_imagen_content_block_hero_page":null,"three_imagen_content_block_hero_page":null,"three_imagen_content_block_hero_page_title":"","three_imagen_content_block_hero_page_text":"","three_imagen_content_block_hero_page_text_cta":"","three_imagen_content_block_hero_page_url_cta":""},{"acf_fc_layout":"block_carrusel_activities","id_seccion_carrusel_destacados_tabs":"","title_section_carrusel_destacados_tabs":"Sommerkajakkturer","subtitle_section_carrusel_destacados_tabs":"","text_section_carrusel_destacados_tabs":"","url_seccion_carrusel_destacados_tabs":"","add_background_color_to_section_tabs":"white","tabs_activities_seleccionados_tabs":[{"tab_text_tabs_activities_seleccionados_tabs":"Fra Troms\u00f8 (Sommar\u00f8y)","tab_carousel_activities_seleccionados_tabs":[20774,20680]},{"tab_text_tabs_activities_seleccionados_tabs":"Fra Lofoten","tab_carousel_activities_seleccionados_tabs":[20784,20782,20678,20676,20674]},{"tab_text_tabs_activities_seleccionados_tabs":"Fra Senja","tab_carousel_activities_seleccionados_tabs":[20757,20755]}]},{"acf_fc_layout":"block_card_grid","add_background_color_to_section_block_card_grid":"green","id_seccion_block_card_grid":"","title_section_block_card_grid":"Hva trenger du \u00e5 vite","subtitle_section_block_card_grid":"","text_section_block_card_grid":"","url_seccion_block_card_grid":"","item_block_post_masonry_and_grid":[{"imagen_block_post_masonry_and_grid":3605,"titular_block_post_masonry_and_grid":"Hva du kan gj\u00f8re i Lofoten sommeren 2025","texto_block_post_masonry_and_grid":"","location_block_post_masonry_and_grid":"","schedule_block_post_masonry_and_grid":"","duration_block_post_masonry_and_grid":"","price_block_post_masonry_and_grid":"","link_block_post_masonry_and_grid":{"title":"Les mer her","url":"https:\/\/bestarctic.com\/no\/nord-norge-reiseblogg\/hva-a-gjore-i-lofoten-sommer-2025\/","target":""}},{"imagen_block_post_masonry_and_grid":3607,"titular_block_post_masonry_and_grid":"Slik reiser du mellom Troms\u00f8 og Lofoten sommeren 2025","texto_block_post_masonry_and_grid":"","location_block_post_masonry_and_grid":"","schedule_block_post_masonry_and_grid":"","duration_block_post_masonry_and_grid":"","price_block_post_masonry_and_grid":"","link_block_post_masonry_and_grid":{"title":"Les mer her","url":"https:\/\/bestarctic.com\/no\/nord-norge-reiseblogg\/reise-mellom-tromso-lofoten-sommer-2025\/","target":""}},{"imagen_block_post_masonry_and_grid":3609,"titular_block_post_masonry_and_grid":"Sommeren 2025: De beste aktivitetene i Nord-Norge, midnattssolens land","texto_block_post_masonry_and_grid":"","location_block_post_masonry_and_grid":"","schedule_block_post_masonry_and_grid":"","duration_block_post_masonry_and_grid":"","price_block_post_masonry_and_grid":"","link_block_post_masonry_and_grid":{"title":"Les mer her","url":"https:\/\/bestarctic.com\/no\/nord-norge-reiseblogg\/topp-aktiviteter-for-sommeren-2025-nord-norge\/","target":""}}]},{"acf_fc_layout":"block_texto_media","id_seccion_block_text_media":"","title_seccion_block_text_media":"","subtitle_seccion_block_text_media":"","text_seccion_block_text_media":"","url_seccion_block_text_media":"","add_background_color_to_block_text_media":"white","tipo_de_contenido_block_text_media":"media","editor_de_texto_tipo_de_contenido_block_text_media":"<h2>Kajakkturer i Lofoten<\/h2>\r\nLofoten er et uovertruffent sted \u00e5 padle kajakk i. Hvis du er p\u00e5 utkikk etter en tur til et ikonisk sted, anbefaler vi v\u00e5r <strong><a href=\"https:\/\/booking.bestarctic.com\/en\/to-do\/2709507\/kayak-day-tour-in-reinefjord-3-hours\/showdetails\" target=\"_blank\" rel=\"noopener\">Dagstur i kajakk i Reinefjord - 3 timer<\/a><\/strong> og <strong><a href=\"https:\/\/booking.bestarctic.com\/en\/to-do\/2710807\/explore-reinefjord-by-kayak-in-lofoten\" target=\"_blank\" rel=\"noopener\">Utforsk Reinefjorden i kajakk<\/a><\/strong> som tilbyr en ekstraordin\u00e6r kontrast av landskap hele veien. Til slutt, for \u00e5 f\u00e5 mer innsikt i Lofotens historie og kultur, tilbyr vi <a href=\"https:\/\/booking.bestarctic.com\/en\/to-do\/2145985\/sea-kayaking-in-svolv%c3%a6r\/showdetails\" target=\"_blank\" rel=\"noopener\"><strong>Havkajakkpadling i Svolv\u00e6r<\/strong><\/a> som er en flott m\u00e5te \u00e5 oppdage kunsten \u00e5 padle kajakk p\u00e5, samtidig som du l\u00e6rer mer om dette magiske stedet. Om kvelden kan du pr\u00f8ve v\u00e5r <a href=\"https:\/\/booking.bestarctic.com\/en\/to-do\/2145982\/evening-kayaking-from-svolv%c3%a6r\/showdetails\" target=\"_blank\" rel=\"noopener\"><strong>Kveldskajakkpadling fra Svolv\u00e6r<\/strong><\/a> og <strong><a href=\"https:\/\/booking.bestarctic.com\/en\/to-do\/2710722\/midnight-kayak-tour-in-reinefjord-in-lofoten\" target=\"_blank\" rel=\"noopener\">Midnight Sun Kayak tour i Reinefjord i Lofoten<\/a><\/strong> som lar deg navigere p\u00e5 havet mens du beundrer midnattssolens refleksjon rundt deg.","tipo_link":"link","boton_block_text_media":"","imagen_block_text_media":20422,"tipo_de_contenido_block_text_media_dcha":"texto","editor_de_texto_tipo_de_contenido_block_text_media_dcha":"<h2>Oppdag Norge fra kajakk<\/h2>\r\nEnten du er nybegynner eller har padlet kajakk f\u00f8r, er kajakkpadling et must om sommeren! Nord-Norge er en sl\u00e5ende region hvor du kan oppleve naturskj\u00f8nne utsikter under midnattssolen.\r\n\r\nOm sommeren forvandles Nord-Norge til et helt annet land. De islagte innsj\u00f8ene og islagte vannene blir perfekte steder for kajakkpadling. Det vakre, klare vannet er utrolig vakkert og utgj\u00f8r en pittoresk lekeplass for naturelskere, spesielt for dem som liker \u00e5 padle under midnattssolen.\r\n\r\nOrdet kajakk stammer fra det gr\u00f8nlandske ordet qajaq. Denne smale b\u00e5ten ble f\u00f8rst brukt av urbefolkningen i de subarktiske omr\u00e5dene av verden til jakt. I dag bruker vi den til \u00e5 oppdage og nyte fantastisk natur, spesielt her i Nord-Norge.","tipo_link_dcha":"link","boton_block_text_media_dcha":"","imagen_block_text_media_dcha":null},{"acf_fc_layout":"block_texto_media","id_seccion_block_text_media":"","title_seccion_block_text_media":"","subtitle_seccion_block_text_media":"","text_seccion_block_text_media":"","url_seccion_block_text_media":"","add_background_color_to_block_text_media":"green","tipo_de_contenido_block_text_media":"texto","editor_de_texto_tipo_de_contenido_block_text_media":"<h2>Kajakkturer i Lofoten<\/h2>\r\nLofoten er et uovertruffent sted \u00e5 padle kajakk i. Hvis du er p\u00e5 utkikk etter en tur til et ikonisk sted, anbefaler vi v\u00e5r <strong><a href=\"https:\/\/booking.bestarctic.com\/en\/to-do\/2709507\/kayak-day-tour-in-reinefjord-3-hours\/showdetails\" target=\"_blank\" rel=\"noopener\">Dagstur i kajakk i Reinefjord - 3 timer<\/a><\/strong> og <strong><a href=\"https:\/\/booking.bestarctic.com\/en\/to-do\/2710807\/explore-reinefjord-by-kayak-in-lofoten\" target=\"_blank\" rel=\"noopener\">Utforsk Reinefjorden i kajakk<\/a><\/strong> som tilbyr en ekstraordin\u00e6r kontrast av landskap hele veien. Til slutt, for \u00e5 f\u00e5 mer innsikt i Lofotens historie og kultur, tilbyr vi <a href=\"https:\/\/booking.bestarctic.com\/en\/to-do\/2145985\/sea-kayaking-in-svolv%c3%a6r\/showdetails\" target=\"_blank\" rel=\"noopener\"><strong>Havkajakkpadling i Svolv\u00e6r<\/strong><\/a> som er en flott m\u00e5te \u00e5 oppdage kunsten \u00e5 padle kajakk p\u00e5, samtidig som du l\u00e6rer mer om dette magiske stedet. Om kvelden kan du pr\u00f8ve v\u00e5r <a href=\"https:\/\/booking.bestarctic.com\/en\/to-do\/2145982\/evening-kayaking-from-svolv%c3%a6r\/showdetails\" target=\"_blank\" rel=\"noopener\"><strong>Kveldskajakkpadling fra Svolv\u00e6r<\/strong><\/a> og <strong><a href=\"https:\/\/booking.bestarctic.com\/en\/to-do\/2710722\/midnight-kayak-tour-in-reinefjord-in-lofoten\" target=\"_blank\" rel=\"noopener\">Midnight Sun Kayak tour i Reinefjord i Lofoten<\/a><\/strong> som lar deg navigere p\u00e5 havet mens du beundrer midnattssolens refleksjon rundt deg.","tipo_link":"link","boton_block_text_media":"","imagen_block_text_media":null,"tipo_de_contenido_block_text_media_dcha":"media","editor_de_texto_tipo_de_contenido_block_text_media_dcha":"<h2>Kajakkturer i Senja<\/h2>\r\nBes\u00f8k Senja p\u00e5 en annerledes m\u00e5te, Norges nest st\u00f8rste \u00f8y under midnattssolperioden, med v\u00e5r <a href=\"https:\/\/booking.bestarctic.com\/en\/to-do\/2153271\/midnight-sun-evening-kayak-tour-on-senja\/showdetails\" target=\"_blank\" rel=\"noopener\"><strong>Midnattssol - kveldstur i kajakk p\u00e5 Senja<\/strong><\/a> med det gylne lyset fra den evige sommersolen. Denne skjulte perlen byr p\u00e5 en rekke av de mest overjordiske milj\u00f8ene i Nord-Norge. Padle i tandemkajakk og ta inn naturopplevelsene. Hvis du er ute etter kajakkturer p\u00e5 Senja p\u00e5 dagtid, kan du pr\u00f8ve v\u00e5r <strong><u><a href=\"https:\/\/booking.bestarctic.com\/en\/to-do\/2205961\/summer-kayak-tour-at-senja\/showdetails?sorting=st%3Da%3Bso%3Da&amp;search=cbispid%3D2205961%3Btitle%3Dcbispid%7CSummer%20Kayak%20Tour%20at%20Senja\" target=\"_blank\" rel=\"noopener\">Sommerkajakktur i Senja<\/a><\/u><\/strong>en 3-timers tur langs skj\u00e6rg\u00e5rden <strong> i<\/strong> Hamn, med alt kajakk- og sikkerhetsutstyr inkludert.","tipo_link_dcha":"link","boton_block_text_media_dcha":"","imagen_block_text_media_dcha":21067},{"acf_fc_layout":"block_texto_media","id_seccion_block_text_media":"","title_seccion_block_text_media":"","subtitle_seccion_block_text_media":"","text_seccion_block_text_media":"","url_seccion_block_text_media":"","add_background_color_to_block_text_media":"white","tipo_de_contenido_block_text_media":"media","editor_de_texto_tipo_de_contenido_block_text_media":"<h2>Kajakkturer i Sommar\u00f8y<\/h2>\r\nKanskje har du allerede v\u00e6rt p\u00e5 Sommar\u00f8y, verdens f\u00f8rste tidsfrie sone, men den beste m\u00e5ten \u00e5 oppleve det vakre kystlandskapet og nyte naturen p\u00e5 er \u00e5 padle kajakk langs kysten av denne karibisk-inspirerte \u00f8ya. Med sitt turkise vann og hvite sandstrender vil du bli overrasket over skj\u00f8nnheten du finner rundt deg. Bli med p\u00e5 v\u00e5r <strong><a href=\"https:\/\/booking.bestarctic.com\/en\/to-do\/2590252\/kayak-trip-with-lunch-and-sauna-at-sommar%C3%B8y-from-troms%C3%B8-with\/showdetails\" target=\"_blank\" rel=\"noopener\">inkluderte kajakktur p\u00e5 Sommar\u00f8y, med transport fra Troms\u00f8<\/a>, inkludert lunsj og badstue.<\/strong> Nyt dagen med v\u00e5r <a href=\"https:\/\/booking.bestarctic.com\/en\/to-do\/2053169\/half-day-guided-kayaking-tour-in-sommar%c3%b8y\/showdetails\" target=\"_blank\" rel=\"noopener\"><strong>Halvdags guidet kajakktur i Sommar\u00f8y<\/strong><\/a> for \u00e5 f\u00e5 en uforglemmelig dag (denne turen <strong>starter fra Sommar\u00f8y<\/strong>, s\u00e5 du m\u00e5<strong> kj\u00f8re Sommar\u00f8y selv - perfekt hvis du skal overnatte her<\/strong>).","tipo_link":"link","boton_block_text_media":"","imagen_block_text_media":21069,"tipo_de_contenido_block_text_media_dcha":"texto","editor_de_texto_tipo_de_contenido_block_text_media_dcha":"<h2>Kajakkturer i Senja<\/h2>\r\nBes\u00f8k Senja p\u00e5 en annerledes m\u00e5te, Norges nest st\u00f8rste \u00f8y under midnattssolperioden, med v\u00e5r <a href=\"https:\/\/booking.bestarctic.com\/en\/to-do\/2153271\/midnight-sun-evening-kayak-tour-on-senja\/showdetails\" target=\"_blank\" rel=\"noopener\"><strong>Midnattssol - kveldstur i kajakk p\u00e5 Senja<\/strong><\/a> med det gylne lyset fra den evige sommersolen. Denne skjulte perlen byr p\u00e5 en rekke av de mest overjordiske milj\u00f8ene i Nord-Norge. Padle i tandemkajakk og ta inn naturopplevelsene. Hvis du er ute etter kajakkturer p\u00e5 Senja p\u00e5 dagtid, kan du pr\u00f8ve v\u00e5r <strong><u><a href=\"https:\/\/booking.bestarctic.com\/en\/to-do\/2205961\/summer-kayak-tour-at-senja\/showdetails?sorting=st%3Da%3Bso%3Da&amp;search=cbispid%3D2205961%3Btitle%3Dcbispid%7CSummer%20Kayak%20Tour%20at%20Senja\" target=\"_blank\" rel=\"noopener\">Sommerkajakktur i Senja<\/a><\/u><\/strong>en 3-timers tur langs skj\u00e6rg\u00e5rden <strong> i<\/strong> Hamn, med alt kajakk- og sikkerhetsutstyr inkludert.","tipo_link_dcha":"link","boton_block_text_media_dcha":"","imagen_block_text_media_dcha":null},{"acf_fc_layout":"block_texto_media","id_seccion_block_text_media":"","title_seccion_block_text_media":"","subtitle_seccion_block_text_media":"","text_seccion_block_text_media":"","url_seccion_block_text_media":"","add_background_color_to_block_text_media":"green","tipo_de_contenido_block_text_media":"texto","editor_de_texto_tipo_de_contenido_block_text_media":"<h2>Kajakkturer i Sommar\u00f8y<\/h2>\r\nKanskje har du allerede v\u00e6rt p\u00e5 Sommar\u00f8y, verdens f\u00f8rste tidsfrie sone, men den beste m\u00e5ten \u00e5 oppleve det vakre kystlandskapet og nyte naturen p\u00e5 er \u00e5 padle kajakk langs kysten av denne karibisk-inspirerte \u00f8ya. Med sitt turkise vann og hvite sandstrender vil du bli overrasket over skj\u00f8nnheten du finner rundt deg. Bli med p\u00e5 v\u00e5r <strong><a href=\"https:\/\/booking.bestarctic.com\/en\/to-do\/2590252\/kayak-trip-with-lunch-and-sauna-at-sommar%C3%B8y-from-troms%C3%B8-with\/showdetails\" target=\"_blank\" rel=\"noopener\">inkluderte kajakktur p\u00e5 Sommar\u00f8y, med transport fra Troms\u00f8<\/a>, inkludert lunsj og badstue.<\/strong> Nyt dagen med v\u00e5r <a href=\"https:\/\/booking.bestarctic.com\/en\/to-do\/2053169\/half-day-guided-kayaking-tour-in-sommar%c3%b8y\/showdetails\" target=\"_blank\" rel=\"noopener\"><strong>Halvdags guidet kajakktur i Sommar\u00f8y<\/strong><\/a> for \u00e5 f\u00e5 en uforglemmelig dag (denne turen <strong>starter fra Sommar\u00f8y<\/strong>, s\u00e5 du m\u00e5<strong> kj\u00f8re Sommar\u00f8y selv - perfekt hvis du skal overnatte her<\/strong>).","tipo_link":"link","boton_block_text_media":"","imagen_block_text_media":null,"tipo_de_contenido_block_text_media_dcha":"media","editor_de_texto_tipo_de_contenido_block_text_media_dcha":"","tipo_link_dcha":false,"boton_block_text_media_dcha":null,"imagen_block_text_media_dcha":21071},{"acf_fc_layout":"block_banner","id_seccion_block_banner_bg":"","add_background_color_to_block_banner_bg":"white","title_block_banner_bg":"Kajakkpadling i Nord-Norge","text_block_banner_bg":"Finn din kajakktur blant alle dem vi tilbyr deg, og f\u00e5 en minneverdig opplevelse. Gi oss beskjed hvis du trenger hjelp med hvilken tur du skal velge, v\u00e5r kundeserviceavdeling hjelper deg gjerne. ","url_block_banner_bg":{"title":"Bestill kajakkturen din","url":"https:\/\/booking.bestarctic.com\/en\/todo?filter=c=50384&sorting=st=a;so=a","target":"_blank"},"img_block_banner_bg":3749,"img_block_banner_bg_mobile":3747,"img_block_banner_mobile":3745}]},"_links":{"self":[{"href":"https:\/\/bestarctic.com\/no\/wp-json\/wp\/v2\/pages\/20421","targetHints":{"allow":["GET"]}}],"collection":[{"href":"https:\/\/bestarctic.com\/no\/wp-json\/wp\/v2\/pages"}],"about":[{"href":"https:\/\/bestarctic.com\/no\/wp-json\/wp\/v2\/types\/page"}],"author":[{"embeddable":true,"href":"https:\/\/bestarctic.com\/no\/wp-json\/wp\/v2\/users\/6"}],"replies":[{"embeddable":true,"href":"https:\/\/bestarctic.com\/no\/wp-json\/wp\/v2\/comments?post=20421"}],"version-history":[{"count":0,"href":"https:\/\/bestarctic.com\/no\/wp-json\/wp\/v2\/pages\/20421\/revisions"}],"up":[{"embeddable":true,"href":"https:\/\/bestarctic.com\/no\/wp-json\/wp\/v2\/pages\/20381"}],"wp:attachment":[{"href":"https:\/\/bestarctic.com\/no\/wp-json\/wp\/v2\/media?parent=20421"}],"curies":[{"name":"wp","href":"https:\/\/api.w.org\/{rel}","templated":true}]}}