{"id":20423,"date":"2025-04-14T17:14:43","date_gmt":"2025-04-14T15:14:43","guid":{"rendered":"https:\/\/bestarctic.com\/activities-in-northern-norway\/northern-lights-tours-norway\/"},"modified":"2025-11-17T10:05:22","modified_gmt":"2025-11-17T09:05:22","slug":"nordlys-turer-norge","status":"publish","type":"page","link":"https:\/\/bestarctic.com\/no\/aktiviteter-i-nord-norge\/nordlys-turer-norge\/","title":{"rendered":"Nordlysturer i Arktis"},"content":{"rendered":"","protected":false},"excerpt":{"rendered":"","protected":false},"author":4,"featured_media":0,"parent":20381,"menu_order":0,"comment_status":"closed","ping_status":"closed","template":"","meta":{"_acf_changed":false,"footnotes":""},"class_list":["post-20423","page","type-page","status-publish","hentry"],"acf":{"bloques_de_contenido":[{"acf_fc_layout":"block_hero_page","id_block_hero_page":"","video_o_imagen_hero_page":"video","video_block_hero_page_bg":5374,"hero_page_inicio_video_segundo":"","img_block_hero_page_bg":2327,"overlay_hero_page":"yes","title_block_hero_page":"  Nordlysturer i Arktis - opplev dette fantastiske fenomenet","text_block_hero_page":"Nordlyset, med sine ulike nyanser og former, er virkelig imponerende, spesielt n\u00e5r det danser over himmelen. Hvis du dr\u00f8mmer om \u00e5 se dette vakre fenomenet, er den beste m\u00e5ten \u00e5 bli med p\u00e5 en nordlystur. Jakten p\u00e5 nordlyset er v\u00e5r styrke, og vi har mer enn 19 \u00e5rs erfaring og over 8500 turer bak oss.  ","label_block_hero_page":"","link_block_hero_page":{"title":"  Se alle Northern Light Tours","url":"https:\/\/booking.bestarctic.com\/en\/todo?sorting=st%3Da%3Bso%3Da%3Bsplit%3Dhl&search=c%3D31188&_gl=1*6xx4jh*_gcl_aw*R0NMLjE3NTY5NzE1NjEuQ2owS0NRanc4ZVRGQmhDWEFSSXNBSWtpdU94aDEyRFRONEk3SEU2Zk8zUUNTUllLQ2xQamVrUzh0VGdHa2Rjc3BwQlE0Q2hGNnV4UjJ3c2FBbndWRUFMd193Y0I.*_ga*MTk5NzQ2OTc3MC4xNzU2NzEwNjgx*_ga_SC4QKMKDBR*czE3NTc1NzIyMDAkbzMyJGcxJHQxNzU3NTc0MTA4JGo1NiRsMCRoMA..","target":"_blank"},"add_imagen_extra_hero_page":"no","cta_imagen_extra_hero_page":false,"imagen_content_block_hero_page":null,"one_imagen_content_block_hero_page":null,"two_imagen_content_block_hero_page":null,"three_imagen_content_block_hero_page":null,"three_imagen_content_block_hero_page_title":"","three_imagen_content_block_hero_page_text":"","three_imagen_content_block_hero_page_text_cta":"","three_imagen_content_block_hero_page_url_cta":""},{"acf_fc_layout":"block_carrusel_activities","id_seccion_carrusel_destacados_tabs":"","title_section_carrusel_destacados_tabs":"Nordlysturer i Troms\u00f8","subtitle_section_carrusel_destacados_tabs":"","text_section_carrusel_destacados_tabs":"","url_seccion_carrusel_destacados_tabs":{"title":"Utforsk alle turer","url":"https:\/\/booking.bestarctic.com\/en\/todo?sorting=st%3Da%3Bso%3Da%3Bsplit%3Dhl&search=c%3D31188&_gl=1*6xx4jh*_gcl_aw*R0NMLjE3NTY5NzE1NjEuQ2owS0NRanc4ZVRGQmhDWEFSSXNBSWtpdU94aDEyRFRONEk3SEU2Zk8zUUNTUllLQ2xQamVrUzh0VGdHa2Rjc3BwQlE0Q2hGNnV4UjJ3c2FBbndWRUFMd193Y0I.*_ga*MTk5NzQ2OTc3MC4xNzU2NzEwNjgx*_ga_SC4QKMKDBR*czE3NTc1NzIyMDAkbzMyJGcxJHQxNzU3NTc0MTA4JGo1NiRsMCRoMA..","target":""},"add_background_color_to_section_tabs":"white","tabs_activities_seleccionados_tabs":[{"tab_text_tabs_activities_seleccionados_tabs":"Bestselgere","tab_carousel_activities_seleccionados_tabs":[20828,20832,20705]},{"tab_text_tabs_activities_seleccionados_tabs":"Nordlysb\u00e5tturer","tab_carousel_activities_seleccionados_tabs":[20705,20693,20716]},{"tab_text_tabs_activities_seleccionados_tabs":"Samiske- og reinopplevelser med mulighet for nordlys","tab_carousel_activities_seleccionados_tabs":[20691,20689,20730]},{"tab_text_tabs_activities_seleccionados_tabs":"Eksklusive turer","tab_carousel_activities_seleccionados_tabs":[20687,20685,20682]}]},{"acf_fc_layout":"block_texto_media","id_seccion_block_text_media":"","title_seccion_block_text_media":"Andre turer i Troms\u00f8:","subtitle_seccion_block_text_media":"","text_seccion_block_text_media":"","url_seccion_block_text_media":"","add_background_color_to_block_text_media":"green","tipo_de_contenido_block_text_media":"media","editor_de_texto_tipo_de_contenido_block_text_media":"<h2>Hva er nordlyset?<\/h2>\r\nNordlyset eller Aurora Borealis er et naturfenomen som forekommer p\u00e5 den nordlige halvkule.\r\n\r\nN\u00e5r forholdene ligger til rette for det, viser de seg p\u00e5 nattehimmelen med dynamiske m\u00f8nstre (gardiner, sjakter eller spiraler) av farget lys (for det meste gr\u00f8nt, men ogs\u00e5 r\u00f8dt, lilla eller mer sjelden bl\u00e5tt).","tipo_link":"link","boton_block_text_media":"","imagen_block_text_media":21585,"tipo_de_contenido_block_text_media_dcha":"texto","editor_de_texto_tipo_de_contenido_block_text_media_dcha":"<h2>Privat nordlystur<\/h2>\r\nHvis du foretrekker \u00e5 dra p\u00e5 en <a href=\"https:\/\/booking.bestarctic.com\/en\/to-do\/2207105\/private-aurora-safari-minibus\/showdetails\" target=\"_blank\" rel=\"noopener\">privat nordlysjakt<\/a> med venner, familie eller en gruppe, er det ogs\u00e5 mulig!\r\n\r\nTa kontakt med oss, s\u00e5 f\u00e5r du din egen bil, minibuss eller stor buss og en guide bare for deg!\r\n\r\nDu kan selv velge n\u00e5r du vil at turen skal starte og hvor du vil bli hentet.","tipo_link_dcha":"link","boton_block_text_media_dcha":"","imagen_block_text_media_dcha":2329},{"acf_fc_layout":"block_texto_media","id_seccion_block_text_media":"","title_seccion_block_text_media":"","subtitle_seccion_block_text_media":"","text_seccion_block_text_media":"","url_seccion_block_text_media":"","add_background_color_to_block_text_media":"white","tipo_de_contenido_block_text_media":"texto","editor_de_texto_tipo_de_contenido_block_text_media":"<h2>Hva er nordlyset?<\/h2>\r\nNordlyset eller Aurora Borealis er et naturfenomen som forekommer p\u00e5 den nordlige halvkule.\r\n\r\nN\u00e5r forholdene ligger til rette for det, viser de seg p\u00e5 nattehimmelen med dynamiske m\u00f8nstre (gardiner, sjakter eller spiraler) av farget lys (for det meste gr\u00f8nt, men ogs\u00e5 r\u00f8dt, lilla eller mer sjelden bl\u00e5tt).","tipo_link":"link","boton_block_text_media":"","imagen_block_text_media":3572,"tipo_de_contenido_block_text_media_dcha":"media","editor_de_texto_tipo_de_contenido_block_text_media_dcha":"<h2>Hva er \u00e5rsaken til nordlyset?<\/h2>\r\nLadede partikler fra solen, som frigj\u00f8res under solutbrudd, dras inn i atmosf\u00e6ren og styres mot polene av jordens magnetfelt.\r\n\r\nDisse partiklene kolliderer deretter med gasser i jordens \u00f8vre atmosf\u00e6re. Denne kollisjonen frigj\u00f8r fargede lysglimt som vi ser som nordlyset.\r\n\r\nDe ulike fargene avhenger av hvilke gasspartikler som er involvert i ulike h\u00f8yder: Lavtliggende oksygen gir den vanligste gr\u00f8nnfargen, mens oksygen h\u00f8yere oppe i atmosf\u00e6ren gir r\u00f8d, mens nitrogen gir bl\u00e5 og lilla fargetoner.","tipo_link_dcha":"link","boton_block_text_media_dcha":"","imagen_block_text_media_dcha":21595},{"acf_fc_layout":"block_texto_media","id_seccion_block_text_media":"","title_seccion_block_text_media":"","subtitle_seccion_block_text_media":"","text_seccion_block_text_media":"","url_seccion_block_text_media":"","add_background_color_to_block_text_media":"green","tipo_de_contenido_block_text_media":"media","editor_de_texto_tipo_de_contenido_block_text_media":"<h2>Hvorfor er Troms\u00f8 et av de beste stedene \u00e5 se nordlyset?<\/h2>\r\nTroms\u00f8 er et av de beste stedene i verden \u00e5 se nordlyset fordi byen ligger innenfor nordlysovalen, en smultringformet ring over jordens geomagnetiske nordpol, som strekker seg fra Alaska til Russland via Canada, Island, Norge, Sverige og Finland.\r\n\r\nFordelen med \u00e5 komme til Troms\u00f8 for \u00e5 se nordlyset er at det ikke er s\u00e5 kaldt om vinteren: et gjennomsnitt p\u00e5 mellom 0 \u00b0C og -5 \u00b0C i byen takket v\u00e6re Golfstr\u00f8mmen!\r\n\r\nDet finnes ogs\u00e5 en rekke overnattingssteder og attraksjoner som gj\u00f8r oppholdet ditt enda mer komfortabelt og morsomt!","tipo_link":"link","boton_block_text_media":"","imagen_block_text_media":21609,"tipo_de_contenido_block_text_media_dcha":"texto","editor_de_texto_tipo_de_contenido_block_text_media_dcha":"<h2>Hva er \u00e5rsaken til nordlyset?<\/h2>\r\nLadede partikler fra solen, som frigj\u00f8res under solutbrudd, dras inn i atmosf\u00e6ren og styres mot polene av jordens magnetfelt.\r\n\r\nDisse partiklene kolliderer deretter med gasser i jordens \u00f8vre atmosf\u00e6re. Denne kollisjonen frigj\u00f8r fargede lysglimt som vi ser som nordlyset.\r\n\r\nDe ulike fargene avhenger av hvilke gasspartikler som er involvert i ulike h\u00f8yder: Lavtliggende oksygen gir den vanligste gr\u00f8nnfargen, mens oksygen h\u00f8yere oppe i atmosf\u00e6ren gir r\u00f8d, mens nitrogen gir bl\u00e5 og lilla fargetoner.","tipo_link_dcha":"link","boton_block_text_media_dcha":"","imagen_block_text_media_dcha":3578},{"acf_fc_layout":"block_texto_media","id_seccion_block_text_media":"","title_seccion_block_text_media":"","subtitle_seccion_block_text_media":"","text_seccion_block_text_media":"","url_seccion_block_text_media":"","add_background_color_to_block_text_media":"white","tipo_de_contenido_block_text_media":"texto","editor_de_texto_tipo_de_contenido_block_text_media":"<h2>Hvorfor er Troms\u00f8 et av de beste stedene \u00e5 se nordlyset?<\/h2>\r\nTroms\u00f8 er et av de beste stedene i verden \u00e5 se nordlyset fordi byen ligger innenfor nordlysovalen, en smultringformet ring over jordens geomagnetiske nordpol, som strekker seg fra Alaska til Russland via Canada, Island, Norge, Sverige og Finland.\r\n\r\nFordelen med \u00e5 komme til Troms\u00f8 for \u00e5 se nordlyset er at det ikke er s\u00e5 kaldt om vinteren: et gjennomsnitt p\u00e5 mellom 0 \u00b0C og -5 \u00b0C i byen takket v\u00e6re Golfstr\u00f8mmen!\r\n\r\nDet finnes ogs\u00e5 en rekke overnattingssteder og attraksjoner som gj\u00f8r oppholdet ditt enda mer komfortabelt og morsomt!","tipo_link":"link","boton_block_text_media":"","imagen_block_text_media":5376,"tipo_de_contenido_block_text_media_dcha":"media","editor_de_texto_tipo_de_contenido_block_text_media_dcha":"<h2>N\u00e5r kan du se nordlyset i Troms\u00f8, Norge?<\/h2>\r\nDu kan se nordlyset i Troms\u00f8 (samt Narvik og andre steder i Nord-Norge) fra september til begynnelsen av april, n\u00e5r det er m\u00f8rkt nok p\u00e5 himmelen, vanligvis fra kl. 18.00 til 01.00 - med en topp mellom 22.00 og 23.00.\r\n\r\nGenerelt sett er den beste tiden for \u00e5 se nordlyset rundt jevnd\u00f8gn - mars\/april og september\/oktober - ettersom nordlysaktiviteten da er h\u00f8yere.\r\n\r\nNordlyset er imidlertid et naturfenomen, akkurat som v\u00e6ret, s\u00e5 vi kan ikke vite med sikkerhet n\u00e5r og hvor det vil oppst\u00e5.\r\n\r\nDeres utseende og intensitet er i stor grad avhengig av solens aktivitet.","tipo_link_dcha":"link","boton_block_text_media_dcha":"","imagen_block_text_media_dcha":21599},{"acf_fc_layout":"block_texto_media","id_seccion_block_text_media":"","title_seccion_block_text_media":"","subtitle_seccion_block_text_media":"","text_seccion_block_text_media":"","url_seccion_block_text_media":"","add_background_color_to_block_text_media":"green","tipo_de_contenido_block_text_media":"media","editor_de_texto_tipo_de_contenido_block_text_media":"<h2>Hvordan kan man se nordlyset?<\/h2>\r\nDet er viktig \u00e5 ta hensyn til f\u00f8lgende elementer hvis du \u00f8nsker \u00e5 se nordlyset:\r\n<ul>\r\n \t<li>Dra utenfor byen for \u00e5 unng\u00e5 lysforurensning<\/li>\r\n \t<li>Velg en kveld n\u00e5r himmelen er s\u00e5 klar som mulig<\/li>\r\n \t<li>Ta p\u00e5 deg varme kl\u00e6r, da det kan bli kaldt om natten!<\/li>\r\n \t<li>T\u00e5lmodighet!<\/li>\r\n \t<li>Dra p\u00e5 en nordlysutflukt for \u00e5 maksimere sjansene dine. En profesjonell guide vil bruke sin lokalkunnskap og evne til \u00e5 lese v\u00e6r- og nordlysvarselet til \u00e5 finne de beste omr\u00e5dene for \u00e5 se nordlyset p\u00e5 en bestemt kveld.<\/li>\r\n<\/ul>","tipo_link":"link","boton_block_text_media":"","imagen_block_text_media":21597,"tipo_de_contenido_block_text_media_dcha":"texto","editor_de_texto_tipo_de_contenido_block_text_media_dcha":"<h2>N\u00e5r kan du se nordlyset i Troms\u00f8, Norge?<\/h2>\r\nDu kan se nordlyset i Troms\u00f8 (samt Narvik og andre steder i Nord-Norge) fra september til begynnelsen av april, n\u00e5r det er m\u00f8rkt nok p\u00e5 himmelen, vanligvis fra kl. 18.00 til 01.00 - med en topp mellom 22.00 og 23.00.\r\n\r\nGenerelt sett er den beste tiden for \u00e5 se nordlyset rundt jevnd\u00f8gn - mars\/april og september\/oktober - ettersom nordlysaktiviteten da er h\u00f8yere.\r\n\r\nNordlyset er imidlertid et naturfenomen, akkurat som v\u00e6ret, s\u00e5 vi kan ikke vite med sikkerhet n\u00e5r og hvor det vil oppst\u00e5.\r\n\r\nDeres utseende og intensitet er i stor grad avhengig av solens aktivitet.","tipo_link_dcha":"link","boton_block_text_media_dcha":"","imagen_block_text_media_dcha":3587},{"acf_fc_layout":"block_texto_media","id_seccion_block_text_media":"","title_seccion_block_text_media":"","subtitle_seccion_block_text_media":"","text_seccion_block_text_media":"","url_seccion_block_text_media":"","add_background_color_to_block_text_media":"white","tipo_de_contenido_block_text_media":"texto","editor_de_texto_tipo_de_contenido_block_text_media":"<h2>Hvordan kan man se nordlyset?<\/h2>\r\nDet er viktig \u00e5 ta hensyn til f\u00f8lgende elementer hvis du \u00f8nsker \u00e5 se nordlyset:\r\n<ul>\r\n \t<li>Dra utenfor byen for \u00e5 unng\u00e5 lysforurensning<\/li>\r\n \t<li>Velg en kveld n\u00e5r himmelen er s\u00e5 klar som mulig<\/li>\r\n \t<li>Ta p\u00e5 deg varme kl\u00e6r, da det kan bli kaldt om natten!<\/li>\r\n \t<li>T\u00e5lmodighet!<\/li>\r\n \t<li>Dra p\u00e5 en nordlysutflukt for \u00e5 maksimere sjansene dine. En profesjonell guide vil bruke sin lokalkunnskap og evne til \u00e5 lese v\u00e6r- og nordlysvarselet til \u00e5 finne de beste omr\u00e5dene for \u00e5 se nordlyset p\u00e5 en bestemt kveld.<\/li>\r\n<\/ul>","tipo_link":"link","boton_block_text_media":"","imagen_block_text_media":null,"tipo_de_contenido_block_text_media_dcha":"media","editor_de_texto_tipo_de_contenido_block_text_media_dcha":"","tipo_link_dcha":false,"boton_block_text_media_dcha":null,"imagen_block_text_media_dcha":21611},{"acf_fc_layout":"block_banner","id_seccion_block_banner_bg":"","add_background_color_to_block_banner_bg":"white","title_block_banner_bg":"Opplev nordlysets magi","text_block_banner_bg":"I dag trekker nordlyset folk fra hele verden til Arktis for \u00e5 jakte i h\u00e5p om \u00e5 se dette naturfenomenet og f\u00e5 med seg et nordlysbilde hjem.","url_block_banner_bg":{"title":"Bestill n\u00e5 din nordlystur","url":"https:\/\/booking.bestarctic.com\/en\/todo?filter=c%3D53229&sorting=st%3Da%3Bso%3Da&_gl=1*18ettqk*_gcl_aw*R0NMLjE3NTY5NzE1NjEuQ2owS0NRanc4ZVRGQmhDWEFSSXNBSWtpdU94aDEyRFRONEk3SEU2Zk8zUUNTUllLQ2xQamVrUzh0VGdHa2Rjc3BwQlE0Q2hGNnV4UjJ3c2FBbndWRUFMd193Y0I.*_ga*MTk5NzQ2OTc3MC4xNzU2NzEwNjgx*_ga_SC4QKMKDBR*czE3NTcwNjUyNTEkbzE2JGcxJHQxNzU3MDY1MzY0JGoxMSRsMCRoMA..&search=c%3D31188","target":"_blank"},"img_block_banner_bg":3749,"img_block_banner_bg_mobile":3747,"img_block_banner_mobile":3745}]},"_links":{"self":[{"href":"https:\/\/bestarctic.com\/no\/wp-json\/wp\/v2\/pages\/20423","targetHints":{"allow":["GET"]}}],"collection":[{"href":"https:\/\/bestarctic.com\/no\/wp-json\/wp\/v2\/pages"}],"about":[{"href":"https:\/\/bestarctic.com\/no\/wp-json\/wp\/v2\/types\/page"}],"author":[{"embeddable":true,"href":"https:\/\/bestarctic.com\/no\/wp-json\/wp\/v2\/users\/4"}],"replies":[{"embeddable":true,"href":"https:\/\/bestarctic.com\/no\/wp-json\/wp\/v2\/comments?post=20423"}],"version-history":[{"count":0,"href":"https:\/\/bestarctic.com\/no\/wp-json\/wp\/v2\/pages\/20423\/revisions"}],"up":[{"embeddable":true,"href":"https:\/\/bestarctic.com\/no\/wp-json\/wp\/v2\/pages\/20381"}],"wp:attachment":[{"href":"https:\/\/bestarctic.com\/no\/wp-json\/wp\/v2\/media?parent=20423"}],"curies":[{"name":"wp","href":"https:\/\/api.w.org\/{rel}","templated":true}]}}