{"id":20425,"date":"2025-04-14T09:59:58","date_gmt":"2025-04-14T07:59:58","guid":{"rendered":"https:\/\/bestarctic.com\/visit-tromso-norway\/"},"modified":"2025-11-17T10:07:46","modified_gmt":"2025-11-17T09:07:46","slug":"besok-tromso-norge","status":"publish","type":"page","link":"https:\/\/bestarctic.com\/no\/reise-til-arktis\/besok-tromso-norge\/","title":{"rendered":"Bes\u00f8k Troms\u00f8"},"content":{"rendered":"","protected":false},"excerpt":{"rendered":"","protected":false},"author":4,"featured_media":0,"parent":20426,"menu_order":0,"comment_status":"closed","ping_status":"closed","template":"","meta":{"_acf_changed":false,"footnotes":""},"class_list":["post-20425","page","type-page","status-publish","hentry"],"acf":{"bloques_de_contenido":[{"acf_fc_layout":"block_hero_page","id_block_hero_page":"","video_o_imagen_hero_page":"img","video_block_hero_page_bg":null,"hero_page_inicio_video_segundo":"","img_block_hero_page_bg":6710,"overlay_hero_page":"yes","title_block_hero_page":"  Troms\u00f8 - inngangsporten til dine arktiske eventyr Bes\u00f8k Troms\u00f8, Norges arktiske hovedstad","text_block_hero_page":"Velkommen til Troms\u00f8, 350 km over polarsirkelen! Denne vakre og dynamiske byen er det perfekte utgangspunktet for dine arktiske reiser: Her er det s\u00e5 mye \u00e5 gj\u00f8re! Det er ogs\u00e5 her to magiske naturfenomener oppst\u00e5r: nordlyset og midnattssolen.  ","label_block_hero_page":"TROMS\u00d8 - DIN ARKTISKE INNGANGSPORT","link_block_hero_page":{"title":"Se alle aktiviteter i Troms\u00f8","url":"https:\/\/booking.bestarctic.com\/en\/todo?filter=g=104503,104502&sorting=st=a;so=a","target":"_blank"},"add_imagen_extra_hero_page":"si","cta_imagen_extra_hero_page":"si","imagen_content_block_hero_page":2329,"one_imagen_content_block_hero_page":5361,"two_imagen_content_block_hero_page":5365,"three_imagen_content_block_hero_page":5363,"three_imagen_content_block_hero_page_title":"D\u00e5rlig v\u00e6r i Troms\u00f8?","three_imagen_content_block_hero_page_text":"De 5 beste tingene \u00e5 gj\u00f8re i Troms\u00f8 p\u00e5 en regnv\u00e6rsdag","three_imagen_content_block_hero_page_text_cta":"Hva du skal gj\u00f8re","three_imagen_content_block_hero_page_url_cta":"https:\/\/bestarctic.com\/no\/nord-norge-reiseblogg\/ting-a-gjore-i-tromso-norge-pa-en-regnvaersdag\/"},{"acf_fc_layout":"block_carrusel_activities","id_seccion_carrusel_destacados_tabs":"","title_section_carrusel_destacados_tabs":"H\u00f8sttid i Troms\u00f8","subtitle_section_carrusel_destacados_tabs":"","text_section_carrusel_destacados_tabs":"","url_seccion_carrusel_destacados_tabs":{"title":"Utforsk alle turer","url":"https:\/\/booking.bestarctic.com\/en\/todo?filter=a_0%3D0-738%3Bg%3D104503%2C104502","target":""},"add_background_color_to_section_tabs":"white","tabs_activities_seleccionados_tabs":[{"tab_text_tabs_activities_seleccionados_tabs":"Bestselgere","tab_carousel_activities_seleccionados_tabs":[20834,20832,20445]},{"tab_text_tabs_activities_seleccionados_tabs":"Nordlys","tab_carousel_activities_seleccionados_tabs":[20832,20828,20705]},{"tab_text_tabs_activities_seleccionados_tabs":"Anbefalt","tab_carousel_activities_seleccionados_tabs":[20813,20702,20772]}]},{"acf_fc_layout":"block_carrusel_activities","id_seccion_carrusel_destacados_tabs":"","title_section_carrusel_destacados_tabs":"Vintertid i Troms\u00f8","subtitle_section_carrusel_destacados_tabs":"","text_section_carrusel_destacados_tabs":"","url_seccion_carrusel_destacados_tabs":{"title":"Utforsk alle turer","url":"https:\/\/booking.bestarctic.com\/en\/todo?filter=a_0%3D0-588%3Bc%3D31189%3Bg%3D104503%2C104502","target":""},"add_background_color_to_section_tabs":"green","tabs_activities_seleccionados_tabs":[{"tab_text_tabs_activities_seleccionados_tabs":"Bestselgere","tab_carousel_activities_seleccionados_tabs":[20832,20745,20826]},{"tab_text_tabs_activities_seleccionados_tabs":"Hvalsafari","tab_carousel_activities_seleccionados_tabs":[20826,20719]},{"tab_text_tabs_activities_seleccionados_tabs":"Nordlys","tab_carousel_activities_seleccionados_tabs":[20832,20828,20716]},{"tab_text_tabs_activities_seleccionados_tabs":"Hundekj\u00f8ring","tab_carousel_activities_seleccionados_tabs":[20823,20714,20712]},{"tab_text_tabs_activities_seleccionados_tabs":"Sn\u00f8scooter","tab_carousel_activities_seleccionados_tabs":[20742,20710,20709]}]},{"acf_fc_layout":"block_carrusel_activities","id_seccion_carrusel_destacados_tabs":"","title_section_carrusel_destacados_tabs":"Sommertid i Troms\u00f8","subtitle_section_carrusel_destacados_tabs":"","text_section_carrusel_destacados_tabs":"","url_seccion_carrusel_destacados_tabs":{"title":"Utforsk alle turer","url":"https:\/\/booking.bestarctic.com\/en\/todo?filter=a_0%3D0-17%3Bc%3D31190%3Bg%3D104503%2C104502","target":""},"add_background_color_to_section_tabs":"white","tabs_activities_seleccionados_tabs":[{"tab_text_tabs_activities_seleccionados_tabs":"Bestselgere","tab_carousel_activities_seleccionados_tabs":[20776,20821,20774]},{"tab_text_tabs_activities_seleccionados_tabs":"Utend\u00f8rs turer","tab_carousel_activities_seleccionados_tabs":[20725,20723,20774]},{"tab_text_tabs_activities_seleccionados_tabs":"Byturer","tab_carousel_activities_seleccionados_tabs":[20815,20764,20760]},{"tab_text_tabs_activities_seleccionados_tabs":"Fjord- og b\u00e5tturer","tab_carousel_activities_seleccionados_tabs":[20776,20766]}]},{"acf_fc_layout":"block_card_grid","add_background_color_to_section_block_card_grid":"white","id_seccion_block_card_grid":"","title_section_block_card_grid":"Hva du trenger \u00e5 vite","subtitle_section_block_card_grid":"","text_section_block_card_grid":"","url_seccion_block_card_grid":"","item_block_post_masonry_and_grid":[{"imagen_block_post_masonry_and_grid":4337,"titular_block_post_masonry_and_grid":"De beste restaurantene og hvor du kan spise i Troms\u00f8","texto_block_post_masonry_and_grid":"","location_block_post_masonry_and_grid":"","schedule_block_post_masonry_and_grid":"","duration_block_post_masonry_and_grid":"","price_block_post_masonry_and_grid":"","link_block_post_masonry_and_grid":{"title":"Les mer her","url":"https:\/\/bestarctic.com\/no\/nord-norge-reiseblogg\/de-beste-restaurantene-og-hvor-du-kan-spise-i-tromso\/","target":"_blank"}},{"imagen_block_post_masonry_and_grid":6637,"titular_block_post_masonry_and_grid":"Viktige tips for droneflyging i Troms\u00f8","texto_block_post_masonry_and_grid":"","location_block_post_masonry_and_grid":"","schedule_block_post_masonry_and_grid":"","duration_block_post_masonry_and_grid":"","price_block_post_masonry_and_grid":"","link_block_post_masonry_and_grid":{"title":"Les mer her","url":"https:\/\/bestarctic.com\/no\/nord-norge-reiseblogg\/viktige-tips-for-a-fly-drone-i-tromso\/","target":"_blank"}},{"imagen_block_post_masonry_and_grid":5039,"titular_block_post_masonry_and_grid":"Ting \u00e5 gj\u00f8re i Troms\u00f8 p\u00e5 en regnv\u00e6rsdag","texto_block_post_masonry_and_grid":"","location_block_post_masonry_and_grid":"","schedule_block_post_masonry_and_grid":"","duration_block_post_masonry_and_grid":"","price_block_post_masonry_and_grid":"","link_block_post_masonry_and_grid":{"title":"Les mer her","url":"https:\/\/bestarctic.com\/no\/nord-norge-reiseblogg\/ting-a-gjore-i-tromso-norge-pa-en-regnvaersdag\/","target":"_blank"}}]},{"acf_fc_layout":"block_texto_media","id_seccion_block_text_media":"","title_seccion_block_text_media":"","subtitle_seccion_block_text_media":"","text_seccion_block_text_media":"","url_seccion_block_text_media":"","add_background_color_to_block_text_media":"green","tipo_de_contenido_block_text_media":"texto","editor_de_texto_tipo_de_contenido_block_text_media":"<h2>Troms\u00f8 - den arktiske hovedstaden<\/h2>\r\nTroms\u00f8 er kjent som den arktiske hovedstaden p\u00e5 grunn av sin st\u00f8rrelse, rike historie og beliggenhet. Troms\u00f8 er faktisk den st\u00f8rste byen i Nord-Norge og den tredje st\u00f8rste byen nord for polarsirkelen i hele verden! Det er enkelt \u00e5 komme seg til Troms\u00f8 takket v\u00e6re den internasjonale flyplassen (som ligger 15 minutter fra sentrum) og havnen som \u00f8nsker Hurtigruten velkommen.\r\n\r\nDet er ogs\u00e5 enkelt \u00e5 reise fra Troms\u00f8 til andre destinasjoner i Nord-Norge, som Lofoten, Senja, Lyngenfjord-regionen eller Nordkapp. Selv om Troms\u00f8 ligger rett under 70\u00b0 nord, er det ikke s\u00e5 kaldt som du kanskje tror! Gjennomsnittstemperaturen om vinteren ligger p\u00e5 mellom 1 \u00b0C og -3 \u00b0C, noe som gj\u00f8r det enda hyggeligere!","tipo_link":"link","boton_block_text_media":"","imagen_block_text_media":null,"tipo_de_contenido_block_text_media_dcha":"media","editor_de_texto_tipo_de_contenido_block_text_media_dcha":"","tipo_link_dcha":false,"boton_block_text_media_dcha":null,"imagen_block_text_media_dcha":20939},{"acf_fc_layout":"block_carrusel_activities","id_seccion_carrusel_destacados_tabs":"","title_section_carrusel_destacados_tabs":"Nordlys-turer i Troms\u00f8","subtitle_section_carrusel_destacados_tabs":"","text_section_carrusel_destacados_tabs":"","url_seccion_carrusel_destacados_tabs":{"title":"Utforsk alle turer","url":"https:\/\/booking.bestarctic.com\/en\/northern-lights","target":""},"add_background_color_to_section_tabs":"green","tabs_activities_seleccionados_tabs":[{"tab_text_tabs_activities_seleccionados_tabs":"Med buss \/ minibuss","tab_carousel_activities_seleccionados_tabs":[20832,20828,20700]}]},{"acf_fc_layout":"block_carrusel_activities","id_seccion_carrusel_destacados_tabs":"","title_section_carrusel_destacados_tabs":"Hundekj\u00f8ringsturer i Troms\u00f8","subtitle_section_carrusel_destacados_tabs":"","text_section_carrusel_destacados_tabs":"","url_seccion_carrusel_destacados_tabs":{"title":"Utforsk alle turer","url":"https:\/\/booking.bestarctic.com\/en\/huskydogsledding","target":""},"add_background_color_to_section_tabs":"white","tabs_activities_seleccionados_tabs":[{"tab_text_tabs_activities_seleccionados_tabs":"","tab_carousel_activities_seleccionados_tabs":[20714,20823,20698]}]},{"acf_fc_layout":"block_carrusel_activities","id_seccion_carrusel_destacados_tabs":"","title_section_carrusel_destacados_tabs":"Sn\u00f8scooterturer","subtitle_section_carrusel_destacados_tabs":"","text_section_carrusel_destacados_tabs":"","url_seccion_carrusel_destacados_tabs":{"title":"Utforsk alle turer","url":"https:\/\/booking.bestarctic.com\/en\/snowmobile","target":""},"add_background_color_to_section_tabs":"green","tabs_activities_seleccionados_tabs":[{"tab_text_tabs_activities_seleccionados_tabs":"","tab_carousel_activities_seleccionados_tabs":[20742,20710,20709]}]},{"acf_fc_layout":"block_carrusel_activities","id_seccion_carrusel_destacados_tabs":"","title_section_carrusel_destacados_tabs":"Sightseeingturer i Troms\u00f8","subtitle_section_carrusel_destacados_tabs":"","text_section_carrusel_destacados_tabs":"","url_seccion_carrusel_destacados_tabs":{"title":"Utforsk alle turer","url":"https:\/\/booking.bestarctic.com\/en\/todo?filter=a_0%3D0-588%3Bc%3D49677%2C31196%2C31198%2C31197%3Bg%3D104503%2C104502","target":""},"add_background_color_to_section_tabs":"white","tabs_activities_seleccionados_tabs":[{"tab_text_tabs_activities_seleccionados_tabs":"Bestselgere","tab_carousel_activities_seleccionados_tabs":[20829,20821,20696]}]},{"acf_fc_layout":"block_carrusel_activities","id_seccion_carrusel_destacados_tabs":"","title_section_carrusel_destacados_tabs":"Overnatting i Troms\u00f8","subtitle_section_carrusel_destacados_tabs":"","text_section_carrusel_destacados_tabs":"","url_seccion_carrusel_destacados_tabs":"","add_background_color_to_section_tabs":"green","tabs_activities_seleccionados_tabs":[{"tab_text_tabs_activities_seleccionados_tabs":"","tab_carousel_activities_seleccionados_tabs":[20522,20520,20518]}]},{"acf_fc_layout":"block_texto_media","id_seccion_block_text_media":"","title_seccion_block_text_media":"","subtitle_seccion_block_text_media":"","text_seccion_block_text_media":"","url_seccion_block_text_media":"","add_background_color_to_block_text_media":"white","tipo_de_contenido_block_text_media":"texto","editor_de_texto_tipo_de_contenido_block_text_media":"<h2>Troms\u00f8 om sommeren<\/h2>\r\nSommersesongen er tiden for \u00e5 nyte \u00e5 v\u00e6re p\u00e5 vannet: Du kan padle kajakk, st\u00e5 p\u00e5 stand-up paddleboard eller bli med p\u00e5 et fjordcruise rundt Troms\u00f8.\r\n\r\nHvis du lurer p\u00e5 hvor mange dager du b\u00f8r bli i Troms\u00f8, er det s\u00e5 mye \u00e5 gj\u00f8re at du lett kan bli i Troms\u00f8 i minst fem dager! Du finner gode overnattingsmuligheter (hoteller, feriehus, leiligheter...) i eller i n\u00e6rheten av sentrum.","tipo_link":"link","boton_block_text_media":{"title":"SE ALLE SOMMERAKTIVITETER I TROMS\u00d8","url":"https:\/\/booking.bestarctic.com\/en\/todo?filter=a=0-588;g=104503,104502&sorting=st=a;so=a","target":"_blank"},"imagen_block_text_media":null,"tipo_de_contenido_block_text_media_dcha":"media","editor_de_texto_tipo_de_contenido_block_text_media_dcha":"","tipo_link_dcha":false,"boton_block_text_media_dcha":null,"imagen_block_text_media_dcha":20941},{"acf_fc_layout":"block_text_img_full_width","id_seccion_text_img_full_w":"","title_section_text_img_full_w":"","subtitle_section_text_img_full_w":"","text_section_text_img_full_w":"","title_text_img_full_w":"Ta Flybussen mellom Troms\u00f8 lufthavn og sentrum","lable_text_img_full_w":"","texto_text_img_full_w":"Hvis du reiser til Troms\u00f8, anbefaler vi at du tar Flybussen for \u00e5 komme deg mellom sentrum og Troms\u00f8 lufthavn. Denne store, r\u00f8de bussen finner du rett utenfor flyplassen, i omr\u00e5det for innenlands ankomster.\r\n\r\nDen stopper p\u00e5 flere steder i sentrum, hvor du bare kan g\u00e5 1 eller 2 minutter til hotellet ditt (reisen tar omtrent 15 minutter), inkludert Moxy Hotel. Vi har barneseter og rullestoltilgang, og tilbyr billetter til studenter, barn og seniorer.","url_section_text_img_full_w":{"title":"Bestill her","url":"https:\/\/booking.bestarctic.com\/en\/to-do\/2071841\/airport-express-airport-centrum-airport\/showdetails","target":"_blank"},"imagen_text_img_full_w":20552},{"acf_fc_layout":"block_text_img_full_width","id_seccion_text_img_full_w":"","title_section_text_img_full_w":"","subtitle_section_text_img_full_w":"","text_section_text_img_full_w":"","title_text_img_full_w":"Troms\u00f8 \u2013 Landet med nordlys og midnattssol","lable_text_img_full_w":"","texto_text_img_full_w":"<p data-start=\"74\" data-end=\"410\">P\u00e5 grunn av sin geografiske beliggenhet over polarsirkelen og innenfor auroraovalen, er Troms\u00f8 et av de beste stedene i Norge og i verden for \u00e5 se nordlyset. For \u00e5 \u00f8ke sjansene dine for \u00e5 oppleve dette naturfenomenet, kan du jakte p\u00e5 nordlyset p\u00e5 en guidet tur. Den beste tiden \u00e5 se nordlyset i Troms\u00f8 er fra september til tidlig april.<\/p>\r\n<p data-start=\"412\" data-end=\"734\">\u00c5 reise til Troms\u00f8 om sommeren kan v\u00e6re like magisk, siden det er midnattssol-sesong fra midten av mai til slutten av juli. Siden solen aldri g\u00e5r under horisonten, er det lys hele d\u00f8gnet! Du vil bli fascinert av de unike gyldne fargene, spesielt rundt klokken 01 n\u00e5r solen er p\u00e5 sitt laveste og skimter over havoverflaten.<\/p>","url_section_text_img_full_w":"","imagen_text_img_full_w":20952},{"acf_fc_layout":"block_banner","id_seccion_block_banner_bg":"","add_background_color_to_block_banner_bg":"white","title_block_banner_bg":"Bes\u00f8k Troms\u00f8, porten til Arktis","text_block_banner_bg":"Bli med p\u00e5 hundesledetur, hvalsafari, sn\u00f8scooterkj\u00f8ring eller se de fantastiske norske fjordene p\u00e5 en fjordtur om vinteren. Sommeren byr ogs\u00e5 p\u00e5 den evigvarende midnattssolen og mange turer utend\u00f8rs. ","url_block_banner_bg":{"title":"Utforsk alle turer i Troms\u00f8","url":"https:\/\/booking.bestarctic.com\/en\/todo?filter=g=104503,104502&sorting=st=a;so=a","target":"_blank"},"img_block_banner_bg":3749,"img_block_banner_bg_mobile":3747,"img_block_banner_mobile":3745}]},"_links":{"self":[{"href":"https:\/\/bestarctic.com\/no\/wp-json\/wp\/v2\/pages\/20425","targetHints":{"allow":["GET"]}}],"collection":[{"href":"https:\/\/bestarctic.com\/no\/wp-json\/wp\/v2\/pages"}],"about":[{"href":"https:\/\/bestarctic.com\/no\/wp-json\/wp\/v2\/types\/page"}],"author":[{"embeddable":true,"href":"https:\/\/bestarctic.com\/no\/wp-json\/wp\/v2\/users\/4"}],"replies":[{"embeddable":true,"href":"https:\/\/bestarctic.com\/no\/wp-json\/wp\/v2\/comments?post=20425"}],"version-history":[{"count":0,"href":"https:\/\/bestarctic.com\/no\/wp-json\/wp\/v2\/pages\/20425\/revisions"}],"up":[{"embeddable":true,"href":"https:\/\/bestarctic.com\/no\/wp-json\/wp\/v2\/pages\/20426"}],"wp:attachment":[{"href":"https:\/\/bestarctic.com\/no\/wp-json\/wp\/v2\/media?parent=20425"}],"curies":[{"name":"wp","href":"https:\/\/api.w.org\/{rel}","templated":true}]}}