{"id":20426,"date":"2025-04-07T11:43:30","date_gmt":"2025-04-07T09:43:30","guid":{"rendered":"https:\/\/bestarctic.com\/travel-to-the-arctic\/"},"modified":"2025-11-17T10:07:38","modified_gmt":"2025-11-17T09:07:38","slug":"reise-til-arktis","status":"publish","type":"page","link":"https:\/\/bestarctic.com\/no\/reise-til-arktis\/","title":{"rendered":"Reise til Arktis: Reisem\u00e5l i Nord-Norge og andre steder"},"content":{"rendered":"","protected":false},"excerpt":{"rendered":"","protected":false},"author":4,"featured_media":0,"parent":0,"menu_order":0,"comment_status":"closed","ping_status":"closed","template":"","meta":{"_acf_changed":false,"footnotes":""},"class_list":["post-20426","page","type-page","status-publish","hentry"],"acf":{"bloques_de_contenido":[{"acf_fc_layout":"block_hero_skinny","id_block_hero_skinny":"","img_block_hero_skinny":5436,"img_hero_blog_position_block":false,"overlay_hero_skinny":"yes","title_block_hero_skinny":"Reise til Arktis: Reisem\u00e5l i Nord-Norge og andre steder"},{"acf_fc_layout":"block_carrusel_activities","id_seccion_carrusel_destacados_tabs":"","title_section_carrusel_destacados_tabs":"Viktige aktiviteter i Arktis","subtitle_section_carrusel_destacados_tabs":"","text_section_carrusel_destacados_tabs":"","url_seccion_carrusel_destacados_tabs":{"title":"Utforsk alle turer","url":"https:\/\/booking.bestarctic.com\/en\/todo","target":""},"add_background_color_to_section_tabs":"white","tabs_activities_seleccionados_tabs":[{"tab_text_tabs_activities_seleccionados_tabs":"H\u00f8sttid","tab_carousel_activities_seleccionados_tabs":[20834,20832,20829]},{"tab_text_tabs_activities_seleccionados_tabs":"Vintertid","tab_carousel_activities_seleccionados_tabs":[20828,20826,20823]},{"tab_text_tabs_activities_seleccionados_tabs":"Sommerstid","tab_carousel_activities_seleccionados_tabs":[20821,20819,20817]},{"tab_text_tabs_activities_seleccionados_tabs":"V\u00e5rtid","tab_carousel_activities_seleccionados_tabs":[20815,20813,20821]}]},{"acf_fc_layout":"block_texto_media","id_seccion_block_text_media":"","title_seccion_block_text_media":"","subtitle_seccion_block_text_media":"","text_seccion_block_text_media":"","url_seccion_block_text_media":"","add_background_color_to_block_text_media":"white","tipo_de_contenido_block_text_media":"texto","editor_de_texto_tipo_de_contenido_block_text_media":"<h2>Troms\u00f8 - Den arktiske porten<\/h2>\r\n<strong>Troms\u00f8<\/strong> er <strong>hovedstaden i Arktis<\/strong>, og er kjent for \u00e5 v\u00e6re et av de beste stedene i verden \u00e5 se <strong>nordlyset<\/strong>. Dette nordnorske knutepunktet tilbyr bes\u00f8kende enkel tilgang til unik og fantastisk natur, et spennende utvalg av <strong>kulturopplevelser og turistopplevelser<\/strong> som <strong>hvalsafari, hundekj\u00f8ring, sn\u00f8scooterkj\u00f8ring <\/strong>og <strong>fjordcruise<\/strong>.\r\n\r\nSiden <strong>Troms\u00f8<\/strong> ligger <strong>over polarsirkelen<\/strong>, er dette popul\u00e6re reisem\u00e5let magisk ogs\u00e5 om sommeren. I l\u00f8pet av <strong>midnattssolsesongen, fra midten av mai til slutten av juli<\/strong>, g\u00e5r solen aldri ned her. Dette gj\u00f8r at du kan gj\u00f8re <strong>sightseeing<\/strong> og spennende <strong>aktiviteter 24\/7.<\/strong> Popul\u00e6re aktiviteter under <strong>midnattssolens<\/strong> gylne str\u00e5ler inkluderer<strong> sykling, padling, havkajakkpadling<\/strong> og <strong>b\u00e5tturer<\/strong> for \u00e5 beundre det vakre landskapet og det unike arktiske lyset.\r\n\r\nVi kan vise deg <strong>hvor du kan spise, hva du kan gj\u00f8re<\/strong> og hva du kan <strong>se i Troms\u00f8.<\/strong> Her finner du mange smakfulle <strong>restauranter<\/strong> og <strong>kafeer<\/strong> som serverer <strong>tradisjonell norsk mat<\/strong> (alt fra <strong>vafler<\/strong> og <strong>p\u00f8lser<\/strong> til <strong>arktisk torsk<\/strong> og <strong>reinsdyrkj\u00f8tt<\/strong>), samt et bredt utvalg av suvenirbutikker hvor du kan finne noe fint \u00e5 ta med deg hjem som et spesielt minne om tiden din i Troms\u00f8.\r\n\r\n<strong>Troms\u00f8<\/strong> har f\u00e5tt det prestisjefylte <strong>merket Sustainable Destination<\/strong>.\r\n\r\n&nbsp;","tipo_link":"cta","boton_block_text_media":{"title":"Se alle aktiviteter","url":"https:\/\/booking.bestarctic.com\/en\/todo?filter=g=104503,104502&sorting=st=a;so=a","target":"_blank"},"imagen_block_text_media":null,"tipo_de_contenido_block_text_media_dcha":"media","editor_de_texto_tipo_de_contenido_block_text_media_dcha":"","tipo_link_dcha":"link","boton_block_text_media_dcha":"","imagen_block_text_media_dcha":21553},{"acf_fc_layout":"block_full_image_text_two_cols","id_seccion_block_full_image_text_two_cols":"","title_seccion_block_full_image_text_two_cols":"Utforsk Lofoten-\u00f8yene","subtitle_seccion_block_full_image_text_two_cols":"","text_seccion_block_full_image_text_two_cols":"","url_seccion_block_full_image_text_two_cols":{"title":"Se alle aktiviteter","url":"https:\/\/booking.bestarctic.com\/en\/todo?filter=g=109612&sorting=st=a;so=a","target":""},"add_background_color_to_block_full_image_text_two_cols":"green","imagen_block_full_image_text_two_cols":21561,"editor_left_block_full_image_text_two_cols":"<strong>Hvorfor b\u00f8r du bes\u00f8ke Lofoten<\/strong>? \u00c5rsakene er n\u00e6rmest uendelige. Noen hevder at <strong>Lofoten-\u00f8yene<\/strong> er det vakreste stedet i Norge.\r\n\r\nLigger <strong>over Polarsirkelen<\/strong>, har denne \u00f8ygruppen fantastiske fjell og <strong>arktiske fjorder<\/strong>, <strong>fortryllende \u00f8yer<\/strong> og idylliske <strong>fiskev\u00e6r<\/strong>.\r\n\r\nReis til magiske Lofoten og opplev denne unike destinasjonen selv!\r\n\r\nI l\u00f8pet av <strong>sommeren<\/strong> kan du <strong>utforske Lofoten med b\u00e5t, bil, sykkel<\/strong> eller til <strong>fots<\/strong>. Pr\u00f8v <strong>seiling<\/strong>, <strong>fiske<\/strong>, <strong>stand-up paddleboarding<\/strong> eller <strong>bading<\/strong> i de trange fjordene, som den ber\u00f8mte <strong>Trollfjorden<\/strong>.","editor_right_block_full_image_text_two_cols":"De fleste aktivitetene starter fra byen <strong>Svolv\u00e6r<\/strong> og lar deg oppdage n\u00e6rliggende perler som <strong>Henningsv\u00e6r, Skrova og Litlmolla<\/strong>.\r\nOm kvelden kan du bli med p\u00e5 et <strong>kulinarisk middagscruise p\u00e5 en hybridb\u00e5t<\/strong> eller, hvis du foretrekker det, utforske omr\u00e5det med komfortabel <strong>minibuss<\/strong>. Alle turene gir en mulighet til \u00e5 l\u00e6re om den fascinerende historien til den \u00e5rlige <strong>Lofoten<\/strong> <strong>fiskerivirksomheten og t\u00f8rrfiskproduksjonen<\/strong>, som stammer fra for omtrent 1000 \u00e5r siden.\r\n\r\n<strong>Lofoten<\/strong> har f\u00e5tt den prestisjefylte <strong>merket for b\u00e6rekraftig destinasjon<\/strong>."},{"acf_fc_layout":"block_texto_media","id_seccion_block_text_media":"","title_seccion_block_text_media":"","subtitle_seccion_block_text_media":"","text_seccion_block_text_media":"","url_seccion_block_text_media":"","add_background_color_to_block_text_media":"white","tipo_de_contenido_block_text_media":"texto","editor_de_texto_tipo_de_contenido_block_text_media":"<h2>Utforsk Narvik<\/h2>\r\n<strong>Narvik<\/strong> ligger i <strong>Nordland fylke<\/strong> og er en<strong> hel\u00e5rsdestinasjon<\/strong>. Om <strong>vinteren<\/strong> kan <strong>Narvik<\/strong> by p\u00e5 <strong>hundekj\u00f8ring, skikj\u00f8ring<\/strong> (i et spektakul\u00e6rt skianlegg), <strong>nordlysturer, samiske kulturopplevelser<\/strong> eller muligheten til \u00e5 m\u00f8te <strong>dyrelivet i Polar Park.<\/strong> Dette er<strong> verdens nordligste dyrepark<\/strong>, der du kan m\u00f8te<strong> eksotiske dyr<\/strong> som <strong>ulv<\/strong>, <strong>gaupe<\/strong> og <strong>fjellrev<\/strong>. Om <strong>sommeren<\/strong> kan du ta <strong>taubanen til Narvikfjellet<\/strong>, eller <strong>g\u00e5<\/strong> p\u00e5 fjelltur og nyte den majestetiske utsikten over fjordene akkompagnert av <strong>midnattssolens gylne str\u00e5ler<\/strong> p\u00e5 fine<strong> sommernetter<\/strong>.\r\n\r\n<strong>Narvik<\/strong> byr p\u00e5 en av <strong>Norges vakreste togreiser: Ofotbanen<\/strong>, som starter i Narvik og tar deg med inn i hjertet av svensk Lappland. <strong>Ofotbanen<\/strong> er grunnen til at Narvik er en by. I naturen og p\u00e5 <strong>Narvik<\/strong> <strong>krigsmuseum<\/strong> kan du oppleve <strong>Narviks<\/strong> <strong>dramatiske historie fra andre verdenskrig<\/strong>, inkludert det beryktede <strong>slaget<\/strong> om <strong>Narvik<\/strong> og de sporene det satte i regionen.\r\n\r\n<strong>Narvik<\/strong> er i ferd med \u00e5 bli sertifisert som et <strong>b\u00e6rekraftig reisem\u00e5l<\/strong>. Etter et bes\u00f8k i Narvik vil du reise hjem fylt med arktiske inntrykk og minner for livet!\r\n\r\n&nbsp;","tipo_link":"cta","boton_block_text_media":{"title":"Se alle aktiviteter","url":"https:\/\/booking.bestarctic.com\/en\/todo?filter=g=109623&sorting=st=a;so=a","target":"_blank"},"imagen_block_text_media":null,"tipo_de_contenido_block_text_media_dcha":"media","editor_de_texto_tipo_de_contenido_block_text_media_dcha":"","tipo_link_dcha":false,"boton_block_text_media_dcha":null,"imagen_block_text_media_dcha":20427},{"acf_fc_layout":"block_full_image_text_two_cols","id_seccion_block_full_image_text_two_cols":"","title_seccion_block_full_image_text_two_cols":"Lyngen-omr\u00e5det \u2013 De arktiske Alpene","subtitle_seccion_block_full_image_text_two_cols":"","text_seccion_block_full_image_text_two_cols":"","url_seccion_block_full_image_text_two_cols":{"title":"Se alle aktiviteter","url":"https:\/\/booking.bestarctic.com\/en\/todo?filter=g=107839,109613&sorting=st=a;so=a","target":""},"add_background_color_to_block_full_image_text_two_cols":"green","imagen_block_full_image_text_two_cols":21549,"editor_left_block_full_image_text_two_cols":"De majestetiske <strong>Lyngsalpene<\/strong> er et naturparadis i verdensklasse <strong>omkranset av spektakul\u00e6re fjorder p\u00e5 begge sider<\/strong>. Denne spektakul\u00e6re fjellkjeden er kjent for sitt <strong>r\u00e5e utseende, bratte rygger, breer, daler og fantastisk natur<\/strong>. Dalene og skogene p\u00e5 Lyngenhalv\u00f8ya er hjem til et rikt og variert fugleliv.\r\n\r\nDet h\u00f8yeste fjellet i Troms og Finnmark fylke, <strong>Jiehkkevarri<\/strong> (1.834 m over havet), ligger i Lyngsalpene. Dette er et <strong>popul\u00e6rt omr\u00e5de for fotturer<\/strong>. Lyngen-regionen er kjent for \u201cm\u00f8tet mellom tre folkeslag\u201d og dens <strong>fascinerende historie<\/strong> kombinerer <strong>kulturen til det urbefolkede samiske, kveniske og norske folk.<\/strong>","editor_right_block_full_image_text_two_cols":"Legg til en ekstra dimensjon til din Lyngen-opplevelse med en <strong>hundekj\u00f8ringstur eller sn\u00f8scootersafari<\/strong> om <strong>vinteren<\/strong> eller et <strong>hundekjerretur-eventyr<\/strong> om <strong>h\u00f8sten<\/strong>. \u00c5 komme seg til Lyngsalpene er ogs\u00e5 spektakul\u00e6rt, da mange av v\u00e5re aktiviteter inkluderer en <strong>fantastisk fergetransport<\/strong>, som gir den beste inngangen til dette omr\u00e5det.\r\n\r\n<strong>Lyngenfjord<\/strong> <strong>regionen<\/strong> har f\u00e5tt den prestisjefylte <strong>merket for b\u00e6rekraftig destinasjon<\/strong>."}]},"_links":{"self":[{"href":"https:\/\/bestarctic.com\/no\/wp-json\/wp\/v2\/pages\/20426","targetHints":{"allow":["GET"]}}],"collection":[{"href":"https:\/\/bestarctic.com\/no\/wp-json\/wp\/v2\/pages"}],"about":[{"href":"https:\/\/bestarctic.com\/no\/wp-json\/wp\/v2\/types\/page"}],"author":[{"embeddable":true,"href":"https:\/\/bestarctic.com\/no\/wp-json\/wp\/v2\/users\/4"}],"replies":[{"embeddable":true,"href":"https:\/\/bestarctic.com\/no\/wp-json\/wp\/v2\/comments?post=20426"}],"version-history":[{"count":0,"href":"https:\/\/bestarctic.com\/no\/wp-json\/wp\/v2\/pages\/20426\/revisions"}],"wp:attachment":[{"href":"https:\/\/bestarctic.com\/no\/wp-json\/wp\/v2\/media?parent=20426"}],"curies":[{"name":"wp","href":"https:\/\/api.w.org\/{rel}","templated":true}]}}