{"id":20430,"date":"2025-02-26T11:49:28","date_gmt":"2025-02-26T10:49:28","guid":{"rendered":"https:\/\/bestarctic.com\/contact\/"},"modified":"2025-11-17T10:05:27","modified_gmt":"2025-11-17T09:05:27","slug":"kontakt","status":"publish","type":"page","link":"https:\/\/bestarctic.com\/no\/kontakt\/","title":{"rendered":"Kontakt"},"content":{"rendered":"","protected":false},"excerpt":{"rendered":"","protected":false},"author":3,"featured_media":0,"parent":0,"menu_order":0,"comment_status":"closed","ping_status":"closed","template":"page-contact.php","meta":{"_acf_changed":false,"footnotes":""},"class_list":["post-20430","page","type-page","status-publish","hentry"],"acf":{"id_block_hero_contact":"helt","title_block_hero_contact":"Kontakt Best Arctic","img_block_hero_contact":6575,"id_section_contact_points":"salg","title_section_contact_points":"Bes\u00f8k v\u00e5re forskjellige utsalgssteder","text_section_contact_points":"Bes\u00f8k v\u00e5re forskjellige utsalgssteder, der v\u00e5re kolleger vil hjelpe deg.","cards_sales":[{"img_cards_sales":5933,"title_cards_sales":"Best Arctic Hospitality Desk","place_cards_sales":"Radisson Blu Hotel, Troms\u00f8","url_cards_sales":"https:\/\/www.google.com\/maps\/place\/Radisson+Blu+Hotel,+Troms%C3%B8\/@69.649131,18.9606826,17z\/data=!3m1!4b1!4m8!3m7!1s0x45c4c5acd6a467cb:0x317caafc832fe677!5m2!4m1!1i2!8m2!3d69.6491013!4d18.9606636?shorturl=1"},{"img_cards_sales":5332,"title_cards_sales":"Beste bookingpunkt i Arktis","place_cards_sales":"Beste bookingpunkt i Arktis","url_cards_sales":"https:\/\/www.google.com\/maps\/place\/Best+Arctic+-+Meeting+Point\/@69.6467522,18.9591329,232m\/data=!3m2!1e3!4b1!4m6!3m5!1s0x45c4c50044cbfa43:0x44a97bdbfb138d3a!8m2!3d69.6467522!4d18.9591329!16s%2Fg%2F11wnbjmnbp?entry=ttu&g_ep=EgoyMDI1MDUxMy4xIKXMDSoASAFQAw%3D%3D"},{"img_cards_sales":5931,"title_cards_sales":"Beste arktiske m\u00f8teplass","place_cards_sales":"Beste arktiske m\u00f8teplass","url_cards_sales":"https:\/\/www.google.com\/maps\/place\/The+Arctic+Route\/@69.646946,18.9590048,116m\/data=!3m2!1e3!4b1!4m6!3m5!1s0x45c4c464bad01f47:0x5092ead77ae0b597!8m2!3d69.646946!4d18.9590048!16s%2Fg%2F11hzv4zlct?entry=ttu&g_ep=EgoyMDI1MDUxMy4xIKXMDSoASAFQAw%3D%3D"},{"img_cards_sales":5330,"title_cards_sales":"Arctic Route bussplattform (se etter de r\u00f8de bussene)","place_cards_sales":"Den arktiske ruten","url_cards_sales":"https:\/\/www.google.no\/maps\/place\/The+Arctic+Route\/@69.6473694,18.9593489,17z\/data=!3m1!4b1!4m6!3m5!1s0x45c4c464bad01f47:0x5092ead77ae0b597!8m2!3d69.6473694!4d18.9593489!16s%2Fg%2F11hzv4zlct?entry=tts&g_ep=EgoyMDI0MTExMy4xIPu8ASoASAFQAw%3D%3D"}],"title_contact_form_col":"Kontakt Best Arctic","text_contact_form_col":"Hvis du trenger r\u00e5d, informasjon, hjelp med bestillingen din eller en eventuell avbestilling, vil teamet v\u00e5rt hjelpe deg!","contact_page_tel":"+47 953 03 888","contact_page_tel_content":"Hverdager kl. 08.00-16.00 (fra april til august) <br>Daglig fra kl. 08.00-19.00 (fra september til mars)","contact_page_mail":"info@bestarctic.com","contact_page_mail_content":"Vi svarer p\u00e5 e-posten din i l\u00f8pet av 1 til 2 dager.","contact_page_faq_content":"Har du sp\u00f8rsm\u00e5l om en aktivitet, hvordan du bestiller, betaler eller \u00f8nsker \u00e5 l\u00e6re mer?  <a href=\"https:\/\/bestarctic.com\/no\/faq\/\">Klikk her<\/a>","list_goals":[{"img_list_goals":2068,"title_list_goals":"Live chat tilgjengelig, med ekte mennesker som svarer deg!"},{"img_list_goals":2069,"title_list_goals":"  Full refusjon 48 timer f\u00f8r ankomstdato"},{"img_list_goals":2070,"title_list_goals":"  Rask, trygg og enkel bestilling p\u00e5 nett"},{"img_list_goals":2071,"title_list_goals":"Online betaling med kreditt- eller debetkort (Mastercard\/Visa)"}]},"_links":{"self":[{"href":"https:\/\/bestarctic.com\/no\/wp-json\/wp\/v2\/pages\/20430","targetHints":{"allow":["GET"]}}],"collection":[{"href":"https:\/\/bestarctic.com\/no\/wp-json\/wp\/v2\/pages"}],"about":[{"href":"https:\/\/bestarctic.com\/no\/wp-json\/wp\/v2\/types\/page"}],"author":[{"embeddable":true,"href":"https:\/\/bestarctic.com\/no\/wp-json\/wp\/v2\/users\/3"}],"replies":[{"embeddable":true,"href":"https:\/\/bestarctic.com\/no\/wp-json\/wp\/v2\/comments?post=20430"}],"version-history":[{"count":0,"href":"https:\/\/bestarctic.com\/no\/wp-json\/wp\/v2\/pages\/20430\/revisions"}],"wp:attachment":[{"href":"https:\/\/bestarctic.com\/no\/wp-json\/wp\/v2\/media?parent=20430"}],"curies":[{"name":"wp","href":"https:\/\/api.w.org\/{rel}","templated":true}]}}