{"id":20432,"date":"2025-02-21T13:09:12","date_gmt":"2025-02-21T12:09:12","guid":{"rendered":"https:\/\/bestarctic.com\/touroperators\/"},"modified":"2025-11-17T10:07:37","modified_gmt":"2025-11-17T09:07:37","slug":"turoperatorer","status":"publish","type":"page","link":"https:\/\/bestarctic.com\/no\/turoperatorer\/","title":{"rendered":"Turoperat\u00f8rer"},"content":{"rendered":"","protected":true},"excerpt":{"rendered":"","protected":true},"author":3,"featured_media":0,"parent":0,"menu_order":0,"comment_status":"closed","ping_status":"closed","template":"page-tours.php","meta":{"_acf_changed":false,"footnotes":""},"class_list":["post-20432","page","type-page","status-publish","post-password-required","hentry"],"acf":{"bloques_de_contenido":[{"acf_fc_layout":"block_accordion","id_seccion_block_accordion":"","title_seccion_block_accordion":"Ofte stilte sp\u00f8rsm\u00e5l","subtitle_seccion_block_accordion":"","text_seccion_block_accordion":"","url_seccion_block_accordion":"","add_background_color_to_section_accordion":"green","item_accordion":[{"title_accordion":"Jeg \u00f8nsker \u00e5 tilegne meg kunnskap innen Sales Agent\/Citybreak. Kan jeg be om oppl\u00e6ring?   ","text_content_accordion":"Du kan bestille en gratis 30-minutters oppl\u00e6ring for deg og teamet ditt <a href=\"https:\/\/calendly.com\/suhail-bestarctic\/training\">her:<\/a> "},{"title_accordion":"Jeg har et n\u00f8dstilfelle, hvordan kan jeg kontakte Best Arctic?","text_content_accordion":"0047 953 03 888 , trykk 1."},{"title_accordion":"Hvilket telefonnummer kan jeg gi gjestene mine for \u00e5 kontakte Best Arctic?","text_content_accordion":"Telefon: 0047 953 03 888: 0047 953 03 888."},{"title_accordion":"Hvor finner jeg den nyeste produktmanualen?  ","text_content_accordion":"P\u00e5 dette nettstedet finner du v\u00e5r nyeste bruksanvisning per sesong. Les alltid \"LES MEG\"-dokumentet for \u00e5 bli informert om den siste oppdateringen per versjonsoppdatering. "},{"title_accordion":"Hvor finner jeg provisjonslisten per produkt?  ","text_content_accordion":"Best Arctic provisjon er basert p\u00e5 den \u00e5rlige nettoinntekten, skapt av deg. Best Arctic evaluerer inntektene per periode 1. mai til 30. april og justerer provisjonsniv\u00e5et deretter.   "},{"title_accordion":"Kan jeg bruke bilder og videoer for \u00e5 promotere aktiviteter i Arktis?  ","text_content_accordion":"Alle aktiviteter, levert av Best Arctic, kan promoteres av de tilbudte bildene og videoene p\u00e5 denne siden. Vennligst <a href=\"https:\/\/drive.google.com\/drive\/u\/1\/folders\/1_d03gBssVxdALYvJznBjvg5K0oI5o8Hg\">les dokumentet<\/a> for \u00e5 oppdatere deg om kreditering. Best Arctic bilder\/videoer kan ikke brukes til \u00e5 promotere generelle eller andre selskapers aktiviteter\/turer.    "},{"title_accordion":"Hva er avbestillingsreglene?  ","text_content_accordion":"Ved \u00e5 bestille Best Arctic-produkter godtar du Best Arctic sine vilk\u00e5r og betingelser. Du finner v\u00e5re vilk\u00e5r og betingelser p\u00e5 siste side i produktmanualene v\u00e5re.   "},{"title_accordion":"Hvordan bestiller jeg en tur eller aktivitet?  ","text_content_accordion":"Du kan bestille direkte p\u00e5 Citybreak-plattformen eller kontakte din utpekte Best Arctic-salgsrepresentant for \u00e5 f\u00e5 hjelp.  "},{"title_accordion":"Kan jeg skreddersy en omvisning for kundene mine?  ","text_content_accordion":"Ja, Best Arctic tilbyr skreddersydde turer. Ta kontakt med din bookingrepresentant for \u00e5 diskutere dine spesifikke behov, s\u00e5 skreddersyr vi en pakke for deg.   "},{"title_accordion":"Hvordan kan jeg motta de nyeste tilbudene og kampanjene?  ","text_content_accordion":"Abonner p\u00e5 v\u00e5rt B2B-nyhetsbrev p\u00e5 nettstedet for \u00e5 motta de siste oppdateringene.  "},{"title_accordion":"Er det et minimum antall gjester som kreves for \u00e5 bestille?  ","text_content_accordion":"Hver tur har et minimumsantall gjester som kreves for bestilling, som er beskrevet i produktbeskrivelsen i h\u00e5ndboken.  "},{"title_accordion":"Hva skal jeg gj\u00f8re hvis kunden min har spesielle behov eller \u00f8nsker?  ","text_content_accordion":"Hvis kunden din har spesielle krav eller \u00f8nsker, ber vi deg informere oss om dette p\u00e5 forh\u00e5nd, slik at vi kan gj\u00f8re de n\u00f8dvendige forberedelsene.  "},{"title_accordion":"Kan jeg gj\u00f8re endringer i siste \u00f8yeblikk?  ","text_content_accordion":"Endringer i siste \u00f8yeblikk kan gj\u00f8res avhengig av tilgjengelighet. Og alltid med mer enn 48 timer f\u00f8r turen. "},{"title_accordion":"Finnes det noen spesialpriser for grupper eller langtidspartnere?  ","text_content_accordion":"Vi verdsetter v\u00e5re langsiktige partnere. Spesielle satser vil bli vurdert basert p\u00e5 salgskonsistens og volum gjennom \u00e5ret. Etter hvert som salget \u00f8ker, vil provisjonsniv\u00e5et \u00f8ke tilsvarende.    "},{"title_accordion":"Hva skjer hvis en tur blir delvis avlyst? Hvilken refusjon vil vi motta?   ","text_content_accordion":"Ved delvis avbestilling av en tur vil en generisk e-post med refusjon bli sendt, p\u00e5 samme m\u00e5te som en FIT (individuell reisende) ville mottatt i slike tilfeller. V\u00e6r oppmerksom p\u00e5 at refusjonsbel\u00f8pet vil variere avhengig av provisjonsniv\u00e5et ditt, ettersom provisjonen din vil bli trukket fra refusjonen.   "}]},{"acf_fc_layout":"block_contact_information","id_seccion_contact_information":"","contact_information_repeater":[{"img_contact_information":20895,"title_contact_information":"For en samarbeidsavtale","mail_contact_information":"sales@bestarctic.com"},{"img_contact_information":21547,"title_contact_information":"For bestillinger og foresp\u00f8rsler ang\u00e5ende Arctic Route","mail_contact_information":"booking@bestarctic.com"},{"img_contact_information":21321,"title_contact_information":"For leie av turbuss, vennligst kontakt","mail_contact_information":"booking@bussring.no"}]}],"id_seccion_hero_tour":"helt","video_o_imagen_hero":"img","video_hero_tour_bg":null,"tour_hero_inicio_video_segundo":"","img_hero_tour_bg":5469,"title_hero_tour":"Best Arctic for turoperat\u00f8rer","label_hero_tour":"Takk for at du blir med i Best Arctic!","text_hero_tour":"P\u00e5 denne siden finner du mye informasjon og materiell om v\u00e5rt selskap Best Arctic, samt om v\u00e5r hop-on\/hop-off-buss \"Arctic Route\" og v\u00e5rt transportselskap Bussring.","url_hero_tour":{"title":"  Ta kontakt med oss: sales@bestarctic.com","url":"mailto:sales@bestarctic.com","target":""},"url_hero_tour_2":null,"id_seccion_workshop":"arbeid","title_workshop":"Reisemesser og workshops 2025\/2026","text_workshop":"","workshop_repeater":[{"title_work":"AETC salgsverksted 2025","img_work":5473,"date_work":"02.09. - 04.09.2025","place_work":"Enare, Finland"},{"title_work":"TTG REISEOPPLEVELSE 2025","img_work":7059,"date_work":"08.10. - 10.10.2025","place_work":"Rimini, Italia"},{"title_work":"2025 Skandinavia Roadshow Kina","img_work":7061,"date_work":"27.10.2025 - 31.10.2025","place_work":"Kina"}],"download_information":"Last ned informasjon om workshops","csv_workshop":7063,"excel_workshop":7063,"tour_cards_repeater":[{"id_seccion_tour_cards":"kort","img_tour_cards":"","title_tour_cards":"Beste arktiske materialer","text_tour_cards":"P\u00e5 denne siden finner du mye informasjon og materiell om v\u00e5rt selskap Best Arctic, samt v\u00e5rt konsept The Arctic Route og Bussring.","add_background_color_to_tour_cards":"grey","tour_card_repeater":[{"img_tour_card":4405,"title_tour_card":"Produkth\u00e5ndbok h\u00f8st\/vinter","archive_tour_card":"https:\/\/drive.google.com\/drive\/u\/1\/folders\/1t5lpP9hXWy4f9wigLnj4UrRv-5sBHbN2","text_button_tour_card":"25-26 - Last ned her"},{"img_tour_card":4407,"title_tour_card":"Produktmanual 2025 Sommer\/H\u00f8st","archive_tour_card":"https:\/\/drive.google.com\/drive\/u\/0\/folders\/17w9-nteYceu-ERG_KRi2ADop46SeDDIP","text_button_tour_card":"Last ned her"},{"img_tour_card":4409,"title_tour_card":"Nyheter, oppdateringer og pressemeldinger","archive_tour_card":"https:\/\/drive.google.com\/drive\/u\/1\/folders\/1blxIhcjcrsalE09TGgTov-wwIsQYq78c","text_button_tour_card":"Sjekk arkivet v\u00e5rt"},{"img_tour_card":4411,"title_tour_card":"Hvordan bestille og endre aktiviteter\/pakker","archive_tour_card":"https:\/\/drive.google.com\/drive\/folders\/1cnLpcwp25_5MVV0FxkWmKF3GfytRnHyh","text_button_tour_card":"Se her"}],"add_sidebar_column":"yes","citybreak_card_or_default_card":"citybreak","text_button_citycard":"F\u00e5 tilgang til CB Sales Agent her","url_button_citycard":"https:\/\/agent.citybreak.com\/Login?ReturnUrl=%2f","image_card_default":null,"title_card_default":"","file_card_default":"","link_card_default_copy":"","micro_card":[{"Image_microcard":5585,"title_microcard":"Beste arktiske fotodatabase","file_microcard":"https:\/\/drive.google.com\/drive\/folders\/1TNt_Ue-PX8XTEc3GsgXMkxM9OKFaglEI","text_link_microcard":"Last ned her"},{"Image_microcard":5583,"title_microcard":"Beste arktiske videodatabase","file_microcard":"https:\/\/drive.google.com\/drive\/folders\/1c_lybvQNhXdKR49xl7R3PE14dIddoSrX","text_link_microcard":"Last ned her"},{"Image_microcard":4413,"title_microcard":"Finn ut hvordan du krediterer Best Arctic-bilder p\u00e5 riktig m\u00e5te","file_microcard":"https:\/\/drive.google.com\/drive\/folders\/1_d03gBssVxdALYvJznBjvg5K0oI5o8Hg","text_link_microcard":"Last ned her"}]},{"id_seccion_tour_cards":"kort","img_tour_cards":5465,"title_tour_cards":"","text_tour_cards":"","add_background_color_to_tour_cards":"white","tour_card_repeater":[{"img_tour_card":4415,"title_tour_card":"The Arctic Route Winter & Summer Produktmanual","archive_tour_card":"https:\/\/drive.google.com\/drive\/u\/0\/folders\/15CihNZRHcqm0z0zlYbtRJo-dOHskVnv2","text_button_tour_card":"Last ned her"},{"img_tour_card":4417,"title_tour_card":"Agent Booking - Hvordan bestille Arctic Route","archive_tour_card":"https:\/\/drive.google.com\/drive\/u\/1\/folders\/1kkDw56jihhI6MVkNf2v93ktaSU3VBUn_","text_button_tour_card":"Se her"},{"img_tour_card":4421,"title_tour_card":"Nyhetsbrev og pressemeldinger","archive_tour_card":"https:\/\/drive.google.com\/drive\/u\/1\/folders\/1RgELBN0q-RlEr3cRRdMvMehO7ZMnKxwq","text_button_tour_card":"Sjekk her"},{"img_tour_card":4423,"title_tour_card":"Kart over rutene","archive_tour_card":"https:\/\/drive.google.com\/drive\/u\/0\/folders\/1SCVVBPsBfsRuMTIGpSbtw2D6erevop-2","text_button_tour_card":"Sjekk her"}],"add_sidebar_column":"yes","citybreak_card_or_default_card":"default","text_button_citycard":"F\u00e5 tilgang til CB Sales Agent her","url_button_citycard":"https:\/\/www.google.com\/","image_card_default":4419,"title_card_default":"Slik merker du den arktiske ruten","file_card_default":"https:\/\/drive.google.com\/drive\/folders\/18HReToz5NgSsHLiiCuTYukko8-E0JgA4","link_card_default_copy":"Se her","micro_card":[{"Image_microcard":5585,"title_microcard":"Bildedatabasen for Den arktiske ruten","file_microcard":"https:\/\/drive.google.com\/drive\/folders\/18ENLnGBPtjzK8rxhW-8TjT5tX9Zxr-Zx","text_link_microcard":"Last ned her"},{"Image_microcard":5583,"title_microcard":"Videodatabase om Den arktiske ruten","file_microcard":"https:\/\/drive.google.com\/drive\/folders\/15VyASW5q6lOdwMbrqwZvp7L96zJHR15j","text_link_microcard":"Last ned her"}]},{"id_seccion_tour_cards":"kort","img_tour_cards":1986,"title_tour_cards":"","text_tour_cards":"","add_background_color_to_tour_cards":"grey","tour_card_repeater":[{"img_tour_card":4425,"title_tour_card":"Priser og reisevilk\u00e5r for bussleie","archive_tour_card":"https:\/\/drive.google.com\/drive\/folders\/1shpcIm1zKfR3rmd2ESMWwdjqRWi6ReBs","text_button_tour_card":"Last ned her"},{"img_tour_card":4427,"title_tour_card":"Bussring Fotogalleri","archive_tour_card":"https:\/\/drive.google.com\/drive\/folders\/1pSQMFizx8ue3sOZGhrFp8X98lOuCnTys","text_button_tour_card":"Last ned her"}],"add_sidebar_column":"no","citybreak_card_or_default_card":"citybreak","text_button_citycard":"","url_button_citycard":"","image_card_default":1885,"title_card_default":"Slik merker du den arktiske ruten","file_card_default":"","link_card_default_copy":"Last ned","micro_card":null}]},"_links":{"self":[{"href":"https:\/\/bestarctic.com\/no\/wp-json\/wp\/v2\/pages\/20432","targetHints":{"allow":["GET"]}}],"collection":[{"href":"https:\/\/bestarctic.com\/no\/wp-json\/wp\/v2\/pages"}],"about":[{"href":"https:\/\/bestarctic.com\/no\/wp-json\/wp\/v2\/types\/page"}],"author":[{"embeddable":true,"href":"https:\/\/bestarctic.com\/no\/wp-json\/wp\/v2\/users\/3"}],"replies":[{"embeddable":true,"href":"https:\/\/bestarctic.com\/no\/wp-json\/wp\/v2\/comments?post=20432"}],"version-history":[{"count":0,"href":"https:\/\/bestarctic.com\/no\/wp-json\/wp\/v2\/pages\/20432\/revisions"}],"wp:attachment":[{"href":"https:\/\/bestarctic.com\/no\/wp-json\/wp\/v2\/media?parent=20432"}],"curies":[{"name":"wp","href":"https:\/\/api.w.org\/{rel}","templated":true}]}}