{"id":20434,"date":"2025-02-20T12:52:18","date_gmt":"2025-02-20T11:52:18","guid":{"rendered":"https:\/\/bestarctic.com\/sustainability\/"},"modified":"2025-11-17T10:07:19","modified_gmt":"2025-11-17T09:07:19","slug":"baerekraft","status":"publish","type":"page","link":"https:\/\/bestarctic.com\/no\/baerekraft\/","title":{"rendered":"Milj\u00f8 og b\u00e6rekraft"},"content":{"rendered":"","protected":false},"excerpt":{"rendered":"","protected":false},"author":3,"featured_media":0,"parent":0,"menu_order":0,"comment_status":"closed","ping_status":"closed","template":"page-sustainability.php","meta":{"_acf_changed":false,"footnotes":""},"class_list":["post-20434","page","type-page","status-publish","hentry"],"acf":{"bloques_de_contenido":null,"id_block_hero_sustainability":"hero","title_block_hero_sustainability":"Milj\u00f8 og b\u00e6rekraft","img_block_hero_sustainability":5319,"sustainability_anchors":[{"sustainability_anchors_text":"Milj\u00f8 og kvalitet gjennom ISO-sertifisering","sustainability_anchors_link":"#certification"},{"sustainability_anchors_text":"ISO 14001: 2015-sertifikat","sustainability_anchors_link":"#iso"},{"sustainability_anchors_text":"Milj\u00f8politikk","sustainability_anchors_link":"#environmental"},{"sustainability_anchors_text":"M\u00e5l for b\u00e6rekraft","sustainability_anchors_link":"#goals"},{"sustainability_anchors_text":"Innkj\u00f8pspolicy","sustainability_anchors_link":"#policy"}],"sustainability_content":"<img id=\"certification\" class=\"alignnone wp-image-5321 size-medium\" src=\"https:\/\/bestarctic.com\/wp-content\/uploads\/2025\/05\/Bilde-02.03.2024-08-29-24-300x200.jpg\" alt=\"\" width=\"300\" height=\"200\" \/>\r\n<h2>Milj\u00f8 og kvalitet gjennom ISO-sertifisering<\/h2>\r\n<strong><a href=\"https:\/\/eco-lighthouse.org\/\" target=\"_blank\" rel=\"noopener\">Milj\u00f8fyrt\u00e5rn<\/a><\/strong> er Norges mest brukte sertifikat for virksomheter som \u00f8nsker \u00e5 dokumentere sin milj\u00f8innsats og vise samfunnsansvar. Ordningen har som m\u00e5l \u00e5 heve bedrifters milj\u00f8prestasjoner. Bedrifter eller virksomheter som oppfyller definerte bransjekrav, kan bli sertifisert som Milj\u00f8fyrt\u00e5rn\r\n\r\n<b>ISO ( <a href=\"https:\/\/www.iso.org\/home.html\" target=\"_blank\" rel=\"noopener\">International Organization for Standardization<\/a>)<\/b> utarbeider standarder for blant annet milj\u00f8 og kvalitet. Dette er beskrevet gjennom standardene ISO14001 og ISO9001 og passer for organisasjoner i alle bransjer.\r\n\r\n<b>Milj\u00f8fyrt\u00e5rn og ISO-sertifiseringen<\/b> utf\u00f8res av en uavhengig tredjepart. Det betyr at Best Arctics kunder og samarbeidspartnere kan stole p\u00e5 at vi har innf\u00f8rt de n\u00f8dvendige interne rutinene for \u00e5 kunne drive i samsvar med de standardene som ISO-sertifiseringen krever.\r\n<div id=\"iso\"><\/div>","iso_sustainability_link":"https:\/\/drive.google.com\/drive\/folders\/1UqK5hGqZtKREv15e-HWG_QRXlu6DyDKb","iso_sustainability_link_text":"Sjekk ISO-sertifiseringen v\u00e5r her","sustainability_ico_banner":1888,"iso_sustainability_title":"Et ISO 14001: 2015-sertifikat","iso_sustainability_content":"Sertifikatet viser at bedriften er m\u00e5lt opp mot en standard for god milj\u00f8ledelse og at den etterlever denne. Standarden er basert p\u00e5 to konsepter; kontinuerlige forbedringer og etterlevelse av regelverk. Standarden omfatter blant annet milj\u00f8politikk, planlegging, implementering og drift, kontroll og forbedring samt ledelsens evaluering.","id_environment_section":"environmental","item_environment_section":[{"tilte_environment":"Overholdelse av milj\u00f8standarder og -krav","text_environment":"Best Arctics milj\u00f8policy skal tilfredsstille gjeldende lovkrav og andre krav."},{"tilte_environment":"V\u00e5re kjerneverdier","text_environment":"Verdigrunnlaget v\u00e5rt best\u00e5r av visjon, omd\u00f8mmeverdier og kjerneverdier."},{"tilte_environment":"Drivkraft for b\u00e6rekraftig vekst","text_environment":"Vi skal arbeide for en transport- og reiselivsn\u00e6ring som gjennom \u00f8konomisk vekst skal kunne tilby anstendige hel\u00e5rsarbeidsplasser som i sin tur bidrar til \u00e5 skape b\u00e6rekraftige byer og lokalsamfunn."},{"tilte_environment":"Forpliktelse til ansvarlig forbruk og produksjon","text_environment":"Vi vil arbeide med b\u00e6rekraft gjennom ansvarlig forbruk og produksjon, med m\u00e5l om \u00e5 bidra til \u00e5 stoppe klimaendringene."},{"tilte_environment":"Minimering av lokalt milj\u00f8fotavtrykk","text_environment":"Vi skal alltid arbeide for \u00e5 minimere v\u00e5rt lokale fotavtrykk n\u00e5r det gjelder energibruk, slitasje p\u00e5 naturen, st\u00f8y og andre ulemper for lokalbefolkningen."},{"tilte_environment":"Kontinuerlig forbedring av v\u00e5r milj\u00f8p\u00e5virkning","text_environment":"Vi skal kontinuerlig s\u00f8ke \u00e5 opprettholde og forbedre milj\u00f8arbeidet v\u00e5rt i Best Arctic."}],"id_policy_section":"","title_policy_section":"Vi definerer selskapets milj\u00f8politikk p\u00e5 f\u00f8lgende m\u00e5te","list_policy":[{"item_list_policy":"Tenk p\u00e5 kvalitet og milj\u00f8 som en naturlig og integrert del av virksomheten."},{"item_list_policy":"Oppfyller milj\u00f8krav og forskrifter fra offentlige myndigheter."},{"item_list_policy":"Identifisere og redusere mulige forurensningskilder."},{"item_list_policy":"Vi etterstreber effektiv energibruk og minimerer bruken av forbruksvarer."},{"item_list_policy":"Bruk milj\u00f8ledelsessystemet ISO14001, som gir gode retningslinjer."},{"item_list_policy":"Ha gode rutiner, instrukser og prosedyrer som gir gode retningslinjer for den daglige driften."},{"item_list_policy":"Spre trafikken over flere sesonger og produkter, og involver dermed flere samarbeidspartnere i regionen."},{"item_list_policy":"Bidra til lokal verdiskapning gjennom samarbeid med lokale leverand\u00f8rer."},{"item_list_policy":"Oppfordre gjestene til \u00e5 betale CO2-kompensasjon for reisen."},{"item_list_policy":"Legg til rette for lengre opphold, f.eks. ved \u00e5 lage ferdigpakkede produkter."},{"item_list_policy":"Foretrekker samarbeid med leverand\u00f8rer som er klima- og milj\u00f8bevisste, og oppfordrer dem eventuelt til \u00e5 bli milj\u00f8sertifisert."}],"image_policy":1891,"image_policy_mobile":"","id_section_card_section_sustainbility":"","title_section_card_section_sustainbility":"Vi m\u00e5ler milj\u00f8arbeidet i selskapet p\u00e5 f\u00f8lgende m\u00e5te","img_section_card_section_sustainbility":5324,"card_section":[{"content_list":[{"content_list_item_list":"Milj\u00f8sertifisering"},{"content_list_item_list":"Leverand\u00f8rlister"},{"content_list_item_list":"Prosedyrer"},{"content_list_item_list":"Instruksjoner for avfall"},{"content_list_item_list":"Samarbeidsavtaler"}]},{"content_list":[{"content_list_item_list":"Avvik"},{"content_list_item_list":"Antall PAX"},{"content_list_item_list":"Str\u00f8mforbruk, adm Kwh"},{"content_list_item_list":"Str\u00f8mforbruk, lokomotiv 1"},{"content_list_item_list":"Restavfall Tonn"}]},{"content_list":[{"content_list_item_list":"Antall flyreiser"},{"content_list_item_list":"Papirforbruk i antall utskrifter"},{"content_list_item_list":"Engangsutstyr. Antall innkj\u00f8p "},{"content_list_item_list":"Kj\u00f8ttprodukter. Innkj\u00f8pt mengde "}]}],"id_section_sustainability_goals":"goals","title_section_sustainability_goals":"V\u00e5re m\u00e5l for b\u00e6rekraft","sustainability_goals":[{"img_sustainability_goals":1918},{"img_sustainability_goals":1917},{"img_sustainability_goals":1916},{"img_sustainability_goals":1915},{"img_sustainability_goals":1914},{"img_sustainability_goals":1913},{"img_sustainability_goals":1912}],"id_seccion_block_text_media_sustainability":"policy","editor_seccion_block_text_media_sustainability":"<h2>V\u00e5re retningslinjer for kj\u00f8p<\/h2>\r\nVi m\u00e5 forbedre v\u00e5re kvalitets- og milj\u00f8prestasjoner hvert \u00e5r. Styring av innkj\u00f8p er en av de viktigste innsatsfaktorene for \u00e5 n\u00e5 dette m\u00e5let.\r\n\r\nVed innkj\u00f8p av materiale som skal vare en stund, m\u00e5 det gjennomf\u00f8res livssyklusanalyser, der produktenes kvalitet og milj\u00f8p\u00e5virkning fra \"vugge til grav\" m\u00e5 avklares og om mulig dokumenteres.\r\n\r\nVed innkj\u00f8p av materiale som skal vare en stund, m\u00e5 det gjennomf\u00f8res livssyklusanalyser, der produktenes kvalitet og milj\u00f8p\u00e5virkning fra \"vugge til grav\" m\u00e5 avklares og om mulig dokumenteres.","img_seccion_block_text_media_sustainability":5328},"_links":{"self":[{"href":"https:\/\/bestarctic.com\/no\/wp-json\/wp\/v2\/pages\/20434","targetHints":{"allow":["GET"]}}],"collection":[{"href":"https:\/\/bestarctic.com\/no\/wp-json\/wp\/v2\/pages"}],"about":[{"href":"https:\/\/bestarctic.com\/no\/wp-json\/wp\/v2\/types\/page"}],"author":[{"embeddable":true,"href":"https:\/\/bestarctic.com\/no\/wp-json\/wp\/v2\/users\/3"}],"replies":[{"embeddable":true,"href":"https:\/\/bestarctic.com\/no\/wp-json\/wp\/v2\/comments?post=20434"}],"version-history":[{"count":0,"href":"https:\/\/bestarctic.com\/no\/wp-json\/wp\/v2\/pages\/20434\/revisions"}],"wp:attachment":[{"href":"https:\/\/bestarctic.com\/no\/wp-json\/wp\/v2\/media?parent=20434"}],"curies":[{"name":"wp","href":"https:\/\/api.w.org\/{rel}","templated":true}]}}