{"id":20439,"date":"2024-11-21T12:36:02","date_gmt":"2024-11-21T11:36:02","guid":{"rendered":"https:\/\/bestarctic.com\/home\/"},"modified":"2025-11-20T17:09:15","modified_gmt":"2025-11-20T16:09:15","slug":"home","status":"publish","type":"page","link":"https:\/\/bestarctic.com\/no\/","title":{"rendered":"Home No"},"content":{"rendered":"","protected":false},"excerpt":{"rendered":"","protected":false},"author":2,"featured_media":0,"parent":0,"menu_order":0,"comment_status":"closed","ping_status":"closed","template":"","meta":{"_acf_changed":false,"footnotes":""},"class_list":["post-20439","page","type-page","status-publish","hentry"],"acf":{"bloques_de_contenido":[{"acf_fc_layout":"block_hero","id_seccion_block_hero_slim":"","video_o_imagen":"video","video_block_hero_slim_bg":7132,"hero_inicio_video_segundo":"","img_block_hero_slim_bg":null,"overlay_hero_slim":"yes","title_block_hero_slim":"  Arktiske eventyr, opplevelser og turer i Troms\u00f8 og Nord-Norge","text_block_hero_slim":"Fra nordlyssafari til hvalsafari, hundesledeturer, sn\u00f8scooter- og fjordturer - opplev det beste av Arktis med lokale ekspertguider.","add_activities_hero":"si","hero_carousel_activities":[7134,2341,6604,2342,20094]},{"acf_fc_layout":"block_carrusel_activities","id_seccion_carrusel_destacados_tabs":"","title_section_carrusel_destacados_tabs":"H\u00f8stturer i Troms\u00f8","subtitle_section_carrusel_destacados_tabs":"","text_section_carrusel_destacados_tabs":"","url_seccion_carrusel_destacados_tabs":"","add_background_color_to_section_tabs":"white","tabs_activities_seleccionados_tabs":[{"tab_text_tabs_activities_seleccionados_tabs":"Bestselgere","tab_carousel_activities_seleccionados_tabs":[20832,20829,20451,20455]},{"tab_text_tabs_activities_seleccionados_tabs":"Nordlysturer","tab_carousel_activities_seleccionados_tabs":[20832,20705,20732]},{"tab_text_tabs_activities_seleccionados_tabs":"Fjordturer","tab_carousel_activities_seleccionados_tabs":[20829,20821,20567]},{"tab_text_tabs_activities_seleccionados_tabs":"Hvalsafari","tab_carousel_activities_seleccionados_tabs":[20826,20719,20443]},{"tab_text_tabs_activities_seleccionados_tabs":"Rein og samisk kultur","tab_carousel_activities_seleccionados_tabs":[20735,20732]}]},{"acf_fc_layout":"block_carrusel_activities","id_seccion_carrusel_destacados_tabs":"","title_section_carrusel_destacados_tabs":"","subtitle_section_carrusel_destacados_tabs":"","text_section_carrusel_destacados_tabs":"","url_seccion_carrusel_destacados_tabs":{"title":"Utforsk alle turer","url":"https:\/\/booking.bestarctic.com\/en\/todo","target":""},"add_background_color_to_section_tabs":"white","tabs_activities_seleccionados_tabs":[{"tab_text_tabs_activities_seleccionados_tabs":"Familieturer","tab_carousel_activities_seleccionados_tabs":[20445,20732,20821,20451,20443]},{"tab_text_tabs_activities_seleccionados_tabs":"Best for grupper","tab_carousel_activities_seleccionados_tabs":[20834,20832,20735,20826]},{"tab_text_tabs_activities_seleccionados_tabs":"Best for par","tab_carousel_activities_seleccionados_tabs":[20832,20705,20732]},{"tab_text_tabs_activities_seleccionados_tabs":"Best for solo-reiser","tab_carousel_activities_seleccionados_tabs":[20832,20770,20766,20764,20829,20826]}]},{"acf_fc_layout":"block_card_grid","add_background_color_to_section_block_card_grid":"white","id_seccion_block_card_grid":"","title_section_block_card_grid":"Unike tilbud i Troms\u00f8","subtitle_section_block_card_grid":"","text_section_block_card_grid":"","url_seccion_block_card_grid":"","item_block_post_masonry_and_grid":[{"imagen_block_post_masonry_and_grid":7139,"titular_block_post_masonry_and_grid":"Iris Galerie: Lag kunst fra dine egne \u00f8yne","texto_block_post_masonry_and_grid":"Fang den unike essensen av din iris og forvandle den til et ekstraordin\u00e6rt kunstverk p\u00e5 Iris Galerie i Troms\u00f8, en virkelig personlig suvenir fra din arktiske reise.","location_block_post_masonry_and_grid":"Troms\u00f8","schedule_block_post_masonry_and_grid":"Sjekk \u00e5pningstidene  ","duration_block_post_masonry_and_grid":"2 timer  ","price_block_post_masonry_and_grid":"919 NOK","link_block_post_masonry_and_grid":{"title":"Bestill her","url":"https:\/\/booking.bestarctic.com\/en\/to-do\/2701583\/iris-galerie-make-art-from-your-own-eyes\/showdetails","target":"_blank"}},{"imagen_block_post_masonry_and_grid":7141,"titular_block_post_masonry_and_grid":"Design din egen s\u00f8lvring","texto_block_post_masonry_and_grid":"Vi inviterer deg til v\u00e5rt smykkestudio for \u00e5 lage din egen s\u00f8lvring. Ingen tidligere erfaring er n\u00f8dvendig. Ta med deg en verdifull suvenir fra Arktis hjem.  ","location_block_post_masonry_and_grid":"Troms\u00f8","schedule_block_post_masonry_and_grid":"10:00 \/16:15     ","duration_block_post_masonry_and_grid":"1,5 timer  ","price_block_post_masonry_and_grid":"1950 NOK","link_block_post_masonry_and_grid":{"title":"Bestill her","url":"https:\/\/booking.bestarctic.com\/en\/to-do\/2651556\/design-your-own-silver-ring\/showdetails","target":"_blank"}},{"imagen_block_post_masonry_and_grid":7143,"titular_block_post_masonry_and_grid":"Troms\u00f8 Snow Dome","texto_block_post_masonry_and_grid":"En fantastisk innend\u00f8rs attraksjon laget av sn\u00f8 og is, med fire unike rom som viser deg nordnorsk historie, natur og mytologi.","location_block_post_masonry_and_grid":"Troms\u00f8","schedule_block_post_masonry_and_grid":"Sjekk \u00e5pningstidene  ","duration_block_post_masonry_and_grid":"2 timer  ","price_block_post_masonry_and_grid":"325 NOK","link_block_post_masonry_and_grid":{"title":"Bestill her","url":"https:\/\/booking.bestarctic.com\/en\/to-do\/2755050\/troms%C3%B8-snow-dome\/showdetails","target":"_blank"}}]},{"acf_fc_layout":"block_carrusel_activities","id_seccion_carrusel_destacados_tabs":"","title_section_carrusel_destacados_tabs":"Andre turer i Troms\u00f8","subtitle_section_carrusel_destacados_tabs":"","text_section_carrusel_destacados_tabs":"","url_seccion_carrusel_destacados_tabs":{"title":"Utforsk alle turer","url":"https:\/\/booking.bestarctic.com\/en\/todo?filter=a_0%3D0-17%3Bg%3D104503%2C104502&_gl=1*8i9zky*_gcl_au*MTg2NjMzMjQyMS4xNzU5MzAzOTY1*_ga*MjAzODM4MDEzMC4xNzQ3MzA5NTA0*_ga_SC4QKMKDBR*czE3NjM2NDk5Nzkkbzg4JGcxJHQxNzYzNjU0NDE0JGo2MCRsMCRoMA..","target":""},"add_background_color_to_section_tabs":"green","tabs_activities_seleccionados_tabs":[{"tab_text_tabs_activities_seleccionados_tabs":"Bestselgere","tab_carousel_activities_seleccionados_tabs":[20770,20821,20758]},{"tab_text_tabs_activities_seleccionados_tabs":"Hundekj\u00f8ring","tab_carousel_activities_seleccionados_tabs":[20455]},{"tab_text_tabs_activities_seleccionados_tabs":"B\u00e5tturer","tab_carousel_activities_seleccionados_tabs":[20766,20764]},{"tab_text_tabs_activities_seleccionados_tabs":"Byturer","tab_carousel_activities_seleccionados_tabs":[20815,20760,20702,20486,20725]},{"tab_text_tabs_activities_seleccionados_tabs":"Innend\u00f8rsturer","tab_carousel_activities_seleccionados_tabs":[20451,20449]}]},{"acf_fc_layout":"block_carrusel_activities","id_seccion_carrusel_destacados_tabs":"","title_section_carrusel_destacados_tabs":"Vinterturer i Troms\u00f8","subtitle_section_carrusel_destacados_tabs":"","text_section_carrusel_destacados_tabs":"","url_seccion_carrusel_destacados_tabs":{"title":"Utforsk alle turer","url":"https:\/\/booking.bestarctic.com\/en\/todo?filter=a_0%3D0-588%2C0-738%3Bg%3D104503%2C104502&_gl=1*hjcxp3*_gcl_au*MTg2NjMzMjQyMS4xNzU5MzAzOTY1*_ga*MjAzODM4MDEzMC4xNzQ3MzA5NTA0*_ga_SC4QKMKDBR*czE3NjM2NDk5Nzkkbzg4JGcxJHQxNzYzNjU0MjgyJGo1NyRsMCRoMA..","target":""},"add_background_color_to_section_tabs":"white","tabs_activities_seleccionados_tabs":[{"tab_text_tabs_activities_seleccionados_tabs":"Bestselgere","tab_carousel_activities_seleccionados_tabs":[20832,20745,20742,20826,20828,20739]},{"tab_text_tabs_activities_seleccionados_tabs":"Nordlys","tab_carousel_activities_seleccionados_tabs":[20832,20828,20705,20685,20732,20730]},{"tab_text_tabs_activities_seleccionados_tabs":"Sn\u00f8scooter","tab_carousel_activities_seleccionados_tabs":[20742,20603,20710,20541,20709]},{"tab_text_tabs_activities_seleccionados_tabs":"Hundekj\u00f8ring","tab_carousel_activities_seleccionados_tabs":[20745,20714,20823,20650,20627,20625]},{"tab_text_tabs_activities_seleccionados_tabs":"Samiske- og reinturer","tab_carousel_activities_seleccionados_tabs":[20735,20732,20730,20727]},{"tab_text_tabs_activities_seleccionados_tabs":"Hvalsafari","tab_carousel_activities_seleccionados_tabs":[20719,20826,20502]}]}]},"_links":{"self":[{"href":"https:\/\/bestarctic.com\/no\/wp-json\/wp\/v2\/pages\/20439","targetHints":{"allow":["GET"]}}],"collection":[{"href":"https:\/\/bestarctic.com\/no\/wp-json\/wp\/v2\/pages"}],"about":[{"href":"https:\/\/bestarctic.com\/no\/wp-json\/wp\/v2\/types\/page"}],"author":[{"embeddable":true,"href":"https:\/\/bestarctic.com\/no\/wp-json\/wp\/v2\/users\/2"}],"replies":[{"embeddable":true,"href":"https:\/\/bestarctic.com\/no\/wp-json\/wp\/v2\/comments?post=20439"}],"version-history":[{"count":0,"href":"https:\/\/bestarctic.com\/no\/wp-json\/wp\/v2\/pages\/20439\/revisions"}],"wp:attachment":[{"href":"https:\/\/bestarctic.com\/no\/wp-json\/wp\/v2\/media?parent=20439"}],"curies":[{"name":"wp","href":"https:\/\/api.w.org\/{rel}","templated":true}]}}