{"id":23503,"date":"2026-04-20T07:44:23","date_gmt":"2026-04-20T05:44:23","guid":{"rendered":"https:\/\/bestarctic.com\/?page_id=23503"},"modified":"2026-04-21T12:41:03","modified_gmt":"2026-04-21T10:41:03","slug":"bus-between-tromso-and-sommaroy","status":"publish","type":"page","link":"https:\/\/bestarctic.com\/no\/the-arctic-route\/arctic-summer-routes-explore-the-arctic\/bus-between-tromso-and-sommaroy\/","title":{"rendered":"Bus between Troms\u00f8 and Sommar\u00f8y"},"content":{"rendered":"","protected":false},"excerpt":{"rendered":"","protected":false},"author":17,"featured_media":0,"parent":4552,"menu_order":0,"comment_status":"closed","ping_status":"closed","template":"page-route.php","meta":{"_acf_changed":false,"footnotes":""},"class_list":["post-23503","page","type-page","status-publish","hentry"],"acf":{"bloques_de_contenido":[{"acf_fc_layout":"block_booking_script","id_seccion_block_booking_script":"booking","title_seccion_block_booking_script":"Tickets to Sommar\u00f8y: Book here","subtitle_seccion_block_booking_script":"","text_seccion_block_booking_script":"<span data-olk-copy-source=\"MessageBody\">We recommend booking your ticket in advance<\/span> via our website to guarantee your spot. You can also buy your ticket onboard the bus.","url_seccion_block_booking_script":"","add_background_color_to_section_booking_script":"green","script_block_booking_script":"<script type=\"text\/javascript\">\r\n (function() {\r\n var widget = document.createElement('script'); widget.type = 'text\/javascript'; widget.async = true;\r\n widget.src = 'https:\/\/booking.bestarctic.com\/en\/activitytransportwidget\/searchform?cbisProductId=2819032&enablePromocode=true&tripType=oneway';\r\n var s = document.getElementsByTagName('script')[0]; s.parentNode.insertBefore(widget, s);\r\n })();\r\n <\/script><div id=\"citybreak_activity_transport_searchform_widget\"><\/div>"},{"acf_fc_layout":"block_timetable","id_seccion_timetable":"timetable","title_seccion_timetable":"Timetable","subtitle_seccion_timetable":"Bus schedule","text_seccion_timetable":"","add_timetable":[{"table_title_timetable":"","table_body_row_timetable":[{"table_body_cell_timetable":[{"table_body_item_text_cell":"Bus stop"},{"table_body_item_text_cell":"Schedule"},{"table_body_item_text_cell":"Information"}]},{"table_body_cell_timetable":[{"table_body_item_text_cell":"<a href=\"https:\/\/www.google.com\/maps\/place\/The+Arctic+Route\/@69.6469991,18.9588126,17.13z\/data=!4m6!3m5!1s0x45c4c464bad01f47:0x5092ead77ae0b597!8m2!3d69.646946!4d18.9590048!16s%2Fg%2F11hzv4zlct?entry=tts&g_ep=EgoyMDI2MDMwNC4xIPu8ASoASAFQAw%3D%3D&skid=22544db7-9052-4e61-8f5d-1aff4aa16801\"_blank\">Troms\u00f8 Prostneset Bus Terminal - Platform 3 <\/a>"},{"table_body_item_text_cell":"08:45"},{"table_body_item_text_cell":"Not on Sundays"}]},{"table_body_cell_timetable":[{"table_body_item_text_cell":"<a href=\"https:\/\/www.google.com\/maps\/place\/Sommar\u00f8y+Arctic+Hotel+Troms\u00f8+AS\/@69.635874,17.9901924,17.06z\/data=!4m9!3m8!1s0x45c4ae5ea3c663ad:0xd303ac4e36cca531!5m2!4m1!1i2!8m2!3d69.6354723!4d17.9919804!16s%2Fg%2F1thbv6w6?entry=tts&g_ep=EgoyMDI2MDMwNC4xIPu8ASoASAFQAw%3D%3D&skid=113d7da7-4534-4b84-a455-b76871122eca\">Sommar\u00f8y Arctic Hotel<\/a>"},{"table_body_item_text_cell":"10:05"},{"table_body_item_text_cell":"Not on Sundays - Offboarding only"}]},{"table_body_cell_timetable":[{"table_body_item_text_cell":"<a href=\"https:\/\/www.google.com\/maps\/place\/The+Arctic+Route\/@69.6469991,18.9588126,17.13z\/data=!4m6!3m5!1s0x45c4c464bad01f47:0x5092ead77ae0b597!8m2!3d69.646946!4d18.9590048!16s%2Fg%2F11hzv4zlct?entry=tts&g_ep=EgoyMDI2MDMwNC4xIPu8ASoASAFQAw%3D%3D&skid=22544db7-9052-4e61-8f5d-1aff4aa16801\"_blank\">Troms\u00f8 Prostneset Bus Terminal - Platform 3 <\/a>"},{"table_body_item_text_cell":"11:30 "},{"table_body_item_text_cell":"Onboarding only"}]},{"table_body_cell_timetable":[{"table_body_item_text_cell":"<a href=\"https:\/\/www.google.com\/maps\/place\/Sommar\u00f8y+Arctic+Hotel+Troms\u00f8+AS\/@69.635874,17.9901924,17.06z\/data=!4m9!3m8!1s0x45c4ae5ea3c663ad:0xd303ac4e36cca531!5m2!4m1!1i2!8m2!3d69.6354723!4d17.9919804!16s%2Fg%2F1thbv6w6?entry=tts&g_ep=EgoyMDI2MDMwNC4xIPu8ASoASAFQAw%3D%3D&skid=113d7da7-4534-4b84-a455-b76871122eca\">Sommar\u00f8y Arctic Hotel<\/a>"},{"table_body_item_text_cell":"13:10 "},{"table_body_item_text_cell":"Offboarding only"}]},{"table_body_cell_timetable":[{"table_body_item_text_cell":"<a href=\"https:\/\/www.google.com\/maps\/place\/Sommar\u00f8y+Arctic+Hotel+Troms\u00f8+AS\/@69.635874,17.9901924,17.06z\/data=!4m9!3m8!1s0x45c4ae5ea3c663ad:0xd303ac4e36cca531!5m2!4m1!1i2!8m2!3d69.6354723!4d17.9919804!16s%2Fg%2F1thbv6w6?entry=tts&g_ep=EgoyMDI2MDMwNC4xIPu8ASoASAFQAw%3D%3D&skid=113d7da7-4534-4b84-a455-b76871122eca\">Sommar\u00f8y Arctic Hotel<\/a>"},{"table_body_item_text_cell":"14:15"},{"table_body_item_text_cell":"Onboarding only"}]},{"table_body_cell_timetable":[{"table_body_item_text_cell":"<a href=\"https:\/\/www.google.com\/maps\/place\/The+Arctic+Route\/@69.6469991,18.9588126,17.13z\/data=!4m6!3m5!1s0x45c4c464bad01f47:0x5092ead77ae0b597!8m2!3d69.646946!4d18.9590048!16s%2Fg%2F11hzv4zlct?entry=tts&g_ep=EgoyMDI2MDMwNC4xIPu8ASoASAFQAw%3D%3D&skid=22544db7-9052-4e61-8f5d-1aff4aa16801\"_blank\">Troms\u00f8 Prostneset Bus Terminal - Platform 3 <\/a>"},{"table_body_item_text_cell":"16:00"},{"table_body_item_text_cell":"Offboarding only"}]},{"table_body_cell_timetable":[{"table_body_item_text_cell":"<a href=\"https:\/\/www.google.com\/maps\/place\/Sommar\u00f8y+Arctic+Hotel+Troms\u00f8+AS\/@69.635874,17.9901924,17.06z\/data=!4m9!3m8!1s0x45c4ae5ea3c663ad:0xd303ac4e36cca531!5m2!4m1!1i2!8m2!3d69.6354723!4d17.9919804!16s%2Fg%2F1thbv6w6?entry=tts&g_ep=EgoyMDI2MDMwNC4xIPu8ASoASAFQAw%3D%3D&skid=113d7da7-4534-4b84-a455-b76871122eca\">Sommar\u00f8y Arctic Hotel<\/a>"},{"table_body_item_text_cell":"19:10"},{"table_body_item_text_cell":"Onboarding only"}]},{"table_body_cell_timetable":[{"table_body_item_text_cell":"<a href=\"https:\/\/www.google.com\/maps\/place\/The+Arctic+Route\/@69.6469991,18.9588126,17.13z\/data=!4m6!3m5!1s0x45c4c464bad01f47:0x5092ead77ae0b597!8m2!3d69.646946!4d18.9590048!16s%2Fg%2F11hzv4zlct?entry=tts&g_ep=EgoyMDI2MDMwNC4xIPu8ASoASAFQAw%3D%3D&skid=22544db7-9052-4e61-8f5d-1aff4aa16801\"_blank\">Troms\u00f8 Prostneset Bus Terminal - Platform 3 <\/a>"},{"table_body_item_text_cell":"20:25"},{"table_body_item_text_cell":""}]}]}],"pdf_timetable_download":""},{"acf_fc_layout":"block_slider_two_cols","id_seccion_block_slider_two_cols":"highlights","title_section_block_slider_two_cols":"Explore the gems of Sommar\u00f8y","subtitle_section_block_slider_two_cols":"Summer 2026","text_section_block_slider_two_cols":"","url_section_block_slider_two_cols":"","add_background_color_to_block_slider_two_cols":"white","item_slider_block_slider_two_cols":[{"imagen_item_slider_block_slider_two_cols":23510,"imagen_item_slider_block_slider_two_cols_mobile":"","title_item_slider_block_slider_two_cols":"An Arctic island paradise","texto_item_carrusel_two_cols":"Sommar\u00f8y is famous for its white sandy beaches and crystal-clear turquoise waters - often compared to the Caribbean, but located above the Arctic Circle."},{"imagen_item_slider_block_slider_two_cols":23514,"imagen_item_slider_block_slider_two_cols_mobile":"","title_item_slider_block_slider_two_cols":"Midnight Sun","texto_item_carrusel_two_cols":"In summer, the sun never sets, creating endless daylight."},{"imagen_item_slider_block_slider_two_cols":23506,"imagen_item_slider_block_slider_two_cols_mobile":"","title_item_slider_block_slider_two_cols":"Easy day trip from Troms\u00f8","texto_item_carrusel_two_cols":"Located just about an hour and a half from Troms\u00f8, Sommar\u00f8y is a perfect and accessible destination for a scenic bus journey or day trip."},{"imagen_item_slider_block_slider_two_cols":23516,"imagen_item_slider_block_slider_two_cols_mobile":"","title_item_slider_block_slider_two_cols":"Authentic Arctic charm","texto_item_carrusel_two_cols":"This small fishing village gives you a genuine taste of Northern Norwegian life, surrounded by peaceful landscapes and raw Arctic nature."}]},{"acf_fc_layout":"block_accordion","id_seccion_block_accordion":"faq","title_seccion_block_accordion":"FAQ","subtitle_seccion_block_accordion":"About Arctic Route","text_seccion_block_accordion":"","url_seccion_block_accordion":"","add_background_color_to_section_accordion":"white","item_accordion":[{"title_accordion":"Is this a hop-on hop-off bus?","text_content_accordion":"No, this is not a traditional hop-on hop-off service. You must purchase individual tickets for each leg of your journey."},{"title_accordion":"How do I recognize the bus?","text_content_accordion":"Look for the red Arctic Route buses with the Arctic Route logo."},{"title_accordion":"Are the bus stops clearly marked?","text_content_accordion":"No, bus stops are not labeled with \u201cArctic Route,\u201d so check your stop location carefully in advance."},{"title_accordion":"What time should I arrive before departure?","text_content_accordion":"You should arrive at least 10 minutes before departure."},{"title_accordion":"Do I need to book in advance?","text_content_accordion":"Booking in advance is recommended to guarantee your seat, especially during peak season."},{"title_accordion":"How do I buy tickets?","text_content_accordion":"You can purchase tickets online in advance or directly onboard the bus."},{"title_accordion":"Are there any discounted ticket prices?","text_content_accordion":"On our route, we have a fixed price of 290 NOK for adults. Children under 15 pay half price 145 NOK, and children under 3 travel free of charge."},{"title_accordion":"Does the Arctic Route run in all weather conditions?","text_content_accordion":"The shuttle typically runs in most weather conditions, but extreme\u00a0and unsafe weather conditions may lead to its cancellation. In that case, you will get a notification on our side."}]},{"acf_fc_layout":"block_testimonials","id_seccion_block_testimonial":"","title_seccion_block_testimonial":"","item_testimonio_block_testimonials":[{"texto_block_testimonials":"We drove from Troms\u00f8 to Sommar\u00f8y. The route was definitely the most beautiful we have experienced so far. Stunning landscapes unlike anything else. The bus was clean and very comfortable. Everything was punctual and booking the tickets was easy. The driver was friendly, spoke some English, and drove very well. Highly recommended!","nombre_block_testimonials":"Matthew","date_block_testimonials":"July 2025","star_block_testimonials":"cinco"},{"texto_block_testimonials":"Today we had the pleasure of a very informative and pleasant driver, Jon, who did everything I had hoped for and asked for previously. This was a nice experience.","nombre_block_testimonials":"Trond","date_block_testimonials":"February 2025","star_block_testimonials":"cinco"},{"texto_block_testimonials":"We travelled from Troms\u00f8 to Sommar\u00f8y. The route was definitely the most beautiful we've ever taken. The scenery was breathtaking and unparalleled. The bus was clean and very comfortable. Booking tickets was straightforward and on time. The driver was friendly, spoke some English, and drove exceptionally well. Highly recommended!","nombre_block_testimonials":"Ian","date_block_testimonials":"January 2026","star_block_testimonials":"cinco"},{"texto_block_testimonials":"The most scenic magical experience","nombre_block_testimonials":"Lakshmi","date_block_testimonials":"January 2026","star_block_testimonials":"cinco"}]}],"id_seccion_hero_route":"hero","video_o_imagen_hero":"img","video_hero_route_bg":"","route_hero_inicio_video_segundo":"","img_hero_route_bg":23514,"overlay_hero_page":"yes","title_hero_route":"Direct bus between Troms\u00f8 city center & Sommar\u00f8y","text_hero_route":"","label_hero_route":"GO\u00a0-\u00a0EXPLORE\u00a0-\u00a0RETURN","url_hero_route":{"title":"NEW: Book here","url":"#booking","target":""},"id_section_overview":"schedule","price_route_template":"NOK 290 (Adult)","url_booking_route_template":"https:\/\/booking.bestarctic.com\/en\/to-do\/2819032\/arctic-route-troms%C3%B8-sommar%C3%B8y-troms%C3%B8\/showdetails","secondary_navigation":[{"secondary_text_item":"Overview","secondary_anchor_item":"#overview"},{"secondary_text_item":"Bus schedule","secondary_anchor_item":"#timetable"},{"secondary_text_item":"Good to know","secondary_anchor_item":"#faq"},{"secondary_text_item":"What to do in Sommar\u00f8y","secondary_anchor_item":"#highlights"}],"map_route_template":23520,"map_route_template_google":"","info_route":"This is a direct shuttle service with fixed departures, making it easy to plan a same-day return trip to Sommar\u00f8y, with a one-way travel time of 1.5 hours.\r\n<h2>The easiest way to visit Sommar\u00f8y island from Troms\u00f8 \u2013 no car needed<\/h2>\r\nThe Arctic Route 930 from Troms\u00f8 to Sommar\u00f8y makes it easy to explore one of Northern Norway\u2019s most breathtaking island destinations - no rental car needed.\r\n\r\nSit back and enjoy a scenic journey through dramatic fjords, mountain landscapes, and white-sand beaches. In just over an hour, arrive in Sommar\u00f8y, known for its turquoise waters, peaceful atmosphere, and spectacular photo opportunities.\r\n\r\nExplore Sommar\u00f8y at your own pace. Walk around, sunbathe on one of the many white-sanded beaches, take a dip in the sea, hike up S\u00f8rkollen or Nordkollen on Hilles\u00f8y, spot the arctic wildlife, enjoy local food at Sommar\u00f8y Hotel, and more.\r\n<p data-start=\"886\" data-end=\"908\"><strong>Onboard you will find:<\/strong><\/p>\r\n\r\n<ul>\r\n \t<li data-start=\"886\" data-end=\"908\"><strong>Comfortable seating<\/strong><\/li>\r\n \t<li data-section-id=\"1lcn1na\" data-start=\"933\" data-end=\"961\"><strong>English-speaking drivers<\/strong><\/li>\r\n \t<li data-section-id=\"1cdavpc\" data-start=\"962\" data-end=\"976\"><strong>Free Wi-Fi<\/strong><\/li>\r\n \t<li data-section-id=\"eptjf1\" data-start=\"977\" data-end=\"998\"><strong>Space for luggage<\/strong><\/li>\r\n<\/ul>","id_section_general_information":"","list_items_general_information":[{"icon_list_items_general_information":5092,"title_list_items_general_information":"Single Tickets ","text_list_items_general_information":"","link_list_items_general_information":{"title":"Book here","url":"#booking","target":""}},{"icon_list_items_general_information":1461,"title_list_items_general_information":"Adult","text_list_items_general_information":"NOK 290","link_list_items_general_information":""},{"icon_list_items_general_information":1461,"title_list_items_general_information":"Child (4-15 years)","text_list_items_general_information":"NOK 145","link_list_items_general_information":""},{"icon_list_items_general_information":1461,"title_list_items_general_information":"Infant (0-3 years)","text_list_items_general_information":"NOK 0","link_list_items_general_information":""},{"icon_list_items_general_information":1668,"title_list_items_general_information":"Season","text_list_items_general_information":"June - August","link_list_items_general_information":""},{"icon_list_items_general_information":5094,"title_list_items_general_information":"Travel time","text_list_items_general_information":"1,5 hours","link_list_items_general_information":""}],"id_section_accordion":"","accordion_item":[{"title_head_accordion":"Price & Ticket info","image_content_accordion":23506,"content_accordion":"<span data-olk-copy-source=\"MessageBody\">We recommend booking your ticket in advance<\/span>\u00a0via our website to guarantee your spot.\r\n\r\nYou can also buy your ticket onboard the bus at the same price.\r\n\r\n&nbsp;\r\n\r\nAdult 290 NOK\r\n\r\nChild (4- 15 years) 145 NOK\r\n\r\nInfant (0-3 years) Free"},{"title_head_accordion":"Bus stops & schedule","image_content_accordion":23388,"content_accordion":"The bus is red marked with Bussring and\/or Arctic Route logo.\r\n\r\n&nbsp;\r\n\r\nPlease mind that the bus stops are not marked with any \u201cArctic Route\u201d sign."},{"title_head_accordion":"Traveling with children","image_content_accordion":6153,"content_accordion":"<p data-start=\"57\" data-end=\"231\">We have booster seats available onboard.<\/p>\r\n<p data-start=\"233\" data-end=\"307\">If you need a baby seat, please inform us before travel (<a class=\"decorated-link cursor-pointer\" rel=\"noopener\" data-start=\"150\" data-end=\"188\">info@bestarctic.com) <\/a>or bring your own.<\/p>"},{"title_head_accordion":"Luggage transportation","image_content_accordion":4708,"content_accordion":"Each passenger may bring one item of easy-to-manage hand baggage, which must fit under the seat or in the overhead rack, as well as an item no larger than height + length + width = 200 cm\/23 kg.\r\n\r\nUnfortunately it is not allowed to transport sports gear with you (such as surfboards, golf equipment or bikes)."}],"route_faqs_url":"https:\/\/bestarctic.com\/faq\/"},"_links":{"self":[{"href":"https:\/\/bestarctic.com\/no\/wp-json\/wp\/v2\/pages\/23503","targetHints":{"allow":["GET"]}}],"collection":[{"href":"https:\/\/bestarctic.com\/no\/wp-json\/wp\/v2\/pages"}],"about":[{"href":"https:\/\/bestarctic.com\/no\/wp-json\/wp\/v2\/types\/page"}],"author":[{"embeddable":true,"href":"https:\/\/bestarctic.com\/no\/wp-json\/wp\/v2\/users\/17"}],"replies":[{"embeddable":true,"href":"https:\/\/bestarctic.com\/no\/wp-json\/wp\/v2\/comments?post=23503"}],"version-history":[{"count":0,"href":"https:\/\/bestarctic.com\/no\/wp-json\/wp\/v2\/pages\/23503\/revisions"}],"up":[{"embeddable":true,"href":"https:\/\/bestarctic.com\/no\/wp-json\/wp\/v2\/pages\/4552"}],"wp:attachment":[{"href":"https:\/\/bestarctic.com\/no\/wp-json\/wp\/v2\/media?parent=23503"}],"curies":[{"name":"wp","href":"https:\/\/api.w.org\/{rel}","templated":true}]}}