{"id":4480,"date":"2025-04-23T13:48:40","date_gmt":"2025-04-23T11:48:40","guid":{"rendered":"https:\/\/stanewbestarct.wpenginepowered.com\/?page_id=4480"},"modified":"2026-04-29T14:39:47","modified_gmt":"2026-04-29T12:39:47","slug":"timetable-and-dates-norsk","status":"publish","type":"page","link":"https:\/\/bestarctic.com\/no\/timetable-and-dates-norsk\/","title":{"rendered":"Flybuss Troms\u00f8 &#8211; Ruteplan, tidsplaner og datoer"},"content":{"rendered":"","protected":false},"excerpt":{"rendered":"","protected":false},"author":4,"featured_media":0,"parent":0,"menu_order":0,"comment_status":"closed","ping_status":"closed","template":"","meta":{"_acf_changed":false,"footnotes":""},"class_list":["post-4480","page","type-page","status-publish","hentry"],"acf":{"bloques_de_contenido":[{"acf_fc_layout":"block_hero_page","id_block_hero_page":"","video_o_imagen_hero_page":"video","video_block_hero_page_bg":5483,"hero_page_inicio_video_segundo":15,"img_block_hero_page_bg":2327,"overlay_hero_page":"yes","title_block_hero_page":"Buss fra Troms\u00f8 sentrum til flyplassen: rutetider og billetter","text_block_hero_page":"","label_block_hero_page":"","link_block_hero_page":{"title":"Bestill billet her","url":"https:\/\/booking.bestarctic.com\/en\/to-do\/2071841\/airport-express-airport-centrum-airport\/showdetails","target":"_blank"},"add_imagen_extra_hero_page":"no","cta_imagen_extra_hero_page":false,"imagen_content_block_hero_page":null,"one_imagen_content_block_hero_page":null,"two_imagen_content_block_hero_page":null,"three_imagen_content_block_hero_page":null,"three_imagen_content_block_hero_page_title":"","three_imagen_content_block_hero_page_text":"","three_imagen_content_block_hero_page_text_cta":"","three_imagen_content_block_hero_page_url_cta":""},{"acf_fc_layout":"block_sticky_bar","secondary_navigation":[{"secondary_text_item":"FLYPLASS - SENTRUM (Mandag - Fredag)","secondary_anchor_item":"#FSentrumMandag"},{"secondary_text_item":"FLYPLASS - SENTRUM (L\u00f8rdag)","secondary_anchor_item":"#FSentrumLordag"},{"secondary_text_item":"FLYPLASS - SENTRUM (S\u00f8ndag)","secondary_anchor_item":"#FSentrumSondag"},{"secondary_text_item":"SENTRUM - FLYPLASS (Mandag - Fredag)","secondary_anchor_item":"#HVERDAGER"},{"secondary_text_item":"SENTRUM - FLYPLASS (L\u00f8rdag)","secondary_anchor_item":"#L\u00d8RDAGER"},{"secondary_text_item":"SENTRUM - FLYPLASS (S\u00f8ndag)","secondary_anchor_item":"#S\u00d8NDAGER"}]},{"acf_fc_layout":"block_two_cols_banner_info","id_seccion_block_two_cols_banner_info":"","titulo_section_block_two_cols_banner_info":"","subtitulo_section_block_two_cols_banner_info":"","texto_section_block_two_cols_banner_info":"","url_seccion_block_two_cols_banner_info":"","add_background_color_to_block_two_cols_banner_info":"white","repetater_block_two_cols_banner_info":[{"icon_repetater_block_two_cols_banner_info":"","image_repetater_block_two_cols_banner_info":5676,"title_repetater_block_two_cols_banner_info":"English version","link_repetater_block_two_cols_banner_info":{"title":"See schedules in English","url":"https:\/\/bestarctic.com\/norway-airport-express-tromso-airport-bus-timetable\/","target":""},"text_repetater_block_two_cols_banner_info":""},{"icon_repetater_block_two_cols_banner_info":"","image_repetater_block_two_cols_banner_info":5678,"title_repetater_block_two_cols_banner_info":"Norsk version","link_repetater_block_two_cols_banner_info":{"title":"See schedules in Norwegian","url":"https:\/\/bestarctic.com\/timetable-and-dates-norsk\/","target":""},"text_repetater_block_two_cols_banner_info":""}],"icon_banner_block_two_cols_banner_info":5660,"text_banner_block_two_cols_banner_info":"Troms\u00f8 sentrum - Troms\u00f8 lufthavn bussrute: Rutetabeller og billetter"},{"acf_fc_layout":"block_texto_media","id_seccion_block_text_media":"","title_seccion_block_text_media":"","subtitle_seccion_block_text_media":"","text_seccion_block_text_media":"","url_seccion_block_text_media":"","add_background_color_to_block_text_media":"white","tipo_de_contenido_block_text_media":"texto","editor_de_texto_tipo_de_contenido_block_text_media":"<h2>Priser, billetter og tidsplaner<\/h2>\r\nVi tilbyr reisende transport til\/ fra Troms\u00f8 Lufthavn, via Moxy Hotel, til de st\u00f8rste sentrumshotellene (begge veier). Velkommen om bord!\r\n\r\nFinn v\u00e5r <strong>r\u00f8de buss utenfor ankomstomr\u00e5det p\u00e5 Troms\u00f8 Lufthavn<\/strong> <a href=\"https:\/\/maps.app.goo.gl\/ryLpG8WVtSomv4kW9\" target=\"_blank\" rel=\"noopener\"><strong>her<\/strong><\/a>.\r\n\r\nBilletter kan kj\u00f8pes p\u00e5 nett eller p\u00e5 bussen n\u00e5r du hopper p\u00e5.\r\n\r\nSe de r\u00f8de bussene p\u00e5 alle de forskjellige holdeplassene.\r\n<ul>\r\n \t<li><strong>Pris Voksen:<\/strong> 125 kr\/200 kr<\/li>\r\n \t<li><strong>Pris Student:<\/strong> 100 kr\/165 kr<\/li>\r\n \t<li><strong>Pris Ungdom:<\/strong> 100 kr\/165 kr<\/li>\r\n \t<li><strong>Pris Barn (4-15):<\/strong> 80 kr\/130 kr<\/li>\r\n \t<li><strong>Pris Senior:<\/strong> 100 kr\/165 kr<\/li>\r\n<\/ul>\r\n<a class=\"button\" href=\"https:\/\/bestarctic.com\/wp-content\/uploads\/2026\/04\/Best-Arctic-Airport-Express-schedules_APRIL_2026_NR.pdf\" target=\"_blank\" rel=\"noopener\">TIDSPLANER FRA 07.04.2026<\/a>\r\n\r\n<a class=\"button\" href=\"https:\/\/booking.bestarctic.com\/en\/to-do\/2071841\/airport-express-airport-centrum-airport\/showdetails?page=1&amp;sorting=st%3Da%3Bso%3Da&amp;filter=g%3D104503\" target=\"_blank\" rel=\"noopener\">Bestill billett her<\/a>\r\n<p data-start=\"60\" data-end=\"110\"><strong data-start=\"60\" data-end=\"110\">Sjekk hvor bussholdeplassene v\u00e5re er plassert:<\/strong><\/p>\r\n<p data-start=\"112\" data-end=\"276\"><strong data-start=\"112\" data-end=\"148\">Fra sentrum mot Troms\u00f8 lufthavn:<\/strong>\r\n<strong><a href=\"https:\/\/www.google.com\/maps\/place\/69%C2%B039'13.6%22N+18%C2%B057'58.4%22E\/@69.6537738,18.9636441,392m\/data=!3m2!1e3!4b1!4m4!3m3!8m2!3d69.653772!4d18.966219?entry=ttu&amp;g_ep=EgoyMDI2MDEwNy4wIKXMDSoKLDEwMDc5MjA2OUgBUAM%3D\" target=\"_blank\" rel=\"noopener\">- The Dock Hotel 69\u00b039 by Scandic<\/a><\/strong><br data-start=\"182\" data-end=\"185\" \/><strong><a href=\"https:\/\/www.google.com\/maps\/place\/69%C2%B038'57.6%22N+18%C2%B057'42.6%22E\/@69.6493208,18.9592541,392m\/data=!3m2!1e3!4b1!4m4!3m3!8m2!3d69.649319!4d18.961829?entry=ttu&amp;g_ep=EgoyMDI2MDEwNy4wIKXMDSoKLDEwMDc5MjA2OUgBUAM%3D\" target=\"_blank\" rel=\"noopener\">- Scandic Ishavshotel<\/a><\/strong><br data-start=\"206\" data-end=\"209\" \/><a href=\"https:\/\/www.google.com\/maps\/place\/69%C2%B038'49.0%22N+18%C2%B057'33.8%22E\/@69.6469438,18.9568261,392m\/data=!3m2!1e3!4b1!4m4!3m3!8m2!3d69.646942!4d18.959401?entry=ttu&amp;g_ep=EgoyMDI2MDEwNy4wIKXMDSoKLDEwMDc5MjA2OUgBUAM%3D\" target=\"_blank\" rel=\"noopener\"><strong>- Prostneset bussterminal<\/strong><\/a><br data-start=\"234\" data-end=\"237\" \/><a href=\"https:\/\/www.google.com\/maps\/place\/69%C2%B038'53.7%22N+18%C2%B057'15.5%22E\/@69.6482488,18.9517361,392m\/data=!3m2!1e3!4b1!4m4!3m3!8m2!3d69.648247!4d18.954311?entry=ttu&amp;g_ep=EgoyMDI2MDEwNy4wIKXMDSoKLDEwMDc5MjA2OUgBUAM%3D\" target=\"_blank\" rel=\"noopener\"><strong>- Storgata<\/strong><\/a><br data-start=\"247\" data-end=\"250\" \/><a href=\"https:\/\/www.google.com\/maps\/place\/69%C2%B038'42.4%22N+18%C2%B056'55.2%22E\/@69.6451208,18.9460921,392m\/data=!3m2!1e3!4b1!4m4!3m3!8m2!3d69.645119!4d18.948667?entry=ttu&amp;g_ep=EgoyMDI2MDEwNy4wIKXMDSoKLDEwMDc5MjA2OUgBUAM%3D\" target=\"_blank\" rel=\"noopener\"><strong>- Polaria<\/strong><\/a><br data-start=\"259\" data-end=\"262\" \/><a href=\"https:\/\/www.google.com\/maps\/place\/69%C2%B040'13.8%22N+18%C2%B055'18.9%22E\/@69.6705018,18.9193501,392m\/data=!3m2!1e3!4b1!4m4!3m3!8m2!3d69.6705!4d18.921925?entry=ttu&amp;g_ep=EgoyMDI2MDEwNy4wIKXMDSoKLDEwMDc5MjA2OUgBUAM%3D\" target=\"_blank\" rel=\"noopener\"><strong>- Moxy Hotel<\/strong><\/a><\/p>\r\n<p data-start=\"278\" data-end=\"429\" data-is-last-node=\"\" data-is-only-node=\"\"><strong data-start=\"278\" data-end=\"314\">Fra Troms\u00f8 lufthavn mot sentrum:<\/strong>\r\n<a href=\"https:\/\/www.google.com\/maps\/place\/69%C2%B038'41.6%22N+18%C2%B056'55.5%22E\/@69.6448878,18.9461801,392m\/data=!3m2!1e3!4b1!4m4!3m3!8m2!3d69.644886!4d18.948755?entry=ttu&amp;g_ep=EgoyMDI2MDEwNy4wIKXMDSoKLDEwMDc5MjA2OUgBUAM%3D\" target=\"_blank\" rel=\"noopener\"><strong>- Polaria<\/strong><\/a><br data-start=\"324\" data-end=\"327\" \/><a href=\"https:\/\/www.google.com\/maps\/place\/69%C2%B038'50.8%22N+18%C2%B057'12.9%22E\/@69.6474548,18.9510071,392m\/data=!3m2!1e3!4b1!4m4!3m3!8m2!3d69.647453!4d18.953582?entry=ttu&amp;g_ep=EgoyMDI2MDEwNy4wIKXMDSoKLDEwMDc5MjA2OUgBUAM%3D\" target=\"_blank\" rel=\"noopener\"><strong>- Storgata<\/strong><\/a><br data-start=\"337\" data-end=\"340\" \/>(alle de andre holdeplassene ligger p\u00e5 samme koordinater som de ovennevnte holdeplassene)<\/p>","tipo_link":"link","boton_block_text_media":"","imagen_block_text_media":null,"tipo_de_contenido_block_text_media_dcha":"media","editor_de_texto_tipo_de_contenido_block_text_media_dcha":"","tipo_link_dcha":false,"boton_block_text_media_dcha":null,"imagen_block_text_media_dcha":22354},{"acf_fc_layout":"block_season","id_seccion_block_season":"FSentrumMandag","title_section_block_season":"FLYPLASS - SENTRUM (Mandag - Fredag)","subtitle_section_block_season":"","text_section_block_season":"","add_background_color_to_block_season":"white","map_block_season":23378,"map_block_season_mobile":"","map_block_season_copy":"","map_block_season_mobile_copy":"","url_seccion_block_season_mobile":{"title":"TIDSPLANER FRA 07.04.2026","url":"https:\/\/bestarctic.com\/wp-content\/uploads\/2026\/04\/Best-Arctic-Airport-Express-schedules_APRIL_2026_NR.pdf","target":"_blank"},"url_seccion_block_season_mobile_2":{"title":"Bestill billet her","url":"https:\/\/booking.bestarctic.com\/en\/to-do\/2071841\/airport-express-airport-centrum-airport\/showdetails","target":""},"url_seccion_block_season_mobile_3":"","title_section_cards_block_season":"","id_card_block_season":"","card_block_season":null},{"acf_fc_layout":"block_season","id_seccion_block_season":"FSentrumLordag","title_section_block_season":"FLYPLASS - SENTRUM (L\u00f8rdag)","subtitle_section_block_season":"","text_section_block_season":"","add_background_color_to_block_season":"white","map_block_season":23374,"map_block_season_mobile":"","map_block_season_copy":"","map_block_season_mobile_copy":"","url_seccion_block_season_mobile":{"title":"TIDSPLANER FRA 07.04.2026","url":"https:\/\/bestarctic.com\/wp-content\/uploads\/2026\/04\/Best-Arctic-Airport-Express-schedules_APRIL_2026_NR.pdf","target":"_blank"},"url_seccion_block_season_mobile_2":{"title":"Bestill billett her","url":"https:\/\/booking.bestarctic.com\/en\/to-do\/2071841\/airport-express-airport-centrum-airport\/showdetails","target":"_blank"},"url_seccion_block_season_mobile_3":"","title_section_cards_block_season":"","id_card_block_season":"","card_block_season":null},{"acf_fc_layout":"block_season","id_seccion_block_season":"FSentrumSondag","title_section_block_season":"FLYPLASS - SENTRUM (S\u00f8ndag)","subtitle_section_block_season":"","text_section_block_season":"","add_background_color_to_block_season":"white","map_block_season":23372,"map_block_season_mobile":"","map_block_season_copy":"","map_block_season_mobile_copy":"","url_seccion_block_season_mobile":{"title":"TIDSPLANER FRA 07.04.2026","url":"https:\/\/bestarctic.com\/wp-content\/uploads\/2026\/04\/Best-Arctic-Airport-Express-schedules_APRIL_2026_NR.pdf","target":"_blank"},"url_seccion_block_season_mobile_2":{"title":"Bestill billett her","url":"https:\/\/booking.bestarctic.com\/en\/to-do\/2071841\/airport-express-airport-centrum-airport\/showdetails","target":"_blank"},"url_seccion_block_season_mobile_3":"","title_section_cards_block_season":"","id_card_block_season":"","card_block_season":null},{"acf_fc_layout":"block_season","id_seccion_block_season":"HVERDAGER","title_section_block_season":"FRA SENTRUM TIL FLYPLASSEN - HVERDAGER","subtitle_section_block_season":"","text_section_block_season":"","add_background_color_to_block_season":"white","map_block_season":23370,"map_block_season_mobile":"","map_block_season_copy":"","map_block_season_mobile_copy":"","url_seccion_block_season_mobile":{"title":"TIDSPLANER FRA 07.04.2026","url":"https:\/\/bestarctic.com\/wp-content\/uploads\/2026\/04\/Best-Arctic-Airport-Express-schedules_APRIL_2026_NR.pdf","target":"_blank"},"url_seccion_block_season_mobile_2":{"title":"Bestill billett her","url":"https:\/\/booking.bestarctic.com\/en\/to-do\/2071841\/airport-express-airport-centrum-airport\/showdetails","target":"_blank"},"url_seccion_block_season_mobile_3":"","title_section_cards_block_season":"","id_card_block_season":"","card_block_season":null},{"acf_fc_layout":"block_season","id_seccion_block_season":"L\u00d8RDAGER","title_section_block_season":"FRA SENTRUM TIL FLYPLASSEN - L\u00d8RDAGER","subtitle_section_block_season":"","text_section_block_season":"","add_background_color_to_block_season":"white","map_block_season":23368,"map_block_season_mobile":"","map_block_season_copy":"","map_block_season_mobile_copy":"","url_seccion_block_season_mobile":{"title":"TIDSPLANER FRA 07.04.2026","url":"https:\/\/bestarctic.com\/wp-content\/uploads\/2026\/04\/Best-Arctic-Airport-Express-schedules_APRIL_2026_NR.pdf","target":"_blank"},"url_seccion_block_season_mobile_2":{"title":"Bestill billett her","url":"https:\/\/booking.bestarctic.com\/en\/to-do\/2071841\/airport-express-airport-centrum-airport\/showdetails","target":"_blank"},"url_seccion_block_season_mobile_3":"","title_section_cards_block_season":"","id_card_block_season":"","card_block_season":null},{"acf_fc_layout":"block_season","id_seccion_block_season":"S\u00d8NDAGER","title_section_block_season":"FRA SENTRUM TIL FLYPLASSEN - S\u00d8NDAGER","subtitle_section_block_season":"","text_section_block_season":"","add_background_color_to_block_season":"white","map_block_season":23366,"map_block_season_mobile":"","map_block_season_copy":"","map_block_season_mobile_copy":"","url_seccion_block_season_mobile":{"title":"TIDSPLANER FRA 07.04.2026","url":"https:\/\/bestarctic.com\/wp-content\/uploads\/2026\/04\/Best-Arctic-Airport-Express-schedules_APRIL_2026_NR.pdf","target":"_blank"},"url_seccion_block_season_mobile_2":{"title":"Bestill billett her","url":"https:\/\/booking.bestarctic.com\/en\/to-do\/2071841\/airport-express-airport-centrum-airport\/showdetails","target":"_blank"},"url_seccion_block_season_mobile_3":"","title_section_cards_block_season":"","id_card_block_season":"","card_block_season":null}]},"_links":{"self":[{"href":"https:\/\/bestarctic.com\/no\/wp-json\/wp\/v2\/pages\/4480","targetHints":{"allow":["GET"]}}],"collection":[{"href":"https:\/\/bestarctic.com\/no\/wp-json\/wp\/v2\/pages"}],"about":[{"href":"https:\/\/bestarctic.com\/no\/wp-json\/wp\/v2\/types\/page"}],"author":[{"embeddable":true,"href":"https:\/\/bestarctic.com\/no\/wp-json\/wp\/v2\/users\/4"}],"replies":[{"embeddable":true,"href":"https:\/\/bestarctic.com\/no\/wp-json\/wp\/v2\/comments?post=4480"}],"version-history":[{"count":0,"href":"https:\/\/bestarctic.com\/no\/wp-json\/wp\/v2\/pages\/4480\/revisions"}],"wp:attachment":[{"href":"https:\/\/bestarctic.com\/no\/wp-json\/wp\/v2\/media?parent=4480"}],"curies":[{"name":"wp","href":"https:\/\/api.w.org\/{rel}","templated":true}]}}